{"id":60953,"date":"2026-03-19T05:51:32","date_gmt":"2026-03-19T05:51:32","guid":{"rendered":"https:\/\/soydeaqui.ddns.net\/pachuca\/index.php\/producto\/repetidor-uhf-400-450-mhz-40w-protocolo-dmr-para-doble-llamada\/"},"modified":"2026-03-19T05:51:40","modified_gmt":"2026-03-19T05:51:40","slug":"repetidor-uhf-400-450-mhz-40w-protocolo-dmr-para-doble-llamada","status":"publish","type":"product","link":"https:\/\/soydeaqui.ddns.net\/pachuca\/index.php\/producto\/repetidor-uhf-400-450-mhz-40w-protocolo-dmr-para-doble-llamada\/","title":{"rendered":"Repetidor UHF 400-450 MHz, 40W, protocolo DMR para doble llamada"},"content":{"rendered":"<div style='width: 100%; max-width: 1200px; margin: 0 auto; font-family: sans-serif; line-height: 1.6; color: inherit; background-color: transparent;'>\n<div style='display: flex; flex-wrap: wrap; gap: 30px; margin-bottom: 30px;'>\n<div style='flex: 1 1 300px; min-width: 280px;'>\n<h3 style='font-size: 22px; border-bottom: 2px solid currentColor; padding-bottom: 5px; margin-top: 0; color: inherit; opacity: 0.8;'>Caracter\u00edsticas<\/h3>\n<ul style='padding-left: 20px; font-size: 15px; color: inherit;'>\n<li style='margin-bottom: 5px;'>El repetidor TXR8500U es un dispositivo de telecomunicaciones que destaca por su fuente de alimentaci\u00f3n&comma; la cual garantiza un suministro estable y confiable de energ\u00eda el\u00e9ctrica.<\/li>\n<li style='margin-bottom: 5px;'>Adem\u00e1s&comma; este repetidor es digital&comma; lo que permite una transmisi\u00f3n de se\u00f1al m\u00e1s clara y n\u00edtida.<\/li>\n<li style='margin-bottom: 5px;'>Su protocolo DMR (Digital Mobile Radio) brinda un nivel de seguridad y privacidad m\u00e1s elevado que otros sistemas anal\u00f3gicos.<\/li>\n<\/ul><\/div>\n<\/p><\/div>\n<div style='display: flex; flex-wrap: wrap; gap: 30px; margin-bottom: 30px;'>\n<div style='flex: 1 1 300px; min-width: 280px;'>\n<h3 style='font-size: 22px; border-bottom: 2px solid currentColor; padding-bottom: 5px; margin-top: 0; color: inherit; opacity: 0.8;'>Caracter\u00edsticas<\/h3>\n<ul style='padding-left: 20px; font-size: 15px; color: inherit;'>\n<li style='margin-bottom: 5px;'>En cuanto a su precio&comma; el TXR8500U es muy competitivo en el mercado&comma; ofreciendo una excelente relaci\u00f3n calidad-precio.<\/li>\n<li style='margin-bottom: 5px;'>Entre sus caracter\u00edsticas&comma; destacan su facilidad de implementaci\u00f3n y configuraci\u00f3n&comma; as\u00ed como su calidad de audio&comma; que asegura una comunicaci\u00f3n clara y precisa.<\/li>\n<li style='margin-bottom: 5px;'>El uso del TXR8500U es sencillo e intuitivo&comma; lo que lo hace ideal para empresas y organizaciones que necesitan establecer una red de comunicaci\u00f3n de manera r\u00e1pida y eficiente.<\/li>\n<li style='margin-bottom: 5px;'>Adem\u00e1s&comma; este repetidor es compatible con una amplia variedad de radios&comma; lo que lo convierte en una opci\u00f3n vers\u00e1til y adaptable a diferentes necesidades.<\/li>\n<li style='margin-bottom: 5px;'>En comparaci\u00f3n con otras marcas&comma; el TXR8500U destaca por su calidad&comma; fiabilidad y precio asequible. Invertir en este equipo es una opci\u00f3n inteligente para aquellas empresas y organizaciones que buscan una soluci\u00f3n de comunicaci\u00f3n eficaz y a un precio razonable.<\/li>\n<\/ul><\/div>\n<\/p><\/div>\n<div style='display: flex; flex-wrap: wrap; gap: 30px; margin-bottom: 30px;'>\n<div style='flex: 1 1 300px; min-width: 280px;'>\n<h3 style='font-size: 22px; border-bottom: 2px solid currentColor; padding-bottom: 5px; margin-top: 0; color: inherit; opacity: 0.8;'>Caracter\u00edsticas t\u00e9cnicas<\/h3>\n<ul style='padding-left: 20px; font-size: 15px; color: inherit;'>\n<li style='margin-bottom: 5px;'>Disipador de calor y ventilador posterior integrados.<\/li>\n<li style='margin-bottom: 5px;'>Detecci\u00f3n inteligente de se\u00f1ales digitales o anal\u00f3gicas en un mismo canal.<\/li>\n<li style='margin-bottom: 5px;'>Permite compartir el canal con m\u00faltiples grupos en modo digital.<\/li>\n<li style='margin-bottom: 5px;'>Protecci\u00f3n de voltaje y temperatura autom\u00e1tico.<\/li>\n<li style='margin-bottom: 5px;'>Calidad de audio mejorado.<\/li>\n<\/ul><\/div>\n<\/p><\/div>\n<div style='display: flex; flex-wrap: wrap; gap: 30px; margin-bottom: 30px;'>\n<div style='flex: 1 1 300px; min-width: 280px;'>\n<h3 style='font-size: 22px; border-bottom: 2px solid currentColor; padding-bottom: 5px; margin-top: 0; color: inherit; opacity: 0.8;'>Especificaciones t\u00e9cnicas<\/h3>\n<ul style='padding-left: 20px; font-size: 15px; color: inherit;'>\n<li style='margin-bottom: 5px;'><strong>50W de potencia.<\/strong><\/li>\n<li style='margin-bottom: 5px;'><strong>UHF 400-450 MHz.<\/strong><\/li>\n<li style='margin-bottom: 5px;'><strong>Hasta 100 canales.<\/strong><\/li>\n<li style='margin-bottom: 5px;'><strong>Operaci\u00f3n en TDMA.<\/strong><\/li>\n<li style='margin-bottom: 5px;'><strong>Canales anal\u00f3gicos o digitales.<\/strong><\/li>\n<li style='margin-bottom: 5px;'><strong>Compatible con m\u00faltiples marcas DMR.<\/strong><\/li>\n<li style='margin-bottom: 5px;'><strong>Doble Slot para dos llamadas.<\/strong><\/li>\n<li style='margin-bottom: 5px;'><strong>Indicador LED.<\/strong><\/li>\n<li style='margin-bottom: 5px;'><strong>110V\/220 Vca o 13.8Vcc.<\/strong><\/li>\n<\/ul><\/div>\n<\/p><\/div>\n<div style='display: flex; flex-wrap: wrap; gap: 30px; margin-bottom: 30px;'>\n<div style='flex: 1 1 300px; min-width: 280px;'>\n<h3 style='font-size: 22px; border-bottom: 2px solid currentColor; padding-bottom: 5px; margin-top: 0; color: inherit; opacity: 0.8;'>Recepci\u00f3n<\/h3>\n<ul style='padding-left: 20px; font-size: 15px; color: inherit;'>\n<li style='margin-bottom: 5px;'><strong>Referencia de sensibilidad (Anal\u00f3gico):<\/strong> 0.25 uV @ 12dB SINAD<\/li>\n<li style='margin-bottom: 5px;'><strong>Selectividad en canal adyacente:<\/strong> 60 dB @ 12.5 kHz \/ 70 dB @ 25 kHz<\/li>\n<li style='margin-bottom: 5px;'><strong>Sensibilidad de referencia digital:<\/strong> 0.22 uV\/-120 dBm \/ 0.35 uV\/120 dBm<\/li>\n<li style='margin-bottom: 5px;'><strong>Respuesta espuria rechazo:<\/strong> \u226570 dB<\/li>\n<li style='margin-bottom: 5px;'><strong>Salida de audio nominal:<\/strong> +1 ~ -3 dB<\/li>\n<li style='margin-bottom: 5px;'><strong>Distorsi\u00f3n de audio nominal:<\/strong> < 5%<\/li>\n<li style='margin-bottom: 5px;'><strong>Ruido en FM:<\/strong> >45 dB@25 kHz \/ \u22654 dB kHz @12.5 kHz<\/li>\n<\/ul><\/div>\n<\/p><\/div>\n<div style='display: flex; flex-wrap: wrap; gap: 30px; margin-bottom: 30px;'>\n<div style='flex: 1 1 300px; min-width: 280px;'>\n<h3 style='font-size: 22px; border-bottom: 2px solid currentColor; padding-bottom: 5px; margin-top: 0; color: inherit; opacity: 0.8;'>Transmisi\u00f3n<\/h3>\n<ul style='padding-left: 20px; font-size: 15px; color: inherit;'>\n<li style='margin-bottom: 5px;'><strong>Potencia de salida:<\/strong> 40 W<\/li>\n<li style='margin-bottom: 5px;'><strong>Impedancia de antena:<\/strong> 50\u03a9<\/li>\n<li style='margin-bottom: 5px;'><strong>Emisi\u00f3n espuria radiada:<\/strong> 36 dBm < 1 GHz \/ -30 dBm < 1 GHz<\/li>\n<li style='margin-bottom: 5px;'><strong>Ruido en FM:<\/strong> 45 dB@25 kHz \/ 40 dB@12.5 kHz<\/li>\n<li style='margin-bottom: 5px;'><strong>Distorsi\u00f3n de modulaci\u00f3n:<\/strong> < 5%<\/li>\n<li style='margin-bottom: 5px;'><strong>Protocolo digital:<\/strong> ETSI-TS120 361-1&comma; -2&comma; -3<\/li>\n<li style='margin-bottom: 5px;'><strong>Modulaci\u00f3n de frecuencia:<\/strong> 16kf 3E (an\u00e1logo) \/ 4FSK (digital)<\/li>\n<li style='margin-bottom: 5px;'><strong>Limitaci\u00f3n de modulaci\u00f3n:<\/strong> \u00b1 2.5 kHz@12.5 kHz \/ \u00b15 kHz@25 kHz<\/li>\n<\/ul><\/div>\n<\/p><\/div>\n<div style='display: flex; flex-wrap: wrap; gap: 30px; margin-bottom: 30px;'>\n<div style='flex: 1 1 300px; min-width: 280px;'>\n<h3 style='font-size: 22px; border-bottom: 2px solid currentColor; padding-bottom: 5px; margin-top: 0; color: inherit; opacity: 0.8;'>Garant\u00eda<\/h3>\n<ul style='padding-left: 20px; font-size: 15px; color: inherit;'>\n<li style='margin-bottom: 5px;'><strong>*3 A\u00f1os de garant\u00eda<\/strong><\/li>\n<\/ul><\/div>\n<\/p><\/div>\n<div style='display: flex; flex-wrap: wrap; gap: 30px; margin-bottom: 30px;'>\n<div style='flex: 1 1 300px; min-width: 280px;'>\n<p style='text-align: justify; font-size: 15px; color: inherit;'>Aseg\u00farese de tener seleccionado el voltaje de operaci\u00f3n correcto.<\/p>\n<\/p><\/div>\n<\/p><\/div>\n<div style='display: flex; flex-wrap: wrap; gap: 30px; margin-bottom: 30px;'>\n<div style='flex: 1 1 300px; min-width: 280px;'>\n<h3 style='font-size: 22px; border-bottom: 2px solid currentColor; padding-bottom: 5px; margin-top: 0; color: inherit; opacity: 0.8;'>Im\u00e1genes<\/h3>\n<\/p><\/div>\n<\/p><\/div>\n<div style='display: flex; flex-wrap: wrap; gap: 30px; margin-bottom: 30px;'>\n<div style='flex: 1 1 300px; min-width: 280px;'> <img style='width: 100%; height: auto; border: 1px solid rgba(150&comma;150&comma;150&comma;0.3); border-radius: 8px;' src='https:\/\/ftp3.syscom.mx\/usuarios\/mhernandez\/txPRO%20TYT\/TXR8500\/Cobertura.PNG' alt='Cobertura'> <\/div>\n<div style='flex: 1 1 300px; min-width: 280px;'> <img style='width: 100%; height: auto; border: 1px solid rgba(150&comma;150&comma;150&comma;0.3); border-radius: 8px;' src='https:\/\/ftp3.syscom.mx\/usuarios\/mhernandez\/txPRO%20TYT\/TXR8500\/Frente%20diplay.PNG' alt='Frente display'> <\/div>\n<div style='flex: 1 1 300px; min-width: 280px;'> <img style='width: 100%; height: auto; border: 1px solid rgba(150&comma;150&comma;150&comma;0.3); border-radius: 8px;' src='https:\/\/ftp3.syscom.mx\/usuarios\/mhernandez\/txPRO%20TYT\/TXR8500\/Etiqueta%20Voltaje%203.PNG' alt='Etiqueta Voltaje'> <\/div>\n<\/p><\/div>\n<div style='display: flex; flex-wrap: wrap; gap: 30px; margin-bottom: 30px;'>\n<div style='flex: 1 1 300px; min-width: 280px;'>\n<h3 style='font-size: 22px; border-bottom: 2px solid currentColor; padding-bottom: 5px; margin-top: 0; color: inherit; opacity: 0.8;'>Video<\/h3>\n<\/p><\/div>\n<\/p><\/div>\n<div style='display: flex; flex-wrap: wrap; gap: 30px; margin-bottom: 30px;'>\n<div style='flex: 1 1 300px; min-width: 280px;'>\n<div style='position: relative; padding-bottom: 56.25%; height: 0; overflow: hidden; margin-bottom: 30px;'>   <\/div>\n<\/p><\/div>\n<\/p><\/div>\n<hr style='border: 0; border-top: 1px solid rgba(150&comma; 150&comma; 150&comma; 0.3); margin: 30px 0;'> <\/div>\n","protected":false},"excerpt":{"rendered":"<p>Repetidor UHF 400-450 MHz, 40W, protocolo DMR para doble llamada<\/p>\n","protected":false},"featured_media":60952,"comment_status":"open","ping_status":"closed","template":"","meta":[],"product_brand":[],"product_cat":[1775],"product_tag":[1556,1776,560],"class_list":{"0":"post-60953","1":"product","2":"type-product","3":"status-publish","4":"has-post-thumbnail","6":"product_cat-repetidores-vhf-uhf","7":"product_tag-radios-comerciales-txpro","8":"product_tag-repetidores-vhf-uhf","9":"product_tag-txpro","11":"first","12":"instock","13":"sale","14":"shipping-taxable","15":"purchasable","16":"product-type-simple"},"_links":{"self":[{"href":"https:\/\/soydeaqui.ddns.net\/pachuca\/index.php\/wp-json\/wp\/v2\/product\/60953","targetHints":{"allow":["GET"]}}],"collection":[{"href":"https:\/\/soydeaqui.ddns.net\/pachuca\/index.php\/wp-json\/wp\/v2\/product"}],"about":[{"href":"https:\/\/soydeaqui.ddns.net\/pachuca\/index.php\/wp-json\/wp\/v2\/types\/product"}],"replies":[{"embeddable":true,"href":"https:\/\/soydeaqui.ddns.net\/pachuca\/index.php\/wp-json\/wp\/v2\/comments?post=60953"}],"wp:featuredmedia":[{"embeddable":true,"href":"https:\/\/soydeaqui.ddns.net\/pachuca\/index.php\/wp-json\/wp\/v2\/media\/60952"}],"wp:attachment":[{"href":"https:\/\/soydeaqui.ddns.net\/pachuca\/index.php\/wp-json\/wp\/v2\/media?parent=60953"}],"wp:term":[{"taxonomy":"product_brand","embeddable":true,"href":"https:\/\/soydeaqui.ddns.net\/pachuca\/index.php\/wp-json\/wp\/v2\/product_brand?post=60953"},{"taxonomy":"product_cat","embeddable":true,"href":"https:\/\/soydeaqui.ddns.net\/pachuca\/index.php\/wp-json\/wp\/v2\/product_cat?post=60953"},{"taxonomy":"product_tag","embeddable":true,"href":"https:\/\/soydeaqui.ddns.net\/pachuca\/index.php\/wp-json\/wp\/v2\/product_tag?post=60953"}],"curies":[{"name":"wp","href":"https:\/\/api.w.org\/{rel}","templated":true}]}}