{"id":60948,"date":"2026-03-19T05:51:24","date_gmt":"2026-03-19T05:51:24","guid":{"rendered":"https:\/\/soydeaqui.ddns.net\/pachuca\/index.php\/producto\/tapa-ciega-estandar-de-19in-compatible-con-racks-con-rieles-de-orificio-cuadrado-instalacion-sin-herramienta-plano-1-ur-color-blanco\/"},"modified":"2026-03-19T05:51:25","modified_gmt":"2026-03-19T05:51:25","slug":"tapa-ciega-estandar-de-19in-compatible-con-racks-con-rieles-de-orificio-cuadrado-instalacion-sin-herramienta-plano-1-ur-color-blanco","status":"publish","type":"product","link":"https:\/\/soydeaqui.ddns.net\/pachuca\/index.php\/producto\/tapa-ciega-estandar-de-19in-compatible-con-racks-con-rieles-de-orificio-cuadrado-instalacion-sin-herramienta-plano-1-ur-color-blanco\/","title":{"rendered":"Tapa Ciega Est\u00e1ndar de 19in, Compatible con Racks con Rieles de Orificio Cuadrado, Instalaci\u00f3n sin Herramienta, Plano, 1 UR, Color Blanco"},"content":{"rendered":"<div style='width: 100%; max-width: 1200px; margin: 0 auto; font-family: sans-serif; line-height: 1.6; color: inherit; background-color: transparent;'> <!-- Descripci\u00f3n general --> <\/p>\n<div style='margin-bottom: 30px;'>\n<h2 style='font-size: 20px; border-bottom: 2px solid currentColor; padding-bottom: 5px; margin-top: 0; color: inherit; opacity: 0.8;'>Descripci\u00f3n General<\/h2>\n<p style='font-size: 15px; color: inherit; margin-bottom: 15px;'>El panel ciego de instalaci\u00f3n sin herramientas est\u00e1 dise\u00f1ado para minimizar el flujo de aire de derivaci\u00f3n en racks y gabinetes al tiempo que brinda una apariencia deseable.<\/p>\n<p style='font-size: 15px; color: inherit; margin-bottom: 15px;'>Las tapas ciegas sin herramientas son parte de las soluciones de gesti\u00f3n de flujo de aire para centros de datos inteligentes. Est\u00e1n dise\u00f1adas para bloquear las aberturas no utilizadas en racks y gabinetes mientras proporcionan una apariencia deseable.<\/p>\n<\/p><\/div>\n<p> <!-- Caracter\u00edsticas t\u00e9cnicas --> <\/p>\n<div style='display: flex; flex-wrap: wrap; gap: 30px; margin-bottom: 30px;'>\n<div style='flex: 1 1 300px; min-width: 280px;'>\n<h3 style='font-size: 18px; border-bottom: 2px solid currentColor; padding-bottom: 5px; margin-top: 0; color: inherit; opacity: 0.8;'>Caracter\u00edsticas T\u00e9cnicas<\/h3>\n<ul style='padding-left: 20px; font-size: 14px; color: inherit; list-style-type: disc;'>\n<li style='margin-bottom: 5px;'><strong>Material:<\/strong> ABS<\/li>\n<li style='margin-bottom: 5px;'><strong>Color:<\/strong> Blanco<\/li>\n<li style='margin-bottom: 5px;'><strong>Dimensiones:<\/strong> 482.6 x 44.7 mm (Ancho x Alto)<\/li>\n<li style='margin-bottom: 5px;'><strong>Unidades de Rack:<\/strong> 1 RU<\/li>\n<li style='margin-bottom: 5px;'><strong>Configuraci\u00f3n de Orificios:<\/strong> 3\/8&#8242; (9.5mm) cuadrados (con o sin tuercas de jaula instaladas)<\/li>\n<li style='margin-bottom: 5px;'><strong>Ancho:<\/strong> 19.00&#8242; (483mm) que cumple con los est\u00e1ndares CEA-310-E<\/li>\n<li style='margin-bottom: 5px;'><strong>Conformidad:<\/strong> Cumple con RoHS<\/li>\n<\/ul><\/div>\n<p> <!-- Caracter\u00edsticas de dise\u00f1o --> <\/p>\n<div style='flex: 1 1 300px; min-width: 280px;'>\n<h3 style='font-size: 18px; border-bottom: 2px solid currentColor; padding-bottom: 5px; margin-top: 0; color: inherit; opacity: 0.8;'>Caracter\u00edsticas de Dise\u00f1o<\/h3>\n<ul style='padding-left: 20px; font-size: 14px; color: inherit; list-style-type: disc;'>\n<li style='margin-bottom: 5px;'><strong>Dise\u00f1o sin herramientas:<\/strong> Instalaci\u00f3n f\u00e1cil a mano sin necesidad de tornillos o herramientas<\/li>\n<li style='margin-bottom: 5px;'><strong>Dise\u00f1o de cierre:<\/strong> Permite instalaci\u00f3n en orificios redondos roscados #10 (M5) o #12 (M6) o en orificios cuadrados con o sin tuercas de jaula<\/li>\n<li style='margin-bottom: 5px;'><strong>Sellos entre unidades:<\/strong> Minimiza el flujo de aire de derivaci\u00f3n entre unidades de rack<\/li>\n<li style='margin-bottom: 5px;'><strong>Dise\u00f1o apilable:<\/strong> Permite apilar los paneles cuando est\u00e1n almacenados&comma; minimizando el espacio requerido<\/li>\n<\/ul><\/div>\n<\/p><\/div>\n<p> <!-- Aplicaciones --> <\/p>\n<div style='margin-bottom: 30px;'>\n<h3 style='font-size: 18px; border-bottom: 2px solid currentColor; padding-bottom: 5px; margin-top: 0; color: inherit; opacity: 0.8;'>Aplicaciones<\/h3>\n<p style='font-size: 14px; color: inherit; margin-bottom: 15px;'>Las tapas ciegas sin herramientas son parte del sistema de gesti\u00f3n y control de la infraestructura f\u00edsica. Estas tapas ciegas son parte de la gama completa de accesorios de refrigeraci\u00f3n disponibles en Panduit para maximizar la gesti\u00f3n y control de la infraestructura f\u00edsica.<\/p>\n<p style='font-size: 14px; color: inherit; margin-bottom: 15px;'>Dise\u00f1adas para minimizar el flujo de aire de derivaci\u00f3n en racks y gabinetes mientras proporcionan una apariencia deseable. Son compatibles con racks con rieles de orificio cuadrado de 3\/8&#8242; (9.5mm).<\/p>\n<\/p><\/div>\n<p> <!-- Especificaciones detalladas --> <\/p>\n<div style='display: flex; flex-wrap: wrap; gap: 20px; margin-bottom: 30px;'>\n<div style='flex: 1 1 250px; border: 1px solid rgba(150&comma; 150&comma; 150&comma; 0.4); border-radius: 8px; overflow: hidden; display: flex; flex-direction: column;'>\n<div style='padding: 15px; border-bottom: 1px solid rgba(150&comma; 150&comma; 150&comma; 0.2); font-weight: bold; font-size: 16px; color: inherit;'>Especificaciones Mec\u00e1nicas<\/div>\n<div style='padding: 15px; color: inherit;'>\n<ul style='padding-left: 20px; margin: 0; font-size: 14px; list-style-type: disc;'>\n<li style='margin-bottom: 5px;'><strong>Altura:<\/strong> 44.7 mm (1.8&#8242;)<\/li>\n<li style='margin-bottom: 5px;'><strong>Ancho:<\/strong> 482.6 mm (19&#8242;)<\/li>\n<li style='margin-bottom: 5px;'><strong>Profundidad:<\/strong> 50 mm (2&#8242;)<\/li>\n<li style='margin-bottom: 5px;'><strong>Orificios de Montaje:<\/strong> 3\/8&#8242; (9.5mm) cuadrados<\/li>\n<\/ul><\/div>\n<\/p><\/div>\n<div style='flex: 1 1 250px; border: 1px solid rgba(150&comma; 150&comma; 150&comma; 0.4); border-radius: 8px; overflow: hidden; display: flex; flex-direction: column;'>\n<div style='padding: 15px; border-bottom: 1px solid rgba(150&comma; 150&comma; 150&comma; 0.2); font-weight: bold; font-size: 16px; color: inherit;'>Caracter\u00edsticas de Instalaci\u00f3n<\/div>\n<div style='padding: 15px; color: inherit;'>\n<ul style='padding-left: 20px; margin: 0; font-size: 14px; list-style-type: disc;'>\n<li style='margin-bottom: 5px;'><strong>Tipo:<\/strong> Instalaci\u00f3n sin herramientas<\/li>\n<li style='margin-bottom: 5px;'><strong>Compatibilidad:<\/strong> Racks con rieles de orificio cuadrado<\/li>\n<li style='margin-bottom: 5px;'><strong>Montaje:<\/strong> En unidades de rack de 19&#8242; (483mm)<\/li>\n<li style='margin-bottom: 5px;'><strong>Capacidad:<\/strong> 1 Unidad de Rack (UR)<\/li>\n<\/ul><\/div>\n<\/p><\/div>\n<div style='flex: 1 1 250px; border: 1px solid rgba(150&comma; 150&comma; 150&comma; 0.4); border-radius: 8px; overflow: hidden; display: flex; flex-direction: column;'>\n<div style='padding: 15px; border-bottom: 1px solid rgba(150&comma; 150&comma; 150&comma; 0.2); font-weight: bold; font-size: 16px; color: inherit;'>Opciones de Compatibilidad<\/div>\n<div style='padding: 15px; color: inherit;'>\n<ul style='padding-left: 20px; margin: 0; font-size: 14px; list-style-type: disc;'>\n<li style='margin-bottom: 5px;'><strong>Para orificios cuadrados:<\/strong> 3\/8&#8242; (9.5mm) con o sin tuercas de jaula<\/li>\n<li style='margin-bottom: 5px;'><strong>Para orificios redondos:<\/strong> #10 (M5) o #12 (M6) roscados<\/li>\n<li style='margin-bottom: 5px;'><strong>Est\u00e1ndar:<\/strong> CEA-310-E<\/li>\n<\/ul><\/div>\n<\/p><\/div>\n<\/p><\/div>\n<p> <!-- Informaci\u00f3n de pedido --> <\/p>\n<div style='margin-bottom: 30px;'>\n<h3 style='font-size: 18px; border-bottom: 2px solid currentColor; padding-bottom: 5px; margin-top: 0; color: inherit; opacity: 0.8;'>Informaci\u00f3n de Pedido<\/h3>\n<div style='overflow-x: auto;'>\n<table style='width: 100%; border-collapse: collapse; font-size: 14px; color: inherit;'>\n<thead style='background-color: rgba(150&comma; 150&comma; 150&comma; 0.1);'>\n<tr style='border-bottom: 1px solid rgba(150&comma; 150&comma; 150&comma; 0.3);'>\n<th style='padding: 10px; text-align: left;'>N\u00famero de Parte Negro<\/th>\n<th style='padding: 10px; text-align: left;'>N\u00famero de Parte Blanco<\/th>\n<th style='padding: 10px; text-align: left;'>Unidad(es) de Rack<\/th>\n<th style='padding: 10px; text-align: left;'>Configuraci\u00f3n de Orificios<\/th>\n<th style='padding: 10px; text-align: left;'>Cant. por Empaque<\/th>\n<\/tr>\n<\/thead>\n<tbody>\n<tr style='border-bottom: 1px solid rgba(150&comma; 150&comma; 150&comma; 0.2);'>\n<td style='padding: 10px;'>TLBP1S-V<\/td>\n<td style='padding: 10px;'>TLBP1S-V10<\/td>\n<td style='padding: 10px;'>1 RU<\/td>\n<td style='padding: 10px;'>3\/8&#8242; (9.5mm) cuadrados (con o sin tuercas de jaula instaladas)<\/td>\n<td style='padding: 10px;'>5<\/td>\n<\/tr>\n<\/tbody>\n<\/table><\/div>\n<\/p><\/div>\n<p> <!-- Beneficios --> <\/p>\n<div style='margin-bottom: 30px;'>\n<h3 style='font-size: 18px; border-bottom: 2px solid currentColor; padding-bottom: 5px; margin-top: 0; color: inherit; opacity: 0.8;'>Beneficios<\/h3>\n<ul style='padding-left: 20px; font-size: 14px; color: inherit; list-style-type: disc;'>\n<li style='margin-bottom: 5px;'>Instalaci\u00f3n f\u00e1cil y r\u00e1pida sin herramientas<\/li>\n<li style='margin-bottom: 5px;'>Dise\u00f1o que permite la instalaci\u00f3n en m\u00faltiples tipos de orificios<\/li>\n<li style='margin-bottom: 5px;'>Minimiza el flujo de aire de derivaci\u00f3n entre unidades de rack<\/li>\n<li style='margin-bottom: 5px;'>Dise\u00f1o apilable que ahorra espacio de almacenamiento<\/li>\n<li style='margin-bottom: 5px;'>Materiales no met\u00e1licos que evitan interferencias electromagn\u00e9ticas<\/li>\n<li style='margin-bottom: 5px;'>Mantiene una apariencia profesional en racks y gabinetes<\/li>\n<\/ul><\/div>\n<p> <!-- Separador final --> <\/p>\n<hr style='border: 0; border-top: 1px solid rgba(150&comma; 150&comma; 150&comma; 0.3); margin: 30px 0;'> <\/div>\n","protected":false},"excerpt":{"rendered":"<p>Tapa Ciega Est\u00e1ndar de 19in, Compatible con Racks con Rieles de Orificio Cuadrado, Instalaci\u00f3n sin Herramienta, Plano, 1 UR, Color Blanco<\/p>\n","protected":false},"featured_media":60947,"comment_status":"open","ping_status":"closed","template":"","meta":[],"product_brand":[],"product_cat":[604],"product_tag":[606,445,605],"class_list":{"0":"post-60948","1":"product","2":"type-product","3":"status-publish","4":"has-post-thumbnail","6":"product_cat-accesorios-para-racks-y-gabinetes","7":"product_tag-accesorios-para-racks-y-gabinetes","8":"product_tag-panduit","9":"product_tag-racks-y-gabinetes","11":"first","12":"outofstock","13":"sale","14":"shipping-taxable","15":"purchasable","16":"product-type-simple"},"_links":{"self":[{"href":"https:\/\/soydeaqui.ddns.net\/pachuca\/index.php\/wp-json\/wp\/v2\/product\/60948","targetHints":{"allow":["GET"]}}],"collection":[{"href":"https:\/\/soydeaqui.ddns.net\/pachuca\/index.php\/wp-json\/wp\/v2\/product"}],"about":[{"href":"https:\/\/soydeaqui.ddns.net\/pachuca\/index.php\/wp-json\/wp\/v2\/types\/product"}],"replies":[{"embeddable":true,"href":"https:\/\/soydeaqui.ddns.net\/pachuca\/index.php\/wp-json\/wp\/v2\/comments?post=60948"}],"wp:featuredmedia":[{"embeddable":true,"href":"https:\/\/soydeaqui.ddns.net\/pachuca\/index.php\/wp-json\/wp\/v2\/media\/60947"}],"wp:attachment":[{"href":"https:\/\/soydeaqui.ddns.net\/pachuca\/index.php\/wp-json\/wp\/v2\/media?parent=60948"}],"wp:term":[{"taxonomy":"product_brand","embeddable":true,"href":"https:\/\/soydeaqui.ddns.net\/pachuca\/index.php\/wp-json\/wp\/v2\/product_brand?post=60948"},{"taxonomy":"product_cat","embeddable":true,"href":"https:\/\/soydeaqui.ddns.net\/pachuca\/index.php\/wp-json\/wp\/v2\/product_cat?post=60948"},{"taxonomy":"product_tag","embeddable":true,"href":"https:\/\/soydeaqui.ddns.net\/pachuca\/index.php\/wp-json\/wp\/v2\/product_tag?post=60948"}],"curies":[{"name":"wp","href":"https:\/\/api.w.org\/{rel}","templated":true}]}}