{"id":60917,"date":"2026-03-19T05:50:15","date_gmt":"2026-03-19T05:50:15","guid":{"rendered":"https:\/\/soydeaqui.ddns.net\/pachuca\/index.php\/producto\/maletin-plastico-impermeable-ip-67-de-ultra-resistencia-83-67-x-59-77-x-47-93cm-con-relleno\/"},"modified":"2026-03-19T05:50:23","modified_gmt":"2026-03-19T05:50:23","slug":"maletin-plastico-impermeable-ip-67-de-ultra-resistencia-83-67-x-59-77-x-47-93cm-con-relleno","status":"publish","type":"product","link":"https:\/\/soydeaqui.ddns.net\/pachuca\/index.php\/producto\/maletin-plastico-impermeable-ip-67-de-ultra-resistencia-83-67-x-59-77-x-47-93cm-con-relleno\/","title":{"rendered":"Malet\u00edn Pl\u00e1stico Impermeable IP-67 de Ultra Resistencia (83.67 x 59.77 x 47.93cm) Con Relleno."},"content":{"rendered":"<div style='width: 100%; max-width: 1200px; margin: 0 auto; font-family: sans-serif; line-height: 1.6; color: inherit; background-color: transparent;'>\n<div style='display: flex; flex-direction: column; align-items: center; margin-bottom: 30px;'> <img style='width: 180px; height: 69px; border: 1px solid rgba(150&comma;150&comma;150&comma;0.3); border-radius: 8px;' src='https:\/\/ftp3.syscom.mx\/usuarios\/fotos\/3I07053BC\/189398-skb_logo.png' alt='Logo SKB'> <\/div>\n<div style='display: flex; flex-wrap: wrap; gap: 30px; margin-bottom: 30px;'>\n<div style='flex: 1 1 300px; min-width: 280px;'>\n<h3 style='font-size: 22px; border-bottom: 2px solid currentColor; padding-bottom: 5px; margin-top: 0; color: inherit; opacity: 0.8;'>Caracter\u00edsticas<\/h3>\n<ul style='padding-left: 20px; font-size: 15px; color: inherit;'>\n<li style='margin-bottom: 5px;'>Dise\u00f1o resistente al agua y al polvo (MIL-STD 810G)<\/li>\n<li style='margin-bottom: 5px;'>Bisagra moldeada para mayor protecci\u00f3n<\/li>\n<li style='margin-bottom: 5px;'>Sistema de cierre de liberaci\u00f3n de gatillo<\/li>\n<li style='margin-bottom: 5px;'>Mango de agarre acolchado sobremoldeado de goma a presi\u00f3n<\/li>\n<li style='margin-bottom: 5px;'>V\u00e1lvula de compensaci\u00f3n de presi\u00f3n ambiental (MIL-STD 810G)<\/li>\n<li style='margin-bottom: 5px;'>Resistente a rayos UV&comma; solventes&comma; corrosi\u00f3n&comma; hongos y da\u00f1os por impacto (MIL-STD 810G)<\/li>\n<\/ul><\/div>\n<\/p><\/div>\n<hr style='border: 0; border-top: 1px solid rgba(150&comma; 150&comma; 150&comma; 0.3); margin: 30px 0;'>\n<div style='display: flex; flex-wrap: wrap; gap: 20px; margin-bottom: 30px;'>\n<div style='flex: 1 1 250px; border: 1px solid rgba(150&comma; 150&comma; 150&comma; 0.4); border-radius: 8px; overflow: hidden; display: flex; flex-direction: column;'>\n<div style='padding: 15px; border-bottom: 1px solid rgba(150&comma; 150&comma; 150&comma; 0.2); font-weight: bold; font-size: 18px; color: inherit;'>Especificaciones<\/div>\n<div style='padding: 15px; color: inherit;'>\n<ul style='padding-left: 20px; margin: 0; font-size: 14px; list-style-type: disc;'>\n<li style='margin-bottom: 5px;'><strong>Ruedas o ruedecillas incorporadas:<\/strong> S\u00ed<\/li>\n<li style='margin-bottom: 5px;'><strong>Longitud interior:<\/strong> 30 pulgadas (76&comma;20cm)<\/li>\n<li style='margin-bottom: 5px;'><strong>Ancho Interior:<\/strong> 21 pulgadas (53&comma;34cm)<\/li>\n<li style='margin-bottom: 5px;'><strong>Profundidad de la tapa interior:<\/strong> 2 pulgadas (5&comma;08cm)<\/li>\n<li style='margin-bottom: 5px;'><strong>Profundidad de la base interior:<\/strong> 16 pulgadas (40&comma;64cm)<\/li>\n<li style='margin-bottom: 5px;'><strong>Profundidad interior:<\/strong> 16 pulgadas (40&comma;64cm)<\/li>\n<li style='margin-bottom: 5px;'><strong>Peso del Producto:<\/strong> 37&comma;27 libras (16&comma;90kg)<\/li>\n<li style='margin-bottom: 5px;'><strong>Longitud exterior:<\/strong> 33 pulgadas (83&comma;82cm)<\/li>\n<li style='margin-bottom: 5px;'><strong>Ancho exterior:<\/strong> 23&comma;5 pulgadas (59&comma;69cm)<\/li>\n<li style='margin-bottom: 5px;'><strong>Altura exterior:<\/strong> 18&comma;75 pulgadas (47&comma;63cm)<\/li>\n<li style='margin-bottom: 5px;'><strong>Longitud del cart\u00f3n:<\/strong> 33&comma;5 pulgadas (85&comma;09cm)<\/li>\n<li style='margin-bottom: 5px;'><strong>Ancho de la caja:<\/strong> 24 pulgadas (60&comma;96cm)<\/li>\n<li style='margin-bottom: 5px;'><strong>Altura del cart\u00f3n:<\/strong> 19&comma;5 pulgadas (49&comma;53cm)<\/li>\n<li style='margin-bottom: 5px;'><strong>Peso de env\u00edo:<\/strong> 41&comma;39 libras (18&comma;77kg)<\/li>\n<li style='margin-bottom: 5px;'><strong>Temperatura m\u00e1xima:<\/strong> 180\u00b0F (82&comma;22\u00b0C)<\/li>\n<li style='margin-bottom: 5px;'><strong>Temperatura m\u00ednima:<\/strong> -69\u00b0F (-56&comma;11\u00b0C)<\/li>\n<\/ul><\/div>\n<\/p><\/div>\n<\/p><\/div>\n<div style='position: relative; padding-bottom: 56.25%; height: 0; overflow: hidden; margin-bottom: 30px;'>   <\/div>\n<\/p><\/div>\n","protected":false},"excerpt":{"rendered":"<p>Malet\u00edn Pl\u00e1stico Impermeable IP-67 de Ultra Resistencia (83.67 x 59.77 x 47.93cm) Con Relleno.<\/p>\n","protected":false},"featured_media":60916,"comment_status":"open","ping_status":"closed","template":"","meta":[],"product_brand":[],"product_cat":[958],"product_tag":[679,605,1339],"class_list":{"0":"post-60917","1":"product","2":"type-product","3":"status-publish","4":"has-post-thumbnail","6":"product_cat-gabinetes-uso-multiple-racks-y-gabinetes-radiocomunicacion","7":"product_tag-gabinetes-uso-multiple","8":"product_tag-racks-y-gabinetes","9":"product_tag-skb","11":"first","12":"outofstock","13":"sale","14":"shipping-taxable","15":"purchasable","16":"product-type-simple"},"_links":{"self":[{"href":"https:\/\/soydeaqui.ddns.net\/pachuca\/index.php\/wp-json\/wp\/v2\/product\/60917","targetHints":{"allow":["GET"]}}],"collection":[{"href":"https:\/\/soydeaqui.ddns.net\/pachuca\/index.php\/wp-json\/wp\/v2\/product"}],"about":[{"href":"https:\/\/soydeaqui.ddns.net\/pachuca\/index.php\/wp-json\/wp\/v2\/types\/product"}],"replies":[{"embeddable":true,"href":"https:\/\/soydeaqui.ddns.net\/pachuca\/index.php\/wp-json\/wp\/v2\/comments?post=60917"}],"wp:featuredmedia":[{"embeddable":true,"href":"https:\/\/soydeaqui.ddns.net\/pachuca\/index.php\/wp-json\/wp\/v2\/media\/60916"}],"wp:attachment":[{"href":"https:\/\/soydeaqui.ddns.net\/pachuca\/index.php\/wp-json\/wp\/v2\/media?parent=60917"}],"wp:term":[{"taxonomy":"product_brand","embeddable":true,"href":"https:\/\/soydeaqui.ddns.net\/pachuca\/index.php\/wp-json\/wp\/v2\/product_brand?post=60917"},{"taxonomy":"product_cat","embeddable":true,"href":"https:\/\/soydeaqui.ddns.net\/pachuca\/index.php\/wp-json\/wp\/v2\/product_cat?post=60917"},{"taxonomy":"product_tag","embeddable":true,"href":"https:\/\/soydeaqui.ddns.net\/pachuca\/index.php\/wp-json\/wp\/v2\/product_tag?post=60917"}],"curies":[{"name":"wp","href":"https:\/\/api.w.org\/{rel}","templated":true}]}}