{"id":60867,"date":"2026-03-19T05:48:39","date_gmt":"2026-03-19T05:48:39","guid":{"rendered":"https:\/\/soydeaqui.ddns.net\/pachuca\/index.php\/producto\/antena-panel-multibanda-698-960-mhz-1710-2700-mhz-para-interior-especial-para-amplificadores-de-senal-celular-con-75-ohm-de-impedancia\/"},"modified":"2026-03-19T05:48:45","modified_gmt":"2026-03-19T05:48:45","slug":"antena-panel-multibanda-698-960-mhz-1710-2700-mhz-para-interior-especial-para-amplificadores-de-senal-celular-con-75-ohm-de-impedancia","status":"publish","type":"product","link":"https:\/\/soydeaqui.ddns.net\/pachuca\/index.php\/producto\/antena-panel-multibanda-698-960-mhz-1710-2700-mhz-para-interior-especial-para-amplificadores-de-senal-celular-con-75-ohm-de-impedancia\/","title":{"rendered":"Antena Panel Multibanda 698-960 MHz\/ 1710-2700 MHz. Para interior. Especial para amplificadores de Se\u00f1al Celular con 75 Ohm de impedancia."},"content":{"rendered":"<div style='width: 100%; max-width: 1200px; margin: 0 auto; font-family: sans-serif; line-height: 1.6; color: inherit; background-color: transparent;'>\n<div style='display: flex; flex-wrap: wrap; gap: 30px; margin-bottom: 30px;'>\n<div style='flex: 1 1 300px; min-width: 280px;'>\n<h3 style='font-size: 22px; border-bottom: 2px solid currentColor; padding-bottom: 5px; margin-top: 0; color: inherit; opacity: 0.8;'>Descripci\u00f3n<\/h3>\n<p style='font-size: 15px; color: inherit; margin-bottom: 15px;'>Antena panel multibanda de montaje en pared o en base plana. 698-2700 MHz&comma; 75 Ohm. Especial para amplificadores de se\u00f1al celular de 75 Ohm de impedancia.<\/p>\n<p style='font-size: 15px; color: inherit; margin-bottom: 15px;'>Antena interior de alta eficiencia compatible con las bandas 28&comma; 5&comma; 2\/25&comma; 4\/66 y 7.<\/p>\n<p style='font-size: 15px; color: inherit; margin-bottom: 15px;'>Es una antena interior patentada hecha exclusivamente para los amplificadores weBoost Home de 75 Ohm de impedancia; destaca por su elegante cubierta de tela&comma; su alto rendimiento y su intuitivo soporte de montaje en pared.<\/p>\n<p style='font-size: 15px; color: inherit; margin-bottom: 15px;'>Con las tiras Command de 3M incluidas&comma; la antena direccional interior del hogar se monta de forma segura en paredes interiores en una configuraci\u00f3n vertical u horizontal. La est\u00e9tica de dise\u00f1o neutral de la antena complementa f\u00e1cilmente la decoraci\u00f3n contempor\u00e1nea y cuenta con un pie de apoyo incorporado para colocarlo en un estante.<\/p>\n<\/p><\/div>\n<\/p><\/div>\n<div style='display: flex; flex-wrap: wrap; gap: 20px; margin-bottom: 30px;'>\n<div style='flex: 1 1 250px; border: 1px solid rgba(150&comma; 150&comma; 150&comma; 0.4); border-radius: 8px; overflow: hidden; display: flex; flex-direction: column;'>\n<div style='padding: 15px; border-bottom: 1px solid rgba(150&comma; 150&comma; 150&comma; 0.2); font-weight: bold; font-size: 18px; color: inherit;'>Especificaciones<\/div>\n<div style='padding: 15px; color: inherit;'>\n<ul style='padding-left: 20px; margin: 0; font-size: 14px; list-style-type: disc;'>\n<li style='margin-bottom: 5px;'>Funciona en todas las bandas celulares del mundo para voz y datos: LTE\/CDMA\/GSM\/UMTS\/AWS<\/li>\n<li style='margin-bottom: 5px;'>Alto rendimiento para repetidores celulares<\/li>\n<li style='margin-bottom: 5px;'>Salida de se\u00f1al de alta ganancia<\/li>\n<li style='margin-bottom: 5px;'>Soporta las frecuencias celulares de 698-960 y 1710-2700 MHz<\/li>\n<li style='margin-bottom: 5px;'>Dise\u00f1ado para la instalaci\u00f3n en interiores de edificios<\/li>\n<li style='margin-bottom: 5px;'>Alta eficiencia y dise\u00f1o compacto<\/li>\n<li style='margin-bottom: 5px;'>Especial para voz y datos<\/li>\n<li style='margin-bottom: 5px;'>Kit de instalaci\u00f3n simple con soporte de montaje en pared y soporte de escritorio<\/li>\n<\/ul><\/div>\n<\/p><\/div>\n<div style='flex: 1 1 250px; border: 1px solid rgba(150&comma; 150&comma; 150&comma; 0.4); border-radius: 8px; overflow: hidden; display: flex; flex-direction: column;'>\n<div style='padding: 15px; border-bottom: 1px solid rgba(150&comma; 150&comma; 150&comma; 0.2); font-weight: bold; font-size: 18px; color: inherit;'>Incluye<\/div>\n<div style='padding: 15px; color: inherit;'>\n<ul style='padding-left: 20px; margin: 0; font-size: 14px; list-style-type: disc;'>\n<li style='margin-bottom: 5px;'>Antena Direccional para cubrir un sector.<\/li>\n<li style='margin-bottom: 5px;'>Tipo: Panel.<\/li>\n<li style='margin-bottom: 5px;'>Rango de Frecuencia: 698-960 \/ 1710-2700 MHz.<\/li>\n<li style='margin-bottom: 5px;'>Ganancia: 6 dBi \/ 7.6 dBi.<\/li>\n<li style='margin-bottom: 5px;'>Polarizaci\u00f3n: Vertical u Horizontal<\/li>\n<li style='margin-bottom: 5px;'>Apertura (Horizontal\/\/Vertical): 72\u00ba\/55\u00ba \/\/ 89\u00ba\/48\u00ba.<\/li>\n<li style='margin-bottom: 5px;'>Conector: F Hembra.<\/li>\n<li style='margin-bottom: 5px;'>Dimensiones: 180 x 225 x 66 mm<\/li>\n<\/ul><\/div>\n<\/p><\/div>\n<\/p><\/div>\n<hr style='border: 0; border-top: 1px solid rgba(150&comma; 150&comma; 150&comma; 0.3); margin: 30px 0;'> <\/div>\n","protected":false},"excerpt":{"rendered":"<p>Antena Panel Multibanda 698-960 MHz\/ 1710-2700 MHz. Para interior. Especial para amplificadores de Se\u00f1al Celular con 75 Ohm de impedancia.<\/p>\n","protected":false},"featured_media":60866,"comment_status":"open","ping_status":"closed","template":"","meta":[],"product_brand":[],"product_cat":[1523],"product_tag":[1404,1524,1525],"class_list":{"0":"post-60867","1":"product","2":"type-product","3":"status-publish","4":"has-post-thumbnail","6":"product_cat-para-cobertura-celular","7":"product_tag-antenas","8":"product_tag-para-cobertura-celular","9":"product_tag-wilsonpro-weboost","11":"first","12":"instock","13":"sale","14":"shipping-taxable","15":"purchasable","16":"product-type-simple"},"_links":{"self":[{"href":"https:\/\/soydeaqui.ddns.net\/pachuca\/index.php\/wp-json\/wp\/v2\/product\/60867","targetHints":{"allow":["GET"]}}],"collection":[{"href":"https:\/\/soydeaqui.ddns.net\/pachuca\/index.php\/wp-json\/wp\/v2\/product"}],"about":[{"href":"https:\/\/soydeaqui.ddns.net\/pachuca\/index.php\/wp-json\/wp\/v2\/types\/product"}],"replies":[{"embeddable":true,"href":"https:\/\/soydeaqui.ddns.net\/pachuca\/index.php\/wp-json\/wp\/v2\/comments?post=60867"}],"wp:featuredmedia":[{"embeddable":true,"href":"https:\/\/soydeaqui.ddns.net\/pachuca\/index.php\/wp-json\/wp\/v2\/media\/60866"}],"wp:attachment":[{"href":"https:\/\/soydeaqui.ddns.net\/pachuca\/index.php\/wp-json\/wp\/v2\/media?parent=60867"}],"wp:term":[{"taxonomy":"product_brand","embeddable":true,"href":"https:\/\/soydeaqui.ddns.net\/pachuca\/index.php\/wp-json\/wp\/v2\/product_brand?post=60867"},{"taxonomy":"product_cat","embeddable":true,"href":"https:\/\/soydeaqui.ddns.net\/pachuca\/index.php\/wp-json\/wp\/v2\/product_cat?post=60867"},{"taxonomy":"product_tag","embeddable":true,"href":"https:\/\/soydeaqui.ddns.net\/pachuca\/index.php\/wp-json\/wp\/v2\/product_tag?post=60867"}],"curies":[{"name":"wp","href":"https:\/\/api.w.org\/{rel}","templated":true}]}}