{"id":60858,"date":"2026-03-19T05:48:18","date_gmt":"2026-03-19T05:48:18","guid":{"rendered":"https:\/\/soydeaqui.ddns.net\/pachuca\/index.php\/producto\/amplificador-de-senal-celular-enterprise-4300r-mejora-la-senal-celular-de-los-principales-operadores-cubre-areas-de-hasta-9200-metros-cuadrados\/"},"modified":"2026-03-19T05:48:23","modified_gmt":"2026-03-19T05:48:23","slug":"amplificador-de-senal-celular-enterprise-4300r-mejora-la-senal-celular-de-los-principales-operadores-cubre-areas-de-hasta-9200-metros-cuadrados","status":"publish","type":"product","link":"https:\/\/soydeaqui.ddns.net\/pachuca\/index.php\/producto\/amplificador-de-senal-celular-enterprise-4300r-mejora-la-senal-celular-de-los-principales-operadores-cubre-areas-de-hasta-9200-metros-cuadrados\/","title":{"rendered":"Amplificador de Se\u00f1al Celular, ENTERPRISE 4300R | Mejora la Se\u00f1al Celular de los principales Operadores | Cubre \u00e1reas de hasta 9200 metros cuadrados"},"content":{"rendered":"<div style='width: 100%; max-width: 1200px; margin: 0 auto; font-family: sans-serif; line-height: 1.6; color: inherit; background-color: transparent;'> <!-- Imagen principal --> <\/p>\n<div style='margin-bottom: 30px;'> <img style='width: 100%; height: auto; border: 1px solid rgba(150&comma;150&comma;150&comma;0.3); border-radius: 8px;' src='http:\/\/ftp3.syscom.mx\/usuarios\/sapodaca\/Amplificadores\/BANNER-WILSONPRO.jpg' alt='Banner WilsonPro'> <\/div>\n<p> <!-- T\u00edtulo --> <\/p>\n<h2 style='font-size: 24px; border-bottom: 2px solid currentColor; padding-bottom: 5px; margin-top: 0; margin-bottom: 20px; color: inherit; opacity: 0.8; text-align: center;'> Enterprise 4300R de Montaje en Rack <\/h2>\n<p> <!-- Descripci\u00f3n principal --> <\/p>\n<div style='margin-bottom: 30px;'>\n<p>El amplificador celular WilsonPro Enterprise 4300R es la culminaci\u00f3n de las \u00faltimas innovaciones de Amplificadores de la Se\u00f1al Celular&comma; centrado en su nueva tecnolog\u00eda de orientaci\u00f3n de m\u00faltiples torres.<\/p>\n<p>Dependiendo de la ubicaci\u00f3n de las torres de telefon\u00eda celular&comma; puede ejecutar hasta tres antenas exteriores; cada una dedicada a una banda de frecuencia espec\u00edfica para amplificar colectivamente las se\u00f1ales de m\u00faltiples torres. Seg\u00fan la necesidad o preferencia del usuario&comma; Enterprise 4300R tambi\u00e9n puede utilizar el &#8216;modo com\u00fan&#8217; como predeterminado; requiere solo una antena exterior para brindar una cobertura de se\u00f1al celular mejorada a sus cuatro antenas interiores.<\/p>\n<p>Con acceso por cable o LTE (usando el m\u00f3dem celular incorporado | s\u00f3lo para EEUU y Canad\u00e1) a la nube WilsonPro para la funcionalidad remota&comma; los integradores y gerentes de edificios pueden administrar&comma; monitorear y ajustar de forma remota el Enterprise 4300R usando un tel\u00e9fono inteligente o tableta. Se reciben notificaciones inmediatas por correo electr\u00f3nico o mensaje de texto. Dise\u00f1ado para alcanzar torres a mayores distancias&comma; tambi\u00e9n produce hasta 26 dBm en enlace ascendente y hasta 17 dBm en enlace descendente&comma; lo que lo convierte en uno de los amplificadores m\u00e1s potentes dentro de su rango de precios.<\/p>\n<p>Confiando en sus cuatro puertos de antena interior controlados independientemente&comma; equipados con su propia potencia de enlace descendente de hasta 17 dBm&comma; el Enterprise 4300R amplifica el \u00e1rea de cobertura hasta 9&comma;290 metros cuadrados por amplificador.<\/p>\n<p>Dise\u00f1ado para la configuraci\u00f3n de montaje en rack.<\/p>\n<\/p><\/div>\n<p> <!-- Incluye --> <\/p>\n<div style='margin-bottom: 30px;'>\n<h3 style='font-size: 18px; border-bottom: 2px solid currentColor; padding-bottom: 5px; margin-top: 0; margin-bottom: 15px; color: inherit; opacity: 0.8;'>Contenido del kit<\/h3>\n<p><strong>SOLO INCLUYE:<\/strong> 152.4 m de cable WILSON400 (tipo LMR400) y cable de alimentaci\u00f3n.<\/p>\n<\/p><\/div>\n<p> <!-- Especificaciones --> <\/p>\n<div style='margin-bottom: 30px;'>\n<h2 style='font-size: 22px; border-bottom: 2px solid currentColor; padding-bottom: 5px; margin-top: 0; margin-bottom: 20px; color: inherit; opacity: 0.8;'>Especificaciones<\/h2>\n<div style='display: grid; grid-template-columns: repeat(auto-fill&comma; minmax(250px&comma; 1fr)); gap: 20px; margin-bottom: 30px;'>\n<div style='border: 1px solid rgba(150&comma; 150&comma; 150&comma; 0.4); border-radius: 8px; overflow: hidden;'>\n<div style='padding: 15px; border-bottom: 1px solid rgba(150&comma; 150&comma; 150&comma; 0.2); font-weight: bold; font-size: 18px; color: inherit;'>Modelo<\/div>\n<div style='padding: 15px; color: inherit;'>\n<ul style='padding-left: 20px; margin: 0; font-size: 14px; list-style-type: disc;'>\n<li style='margin-bottom: 5px;'>460253<\/li>\n<\/ul><\/div>\n<\/p><\/div>\n<div style='border: 1px solid rgba(150&comma; 150&comma; 150&comma; 0.4); border-radius: 8px; overflow: hidden;'>\n<div style='padding: 15px; border-bottom: 1px solid rgba(150&comma; 150&comma; 150&comma; 0.2); font-weight: bold; font-size: 18px; color: inherit;'>Conectores<\/div>\n<div style='padding: 15px; color: inherit;'>\n<ul style='padding-left: 20px; margin: 0; font-size: 14px; list-style-type: disc;'>\n<li style='margin-bottom: 5px;'>N-Female<\/li>\n<\/ul><\/div>\n<\/p><\/div>\n<div style='border: 1px solid rgba(150&comma; 150&comma; 150&comma; 0.4); border-radius: 8px; overflow: hidden;'>\n<div style='padding: 15px; border-bottom: 1px solid rgba(150&comma; 150&comma; 150&comma; 0.2); font-weight: bold; font-size: 18px; color: inherit;'>Dimensiones<\/div>\n<div style='padding: 15px; color: inherit;'>\n<ul style='padding-left: 20px; margin: 0; font-size: 14px; list-style-type: disc;'>\n<li style='margin-bottom: 5px;'>17.5 x 12 x 3.75 in<\/li>\n<\/ul><\/div>\n<\/p><\/div>\n<div style='border: 1px solid rgba(150&comma; 150&comma; 150&comma; 0.4); border-radius: 8px; overflow: hidden;'>\n<div style='padding: 15px; border-bottom: 1px solid rgba(150&comma; 150&comma; 150&comma; 0.2); font-weight: bold; font-size: 18px; color: inherit;'>Frecuencias<\/div>\n<div style='padding: 15px; color: inherit;'>\n<ul style='padding-left: 20px; margin: 0; font-size: 14px; list-style-type: disc;'>\n<li style='margin-bottom: 5px;'>Band 25 1900 MHz<\/li>\n<li style='margin-bottom: 5px;'>Band 4 1700\/2100 MHz<\/li>\n<li style='margin-bottom: 5px;'>Band 13 700 MHz<\/li>\n<li style='margin-bottom: 5px;'>Band 5 850 MHz<\/li>\n<li style='margin-bottom: 5px;'>Band 12\/17 700 MHz<\/li>\n<\/ul><\/div>\n<\/p><\/div>\n<div style='border: 1px solid rgba(150&comma; 150&comma; 150&comma; 0.4); border-radius: 8px; overflow: hidden;'>\n<div style='padding: 15px; border-bottom: 1px solid rgba(150&comma; 150&comma; 150&comma; 0.2); font-weight: bold; font-size: 18px; color: inherit;'>Impedancia<\/div>\n<div style='padding: 15px; color: inherit;'>\n<ul style='padding-left: 20px; margin: 0; font-size: 14px; list-style-type: disc;'>\n<li style='margin-bottom: 5px;'>50 Ohm<\/li>\n<\/ul><\/div>\n<\/p><\/div>\n<div style='border: 1px solid rgba(150&comma; 150&comma; 150&comma; 0.4); border-radius: 8px; overflow: hidden;'>\n<div style='padding: 15px; border-bottom: 1px solid rgba(150&comma; 150&comma; 150&comma; 0.2); font-weight: bold; font-size: 18px; color: inherit;'>Max Ganancia<\/div>\n<div style='padding: 15px; color: inherit;'>\n<ul style='padding-left: 20px; margin: 0; font-size: 14px; list-style-type: disc;'>\n<li style='margin-bottom: 5px;'>70 dB<\/li>\n<\/ul><\/div>\n<\/p><\/div>\n<div style='border: 1px solid rgba(150&comma; 150&comma; 150&comma; 0.4); border-radius: 8px; overflow: hidden;'>\n<div style='padding: 15px; border-bottom: 1px solid rgba(150&comma; 150&comma; 150&comma; 0.2); font-weight: bold; font-size: 18px; color: inherit;'>Alimentaci\u00f3n<\/div>\n<div style='padding: 15px; color: inherit;'>\n<ul style='padding-left: 20px; margin: 0; font-size: 14px; list-style-type: disc;'>\n<li style='margin-bottom: 5px;'>110 &#8211; 240 V ca&comma; 50 &#8211; 60 Hz&comma; 60 W<\/li>\n<\/ul><\/div>\n<\/p><\/div>\n<div style='border: 1px solid rgba(150&comma; 150&comma; 150&comma; 0.4); border-radius: 8px; overflow: hidden;'>\n<div style='padding: 15px; border-bottom: 1px solid rgba(150&comma; 150&comma; 150&comma; 0.2); font-weight: bold; font-size: 18px; color: inherit;'>Peso<\/div>\n<div style='padding: 15px; color: inherit;'>\n<ul style='padding-left: 20px; margin: 0; font-size: 14px; list-style-type: disc;'>\n<li style='margin-bottom: 5px;'>7.68 kg<\/li>\n<\/ul><\/div>\n<\/p><\/div>\n<\/p><\/div>\n<\/p><\/div>\n<p> <!-- Nota importante --> <\/p>\n<div style='margin-bottom: 30px; padding: 15px; border-left: 4px solid rgba(255&comma; 165&comma; 0&comma; 0.5); background-color: rgba(255&comma; 255&comma; 255&comma; 0.03);'>\n<p style='margin: 0; color: inherit; font-size: 14px;'>Nota: Algunas funciones de WilsonPro Cloud no est\u00e1n disponibles para LATAM.<\/p>\n<\/p><\/div>\n<p> <!-- Secci\u00f3n de potencia del amplificador --> <\/p>\n<div style='margin-bottom: 30px;'>\n<h3 style='font-size: 18px; border-bottom: 2px solid currentColor; padding-bottom: 5px; margin-top: 0; margin-bottom: 15px; color: inherit; opacity: 0.8;'>La potencia del amplificador es gracias a la se\u00f1al que le entra.<\/h3>\n<div style='margin-bottom: 15px;'> <img style='width: 100%; height: auto; border: 1px solid rgba(150&comma;150&comma;150&comma;0.3); border-radius: 8px;' src='https:\/\/ftp3.syscom.mx\/usuarios\/amarquez\/AdSC\/Fotos%20y%20diagramas%20para%20AdSC\/Tabla%20para%20determinar%20cobertura%20estimada..png' alt='Tabla de cobertura'> <\/div>\n<\/p><\/div>\n<p> <!-- Notas de instalaci\u00f3n --> <\/p>\n<div style='margin-bottom: 30px;'>\n<h3 style='font-size: 18px; border-bottom: 2px solid currentColor; padding-bottom: 5px; margin-top: 0; margin-bottom: 15px; color: inherit; opacity: 0.8;'>Notas de instalaci\u00f3n<\/h3>\n<ul style='padding-left: 20px; margin: 0; font-size: 14px; list-style-type: square; color: inherit;'>\n<li style='margin-bottom: 5px;'>Instale el kit amplificador de acuerdo al manual de usuario o gu\u00eda de instalaci\u00f3n.<\/li>\n<li style='margin-bottom: 5px;'>Use el kit amplificador para lo que est\u00e1 dise\u00f1ado.<\/li>\n<li style='margin-bottom: 5px;'>Si tiene dudas contacte nuestro departamento de Ingenier\u00eda Radiocomunicaci\u00f3n.<\/li>\n<li style='margin-bottom: 5px;'>Una mala instalaci\u00f3n o mal uso de este sistema puede provocar interferencia.<\/li>\n<\/ul><\/div>\n<\/p><\/div>\n","protected":false},"excerpt":{"rendered":"<p>Amplificador de Se\u00f1al Celular, ENTERPRISE 4300R | Mejora la Se\u00f1al Celular de los principales Operadores | Cubre \u00e1reas de hasta 9200 metros cuadrados<\/p>\n","protected":false},"featured_media":60857,"comment_status":"open","ping_status":"closed","template":"","meta":[],"product_brand":[],"product_cat":[1570,1552],"product_tag":[1535,1571,1553,1525],"class_list":{"0":"post-60858","1":"product","2":"type-product","3":"status-publish","4":"has-post-thumbnail","6":"product_cat-amplificadores-de-senal-celular-adsc","7":"product_cat-cobertura-para-celular-4g-lte","8":"product_tag-3g-y-voz","9":"product_tag-amplificadores-de-senal-celular-adsc","10":"product_tag-cobertura-para-celular-4g-lte","11":"product_tag-wilsonpro-weboost","13":"first","14":"outofstock","15":"sale","16":"shipping-taxable","17":"purchasable","18":"product-type-simple"},"_links":{"self":[{"href":"https:\/\/soydeaqui.ddns.net\/pachuca\/index.php\/wp-json\/wp\/v2\/product\/60858","targetHints":{"allow":["GET"]}}],"collection":[{"href":"https:\/\/soydeaqui.ddns.net\/pachuca\/index.php\/wp-json\/wp\/v2\/product"}],"about":[{"href":"https:\/\/soydeaqui.ddns.net\/pachuca\/index.php\/wp-json\/wp\/v2\/types\/product"}],"replies":[{"embeddable":true,"href":"https:\/\/soydeaqui.ddns.net\/pachuca\/index.php\/wp-json\/wp\/v2\/comments?post=60858"}],"wp:featuredmedia":[{"embeddable":true,"href":"https:\/\/soydeaqui.ddns.net\/pachuca\/index.php\/wp-json\/wp\/v2\/media\/60857"}],"wp:attachment":[{"href":"https:\/\/soydeaqui.ddns.net\/pachuca\/index.php\/wp-json\/wp\/v2\/media?parent=60858"}],"wp:term":[{"taxonomy":"product_brand","embeddable":true,"href":"https:\/\/soydeaqui.ddns.net\/pachuca\/index.php\/wp-json\/wp\/v2\/product_brand?post=60858"},{"taxonomy":"product_cat","embeddable":true,"href":"https:\/\/soydeaqui.ddns.net\/pachuca\/index.php\/wp-json\/wp\/v2\/product_cat?post=60858"},{"taxonomy":"product_tag","embeddable":true,"href":"https:\/\/soydeaqui.ddns.net\/pachuca\/index.php\/wp-json\/wp\/v2\/product_tag?post=60858"}],"curies":[{"name":"wp","href":"https:\/\/api.w.org\/{rel}","templated":true}]}}