{"id":60834,"date":"2026-03-19T05:47:37","date_gmt":"2026-03-19T05:47:37","guid":{"rendered":"https:\/\/soydeaqui.ddns.net\/pachuca\/index.php\/producto\/elemento-para-wattmetro-apm-16-100-250-mhz-1000-watt\/"},"modified":"2026-03-19T05:47:38","modified_gmt":"2026-03-19T05:47:38","slug":"elemento-para-wattmetro-apm-16-100-250-mhz-1000-watt","status":"publish","type":"product","link":"https:\/\/soydeaqui.ddns.net\/pachuca\/index.php\/producto\/elemento-para-wattmetro-apm-16-100-250-mhz-1000-watt\/","title":{"rendered":"Elemento para Wattmetro APM-16, 100-250 MHz, 1000 Watt."},"content":{"rendered":"<div style='width: 100%; max-width: 1200px; margin: 0 auto; font-family: sans-serif; line-height: 1.6; color: inherit; background-color: transparent;'> <!-- Descripci\u00f3n principal --> <\/p>\n<div style='margin-bottom: 30px;'>\n<h3 style='font-size: 22px; border-bottom: 2px solid currentColor; padding-bottom: 5px; margin-top: 0; color: inherit; opacity: 0.8;'>Caracter\u00edsticas principales<\/h3>\n<p style='font-size: 15px; color: inherit;'> Los elementos APM est\u00e1n especialmente dise\u00f1ados para utilizarse con el Wattmetro APM-16&comma; ajustados de acuerdo a los miniciosos procedimientos de calibraci\u00f3n Bird&comma; respaldados por una larga historia de Valores de Desviaci\u00f3n Media para asegurar la credibilidad en las especificaciones publicadas de los instrumentos actuales&comma; as\u00ed como la compatibilidad en campo con los equipos adquiridos y utilizados de antigua confianza durante todos los a\u00f1os desde su introducci\u00f3n. <\/p>\n<\/p><\/div>\n<p> <!-- Tabla de modelos --> <\/p>\n<div style='display: flex; flex-wrap: wrap; gap: 30px; margin-bottom: 30px;'>\n<div style='flex: 1 1 300px; min-width: 280px;'>\n<h3 style='font-size: 20px; border-bottom: 2px solid currentColor; padding-bottom: 5px; margin-top: 0; color: inherit; opacity: 0.8;'>Modelos APM-5H a APM-500C<\/h3>\n<div style='border: 1px solid rgba(150&comma; 150&comma; 150&comma; 0.4); border-radius: 8px; overflow: hidden;'>\n<table style='width: 100%; border-collapse: collapse;'>\n<thead style='background-color: rgba(150&comma; 150&comma; 150&comma; 0.1);'>\n<tr>\n<th style='padding: 12px; border-bottom: 1px solid rgba(150&comma; 150&comma; 150&comma; 0.3); text-align: left; font-size: 14px; color: inherit;'>Modelo<\/th>\n<th style='padding: 12px; border-bottom: 1px solid rgba(150&comma; 150&comma; 150&comma; 0.3); text-align: left; font-size: 14px; color: inherit;'>Frecuencia (MHz)<\/th>\n<th style='padding: 12px; border-bottom: 1px solid rgba(150&comma; 150&comma; 150&comma; 0.3); text-align: left; font-size: 14px; color: inherit;'>Potencia<\/th>\n<\/tr>\n<\/thead>\n<tbody>\n<tr style='border-bottom: 1px solid rgba(150&comma; 150&comma; 150&comma; 0.2);'>\n<td style='padding: 10px; font-size: 14px; color: inherit;'>APM-5H<\/td>\n<td style='padding: 10px; font-size: 14px; color: inherit;'>2-30<\/td>\n<td style='padding: 10px; font-size: 14px; color: inherit;'>5 W<\/td>\n<\/tr>\n<tr style='border-bottom: 1px solid rgba(150&comma; 150&comma; 150&comma; 0.2);'>\n<td style='padding: 10px; font-size: 14px; color: inherit;'>APM-10H<\/td>\n<td style='padding: 10px; font-size: 14px; color: inherit;'>2-30<\/td>\n<td style='padding: 10px; font-size: 14px; color: inherit;'>10 W<\/td>\n<\/tr>\n<tr style='border-bottom: 1px solid rgba(150&comma; 150&comma; 150&comma; 0.2);'>\n<td style='padding: 10px; font-size: 14px; color: inherit;'>APM-100H<\/td>\n<td style='padding: 10px; font-size: 14px; color: inherit;'>2-30<\/td>\n<td style='padding: 10px; font-size: 14px; color: inherit;'>100 W<\/td>\n<\/tr>\n<tr style='border-bottom: 1px solid rgba(150&comma; 150&comma; 150&comma; 0.2);'>\n<td style='padding: 10px; font-size: 14px; color: inherit;'>APM-250H<\/td>\n<td style='padding: 10px; font-size: 14px; color: inherit;'>2-30<\/td>\n<td style='padding: 10px; font-size: 14px; color: inherit;'>250 W<\/td>\n<\/tr>\n<tr style='border-bottom: 1px solid rgba(150&comma; 150&comma; 150&comma; 0.2);'>\n<td style='padding: 10px; font-size: 14px; color: inherit;'>APM-500H<\/td>\n<td style='padding: 10px; font-size: 14px; color: inherit;'>2-30<\/td>\n<td style='padding: 10px; font-size: 14px; color: inherit;'>500 W<\/td>\n<\/tr>\n<tr style='border-bottom: 1px solid rgba(150&comma; 150&comma; 150&comma; 0.2);'>\n<td style='padding: 10px; font-size: 14px; color: inherit;'>APM-1000H<\/td>\n<td style='padding: 10px; font-size: 14px; color: inherit;'>2-30<\/td>\n<td style='padding: 10px; font-size: 14px; color: inherit;'>1000 W<\/td>\n<\/tr>\n<tr style='border-bottom: 1px solid rgba(150&comma; 150&comma; 150&comma; 0.2);'>\n<td style='padding: 10px; font-size: 14px; color: inherit;'>APM-5A<\/td>\n<td style='padding: 10px; font-size: 14px; color: inherit;'>25-60<\/td>\n<td style='padding: 10px; font-size: 14px; color: inherit;'>5 W<\/td>\n<\/tr>\n<tr style='border-bottom: 1px solid rgba(150&comma; 150&comma; 150&comma; 0.2);'>\n<td style='padding: 10px; font-size: 14px; color: inherit;'>APM-10A<\/td>\n<td style='padding: 10px; font-size: 14px; color: inherit;'>25-60<\/td>\n<td style='padding: 10px; font-size: 14px; color: inherit;'>10 W<\/td>\n<\/tr>\n<tr style='border-bottom: 1px solid rgba(150&comma; 150&comma; 150&comma; 0.2);'>\n<td style='padding: 10px; font-size: 14px; color: inherit;'>APM-100A<\/td>\n<td style='padding: 10px; font-size: 14px; color: inherit;'>25-60<\/td>\n<td style='padding: 10px; font-size: 14px; color: inherit;'>100 W<\/td>\n<\/tr>\n<tr style='border-bottom: 1px solid rgba(150&comma; 150&comma; 150&comma; 0.2);'>\n<td style='padding: 10px; font-size: 14px; color: inherit;'>APM-250A<\/td>\n<td style='padding: 10px; font-size: 14px; color: inherit;'>25-60<\/td>\n<td style='padding: 10px; font-size: 14px; color: inherit;'>250 W<\/td>\n<\/tr>\n<tr style='border-bottom: 1px solid rgba(150&comma; 150&comma; 150&comma; 0.2);'>\n<td style='padding: 10px; font-size: 14px; color: inherit;'>APM-1B<\/td>\n<td style='padding: 10px; font-size: 14px; color: inherit;'>50-125<\/td>\n<td style='padding: 10px; font-size: 14px; color: inherit;'>1 W<\/td>\n<\/tr>\n<tr style='border-bottom: 1px solid rgba(150&comma; 150&comma; 150&comma; 0.2);'>\n<td style='padding: 10px; font-size: 14px; color: inherit;'>APM-2.5B<\/td>\n<td style='padding: 10px; font-size: 14px; color: inherit;'>50-125<\/td>\n<td style='padding: 10px; font-size: 14px; color: inherit;'>2.5 W<\/td>\n<\/tr>\n<tr style='border-bottom: 1px solid rgba(150&comma; 150&comma; 150&comma; 0.2);'>\n<td style='padding: 10px; font-size: 14px; color: inherit;'>APM-5B<\/td>\n<td style='padding: 10px; font-size: 14px; color: inherit;'>50-125<\/td>\n<td style='padding: 10px; font-size: 14px; color: inherit;'>5 W<\/td>\n<\/tr>\n<tr style='border-bottom: 1px solid rgba(150&comma; 150&comma; 150&comma; 0.2);'>\n<td style='padding: 10px; font-size: 14px; color: inherit;'>APM-10B<\/td>\n<td style='padding: 10px; font-size: 14px; color: inherit;'>50-125<\/td>\n<td style='padding: 10px; font-size: 14px; color: inherit;'>10 W<\/td>\n<\/tr>\n<tr style='border-bottom: 1px solid rgba(150&comma; 150&comma; 150&comma; 0.2);'>\n<td style='padding: 10px; font-size: 14px; color: inherit;'>APM-25B<\/td>\n<td style='padding: 10px; font-size: 14px; color: inherit;'>50-125<\/td>\n<td style='padding: 10px; font-size: 14px; color: inherit;'>25 W<\/td>\n<\/tr>\n<tr style='border-bottom: 1px solid rgba(150&comma; 150&comma; 150&comma; 0.2);'>\n<td style='padding: 10px; font-size: 14px; color: inherit;'>APM-100B<\/td>\n<td style='padding: 10px; font-size: 14px; color: inherit;'>50-125<\/td>\n<td style='padding: 10px; font-size: 14px; color: inherit;'>100 W<\/td>\n<\/tr>\n<tr style='border-bottom: 1px solid rgba(150&comma; 150&comma; 150&comma; 0.2);'>\n<td style='padding: 10px; font-size: 14px; color: inherit;'>APM-250B<\/td>\n<td style='padding: 10px; font-size: 14px; color: inherit;'>50-125<\/td>\n<td style='padding: 10px; font-size: 14px; color: inherit;'>250 W<\/td>\n<\/tr>\n<tr style='border-bottom: 1px solid rgba(150&comma; 150&comma; 150&comma; 0.2);'>\n<td style='padding: 10px; font-size: 14px; color: inherit;'>APM-500B<\/td>\n<td style='padding: 10px; font-size: 14px; color: inherit;'>50-125<\/td>\n<td style='padding: 10px; font-size: 14px; color: inherit;'>500 W<\/td>\n<\/tr>\n<tr style='border-bottom: 1px solid rgba(150&comma; 150&comma; 150&comma; 0.2);'>\n<td style='padding: 10px; font-size: 14px; color: inherit;'>APM-1000B<\/td>\n<td style='padding: 10px; font-size: 14px; color: inherit;'>50-125<\/td>\n<td style='padding: 10px; font-size: 14px; color: inherit;'>1000 W<\/td>\n<\/tr>\n<tr style='border-bottom: 1px solid rgba(150&comma; 150&comma; 150&comma; 0.2);'>\n<td style='padding: 10px; font-size: 14px; color: inherit;'>APM-1C<\/td>\n<td style='padding: 10px; font-size: 14px; color: inherit;'>100-250<\/td>\n<td style='padding: 10px; font-size: 14px; color: inherit;'>1 W<\/td>\n<\/tr>\n<tr style='border-bottom: 1px solid rgba(150&comma; 150&comma; 150&comma; 0.2);'>\n<td style='padding: 10px; font-size: 14px; color: inherit;'>APM-5C<\/td>\n<td style='padding: 10px; font-size: 14px; color: inherit;'>100-250<\/td>\n<td style='padding: 10px; font-size: 14px; color: inherit;'>5 W<\/td>\n<\/tr>\n<tr style='border-bottom: 1px solid rgba(150&comma; 150&comma; 150&comma; 0.2);'>\n<td style='padding: 10px; font-size: 14px; color: inherit;'>APM-10C<\/td>\n<td style='padding: 10px; font-size: 14px; color: inherit;'>100-250<\/td>\n<td style='padding: 10px; font-size: 14px; color: inherit;'>10 W<\/td>\n<\/tr>\n<tr style='border-bottom: 1px solid rgba(150&comma; 150&comma; 150&comma; 0.2);'>\n<td style='padding: 10px; font-size: 14px; color: inherit;'>APM-25C<\/td>\n<td style='padding: 10px; font-size: 14px; color: inherit;'>100-250<\/td>\n<td style='padding: 10px; font-size: 14px; color: inherit;'>25 W<\/td>\n<\/tr>\n<tr style='border-bottom: 1px solid rgba(150&comma; 150&comma; 150&comma; 0.2);'>\n<td style='padding: 10px; font-size: 14px; color: inherit;'>APM-50C<\/td>\n<td style='padding: 10px; font-size: 14px; color: inherit;'>100-250<\/td>\n<td style='padding: 10px; font-size: 14px; color: inherit;'>50 W<\/td>\n<\/tr>\n<tr style='border-bottom: 1px solid rgba(150&comma; 150&comma; 150&comma; 0.2);'>\n<td style='padding: 10px; font-size: 14px; color: inherit;'>APM-100C<\/td>\n<td style='padding: 10px; font-size: 14px; color: inherit;'>100-250<\/td>\n<td style='padding: 10px; font-size: 14px; color: inherit;'>100 W<\/td>\n<\/tr>\n<tr style='border-bottom: 1px solid rgba(150&comma; 150&comma; 150&comma; 0.2);'>\n<td style='padding: 10px; font-size: 14px; color: inherit;'>APM-250C<\/td>\n<td style='padding: 10px; font-size: 14px; color: inherit;'>100-250<\/td>\n<td style='padding: 10px; font-size: 14px; color: inherit;'>250 W<\/td>\n<\/tr>\n<tr style='border-bottom: 1px solid rgba(150&comma; 150&comma; 150&comma; 0.2);'>\n<td style='padding: 10px; font-size: 14px; color: inherit;'>APM-500C<\/td>\n<td style='padding: 10px; font-size: 14px; color: inherit;'>100-250<\/td>\n<td style='padding: 10px; font-size: 14px; color: inherit;'>500 W<\/td>\n<\/tr>\n<tr style='border-bottom: 1px solid rgba(150&comma; 150&comma; 150&comma; 0.2);'>\n<td style='padding: 10px; font-size: 14px; color: inherit;'>APM-1000C<\/td>\n<td style='padding: 10px; font-size: 14px; color: inherit;'>100-250<\/td>\n<td style='padding: 10px; font-size: 14px; color: inherit;'>1000 W<\/td>\n<\/tr>\n<\/tbody>\n<\/table><\/div>\n<\/p><\/div>\n<div style='flex: 1 1 300px; min-width: 280px;'>\n<h3 style='font-size: 20px; border-bottom: 2px solid currentColor; padding-bottom: 5px; margin-top: 0; color: inherit; opacity: 0.8;'>Modelos APM-2.5D a APM-1000E-800<\/h3>\n<div style='border: 1px solid rgba(150&comma; 150&comma; 150&comma; 0.4); border-radius: 8px; overflow: hidden;'>\n<table style='width: 100%; border-collapse: collapse;'>\n<thead style='background-color: rgba(150&comma; 150&comma; 150&comma; 0.1);'>\n<tr>\n<th style='padding: 12px; border-bottom: 1px solid rgba(150&comma; 150&comma; 150&comma; 0.3); text-align: left; font-size: 14px; color: inherit;'>Modelo<\/th>\n<th style='padding: 12px; border-bottom: 1px solid rgba(150&comma; 150&comma; 150&comma; 0.3); text-align: left; font-size: 14px; color: inherit;'>Frecuencia (MHz)<\/th>\n<th style='padding: 12px; border-bottom: 1px solid rgba(150&comma; 150&comma; 150&comma; 0.3); text-align: left; font-size: 14px; color: inherit;'>Potencia<\/th>\n<\/tr>\n<\/thead>\n<tbody>\n<tr style='border-bottom: 1px solid rgba(150&comma; 150&comma; 150&comma; 0.2);'>\n<td style='padding: 10px; font-size: 14px; color: inherit;'>APM-2.5D<\/td>\n<td style='padding: 10px; font-size: 14px; color: inherit;'>200-500<\/td>\n<td style='padding: 10px; font-size: 14px; color: inherit;'>2.5 W<\/td>\n<\/tr>\n<tr style='border-bottom: 1px solid rgba(150&comma; 150&comma; 150&comma; 0.2);'>\n<td style='padding: 10px; font-size: 14px; color: inherit;'>APM-5D<\/td>\n<td style='padding: 10px; font-size: 14px; color: inherit;'>200-500<\/td>\n<td style='padding: 10px; font-size: 14px; color: inherit;'>5 W<\/td>\n<\/tr>\n<tr style='border-bottom: 1px solid rgba(150&comma; 150&comma; 150&comma; 0.2);'>\n<td style='padding: 10px; font-size: 14px; color: inherit;'>APM-10D<\/td>\n<td style='padding: 10px; font-size: 14px; color: inherit;'>200-500<\/td>\n<td style='padding: 10px; font-size: 14px; color: inherit;'>10 W<\/td>\n<\/tr>\n<tr style='border-bottom: 1px solid rgba(150&comma; 150&comma; 150&comma; 0.2);'>\n<td style='padding: 10px; font-size: 14px; color: inherit;'>APM-25D<\/td>\n<td style='padding: 10px; font-size: 14px; color: inherit;'>200-500<\/td>\n<td style='padding: 10px; font-size: 14px; color: inherit;'>25 W<\/td>\n<\/tr>\n<tr style='border-bottom: 1px solid rgba(150&comma; 150&comma; 150&comma; 0.2);'>\n<td style='padding: 10px; font-size: 14px; color: inherit;'>APM-50D<\/td>\n<td style='padding: 10px; font-size: 14px; color: inherit;'>200-500<\/td>\n<td style='padding: 10px; font-size: 14px; color: inherit;'>50 W<\/td>\n<\/tr>\n<tr style='border-bottom: 1px solid rgba(150&comma; 150&comma; 150&comma; 0.2);'>\n<td style='padding: 10px; font-size: 14px; color: inherit;'>APM-100D<\/td>\n<td style='padding: 10px; font-size: 14px; color: inherit;'>200-500<\/td>\n<td style='padding: 10px; font-size: 14px; color: inherit;'>100 W<\/td>\n<\/tr>\n<tr style='border-bottom: 1px solid rgba(150&comma; 150&comma; 150&comma; 0.2);'>\n<td style='padding: 10px; font-size: 14px; color: inherit;'>APM-250D<\/td>\n<td style='padding: 10px; font-size: 14px; color: inherit;'>200-500<\/td>\n<td style='padding: 10px; font-size: 14px; color: inherit;'>250 W<\/td>\n<\/tr>\n<tr style='border-bottom: 1px solid rgba(150&comma; 150&comma; 150&comma; 0.2);'>\n<td style='padding: 10px; font-size: 14px; color: inherit;'>APM-500D<\/td>\n<td style='padding: 10px; font-size: 14px; color: inherit;'>200-500<\/td>\n<td style='padding: 10px; font-size: 14px; color: inherit;'>500 W<\/td>\n<\/tr>\n<tr style='border-bottom: 1px solid rgba(150&comma; 150&comma; 150&comma; 0.2);'>\n<td style='padding: 10px; font-size: 14px; color: inherit;'>APM-1E-400<\/td>\n<td style='padding: 10px; font-size: 14px; color: inherit;'>400-800<\/td>\n<td style='padding: 10px; font-size: 14px; color: inherit;'>1 W<\/td>\n<\/tr>\n<tr style='border-bottom: 1px solid rgba(150&comma; 150&comma; 150&comma; 0.2);'>\n<td style='padding: 10px; font-size: 14px; color: inherit;'>APM-2.5E-400<\/td>\n<td style='padding: 10px; font-size: 14px; color: inherit;'>400-800<\/td>\n<td style='padding: 10px; font-size: 14px; color: inherit;'>2.5 W<\/td>\n<\/tr>\n<tr style='border-bottom: 1px solid rgba(150&comma; 150&comma; 150&comma; 0.2);'>\n<td style='padding: 10px; font-size: 14px; color: inherit;'>APM-5E-400<\/td>\n<td style='padding: 10px; font-size: 14px; color: inherit;'>400-800<\/td>\n<td style='padding: 10px; font-size: 14px; color: inherit;'>5 W<\/td>\n<\/tr>\n<tr style='border-bottom: 1px solid rgba(150&comma; 150&comma; 150&comma; 0.2);'>\n<td style='padding: 10px; font-size: 14px; color: inherit;'>APM-10E-400<\/td>\n<td style='padding: 10px; font-size: 14px; color: inherit;'>400-800<\/td>\n<td style='padding: 10px; font-size: 14px; color: inherit;'>10 W<\/td>\n<\/tr>\n<tr style='border-bottom: 1px solid rgba(150&comma; 150&comma; 150&comma; 0.2);'>\n<td style='padding: 10px; font-size: 14px; color: inherit;'>APM-25E-400<\/td>\n<td style='padding: 10px; font-size: 14px; color: inherit;'>400-800<\/td>\n<td style='padding: 10px; font-size: 14px; color: inherit;'>25 W<\/td>\n<\/tr>\n<tr style='border-bottom: 1px solid rgba(150&comma; 150&comma; 150&comma; 0.2);'>\n<td style='padding: 10px; font-size: 14px; color: inherit;'>APM-50E-400<\/td>\n<td style='padding: 10px; font-size: 14px; color: inherit;'>400-800<\/td>\n<td style='padding: 10px; font-size: 14px; color: inherit;'>50 W<\/td>\n<\/tr>\n<tr style='border-bottom: 1px solid rgba(150&comma; 150&comma; 150&comma; 0.2);'>\n<td style='padding: 10px; font-size: 14px; color: inherit;'>APM-100E-400<\/td>\n<td style='padding: 10px; font-size: 14px; color: inherit;'>400-800<\/td>\n<td style='padding: 10px; font-size: 14px; color: inherit;'>100 W<\/td>\n<\/tr>\n<tr style='border-bottom: 1px solid rgba(150&comma; 150&comma; 150&comma; 0.2);'>\n<td style='padding: 10px; font-size: 14px; color: inherit;'>APM-250E-400<\/td>\n<td style='padding: 10px; font-size: 14px; color: inherit;'>400-800<\/td>\n<td style='padding: 10px; font-size: 14px; color: inherit;'>250 W<\/td>\n<\/tr>\n<tr style='border-bottom: 1px solid rgba(150&comma; 150&comma; 150&comma; 0.2);'>\n<td style='padding: 10px; font-size: 14px; color: inherit;'>APM-500E-400<\/td>\n<td style='padding: 10px; font-size: 14px; color: inherit;'>400-800<\/td>\n<td style='padding: 10px; font-size: 14px; color: inherit;'>500 W<\/td>\n<\/tr>\n<tr style='border-bottom: 1px solid rgba(150&comma; 150&comma; 150&comma; 0.2);'>\n<td style='padding: 10px; font-size: 14px; color: inherit;'>APM-1E-800<\/td>\n<td style='padding: 10px; font-size: 14px; color: inherit;'>800-960<\/td>\n<td style='padding: 10px; font-size: 14px; color: inherit;'>1 W<\/td>\n<\/tr>\n<tr style='border-bottom: 1px solid rgba(150&comma; 150&comma; 150&comma; 0.2);'>\n<td style='padding: 10px; font-size: 14px; color: inherit;'>APM-2.5E-800<\/td>\n<td style='padding: 10px; font-size: 14px; color: inherit;'>800-960<\/td>\n<td style='padding: 10px; font-size: 14px; color: inherit;'>2.5 W<\/td>\n<\/tr>\n<tr style='border-bottom: 1px solid rgba(150&comma; 150&comma; 150&comma; 0.2);'>\n<td style='padding: 10px; font-size: 14px; color: inherit;'>APM-5E-800<\/td>\n<td style='padding: 10px; font-size: 14px; color: inherit;'>800-960<\/td>\n<td style='padding: 10px; font-size: 14px; color: inherit;'>5 W<\/td>\n<\/tr>\n<tr style='border-bottom: 1px solid rgba(150&comma; 150&comma; 150&comma; 0.2);'>\n<td style='padding: 10px; font-size: 14px; color: inherit;'>APM-10E-800<\/td>\n<td style='padding: 10px; font-size: 14px; color: inherit;'>800-960<\/td>\n<td style='padding: 10px; font-size: 14px; color: inherit;'>10 W<\/td>\n<\/tr>\n<tr style='border-bottom: 1px solid rgba(150&comma; 150&comma; 150&comma; 0.2);'>\n<td style='padding: 10px; font-size: 14px; color: inherit;'>APM-25E-800<\/td>\n<td style='padding: 10px; font-size: 14px; color: inherit;'>800-960<\/td>\n<td style='padding: 10px; font-size: 14px; color: inherit;'>25 W<\/td>\n<\/tr>\n<tr style='border-bottom: 1px solid rgba(150&comma; 150&comma; 150&comma; 0.2);'>\n<td style='padding: 10px; font-size: 14px; color: inherit;'>APM-50E-800<\/td>\n<td style='padding: 10px; font-size: 14px; color: inherit;'>800-960<\/td>\n<td style='padding: 10px; font-size: 14px; color: inherit;'>50 W<\/td>\n<\/tr>\n<tr style='border-bottom: 1px solid rgba(150&comma; 150&comma; 150&comma; 0.2);'>\n<td style='padding: 10px; font-size: 14px; color: inherit;'>APM-100E-800<\/td>\n<td style='padding: 10px; font-size: 14px; color: inherit;'>800-960<\/td>\n<td style='padding: 10px; font-size: 14px; color: inherit;'>100 W<\/td>\n<\/tr>\n<tr style='border-bottom: 1px solid rgba(150&comma; 150&comma; 150&comma; 0.2);'>\n<td style='padding: 10px; font-size: 14px; color: inherit;'>APM-250E-800<\/td>\n<td style='padding: 10px; font-size: 14px; color: inherit;'>800-960<\/td>\n<td style='padding: 10px; font-size: 14px; color: inherit;'>250 W<\/td>\n<\/tr>\n<tr style='border-bottom: 1px solid rgba(150&comma; 150&comma; 150&comma; 0.2);'>\n<td style='padding: 10px; font-size: 14px; color: inherit;'>APM-500E-800<\/td>\n<td style='padding: 10px; font-size: 14px; color: inherit;'>800-960<\/td>\n<td style='padding: 10px; font-size: 14px; color: inherit;'>500 W<\/td>\n<\/tr>\n<tr>\n<td style='padding: 10px; font-size: 14px; color: inherit;'>APM-1000E-800<\/td>\n<td style='padding: 10px; font-size: 14px; color: inherit;'>800-960<\/td>\n<td style='padding: 10px; font-size: 14px; color: inherit;'>1000 W<\/td>\n<\/tr>\n<\/tbody>\n<\/table><\/div>\n<\/p><\/div>\n<\/p><\/div>\n<p> <!-- Separador --> <\/p>\n<hr style='border: 0; border-top: 1px solid rgba(150&comma; 150&comma; 150&comma; 0.3); margin: 30px 0;'> <\/div>\n","protected":false},"excerpt":{"rendered":"<p>Elemento para Wattmetro APM-16, 100-250 MHz, 1000 Watt.<\/p>\n","protected":false},"featured_media":60833,"comment_status":"open","ping_status":"closed","template":"","meta":[],"product_brand":[],"product_cat":[1639],"product_tag":[1641,931,1640],"class_list":{"0":"post-60834","1":"product","2":"type-product","3":"status-publish","4":"has-post-thumbnail","6":"product_cat-wattmetros-y-elementos","7":"product_tag-bird-technologies","8":"product_tag-equipo-de-laboratorio","9":"product_tag-wattmetros-y-elementos","11":"first","12":"outofstock","13":"sale","14":"shipping-taxable","15":"purchasable","16":"product-type-simple"},"_links":{"self":[{"href":"https:\/\/soydeaqui.ddns.net\/pachuca\/index.php\/wp-json\/wp\/v2\/product\/60834","targetHints":{"allow":["GET"]}}],"collection":[{"href":"https:\/\/soydeaqui.ddns.net\/pachuca\/index.php\/wp-json\/wp\/v2\/product"}],"about":[{"href":"https:\/\/soydeaqui.ddns.net\/pachuca\/index.php\/wp-json\/wp\/v2\/types\/product"}],"replies":[{"embeddable":true,"href":"https:\/\/soydeaqui.ddns.net\/pachuca\/index.php\/wp-json\/wp\/v2\/comments?post=60834"}],"wp:featuredmedia":[{"embeddable":true,"href":"https:\/\/soydeaqui.ddns.net\/pachuca\/index.php\/wp-json\/wp\/v2\/media\/60833"}],"wp:attachment":[{"href":"https:\/\/soydeaqui.ddns.net\/pachuca\/index.php\/wp-json\/wp\/v2\/media?parent=60834"}],"wp:term":[{"taxonomy":"product_brand","embeddable":true,"href":"https:\/\/soydeaqui.ddns.net\/pachuca\/index.php\/wp-json\/wp\/v2\/product_brand?post=60834"},{"taxonomy":"product_cat","embeddable":true,"href":"https:\/\/soydeaqui.ddns.net\/pachuca\/index.php\/wp-json\/wp\/v2\/product_cat?post=60834"},{"taxonomy":"product_tag","embeddable":true,"href":"https:\/\/soydeaqui.ddns.net\/pachuca\/index.php\/wp-json\/wp\/v2\/product_tag?post=60834"}],"curies":[{"name":"wp","href":"https:\/\/api.w.org\/{rel}","templated":true}]}}