{"id":60830,"date":"2026-03-19T05:47:29","date_gmt":"2026-03-19T05:47:29","guid":{"rendered":"https:\/\/soydeaqui.ddns.net\/pachuca\/index.php\/producto\/torre-autosoportada-de-64-ft-19-5m-titan-t300-galvanizada-incluye-anclaje\/"},"modified":"2026-03-19T05:47:30","modified_gmt":"2026-03-19T05:47:30","slug":"torre-autosoportada-de-64-ft-19-5m-titan-t300-galvanizada-incluye-anclaje","status":"publish","type":"product","link":"https:\/\/soydeaqui.ddns.net\/pachuca\/index.php\/producto\/torre-autosoportada-de-64-ft-19-5m-titan-t300-galvanizada-incluye-anclaje\/","title":{"rendered":"Torre Autosoportada de 64 ft (19.5m) Titan T300 Galvanizada (incluye anclaje)"},"content":{"rendered":"<div style='width: 100%; max-width: 1200px; margin: 0 auto; font-family: sans-serif; line-height: 1.6; color: inherit; background-color: transparent;'> <!-- Logos --> <\/p>\n<div style='display: flex; flex-wrap: wrap; gap: 20px; justify-content: start; margin-bottom: 30px;'> <img style='width: 300px; height: auto; border: 1px solid rgba(150&comma;150&comma;150&comma;0.3); border-radius: 8px;' src='https:\/\/ftp3.syscom.mx\/usuarios\/fotos\/TRYT64T300\/158134-titan_tower_logo.png' alt=''> <img style='width: 200px; height: auto; border: 1px solid rgba(150&comma;150&comma;150&comma;0.3); border-radius: 8px;' src='https:\/\/ftp3.syscom.mx\/usuarios\/fotos\/TRYT64T300\/158134-trylon_logo_2.png' alt=''> <\/div>\n<p> <!-- Descripci\u00f3n general --> <\/p>\n<div style='margin-bottom: 30px; font-size: 15px;'>\n<p>La torre TITAN ha sido la torre liviana favorita de instaladores por m\u00e1s de 30 a\u00f1os. Con m\u00e1s de 15&comma;000 torres instaladas en E.U.A.&comma; esta torre ha sido utilizada para telemetr\u00eda&comma; TV satelital&comma; sistemas de redes&comma; radios m\u00f3viles y aplicaciones amateurs.<\/p>\n<\/p><\/div>\n<p> <!-- Tabla de especificaciones --> <\/p>\n<div style='margin-bottom: 30px;'>\n<div style='display: flex; flex-wrap: wrap; gap: 20px; margin-bottom: 15px;'>\n<div style='flex: 1 1 300px; min-width: 280px;'>\n<h3 style='font-size: 22px; border-bottom: 2px solid currentColor; padding-bottom: 5px; margin-top: 0; color: inherit; opacity: 0.8;'>Especificaciones<\/h3>\n<ul style='padding-left: 20px; font-size: 15px; color: inherit;'>\n<li style='margin-bottom: 5px;'><strong>Tipo:<\/strong> Autosoportada<\/li>\n<li style='margin-bottom: 5px;'><strong>Secciones:<\/strong> De 8&#8242; (2.4m) para reducci\u00f3n de espacio<\/li>\n<li style='margin-bottom: 5px;'><strong>Piernas:<\/strong> Acanaladas<\/li>\n<li style='margin-bottom: 5px;'><strong>Altura:<\/strong> 19.5 m (64&#8242;)<\/li>\n<li style='margin-bottom: 5px;'><strong>Modelo:<\/strong> T-300 (consulte ingenier\u00eda por torres de mayor capacidad o altura)<\/li>\n<\/ul><\/div>\n<\/p><\/div>\n<p> <!-- Tabla de capacidad --> <\/p>\n<div style='display: flex; flex-wrap: wrap; gap: 20px; margin-bottom: 30px;'>\n<div style='flex: 1 1 100%; min-width: 280px;'>\n<h3 style='font-size: 22px; border-bottom: 2px solid currentColor; padding-bottom: 5px; margin-top: 0; color: inherit; opacity: 0.8;'>Capacidad de carga<\/h3>\n<div style='overflow-x: auto;'>\n<table style='width: 100%; border-collapse: collapse; font-size: 14px;'>\n<thead>\n<tr>\n<th style='border: 1px solid rgba(150&comma;150&comma;150&comma;0.3); padding: 10px; text-align: left; background-color: rgba(150&comma;150&comma;150&comma;0.1); color: inherit;'>Condiciones de carga<\/th>\n<th style='border: 1px solid rgba(150&comma;150&comma;150&comma;0.3); padding: 10px; text-align: center; background-color: rgba(150&comma;150&comma;150&comma;0.1); color: inherit;'>70 mph<br \/>(112 km\/hr)<\/th>\n<th style='border: 1px solid rgba(150&comma;150&comma;150&comma;0.3); padding: 10px; text-align: center; background-color: rgba(150&comma;150&comma;150&comma;0.1); color: inherit;'>85 mph<br \/>(136 km\/hr)<\/th>\n<th style='border: 1px solid rgba(150&comma;150&comma;150&comma;0.3); padding: 10px; text-align: center; background-color: rgba(150&comma;150&comma;150&comma;0.1); color: inherit;'>100 mph<br \/>(161 km\/hr)<\/th>\n<\/tr>\n<\/thead>\n<tbody>\n<tr>\n<td style='border: 1px solid rgba(150&comma;150&comma;150&comma;0.3); padding: 10px; color: inherit;'>\u00c1rea de antenas permisibles en pies cuadrados (ft\u00b2) &#8211; Supervivencia- sin hielo (redondo)<\/td>\n<td style='border: 1px solid rgba(150&comma;150&comma;150&comma;0.3); padding: 10px; text-align: center; color: inherit;'>25<\/td>\n<td style='border: 1px solid rgba(150&comma;150&comma;150&comma;0.3); padding: 10px; text-align: center; color: inherit;'>9<\/td>\n<td style='border: 1px solid rgba(150&comma;150&comma;150&comma;0.3); padding: 10px; text-align: center; color: inherit;'>&#8211;<\/td>\n<\/tr>\n<tr>\n<td style='border: 1px solid rgba(150&comma;150&comma;150&comma;0.3); padding: 10px; color: inherit;'>\u00c1rea de antenas permisibles en pies cuadrados (ft\u00b2) &#8211; Supervivencia-1\/2&#8242; de hielo (redondo)<\/td>\n<td style='border: 1px solid rgba(150&comma;150&comma;150&comma;0.3); padding: 10px; text-align: center; color: inherit;'>3<\/td>\n<td style='border: 1px solid rgba(150&comma;150&comma;150&comma;0.3); padding: 10px; text-align: center; color: inherit;'>&#8211;<\/td>\n<td style='border: 1px solid rgba(150&comma;150&comma;150&comma;0.3); padding: 10px; text-align: center; color: inherit;'>&#8211;<\/td>\n<\/tr>\n<\/tbody>\n<\/table><\/div>\n<\/p><\/div>\n<\/p><\/div>\n<\/p><\/div>\n<p> <!-- Aplicaciones --> <\/p>\n<div style='margin-bottom: 30px;'>\n<h3 style='font-size: 22px; border-bottom: 2px solid currentColor; padding-bottom: 5px; margin-top: 0; color: inherit; opacity: 0.8;'>Aplicaciones<\/h3>\n<ul style='padding-left: 20px; font-size: 15px; color: inherit;'>\n<li style='margin-bottom: 5px;'>Ideal para sistemas de monitoreo remoto<\/li>\n<li style='margin-bottom: 5px;'>Sistemas de radiocomunicaci\u00f3n de dos v\u00edas:<\/li>\n<ul style='padding-left: 25px; margin-top: 5px; margin-bottom: 10px;'>\n<li style='margin-bottom: 5px;'>Sistema de seguridad p\u00fablica&comma; uso policiaco&comma; bomberos&comma; edificios oficiales<\/li>\n<li style='margin-bottom: 5px;'>Compa\u00f1\u00edas privadas de transporte&comma; fabricas&comma; etc.<\/li>\n<\/ul>\n<li style='margin-bottom: 5px;'>Proveedores de servicios de internet (WIPS)<\/li>\n<li style='margin-bottom: 5px;'>Aplicaciones de videovigilancia (torres para c\u00e1maras)<\/li>\n<\/ul><\/div>\n<p> <!-- Diferenciadores --> <\/p>\n<div style='margin-bottom: 30px;'>\n<h3 style='font-size: 22px; border-bottom: 2px solid currentColor; padding-bottom: 5px; margin-top: 0; color: inherit; opacity: 0.8;'>Diferenciadores de la L\u00ednea TITAN<\/h3>\n<ul style='padding-left: 20px; font-size: 15px; color: inherit;'>\n<li style='margin-bottom: 5px;'>La mejor relaci\u00f3n Altura &#8211; Costo del mercado<\/li>\n<\/ul><\/div>\n<p> <!-- Im\u00e1genes de instalaci\u00f3n --> <\/p>\n<div style='margin-bottom: 30px;'>\n<h3 style='font-size: 22px; border-bottom: 2px solid currentColor; padding-bottom: 5px; margin-top: 0; color: inherit; opacity: 0.8;'>Instalaci\u00f3n de torre de 24 metros<\/h3>\n<div style='margin-top: 15px;'> <img style='width: 100%; height: auto; border: 1px solid rgba(150&comma;150&comma;150&comma;0.3); border-radius: 8px;' src='https:\/\/ftp3.syscom.mx\/usuarios\/fotos\/TRYT64T300\/158134-torre_1.png' alt=''> <\/div>\n<\/p><\/div>\n<p> <!-- Im\u00e1genes de uso --> <\/p>\n<div style='margin-bottom: 30px;'>\n<h3 style='font-size: 22px; border-bottom: 2px solid currentColor; padding-bottom: 5px; margin-top: 0; color: inherit; opacity: 0.8;'>Uso de torre para sistema de Radiocomunicaci\u00f3n<\/h3>\n<div style='margin-top: 15px;'> <img style='width: 100%; height: auto; border: 1px solid rgba(150&comma;150&comma;150&comma;0.3); border-radius: 8px;' src='https:\/\/ftp3.syscom.mx\/usuarios\/fotos\/TRYT64T300\/158134-torre_2.png' alt=''> <\/div>\n<\/p><\/div>\n<p> <!-- Separador final --> <\/p>\n<hr style='border: 0; border-top: 1px solid rgba(150&comma; 150&comma; 150&comma; 0.3); margin: 30px 0;'> <\/div>\n","protected":false},"excerpt":{"rendered":"<p>Torre Autosoportada de 64 ft (19.5m) Titan T300 Galvanizada (incluye anclaje)<\/p>\n","protected":false},"featured_media":60829,"comment_status":"open","ping_status":"closed","template":"","meta":[],"product_brand":[],"product_cat":[1713],"product_tag":[1714,246,1715],"class_list":{"0":"post-60830","1":"product","2":"type-product","3":"status-publish","4":"has-post-thumbnail","6":"product_cat-torres-autosoportadas","7":"product_tag-torres-autosoportadas","8":"product_tag-torres-y-mastiles","9":"product_tag-trylon","11":"first","12":"instock","13":"sale","14":"shipping-taxable","15":"purchasable","16":"product-type-simple"},"_links":{"self":[{"href":"https:\/\/soydeaqui.ddns.net\/pachuca\/index.php\/wp-json\/wp\/v2\/product\/60830","targetHints":{"allow":["GET"]}}],"collection":[{"href":"https:\/\/soydeaqui.ddns.net\/pachuca\/index.php\/wp-json\/wp\/v2\/product"}],"about":[{"href":"https:\/\/soydeaqui.ddns.net\/pachuca\/index.php\/wp-json\/wp\/v2\/types\/product"}],"replies":[{"embeddable":true,"href":"https:\/\/soydeaqui.ddns.net\/pachuca\/index.php\/wp-json\/wp\/v2\/comments?post=60830"}],"wp:featuredmedia":[{"embeddable":true,"href":"https:\/\/soydeaqui.ddns.net\/pachuca\/index.php\/wp-json\/wp\/v2\/media\/60829"}],"wp:attachment":[{"href":"https:\/\/soydeaqui.ddns.net\/pachuca\/index.php\/wp-json\/wp\/v2\/media?parent=60830"}],"wp:term":[{"taxonomy":"product_brand","embeddable":true,"href":"https:\/\/soydeaqui.ddns.net\/pachuca\/index.php\/wp-json\/wp\/v2\/product_brand?post=60830"},{"taxonomy":"product_cat","embeddable":true,"href":"https:\/\/soydeaqui.ddns.net\/pachuca\/index.php\/wp-json\/wp\/v2\/product_cat?post=60830"},{"taxonomy":"product_tag","embeddable":true,"href":"https:\/\/soydeaqui.ddns.net\/pachuca\/index.php\/wp-json\/wp\/v2\/product_tag?post=60830"}],"curies":[{"name":"wp","href":"https:\/\/api.w.org\/{rel}","templated":true}]}}