{"id":60823,"date":"2026-03-19T05:47:15","date_gmt":"2026-03-19T05:47:15","guid":{"rendered":"https:\/\/soydeaqui.ddns.net\/pachuca\/index.php\/producto\/antena-recortada-uhf-450-520-mhz-para-radios-portatiles-icf4003-icf4013-icf4021s-4021t-icf4161s-d-4161t-d-icf2100d\/"},"modified":"2026-03-19T05:47:27","modified_gmt":"2026-03-19T05:47:27","slug":"antena-recortada-uhf-450-520-mhz-para-radios-portatiles-icf4003-icf4013-icf4021s-4021t-icf4161s-d-4161t-d-icf2100d","status":"publish","type":"product","link":"https:\/\/soydeaqui.ddns.net\/pachuca\/index.php\/producto\/antena-recortada-uhf-450-520-mhz-para-radios-portatiles-icf4003-icf4013-icf4021s-4021t-icf4161s-d-4161t-d-icf2100d\/","title":{"rendered":"Antena Recortada, UHF 450-520 MHz para Radios Port\u00e1tiles ICF4003, ICF4013, ICF4021S\/4021T, ICF4161S\/D\/4161T\/D\/ ICF2100D"},"content":{"rendered":"<div style='width: 100%; max-width: 1200px; margin: 0 auto; font-family: sans-serif; line-height: 1.6; color: inherit; background-color: transparent;'>\n<div style='display: flex; flex-wrap: wrap; gap: 30px; margin-bottom: 30px;'>\n<div style='flex: 1 1 300px; min-width: 280px;'>\n<h3 style='font-size: 22px; border-bottom: 2px solid currentColor; padding-bottom: 5px; margin-top: 0; color: inherit; opacity: 0.8;'>Caracter\u00edsticas<\/h3>\n<ul style='padding-left: 20px; font-size: 15px; color: inherit;'>\n<li style='margin-bottom: 5px;'>Si trabaja en un entorno donde el alcance no es cr\u00edtico&comma; es posible que desee reemplazar la antena ICOM est\u00e1ndar con una antena recortada. Dise\u00f1ado espec\u00edficamente para ICOM&comma; puede perder algo de rango de transmisi\u00f3n&comma; pero no calidad. Si est\u00e1 cansado de que la antena est\u00e1ndar se interponga en su camino&comma; pruebe una de estas.<\/li>\n<\/ul><\/div>\n<\/p><\/div>\n<div style='display: flex; flex-wrap: wrap; gap: 20px; margin-bottom: 30px;'>\n<div style='flex: 1 1 250px; border: 1px solid rgba(150&comma; 150&comma; 150&comma; 0.4); border-radius: 8px; overflow: hidden; display: flex; flex-direction: column;'>\n<div style='padding: 15px; border-bottom: 1px solid rgba(150&comma; 150&comma; 150&comma; 0.2); font-weight: bold; font-size: 18px; color: inherit;'>Especificaciones<\/div>\n<div style='padding: 15px; color: inherit;'>\n<ul style='padding-left: 20px; margin: 0; font-size: 14px; list-style-type: disc;'>\n<li style='margin-bottom: 5px;'><strong>Antena recortada UHF<\/strong>: 450-520 MHz<\/li>\n<li style='margin-bottom: 5px;'><strong>Altura<\/strong>: 2&#8242;<\/li>\n<li style='margin-bottom: 5px;'><strong>Tipo de conector<\/strong>: J Macho<\/li>\n<\/ul><\/div>\n<\/p><\/div>\n<div style='flex: 1 1 250px; border: 1px solid rgba(150&comma; 150&comma; 150&comma; 0.4); border-radius: 8px; overflow: hidden; display: flex; flex-direction: column;'>\n<div style='padding: 15px; border-bottom: 1px solid rgba(150&comma; 150&comma; 150&comma; 0.2); font-weight: bold; font-size: 18px; color: inherit;'>Modelos compatibles<\/div>\n<div style='padding: 15px; color: inherit;'>\n<ul style='padding-left: 20px; margin: 0; font-size: 14px; list-style-type: disc;'>\n<li style='margin-bottom: 5px;'>F4\/F4S<\/li>\n<li style='margin-bottom: 5px;'>F4GS\/F4GT<\/li>\n<li style='margin-bottom: 5px;'>F40GS\/F40GT<\/li>\n<li style='margin-bottom: 5px;'>F43G\/D\/T<\/li>\n<li style='margin-bottom: 5px;'>F4TR&comma; F43TR<\/li>\n<li style='margin-bottom: 5px;'>F21\/F21S<\/li>\n<li style='margin-bottom: 5px;'>F4003<\/li>\n<li style='margin-bottom: 5px;'>F24\/F24S<\/li>\n<li style='margin-bottom: 5px;'>F4013<\/li>\n<li style='margin-bottom: 5px;'>F4021S\/4021T<\/li>\n<li style='margin-bottom: 5px;'>F4161S\/D\/4161T\/D<\/li>\n<li style='margin-bottom: 5px;'>F2100D<\/li>\n<\/ul><\/div>\n<\/p><\/div>\n<\/p><\/div>\n<hr style='border: 0; border-top: 1px solid rgba(150&comma; 150&comma; 150&comma; 0.3); margin: 30px 0;'> <\/div>\n","protected":false},"excerpt":{"rendered":"<p>Antena Recortada, UHF 450-520 MHz para Radios Port\u00e1tiles ICF4003, ICF4013, ICF4021S\/4021T, ICF4161S\/D\/4161T\/D\/ ICF2100D<\/p>\n","protected":false},"featured_media":60822,"comment_status":"open","ping_status":"closed","template":"","meta":[],"product_brand":[],"product_cat":[1765],"product_tag":[1517,1404,560],"class_list":{"0":"post-60823","1":"product","2":"type-product","3":"status-publish","4":"has-post-thumbnail","6":"product_cat-antenas-accesorios-para-icom","7":"product_tag-accesorios-para-icom","8":"product_tag-antenas","9":"product_tag-txpro","11":"first","12":"outofstock","13":"sale","14":"shipping-taxable","15":"purchasable","16":"product-type-simple"},"_links":{"self":[{"href":"https:\/\/soydeaqui.ddns.net\/pachuca\/index.php\/wp-json\/wp\/v2\/product\/60823","targetHints":{"allow":["GET"]}}],"collection":[{"href":"https:\/\/soydeaqui.ddns.net\/pachuca\/index.php\/wp-json\/wp\/v2\/product"}],"about":[{"href":"https:\/\/soydeaqui.ddns.net\/pachuca\/index.php\/wp-json\/wp\/v2\/types\/product"}],"replies":[{"embeddable":true,"href":"https:\/\/soydeaqui.ddns.net\/pachuca\/index.php\/wp-json\/wp\/v2\/comments?post=60823"}],"wp:featuredmedia":[{"embeddable":true,"href":"https:\/\/soydeaqui.ddns.net\/pachuca\/index.php\/wp-json\/wp\/v2\/media\/60822"}],"wp:attachment":[{"href":"https:\/\/soydeaqui.ddns.net\/pachuca\/index.php\/wp-json\/wp\/v2\/media?parent=60823"}],"wp:term":[{"taxonomy":"product_brand","embeddable":true,"href":"https:\/\/soydeaqui.ddns.net\/pachuca\/index.php\/wp-json\/wp\/v2\/product_brand?post=60823"},{"taxonomy":"product_cat","embeddable":true,"href":"https:\/\/soydeaqui.ddns.net\/pachuca\/index.php\/wp-json\/wp\/v2\/product_cat?post=60823"},{"taxonomy":"product_tag","embeddable":true,"href":"https:\/\/soydeaqui.ddns.net\/pachuca\/index.php\/wp-json\/wp\/v2\/product_tag?post=60823"}],"curies":[{"name":"wp","href":"https:\/\/api.w.org\/{rel}","templated":true}]}}