{"id":60775,"date":"2026-03-19T05:45:32","date_gmt":"2026-03-19T05:45:32","guid":{"rendered":"https:\/\/soydeaqui.ddns.net\/pachuca\/index.php\/producto\/ruggear-radio-poc-lte-ip68-resistente-al-agua-pantalla-tactil-3-compatible-con-nxradio-y-tassta\/"},"modified":"2026-03-19T05:45:43","modified_gmt":"2026-03-19T05:45:43","slug":"ruggear-radio-poc-lte-ip68-resistente-al-agua-pantalla-tactil-3-compatible-con-nxradio-y-tassta","status":"publish","type":"product","link":"https:\/\/soydeaqui.ddns.net\/pachuca\/index.php\/producto\/ruggear-radio-poc-lte-ip68-resistente-al-agua-pantalla-tactil-3-compatible-con-nxradio-y-tassta\/","title":{"rendered":"RugGear Radio PoC LTE, IP68 Resistente al Agua, Pantalla T\u00e1ctil 3&#8243;, Compatible con NXRadio y TASSTA"},"content":{"rendered":"<div style='width: 100%; max-width: 1200px; margin: 0 auto; font-family: sans-serif; line-height: 1.6; color: inherit; background-color: transparent;'> <!-- T\u00edtulo principal --> <\/p>\n<h2 style='font-size: 22px; margin: 0 0 15px; color: inherit; display: flex; align-items: center;'> <span style='color: inherit;'>ALTAMENTE CONFIABLE&comma; DE RESPUESTA R\u00c1PIDA E IDEAL PARA<\/span> <span style='color: #f8aa0e; margin-left: 8px;'>PTT<\/span> <\/h2>\n<p> <!-- Secci\u00f3n de descripci\u00f3n --> <\/p>\n<div style='margin-bottom: 30px;'>\n<p style='margin: 0 0 15px; color: inherit; font-size: 15px;'> RG360 ha sido dise\u00f1ado con un bot\u00f3n PTT grande a la izquierda para una comunicaci\u00f3n f\u00e1cil e instant\u00e1nea. El dispositivo est\u00e1 equipado con un sistema operativo propietario basado en Android Go que no incluye Play Store. Los usuarios se mantienen enfocados en sus actividades&comma; menos distracciones. <\/p>\n<p style='margin: 0 0 15px; color: inherit; font-size: 15px;'> Cuenta con la aplicaci\u00f3n de NXRadio instalada que le permitir\u00e1 realizar tareas clave de una forma m\u00e1s r\u00e1pida e inteligente. <\/p>\n<\/p><\/div>\n<p> <!-- Secci\u00f3n de caracter\u00edsticas --> <\/p>\n<div style='display: flex; flex-wrap: wrap; gap: 30px; margin-bottom: 30px;'>\n<div style='flex: 1 1 300px; min-width: 280px;'>\n<h3 style='font-size: 18px; border-bottom: 2px solid currentColor; padding-bottom: 5px; margin-top: 0; color: inherit; opacity: 0.8; margin-bottom: 15px;'>Caracter\u00edsticas clave<\/h3>\n<ul style='padding-left: 20px; font-size: 14px; color: inherit; margin: 0;'>\n<li style='margin-bottom: 8px; color: inherit;'><strong>Bot\u00f3n PTT:<\/strong> Dise\u00f1ado para comunicaci\u00f3n f\u00e1cil e instant\u00e1nea<\/li>\n<li style='margin-bottom: 8px; color: inherit;'><strong>Sistema Operativo:<\/strong> Android Go (sin Play Store)<\/li>\n<li style='margin-bottom: 8px; color: inherit;'><strong>Aplicaci\u00f3n NXRadio:<\/strong> Integrada para comunicaci\u00f3n avanzada<\/li>\n<\/ul><\/div>\n<div style='flex: 1 1 300px; min-width: 280px;'>\n<h3 style='font-size: 18px; border-bottom: 2px solid currentColor; padding-bottom: 5px; margin-top: 0; color: inherit; opacity: 0.8; margin-bottom: 15px;'>Caracter\u00edsticas de audio<\/h3>\n<ul style='padding-left: 20px; font-size: 14px; color: inherit; margin: 0;'>\n<li style='margin-bottom: 8px; color: inherit;'><strong>Altavoz frontal:<\/strong> 105 dB<\/li>\n<li style='margin-bottom: 8px; color: inherit;'><strong>Micr\u00f3fono dual:<\/strong> Con cancelaci\u00f3n de ruido<\/li>\n<li style='margin-bottom: 8px; color: inherit;'><strong>Receptor:<\/strong> Banda ancha HD<\/li>\n<\/ul><\/div>\n<div style='flex: 1 1 300px; min-width: 280px;'>\n<h3 style='font-size: 18px; border-bottom: 2px solid currentColor; padding-bottom: 5px; margin-top: 0; color: inherit; opacity: 0.8; margin-bottom: 15px;'>Caracter\u00edsticas de bater\u00eda<\/h3>\n<ul style='padding-left: 20px; font-size: 14px; color: inherit; margin: 0;'>\n<li style='margin-bottom: 8px; color: inherit;'><strong>Capacidad:<\/strong> 3000 mAh<\/li>\n<li style='margin-bottom: 8px; color: inherit;'><strong>Interchangeable:<\/strong> S\u00ed&comma; para evitar interrupciones<\/li>\n<li style='margin-bottom: 8px; color: inherit;'><strong>Tecnolog\u00eda:<\/strong> Ahorro de energ\u00eda optimizado<\/li>\n<\/ul><\/div>\n<\/p><\/div>\n<p> <!-- Separador --> <\/p>\n<hr style='border: 0; border-top: 1px solid rgba(150&comma; 150&comma; 150&comma; 0.3); margin: 30px 0;'> <!-- Secci\u00f3n de especificaciones t\u00e9cnicas --> <\/p>\n<div style='margin-bottom: 30px;'>\n<h3 style='font-size: 20px; border-bottom: 2px solid currentColor; padding-bottom: 5px; margin-top: 0; color: inherit; opacity: 0.8; margin-bottom: 15px;'>ESPECIFICACIONES T\u00c9CNICAS<\/h3>\n<div style='display: flex; flex-wrap: wrap; gap: 20px;'> <!-- Columna 1 --> <\/p>\n<div style='flex: 1 1 250px;'>\n<ul style='padding-left: 20px; font-size: 14px; color: inherit; margin: 0 0 15px 0;'>\n<li style='margin-bottom: 8px; color: inherit;'><strong>Sistema operativo:<\/strong> Android\u2122 10 Go (sin Play Store)<\/li>\n<li style='margin-bottom: 8px; color: inherit;'><strong>Pantalla:<\/strong> 3&comma;0&#8221; IPS&comma; 480 x 854 p\u00edxeles<\/li>\n<li style='margin-bottom: 8px; color: inherit;'><strong>Memoria:<\/strong> 8 GB&comma; MicroSD\/MicroSDXC hasta 128 GB<\/li>\n<li style='margin-bottom: 8px; color: inherit;'><strong>Bater\u00eda:<\/strong> Extra\u00edble de 3000 mAh<\/li>\n<li style='margin-bottom: 8px; color: inherit;'><strong>Color:<\/strong> Negro<\/li>\n<li style='margin-bottom: 8px; color: inherit;'><strong>Memoria RAM:<\/strong> 1 GB<\/li>\n<\/ul><\/div>\n<p> <!-- Columna 2 --> <\/p>\n<div style='flex: 1 1 250px;'>\n<ul style='padding-left: 20px; font-size: 14px; color: inherit; margin: 0 0 15px 0;'>\n<li style='margin-bottom: 8px; color: inherit;'><strong>Tama\u00f1o y peso:<\/strong> 118 x 58 x 25&comma;8 mm&comma; 197 g<\/li>\n<li style='margin-bottom: 8px; color: inherit;'><strong>CPU:<\/strong> MTK6739&comma; cuatro n\u00facleos a 1&comma;28 GHz<\/li>\n<li style='margin-bottom: 8px; color: inherit;'><strong>Audio:<\/strong> Altavoz frontal de 105dB<\/li>\n<li style='margin-bottom: 8px; color: inherit;'><strong>C\u00e1mara:<\/strong> Trasera 2MP<\/li>\n<li style='margin-bottom: 8px; color: inherit;'><strong>WiFi:<\/strong> 802.11 a\/b\/g\/n 2.5 GHz y 5 GHz<\/li>\n<\/ul><\/div>\n<p> <!-- Columna 3 --> <\/p>\n<div style='flex: 1 1 250px;'>\n<ul style='padding-left: 20px; font-size: 14px; color: inherit; margin: 0 0 15px 0;'>\n<li style='margin-bottom: 8px; color: inherit;'><strong>Bluetooth:<\/strong> 4.2 Bajo consumo de energ\u00eda<\/li>\n<li style='margin-bottom: 8px; color: inherit;'><strong>Conectividad:<\/strong> USB-C&comma; conector PTT 3&comma;5 mm<\/li>\n<li style='margin-bottom: 8px; color: inherit;'><strong>GPS:<\/strong> GPS\/A-GPS\/Glonass<\/li>\n<li style='margin-bottom: 8px; color: inherit;'><strong>Tarjeta SIM:<\/strong> Dual Nano-SIM&comma; Micro SD&comma; eSIM (opcional)<\/li>\n<\/ul><\/div>\n<p> <!-- Columna 4 --> <\/p>\n<div style='flex: 1 1 250px;'>\n<ul style='padding-left: 20px; font-size: 14px; color: inherit; margin: 0 0 15px 0;'>\n<li style='margin-bottom: 8px; color: inherit;'><strong>Bandas Telefon\u00eda:<\/strong><\/li>\n<li style='margin-bottom: 4px; color: inherit; padding-left: 20px;'>GSM: B2\/3\/5\/8<\/li>\n<li style='margin-bottom: 4px; color: inherit; padding-left: 20px;'>WCDMA: B1\/2\/4\/5\/8<\/li>\n<li style='margin-bottom: 4px; color: inherit; padding-left: 20px;'>TDD-LTE: B38\/40\/41<\/li>\n<li style='margin-bottom: 4px; color: inherit; padding-left: 20px;'>FDD-LTE: B1\/2\/3\/4\/5\/7\/8\/20\/28<\/li>\n<\/ul><\/div>\n<\/p><\/div>\n<\/p><\/div>\n<p> <!-- Separador --> <\/p>\n<hr style='border: 0; border-top: 1px solid rgba(150&comma; 150&comma; 150&comma; 0.3); margin: 30px 0;'> <!-- Secci\u00f3n de certificaciones --> <\/p>\n<div style='margin-bottom: 30px;'>\n<h3 style='font-size: 20px; border-bottom: 2px solid currentColor; padding-bottom: 5px; margin-top: 0; color: inherit; opacity: 0.8; margin-bottom: 15px;'>CERTIFICACIONES<\/h3>\n<ul style='padding-left: 20px; font-size: 14px; color: inherit; margin: 0;'>\n<li style='margin-bottom: 8px; color: inherit;'><strong>IP68:<\/strong> Resistente al agua y polvo<\/li>\n<li style='margin-bottom: 8px; color: inherit;'><strong>MIL-STD 810H:<\/strong> Resistente a condiciones extremas<\/li>\n<\/ul><\/div>\n<p> <!-- Separador --> <\/p>\n<hr style='border: 0; border-top: 1px solid rgba(150&comma; 150&comma; 150&comma; 0.3); margin: 30px 0;'> <!-- Secci\u00f3n de compatibilidad con plataformas --> <\/p>\n<div style='margin-bottom: 30px;'>\n<h3 style='font-size: 20px; border-bottom: 2px solid currentColor; padding-bottom: 5px; margin-top: 0; color: inherit; opacity: 0.8; margin-bottom: 15px;'>COMPATIBILIDAD CON PLATAFORMAS<\/h3>\n<p style='margin: 0 0 10px 0; color: inherit; font-size: 14px;'> <span style='color: #e67e23; font-weight: bold;'>Compatible con plataformas de comunicaci\u00f3n PoC:<\/span> NXRadio y TASSTA <\/p>\n<p style='margin: 0 0 10px 0; color: inherit; font-size: 14px;'> <span style='color: #e67e23; font-weight: bold;'>Requiere licencias de servicio en plataforma:<\/span> <\/p>\n<ul style='padding-left: 20px; font-size: 14px; color: inherit; margin: 0 0 15px 0;'>\n<li style='margin-bottom: 5px; color: #e67e23; font-weight: bold;'><strong>NXRadio:<\/strong> Licencia anual modelo NXRADIOTERMINAL<\/li>\n<li style='margin-bottom: 5px; color: #e67e23; font-weight: bold;'><strong>TASSTA:<\/strong> Licencia anual modelo TFLEXSMART<\/li>\n<\/ul><\/div>\n<p> <!-- Secci\u00f3n de accesorios --> <\/p>\n<div style='margin-bottom: 30px;'>\n<h3 style='font-size: 20px; border-bottom: 2px solid currentColor; padding-bottom: 5px; margin-top: 0; color: inherit; opacity: 0.8; margin-bottom: 15px;'>ACCESORIOS OPCIONALES<\/h3>\n<ul style='padding-left: 20px; font-size: 14px; color: inherit; margin: 0;'>\n<li style='margin-bottom: 8px; color: inherit;'><strong>Auriculares PTT:<\/strong> Conector de 3&comma;5 mm<\/li>\n<li style='margin-bottom: 8px; color: inherit;'><strong>Cargador de escritorio:<\/strong> Para uso en oficina<\/li>\n<li style='margin-bottom: 8px; color: inherit;'><strong>Cargador de coche:<\/strong> Para uso m\u00f3vil<\/li>\n<\/ul><\/div>\n<\/p><\/div>\n","protected":false},"excerpt":{"rendered":"<p>RugGear Radio PoC LTE, IP68 Resistente al Agua, Pantalla T\u00e1ctil 3&#8243;, Compatible con NXRadio y TASSTA<\/p>\n","protected":false},"featured_media":60774,"comment_status":"open","ping_status":"closed","template":"","meta":[],"product_brand":[],"product_cat":[1606],"product_tag":[1607,1508,1608],"class_list":{"0":"post-60775","1":"product","2":"type-product","3":"status-publish","4":"has-post-thumbnail","6":"product_cat-radios-4g","7":"product_tag-radios-4g","8":"product_tag-radios-lte","9":"product_tag-ruggear","11":"first","12":"instock","13":"sale","14":"shipping-taxable","15":"purchasable","16":"product-type-simple"},"_links":{"self":[{"href":"https:\/\/soydeaqui.ddns.net\/pachuca\/index.php\/wp-json\/wp\/v2\/product\/60775","targetHints":{"allow":["GET"]}}],"collection":[{"href":"https:\/\/soydeaqui.ddns.net\/pachuca\/index.php\/wp-json\/wp\/v2\/product"}],"about":[{"href":"https:\/\/soydeaqui.ddns.net\/pachuca\/index.php\/wp-json\/wp\/v2\/types\/product"}],"replies":[{"embeddable":true,"href":"https:\/\/soydeaqui.ddns.net\/pachuca\/index.php\/wp-json\/wp\/v2\/comments?post=60775"}],"wp:featuredmedia":[{"embeddable":true,"href":"https:\/\/soydeaqui.ddns.net\/pachuca\/index.php\/wp-json\/wp\/v2\/media\/60774"}],"wp:attachment":[{"href":"https:\/\/soydeaqui.ddns.net\/pachuca\/index.php\/wp-json\/wp\/v2\/media?parent=60775"}],"wp:term":[{"taxonomy":"product_brand","embeddable":true,"href":"https:\/\/soydeaqui.ddns.net\/pachuca\/index.php\/wp-json\/wp\/v2\/product_brand?post=60775"},{"taxonomy":"product_cat","embeddable":true,"href":"https:\/\/soydeaqui.ddns.net\/pachuca\/index.php\/wp-json\/wp\/v2\/product_cat?post=60775"},{"taxonomy":"product_tag","embeddable":true,"href":"https:\/\/soydeaqui.ddns.net\/pachuca\/index.php\/wp-json\/wp\/v2\/product_tag?post=60775"}],"curies":[{"name":"wp","href":"https:\/\/api.w.org\/{rel}","templated":true}]}}