{"id":6077,"date":"2026-03-18T06:38:54","date_gmt":"2026-03-18T06:38:54","guid":{"rendered":"https:\/\/soydeaqui.ddns.net\/pachuca\/index.php\/producto\/detector-de-temperatura-y-humedad-capacidad-4-zonas-libres\/"},"modified":"2026-03-18T06:38:55","modified_gmt":"2026-03-18T06:38:55","slug":"detector-de-temperatura-y-humedad-capacidad-4-zonas-libres","status":"publish","type":"product","link":"https:\/\/soydeaqui.ddns.net\/pachuca\/index.php\/producto\/detector-de-temperatura-y-humedad-capacidad-4-zonas-libres\/","title":{"rendered":"Detector de temperatura y humedad, capacidad 4 zonas libres."},"content":{"rendered":"<div style='width: 100%; max-width: 1200px; margin: 0 auto; font-family: sans-serif; line-height: 1.6; color: inherit; background-color: transparent;'>\n<p style='text-align: justify; color: inherit;'>El dispositivo de monitoreo de ambiente cr\u00edtico EnviroAlert \u00ae EA400 brinda visibilidad de hasta 4 factores ambientales&comma; incluida la detecci\u00f3n de temperatura&comma; humedad y agua. Cuando una condici\u00f3n se desv\u00eda del umbral predeterminado&comma; se producen notificaciones tanto visuales como audibles (adicional de terceros). Cuando se integra en un panel de seguridad&comma; el sistema permite la notificaci\u00f3n en tiempo real de un incidente y una acci\u00f3n correctiva inmediata.<\/p>\n<div style='display: flex; flex-wrap: wrap; gap: 30px; margin-top: 30px; margin-bottom: 30px;'>\n<div style='flex: 1 1 300px; min-width: 280px;'>\n<div style='border-left: 5px solid #0091ff; border-radius: 5px; padding: 15px; box-shadow: 2px 2px 10px rgba(216&comma;216&comma;216&comma;0.5);'> <strong style='font-size: 16px; margin-bottom: 10px; display: block; color: inherit;'>Caracter\u00edsticas principales:<\/strong> <\/p>\n<ul style='padding-left: 20px; font-size: 15px; color: inherit;'>\n<li style='margin-bottom: 5px;'>Monitor de 4 zonas.<\/li>\n<li style='margin-bottom: 5px;'>Limite de rango en temperatura a monitorear (Maxima y minima)<\/li>\n<li style='margin-bottom: 5px;'>Material pl\u00e1stico ABS.<\/li>\n<li style='margin-bottom: 5px;'>Configuraci\u00f3n amigable.<\/li>\n<li style='margin-bottom: 5px;'>Pantalla LCD de facil lectura.<\/li>\n<\/ul><\/div>\n<\/p><\/div>\n<div style='flex: 1 1 300px; min-width: 280px;'>\n<div style='border-left: 5px solid #0091ff; border-radius: 5px; padding: 15px; box-shadow: 2px 2px 10px rgba(216&comma;216&comma;216&comma;0.5);'> <strong style='font-size: 16px; margin-bottom: 10px; display: block; color: inherit;'>Caracter\u00edsticas principales:<\/strong> <\/p>\n<ul style='padding-left: 20px; font-size: 15px; color: inherit;'>\n<li style='margin-bottom: 5px;'>Memoria de 8 eventos de alarma con fecha y hora.<\/li>\n<li style='margin-bottom: 5px;'>Tiempo de retardo de hasta 120 minutos.<\/li>\n<li style='margin-bottom: 5px;'>Ajuste de calibraci\u00f3n de configuraci\u00f3n de puntos de temperatura&comma; rango de temperatura minima y maxina.<\/li>\n<li style='margin-bottom: 5px;'>Salidas de relevador pueden ser configuradas para ser inicializadas.<\/li>\n<li style='margin-bottom: 5px;'>Requiere funte de poder de 12 Vcc o conexi\u00f3n directa al panel de alarma.<\/li>\n<\/ul><\/div>\n<\/p><\/div>\n<div style='flex: 1 1 300px; min-width: 280px;'>\n<div style='border-left: 5px solid #0091ff; border-radius: 5px; padding: 15px; box-shadow: 2px 2px 10px rgba(216&comma;216&comma;216&comma;0.5);'> <strong style='font-size: 16px; margin-bottom: 10px; display: block; color: inherit;'>Caracteristicas tecnicas:<\/strong> <\/p>\n<ul style='padding-left: 20px; font-size: 15px; color: inherit;'>\n<li style='margin-bottom: 5px;'><strong>Energia: <\/strong>23 a 26 VCC a 200 mA (EA400-24) \/ <strong>no lo incluye<\/strong><\/li>\n<li style='margin-bottom: 5px;'><strong>Rango de operacion:<\/strong> 32 \u00b0 a 122 \u00b0 F (0 \u00b0 a 50 \u00b0 C)<\/li>\n<li style='margin-bottom: 5px;'><strong>Rango de ajuste limite alto\/bajo:<\/strong> -58 \u00b0 a 299 \u00b0 F (-50 \u00b0 a 150 \u00b0 C)<\/li>\n<li style='margin-bottom: 5px;'><strong>Salidas de alarma:<\/strong> 4 rel\u00e9s de forma C (NA \/ NC) 1A a 30 VCC (configurable)<\/li>\n<li style='margin-bottom: 5px;'><strong>Salida de alarma auxiliar:<\/strong> 1 rel\u00e9 de forma C (NA \/ NC) (no configurable)<\/li>\n<li style='margin-bottom: 5px;'><strong>Retraso de tiempo de alarma<\/strong>: 0 a 120 minutos (programar independientemente para cada zona)<\/li>\n<li style='margin-bottom: 5px;'><strong>Dimensiones:<\/strong> 6 x 4&comma;75 x 1&comma;25 &#8216;(15&comma;24 x 12&comma;07 x 3&comma;18 cm)<\/li>\n<\/ul><\/div>\n<\/p><\/div>\n<\/p><\/div>\n<div style='width: 100%; margin: 30px 0; text-align: center;'> <img style='width: 100%; max-width: 1150px; height: auto; border: 1px solid rgba(150&comma;150&comma;150&comma;0.3); border-radius: 8px;' src='https:\/\/i.ibb.co\/PFrzYqR\/diagrama-EA.jpg' alt=''> <\/div>\n<\/p><\/div>\n","protected":false},"excerpt":{"rendered":"<p>Detector de temperatura y humedad, capacidad 4 zonas libres.<\/p>\n","protected":false},"featured_media":6076,"comment_status":"open","ping_status":"closed","template":"","meta":[],"product_brand":[],"product_cat":[32],"product_tag":[19,33,431],"class_list":{"0":"post-6077","1":"product","2":"type-product","3":"status-publish","4":"has-post-thumbnail","6":"product_cat-temperatura","7":"product_tag-detectores-sensores","8":"product_tag-temperatura","9":"product_tag-winland-electronics","11":"first","12":"instock","13":"sale","14":"shipping-taxable","15":"purchasable","16":"product-type-simple"},"_links":{"self":[{"href":"https:\/\/soydeaqui.ddns.net\/pachuca\/index.php\/wp-json\/wp\/v2\/product\/6077","targetHints":{"allow":["GET"]}}],"collection":[{"href":"https:\/\/soydeaqui.ddns.net\/pachuca\/index.php\/wp-json\/wp\/v2\/product"}],"about":[{"href":"https:\/\/soydeaqui.ddns.net\/pachuca\/index.php\/wp-json\/wp\/v2\/types\/product"}],"replies":[{"embeddable":true,"href":"https:\/\/soydeaqui.ddns.net\/pachuca\/index.php\/wp-json\/wp\/v2\/comments?post=6077"}],"wp:featuredmedia":[{"embeddable":true,"href":"https:\/\/soydeaqui.ddns.net\/pachuca\/index.php\/wp-json\/wp\/v2\/media\/6076"}],"wp:attachment":[{"href":"https:\/\/soydeaqui.ddns.net\/pachuca\/index.php\/wp-json\/wp\/v2\/media?parent=6077"}],"wp:term":[{"taxonomy":"product_brand","embeddable":true,"href":"https:\/\/soydeaqui.ddns.net\/pachuca\/index.php\/wp-json\/wp\/v2\/product_brand?post=6077"},{"taxonomy":"product_cat","embeddable":true,"href":"https:\/\/soydeaqui.ddns.net\/pachuca\/index.php\/wp-json\/wp\/v2\/product_cat?post=6077"},{"taxonomy":"product_tag","embeddable":true,"href":"https:\/\/soydeaqui.ddns.net\/pachuca\/index.php\/wp-json\/wp\/v2\/product_tag?post=6077"}],"curies":[{"name":"wp","href":"https:\/\/api.w.org\/{rel}","templated":true}]}}