{"id":60759,"date":"2026-03-19T05:45:06","date_gmt":"2026-03-19T05:45:06","guid":{"rendered":"https:\/\/soydeaqui.ddns.net\/pachuca\/index.php\/producto\/radio-portatil-aereo-con-bluetooth-incluido-rango-de-frecuencia-118-136-99166mhz-6w-pep-200-canales-alfanumericos-pantalla-de-8-caracteres-incluye-bateria-cargador-antena-y-clip\/"},"modified":"2026-03-19T05:45:07","modified_gmt":"2026-03-19T05:45:07","slug":"radio-portatil-aereo-con-bluetooth-incluido-rango-de-frecuencia-118-136-99166mhz-6w-pep-200-canales-alfanumericos-pantalla-de-8-caracteres-incluye-bateria-cargador-antena-y-clip","status":"publish","type":"product","link":"https:\/\/soydeaqui.ddns.net\/pachuca\/index.php\/producto\/radio-portatil-aereo-con-bluetooth-incluido-rango-de-frecuencia-118-136-99166mhz-6w-pep-200-canales-alfanumericos-pantalla-de-8-caracteres-incluye-bateria-cargador-antena-y-clip\/","title":{"rendered":"Radio port\u00e1til a\u00e9reo con Bluetooth incluido, rango de frecuencia 118-136.99166MHz, 6W PEP, 200 canales alfanum\u00e9ricos, pantalla de 8 caracteres, incluye: bater\u00eda, cargador, antena y clip"},"content":{"rendered":"<div style='width: 100%; max-width: 1200px; margin: 0 auto; font-family: sans-serif; line-height: 1.6; color: inherit; background-color: transparent;'> <!-- Contenedor principal con flex --> <\/p>\n<div style='display: flex; flex-direction: column; gap: 30px;'> <!-- Logo --> <\/p>\n<div style='flex: 1 1 auto; text-align: center;'> <img style='width: 100%; max-width: 300px; height: auto; border: 1px solid rgba(150&comma;150&comma;150&comma;0.3); border-radius: 8px;' src='blob:https:\/\/erp.syscom.mx\/c6697895-1803-4a51-ab41-5b3b95db787b' alt='Resultado de imagen para logo icom'> <\/div>\n<p> <!-- Descripci\u00f3n principal --> <\/p>\n<div style='flex: 1 1 auto;'>\n<p style='font-size: 16px; margin: 0 0 20px 0; color: inherit;'> <strong>El altavoz interno del IC-A16 ofrece una salida de audio de 1500 mW con un sonido claro para cortar el ruido de la cabina o la pista.<\/strong> <\/p>\n<\/p><\/div>\n<p> <!-- Especificaciones t\u00e9cnicas --> <\/p>\n<div style='flex: 1 1 auto;'>\n<div style='display: flex; flex-wrap: wrap; gap: 20px; margin-bottom: 30px;'>\n<div style='flex: 1 1 300px; min-width: 280px;'>\n<h3 style='font-size: 22px; border-bottom: 2px solid currentColor; padding-bottom: 5px; margin-top: 0; color: inherit; opacity: 0.8;'>Rango de operaci\u00f3n<\/h3>\n<ul style='padding-left: 20px; font-size: 15px; color: inherit; list-style-type: disc;'>\n<li style='margin-bottom: 5px;'>Tx 118.000-136.99166 MHz<\/li>\n<li style='margin-bottom: 5px;'>Rx 108.000-136.99166 MHz<\/li>\n<\/ul><\/div>\n<div style='flex: 1 1 300px; min-width: 280px;'>\n<h3 style='font-size: 22px; border-bottom: 2px solid currentColor; padding-bottom: 5px; margin-top: 0; color: inherit; opacity: 0.8;'>Caracter\u00edsticas<\/h3>\n<ul style='padding-left: 20px; font-size: 15px; color: inherit; list-style-type: disc;'>\n<li style='margin-bottom: 5px;'>200 Memorias de canal con alias alfanum\u00e9ricos en 10 bancos de canal<\/li>\n<li style='margin-bottom: 5px;'>Pantalla de 8 caracteres con indicador de nivel de bater\u00eda<\/li>\n<li style='margin-bottom: 5px;'><strong>Versi\u00f3n con Bluetooth incluido<\/strong><\/li>\n<li style='margin-bottom: 5px;'>Bot\u00f3n para acceso r\u00e1pido a canal de Emergencia (121.5 MHz)<\/li>\n<li style='margin-bottom: 5px;'><strong>Limitador de ruido en canal con opci\u00f3n ANL (Audio Noise Limiter)<\/strong><\/li>\n<li style='margin-bottom: 5px;'>Alerta auditiva de bater\u00eda baja<\/li>\n<li style='margin-bottom: 5px;'>Canales de pron\u00f3stico del clima<\/li>\n<li style='margin-bottom: 5px;'>Programable por PC con interfaz OPC-478UC y software CS-A16<\/li>\n<li style='margin-bottom: 5px;'><strong>Cumple con norma IP67 sumergible 1 m por 30 min<\/strong><\/li>\n<li style='margin-bottom: 5px;'>Cumple Est\u00e1ndares Militares MIL-STD-810<\/li>\n<li style='margin-bottom: 5px;'><strong>6 Watts de potencia (PEP)<\/strong><\/li>\n<li style='margin-bottom: 5px;'>Fabricado en Ambiente ISO 9001:2008<\/li>\n<li style='margin-bottom: 5px;'>Aprobado por la FCC<\/li>\n<li style='margin-bottom: 5px;'>3 A\u00f1os de Garant\u00eda<\/li>\n<\/ul><\/div>\n<div style='flex: 1 1 300px; min-width: 280px;'>\n<h3 style='font-size: 22px; border-bottom: 2px solid currentColor; padding-bottom: 5px; margin-top: 0; color: inherit; opacity: 0.8;'>Incluye<\/h3>\n<ul style='padding-left: 20px; font-size: 15px; color: inherit; list-style-type: disc;'>\n<li style='margin-bottom: 5px;'>Bater\u00eda BP-280 (Li-ion&comma; 2280 mAh&comma; 7.2 Vcc)<\/li>\n<li style='margin-bottom: 5px;'>Cargador est\u00e1ndar BC-213<\/li>\n<li style='margin-bottom: 5px;'>Adaptador de corriente BC-123SA<\/li>\n<li style='margin-bottom: 5px;'>Clip MB-133<\/li>\n<li style='margin-bottom: 5px;'>Antena FA-B02AR<\/li>\n<\/ul><\/div>\n<div style='flex: 1 1 300px; min-width: 280px;'>\n<h3 style='font-size: 22px; border-bottom: 2px solid currentColor; padding-bottom: 5px; margin-top: 0; color: inherit; opacity: 0.8;'>Especificaciones f\u00edsicas<\/h3>\n<ul style='padding-left: 20px; font-size: 15px; color: inherit; list-style-type: disc;'>\n<li style='margin-bottom: 5px;'><strong>Dimensiones:<\/strong> 52.2 x 118.8 x 34.1 mm<\/li>\n<li style='margin-bottom: 5px;'><strong>Peso:<\/strong> 257 g<\/li>\n<\/ul><\/div>\n<\/p><\/div>\n<\/p><\/div>\n<\/p><\/div>\n<\/p><\/div>\n","protected":false},"excerpt":{"rendered":"<p>Radio port\u00e1til a\u00e9reo con Bluetooth incluido, rango de frecuencia 118-136.99166MHz, 6W PEP, 200 canales alfanum\u00e9ricos, pantalla de 8 caracteres, incluye: bater\u00eda, cargador, antena y clip<\/p>\n","protected":false},"featured_media":60758,"comment_status":"open","ping_status":"closed","template":"","meta":[],"product_brand":[],"product_cat":[1735],"product_tag":[1288,1287,1736],"class_list":{"0":"post-60759","1":"product","2":"type-product","3":"status-publish","4":"has-post-thumbnail","6":"product_cat-portatiles-radios-icom-aereos","7":"product_tag-icom","8":"product_tag-portatiles","9":"product_tag-radios-icom-aereos","11":"first","12":"instock","13":"sale","14":"shipping-taxable","15":"purchasable","16":"product-type-simple"},"_links":{"self":[{"href":"https:\/\/soydeaqui.ddns.net\/pachuca\/index.php\/wp-json\/wp\/v2\/product\/60759","targetHints":{"allow":["GET"]}}],"collection":[{"href":"https:\/\/soydeaqui.ddns.net\/pachuca\/index.php\/wp-json\/wp\/v2\/product"}],"about":[{"href":"https:\/\/soydeaqui.ddns.net\/pachuca\/index.php\/wp-json\/wp\/v2\/types\/product"}],"replies":[{"embeddable":true,"href":"https:\/\/soydeaqui.ddns.net\/pachuca\/index.php\/wp-json\/wp\/v2\/comments?post=60759"}],"wp:featuredmedia":[{"embeddable":true,"href":"https:\/\/soydeaqui.ddns.net\/pachuca\/index.php\/wp-json\/wp\/v2\/media\/60758"}],"wp:attachment":[{"href":"https:\/\/soydeaqui.ddns.net\/pachuca\/index.php\/wp-json\/wp\/v2\/media?parent=60759"}],"wp:term":[{"taxonomy":"product_brand","embeddable":true,"href":"https:\/\/soydeaqui.ddns.net\/pachuca\/index.php\/wp-json\/wp\/v2\/product_brand?post=60759"},{"taxonomy":"product_cat","embeddable":true,"href":"https:\/\/soydeaqui.ddns.net\/pachuca\/index.php\/wp-json\/wp\/v2\/product_cat?post=60759"},{"taxonomy":"product_tag","embeddable":true,"href":"https:\/\/soydeaqui.ddns.net\/pachuca\/index.php\/wp-json\/wp\/v2\/product_tag?post=60759"}],"curies":[{"name":"wp","href":"https:\/\/api.w.org\/{rel}","templated":true}]}}