{"id":6071,"date":"2026-03-18T06:38:51","date_gmt":"2026-03-18T06:38:51","guid":{"rendered":"https:\/\/soydeaqui.ddns.net\/pachuca\/index.php\/producto\/detector-de-temperatura-y-humedad-capacidad-2-zonas-incluye-una-zona-con-sensor-de-temperatura-y-1-zona-libre\/"},"modified":"2026-03-18T06:38:54","modified_gmt":"2026-03-18T06:38:54","slug":"detector-de-temperatura-y-humedad-capacidad-2-zonas-incluye-una-zona-con-sensor-de-temperatura-y-1-zona-libre","status":"publish","type":"product","link":"https:\/\/soydeaqui.ddns.net\/pachuca\/index.php\/producto\/detector-de-temperatura-y-humedad-capacidad-2-zonas-incluye-una-zona-con-sensor-de-temperatura-y-1-zona-libre\/","title":{"rendered":"Detector de temperatura y humedad, capacidad 2 zonas, incluye una zona con sensor de temperatura y 1 zona libre"},"content":{"rendered":"<div style='width: 100%; max-width: 1200px; margin: 0 auto; font-family: sans-serif; line-height: 1.6; color: inherit;'>\n<p style='text-align: justify;'>El dispositivo de monitoreo de ambiente cr\u00edtico EnviroAlert\u00ae EA200 brinda visibilidad a 2 factores ambientales: temperatura ambiente y un factor adicional de temperatura&comma; humedad o presencia de agua. Adem\u00e1s de las notificaciones locales visuales y audibles (adicional de terceros)&comma; cuando se integra a un panel de seguridad&comma; el sistema permite la notificaci\u00f3n en tiempo real de un incidente y la correcci\u00f3n inmediata acci\u00f3n.<\/p>\n<div style='display: flex; flex-wrap: wrap; gap: 30px; margin-top: 30px; margin-bottom: 30px;'>\n<div style='flex: 1 1 300px; min-width: 280px;'>\n<div style='border-left: 5px solid #0091ff; padding: 15px; border-radius: 8px; background: rgba(150&comma;150&comma;150&comma;0.05);'>\n<h3 style='font-size: 18px; margin-top: 0; margin-bottom: 15px; color: inherit;'>Caracter\u00edsticas principales<\/h3>\n<ul style='padding-left: 20px; font-size: 14px; color: inherit; list-style-type: disc;'>\n<li style='margin-bottom: 8px;'>Monitor de 2 zonas (ya incluye 1 zona de temperatura&comma; agregar una m\u00e1s para cumplir con las 2 zonas)<\/li>\n<li style='margin-bottom: 8px;'>Limite de rango en temperatura a monitorear (Maxima y minima)<\/li>\n<li style='margin-bottom: 8px;'>Material pl\u00e1stico ABS<\/li>\n<li style='margin-bottom: 8px;'>Configuraci\u00f3n amigable<\/li>\n<li style='margin-bottom: 8px;'>Pantalla LCD de facil lectura<\/li>\n<\/ul><\/div>\n<\/p><\/div>\n<div style='flex: 1 1 300px; min-width: 280px;'>\n<div style='border-left: 5px solid #0091ff; padding: 15px; border-radius: 8px; background: rgba(150&comma;150&comma;150&comma;0.05);'>\n<h3 style='font-size: 18px; margin-top: 0; margin-bottom: 15px; color: inherit;'>Caracter\u00edsticas principales<\/h3>\n<ul style='padding-left: 20px; font-size: 14px; color: inherit; list-style-type: disc;'>\n<li style='margin-bottom: 8px;'>Memoria de 8 eventos de alarma con fecha y hora<\/li>\n<li style='margin-bottom: 8px;'>Tiempo de retardo de hasta 120 minutos<\/li>\n<li style='margin-bottom: 8px;'>Ajuste de calibraci\u00f3n de configuraci\u00f3n de puntos de temperatura&comma; rango de temperatura minima y maxima<\/li>\n<li style='margin-bottom: 8px;'>Salidas de relevador pueden ser configuradas para ser inicializadas<\/li>\n<li style='margin-bottom: 8px;'>Requiere fuente de poder de 12 Vcc o conexi\u00f3n directa a un panel de alarma<\/li>\n<li style='margin-bottom: 8px;'>Salidas de contacto seco que se pueden integrar a sistemas de videovigilancia&comma; paneles de alarma&comma; entre otros dispositivos<\/li>\n<\/ul><\/div>\n<\/p><\/div>\n<div style='flex: 1 1 300px; min-width: 280px;'>\n<div style='border-left: 5px solid #0091ff; padding: 15px; border-radius: 8px; background: rgba(150&comma;150&comma;150&comma;0.05);'>\n<h3 style='font-size: 18px; margin-top: 0; margin-bottom: 15px; color: inherit;'>Caracter\u00edsticas t\u00e9cnicas<\/h3>\n<ul style='padding-left: 20px; font-size: 14px; color: inherit; list-style-type: disc;'>\n<li style='margin-bottom: 8px;'><strong>Energ\u00eda:<\/strong> 11 a 14 VCC a 120 mA (EA200-12) \/ <strong>no lo incluye<\/strong><\/li>\n<li style='margin-bottom: 8px;'><strong>Sensor de temperatura integrado:<\/strong> 32 \u00b0 a 122 \u00b0 F (0 \u00b0 a 50 \u00b0 C)<\/li>\n<li style='margin-bottom: 8px;'><strong>Rango de operaci\u00f3n:<\/strong> 32 \u00b0 a 122 \u00b0 F (0 \u00b0 a 50 \u00b0 C)<\/li>\n<li style='margin-bottom: 8px;'><strong>Rango de ajuste l\u00edmite alto\/bajo:<\/strong> -58 \u00b0 a 299 \u00b0 F (-50 \u00b0 a 150 \u00b0 C)<\/li>\n<li style='margin-bottom: 8px;'><strong>Salidas de alarma:<\/strong> 2 rel\u00e9s de forma C (NA \/ NC) 1A a 30 VCC (configurable)<\/li>\n<li style='margin-bottom: 8px;'><strong>Salida de alarma auxiliar:<\/strong> 1 rel\u00e9 de forma C (NA \/ NC) (no configurable)<\/li>\n<li style='margin-bottom: 8px;'><strong>Retraso de tiempo de alarma:<\/strong> 0 a 120 minutos (programar independientemente para cada zona)<\/li>\n<li style='margin-bottom: 8px;'><strong>Dimensiones:<\/strong> 6 x 4&comma;75 x 1&comma;25 &#8216;(15&comma;24 x 12&comma;07 x 3&comma;18 cm)<\/li>\n<\/ul><\/div>\n<\/p><\/div>\n<\/p><\/div>\n<div style='width: 100%; margin: 30px 0;'> <img style='width: 100%; height: auto; border: 1px solid rgba(150&comma;150&comma;150&comma;0.3); border-radius: 8px;' src='https:\/\/i.ibb.co\/PFrzYqR\/diagrama-EA.jpg' alt=''> <\/div>\n<\/p><\/div>\n","protected":false},"excerpt":{"rendered":"<p>Detector de temperatura y humedad, capacidad 2 zonas, incluye una zona con sensor de temperatura y 1 zona libre<\/p>\n","protected":false},"featured_media":6070,"comment_status":"open","ping_status":"closed","template":"","meta":[],"product_brand":[],"product_cat":[32],"product_tag":[19,33,431],"class_list":{"0":"post-6071","1":"product","2":"type-product","3":"status-publish","4":"has-post-thumbnail","6":"product_cat-temperatura","7":"product_tag-detectores-sensores","8":"product_tag-temperatura","9":"product_tag-winland-electronics","11":"first","12":"instock","13":"sale","14":"shipping-taxable","15":"purchasable","16":"product-type-simple"},"_links":{"self":[{"href":"https:\/\/soydeaqui.ddns.net\/pachuca\/index.php\/wp-json\/wp\/v2\/product\/6071","targetHints":{"allow":["GET"]}}],"collection":[{"href":"https:\/\/soydeaqui.ddns.net\/pachuca\/index.php\/wp-json\/wp\/v2\/product"}],"about":[{"href":"https:\/\/soydeaqui.ddns.net\/pachuca\/index.php\/wp-json\/wp\/v2\/types\/product"}],"replies":[{"embeddable":true,"href":"https:\/\/soydeaqui.ddns.net\/pachuca\/index.php\/wp-json\/wp\/v2\/comments?post=6071"}],"wp:featuredmedia":[{"embeddable":true,"href":"https:\/\/soydeaqui.ddns.net\/pachuca\/index.php\/wp-json\/wp\/v2\/media\/6070"}],"wp:attachment":[{"href":"https:\/\/soydeaqui.ddns.net\/pachuca\/index.php\/wp-json\/wp\/v2\/media?parent=6071"}],"wp:term":[{"taxonomy":"product_brand","embeddable":true,"href":"https:\/\/soydeaqui.ddns.net\/pachuca\/index.php\/wp-json\/wp\/v2\/product_brand?post=6071"},{"taxonomy":"product_cat","embeddable":true,"href":"https:\/\/soydeaqui.ddns.net\/pachuca\/index.php\/wp-json\/wp\/v2\/product_cat?post=6071"},{"taxonomy":"product_tag","embeddable":true,"href":"https:\/\/soydeaqui.ddns.net\/pachuca\/index.php\/wp-json\/wp\/v2\/product_tag?post=6071"}],"curies":[{"name":"wp","href":"https:\/\/api.w.org\/{rel}","templated":true}]}}