{"id":60664,"date":"2026-03-19T05:41:59","date_gmt":"2026-03-19T05:41:59","guid":{"rendered":"https:\/\/soydeaqui.ddns.net\/pachuca\/index.php\/producto\/mapa-vus021r-us-mendocino-salina-cruz-y-costas-mexicanas\/"},"modified":"2026-03-19T05:42:01","modified_gmt":"2026-03-19T05:42:01","slug":"mapa-vus021r-us-mendocino-salina-cruz-y-costas-mexicanas","status":"publish","type":"product","link":"https:\/\/soydeaqui.ddns.net\/pachuca\/index.php\/producto\/mapa-vus021r-us-mendocino-salina-cruz-y-costas-mexicanas\/","title":{"rendered":"Mapa VUS021R US, Mendocino, Salina Cruz y costas mexicanas."},"content":{"rendered":"<div style='width: 100%; max-width: 1200px; margin: 0 auto; font-family: sans-serif; line-height: 1.6; color: inherit; background-color: transparent;'> <!-- Secci\u00f3n de caracter\u00edsticas --> <\/p>\n<div style='display: flex; flex-wrap: wrap; gap: 30px; margin-bottom: 30px;'>\n<div style='flex: 1 1 300px; min-width: 280px;'>\n<h3 style='font-size: 22px; border-bottom: 2px solid currentColor; padding-bottom: 5px; margin-top: 0; color: inherit; opacity: 0.8;'>Cartas costeras Premier<\/h3>\n<ul style='padding-left: 20px; font-size: 15px; color: inherit;'>\n<li style='margin-bottom: 5px;'>Proporciona una cobertura excepcional&comma; claridad y detalle con gr\u00e1ficos costeras que caracter\u00edstica integrada de Garmin y Navionics<sup style='font-size: 10px; vertical-align: super; color: inherit;'>\u00ae<\/sup> datos<\/li>\n<li style='margin-bottom: 5px;'>La tecnolog\u00eda Auto ruta calcula una ruta utilizando la profundidad deseada y el espacio libre por encima de la cabeza y proporciona una ruta sugerida a seguir<\/li>\n<li style='margin-bottom: 5px;'>Ciertas \u00e1reas ofrecen sombreado en relieve de alta resoluci\u00f3n&comma; que combina color y sombra para brindarle una vista m\u00e1s clara y f\u00e1cil de interpretar de la estructura inferior<\/li>\n<li style='margin-bottom: 5px;'>Incluye sombreado de rango de profundidad para hasta 10 rangos de profundidad&comma; lo que le permite ver la profundidad de su objetivo de un vistazo<\/li>\n<li style='margin-bottom: 5px;'>Los contornos de hasta 1 &#8216;proporcionan una descripci\u00f3n m\u00e1s precisa de la estructura del fondo para mejorar las cartas de pesca.<\/li>\n<li style='margin-bottom: 5px;'>Para dar una imagen clara de las aguas poco profundas que se deben evitar&comma; el sombreado de aguas poco profundas permite sombrear a una profundidad definida por el usuario<\/li>\n<\/ul><\/div>\n<\/p><\/div>\n<p> <!-- Secci\u00f3n de especificaciones --> <\/p>\n<div style='display: flex; flex-wrap: wrap; gap: 20px; margin-bottom: 30px;'>\n<div style='flex: 1 1 250px; border: 1px solid rgba(150&comma; 150&comma; 150&comma; 0.4); border-radius: 8px; overflow: hidden; display: flex; flex-direction: column;'>\n<div style='padding: 15px; border-bottom: 1px solid rgba(150&comma; 150&comma; 150&comma; 0.2); font-weight: bold; font-size: 18px; color: inherit;'>Cobertura<\/div>\n<div style='padding: 15px; color: inherit;'>\n<p style='margin: 0; font-size: 14px;'>Puerto Vallarta&comma; Mendocino&comma; San Francisco&comma; San Diego&comma; Costas Mexicanas incluyendo; Cabo San Lucas&comma; Mazatl\u00e1n&comma; Acapulco&comma; y Salina Cruz.<\/p>\n<\/p><\/div>\n<\/p><\/div>\n<div style='flex: 1 1 250px; border: 1px solid rgba(150&comma; 150&comma; 150&comma; 0.4); border-radius: 8px; overflow: hidden; display: flex; flex-direction: column;'>\n<div style='padding: 15px; border-bottom: 1px solid rgba(150&comma; 150&comma; 150&comma; 0.2); font-weight: bold; font-size: 18px; color: inherit;'>Incluye<\/div>\n<div style='padding: 15px; color: inherit;'>\n<ul style='padding-left: 20px; margin: 0; font-size: 14px; list-style-type: disc;'>\n<li style='margin-bottom: 5px;'>Tarjeta MicroSD\/SD<\/li>\n<\/ul><\/div>\n<\/p><\/div>\n<\/p><\/div>\n<p> <!-- Separador --> <\/p>\n<hr style='border: 0; border-top: 1px solid rgba(150&comma; 150&comma; 150&comma; 0.3); margin: 30px 0;'> <\/div>\n","protected":false},"excerpt":{"rendered":"<p>Mapa VUS021R US, Mendocino, Salina Cruz y costas mexicanas.<\/p>\n","protected":false},"featured_media":60663,"comment_status":"open","ping_status":"closed","template":"","meta":[],"product_brand":[],"product_cat":[1526],"product_tag":[1449,1527,1172],"class_list":{"0":"post-60664","1":"product","2":"type-product","3":"status-publish","4":"has-post-thumbnail","6":"product_cat-sistema-de-navegacion","7":"product_tag-garmin","8":"product_tag-sistema-de-navegacion","9":"product_tag-soluciones-marinas","11":"first","12":"outofstock","13":"sale","14":"shipping-taxable","15":"purchasable","16":"product-type-simple"},"_links":{"self":[{"href":"https:\/\/soydeaqui.ddns.net\/pachuca\/index.php\/wp-json\/wp\/v2\/product\/60664","targetHints":{"allow":["GET"]}}],"collection":[{"href":"https:\/\/soydeaqui.ddns.net\/pachuca\/index.php\/wp-json\/wp\/v2\/product"}],"about":[{"href":"https:\/\/soydeaqui.ddns.net\/pachuca\/index.php\/wp-json\/wp\/v2\/types\/product"}],"replies":[{"embeddable":true,"href":"https:\/\/soydeaqui.ddns.net\/pachuca\/index.php\/wp-json\/wp\/v2\/comments?post=60664"}],"wp:featuredmedia":[{"embeddable":true,"href":"https:\/\/soydeaqui.ddns.net\/pachuca\/index.php\/wp-json\/wp\/v2\/media\/60663"}],"wp:attachment":[{"href":"https:\/\/soydeaqui.ddns.net\/pachuca\/index.php\/wp-json\/wp\/v2\/media?parent=60664"}],"wp:term":[{"taxonomy":"product_brand","embeddable":true,"href":"https:\/\/soydeaqui.ddns.net\/pachuca\/index.php\/wp-json\/wp\/v2\/product_brand?post=60664"},{"taxonomy":"product_cat","embeddable":true,"href":"https:\/\/soydeaqui.ddns.net\/pachuca\/index.php\/wp-json\/wp\/v2\/product_cat?post=60664"},{"taxonomy":"product_tag","embeddable":true,"href":"https:\/\/soydeaqui.ddns.net\/pachuca\/index.php\/wp-json\/wp\/v2\/product_tag?post=60664"}],"curies":[{"name":"wp","href":"https:\/\/api.w.org\/{rel}","templated":true}]}}