{"id":60659,"date":"2026-03-19T05:41:46","date_gmt":"2026-03-19T05:41:46","guid":{"rendered":"https:\/\/soydeaqui.ddns.net\/pachuca\/index.php\/producto\/rack-abierto-de-instalacion-en-pared-con-bisagras-profundidad-de-159-mm-19-in-de-ancho-2-ur-color-negro\/"},"modified":"2026-03-19T05:41:54","modified_gmt":"2026-03-19T05:41:54","slug":"rack-abierto-de-instalacion-en-pared-con-bisagras-profundidad-de-159-mm-19-in-de-ancho-2-ur-color-negro","status":"publish","type":"product","link":"https:\/\/soydeaqui.ddns.net\/pachuca\/index.php\/producto\/rack-abierto-de-instalacion-en-pared-con-bisagras-profundidad-de-159-mm-19-in-de-ancho-2-ur-color-negro\/","title":{"rendered":"Rack Abierto de Instalaci\u00f3n en Pared con Bisagras, Profundidad de 159 mm, 19 in de Ancho, 2 UR, Color Negro"},"content":{"rendered":"<div style='width: 100%; max-width: 1200px; margin: 0 auto; font-family: sans-serif; line-height: 1.6; color: inherit; background-color: transparent;'> <!-- Descripci\u00f3n principal --> <\/p>\n<div style='margin-bottom: 30px;'>\n<h2 style='font-size: 24px; border-bottom: 2px solid currentColor; padding-bottom: 5px; margin-top: 0; color: inherit; opacity: 0.8;'>Descripci\u00f3n<\/h2>\n<p style='font-size: 15px; margin-top: 15px; color: inherit;'>El soporte de montaje en pared con bisagras ampl\u00eda el espacio del rack a la pared&comma; maximizando el espacio en las salas de telecomunicaciones. Este producto se puede utilizar con otros accesorios para lograr una aplicaci\u00f3n de rack de montaje en pared abierta para interconexi\u00f3n o peque\u00f1os equipos activos.<\/p>\n<\/p><\/div>\n<p> <!-- Secci\u00f3n de caracter\u00edsticas principales --> <\/p>\n<div style='display: flex; flex-wrap: wrap; gap: 30px; margin-bottom: 30px;'>\n<div style='flex: 1 1 300px; min-width: 280px;'>\n<h3 style='font-size: 22px; border-bottom: 2px solid currentColor; padding-bottom: 5px; margin-top: 0; color: inherit; opacity: 0.8;'>Caracter\u00edsticas principales<\/h3>\n<ul style='padding-left: 20px; font-size: 15px; color: inherit;'>\n<li style='margin-bottom: 5px;'>Soporte bisagra para maximizar espacio en telecomunicaciones<\/li>\n<li style='margin-bottom: 5px;'>Compatible con equipos de 19 pulgadas de ancho<\/li>\n<li style='margin-bottom: 5px;'>Capacidad de carga est\u00e1tica de 9.07 kg<\/li>\n<li style='margin-bottom: 5px;'>Cumple con est\u00e1ndares EIA\/ECA-310-E y RoHS<\/li>\n<li style='margin-bottom: 5px;'>Acero negro con orificios roscados #12-24<\/li>\n<\/ul><\/div>\n<p> <!-- Especificaciones t\u00e9cnicas --> <\/p>\n<div style='flex: 1 1 300px; min-width: 280px;'>\n<h3 style='font-size: 22px; border-bottom: 2px solid currentColor; padding-bottom: 5px; margin-top: 0; color: inherit; opacity: 0.8;'>Especificaciones t\u00e9cnicas<\/h3>\n<ul style='padding-left: 20px; font-size: 15px; color: inherit;'>\n<li style='margin-bottom: 5px;'><strong>Material:<\/strong> Acero<\/li>\n<li style='margin-bottom: 5px;'><strong>Altura extendida:<\/strong> 88.9 mm (3.5 pulg.)<\/li>\n<li style='margin-bottom: 5px;'><strong>Ancho total:<\/strong> 513 mm (20.2 pulg.)<\/li>\n<li style='margin-bottom: 5px;'><strong>Profundidad extendida:<\/strong> 159.1 mm (6.26 pulg.)<\/li>\n<li style='margin-bottom: 5px;'><strong>N\u00famero de unidades de rack:<\/strong> 2 RU<\/li>\n<li style='margin-bottom: 5px;'><strong>Orificio de montaje:<\/strong> Tama\u00f1o de rosca #12-24<\/li>\n<li style='margin-bottom: 5px;'><strong>Capacidad de carga est\u00e1tica:<\/strong> 9.07 kg (20 lb)<\/li>\n<li style='margin-bottom: 5px;'><strong>Color:<\/strong> Negro<\/li>\n<\/ul><\/div>\n<\/p><\/div>\n<p> <!-- Secci\u00f3n de est\u00e1ndares y aplicaciones --> <\/p>\n<div style='display: flex; flex-wrap: wrap; gap: 30px; margin-bottom: 30px;'>\n<div style='flex: 1 1 300px; min-width: 280px;'>\n<h3 style='font-size: 22px; border-bottom: 2px solid currentColor; padding-bottom: 5px; margin-top: 0; color: inherit; opacity: 0.8;'>Est\u00e1ndares<\/h3>\n<ul style='padding-left: 20px; font-size: 15px; color: inherit;'>\n<li style='margin-bottom: 5px;'>EIA\/ECA-310-E<\/li>\n<li style='margin-bottom: 5px;'>RoHS<\/li>\n<\/ul><\/div>\n<p> <!-- Aplicaciones --> <\/p>\n<div style='flex: 1 1 300px; min-width: 280px;'>\n<h3 style='font-size: 22px; border-bottom: 2px solid currentColor; padding-bottom: 5px; margin-top: 0; color: inherit; opacity: 0.8;'>Aplicaciones<\/h3>\n<ul style='padding-left: 20px; font-size: 15px; color: inherit;'>\n<li style='margin-bottom: 5px;'>Rack de montaje en pared para interconexi\u00f3n<\/li>\n<li style='margin-bottom: 5px;'>Instalaci\u00f3n de peque\u00f1os equipos activos<\/li>\n<li style='margin-bottom: 5px;'>Ampliaci\u00f3n de espacio en salas de telecomunicaciones<\/li>\n<\/ul><\/div>\n<\/p><\/div>\n<p> <!-- Secci\u00f3n de especificaciones adicionales --> <\/p>\n<div style='display: flex; flex-wrap: wrap; gap: 20px; margin-bottom: 30px;'>\n<div style='flex: 1 1 250px; border: 1px solid rgba(150&comma; 150&comma; 150&comma; 0.4); border-radius: 8px; overflow: hidden; display: flex; flex-direction: column;'>\n<div style='padding: 15px; border-bottom: 1px solid rgba(150&comma; 150&comma; 150&comma; 0.2); font-weight: bold; font-size: 18px; color: inherit;'>Dimensiones<\/div>\n<div style='padding: 15px; color: inherit;'>\n<ul style='padding-left: 20px; margin: 0; font-size: 14px; list-style-type: disc;'>\n<li style='margin-bottom: 5px;'><strong>Altura extendida:<\/strong> 88.9 mm (3.5 pulg.)<\/li>\n<li style='margin-bottom: 5px;'><strong>Ancho total:<\/strong> 513 mm (20.2 pulg.)<\/li>\n<li style='margin-bottom: 5px;'><strong>Profundidad extendida:<\/strong> 159.1 mm (6.26 pulg.)<\/li>\n<\/ul><\/div>\n<\/p><\/div>\n<div style='flex: 1 1 250px; border: 1px solid rgba(150&comma; 150&comma; 150&comma; 0.4); border-radius: 8px; overflow: hidden; display: flex; flex-direction: column;'>\n<div style='padding: 15px; border-bottom: 1px solid rgba(150&comma; 150&comma; 150&comma; 0.2); font-weight: bold; font-size: 18px; color: inherit;'>Capacidad de carga<\/div>\n<div style='padding: 15px; color: inherit;'>\n<ul style='padding-left: 20px; margin: 0; font-size: 14px; list-style-type: disc;'>\n<li style='margin-bottom: 5px;'><strong>Est\u00e1tica:<\/strong> 9.07 kg (20 lb)<\/li>\n<\/ul><\/div>\n<\/p><\/div>\n<div style='flex: 1 1 250px; border: 1px solid rgba(150&comma; 150&comma; 150&comma; 0.4); border-radius: 8px; overflow: hidden; display: flex; flex-direction: column;'>\n<div style='padding: 15px; border-bottom: 1px solid rgba(150&comma; 150&comma; 150&comma; 0.2); font-weight: bold; font-size: 18px; color: inherit;'>Compatibilidad<\/div>\n<div style='padding: 15px; color: inherit;'>\n<ul style='padding-left: 20px; margin: 0; font-size: 14px; list-style-type: disc;'>\n<li style='margin-bottom: 5px;'>Equipos de 19 pulgadas de ancho<\/li>\n<li style='margin-bottom: 5px;'>Rack de 2 RU<\/li>\n<\/ul><\/div>\n<\/p><\/div>\n<\/p><\/div>\n<p> <!-- Secci\u00f3n de beneficios --> <\/p>\n<div style='margin-bottom: 30px;'>\n<h3 style='font-size: 22px; border-bottom: 2px solid currentColor; padding-bottom: 5px; margin-top: 0; color: inherit; opacity: 0.8;'>Beneficios<\/h3>\n<ul style='padding-left: 20px; font-size: 15px; color: inherit;'>\n<li style='margin-bottom: 5px;'>Dise\u00f1o de perfil bajo que permite expandir el equipo de telecomunicaciones en espacios peque\u00f1os<\/li>\n<li style='margin-bottom: 5px;'>Instalaci\u00f3n sencilla con posibilidad de montaje por una sola persona<\/li>\n<\/ul><\/div>\n<p> <!-- Incluye --> <\/p>\n<div style='margin-bottom: 30px;'>\n<h3 style='font-size: 22px; border-bottom: 2px solid currentColor; padding-bottom: 5px; margin-top: 0; color: inherit; opacity: 0.8;'>Incluye<\/h3>\n<ul style='padding-left: 20px; font-size: 15px; color: inherit;'>\n<li style='margin-bottom: 5px;'>Soporte con bisagras<\/li>\n<li style='margin-bottom: 5px;'>Tornillos #12-24<\/li>\n<\/ul><\/div>\n<p> <!-- Separador final --> <\/p>\n<hr style='border: 0; border-top: 1px solid rgba(150&comma; 150&comma; 150&comma; 0.3); margin: 30px 0;'> <\/div>\n","protected":false},"excerpt":{"rendered":"<p>Rack Abierto de Instalaci\u00f3n en Pared con Bisagras, Profundidad de 159 mm, 19 in de Ancho, 2 UR, Color Negro<\/p>\n","protected":false},"featured_media":60658,"comment_status":"open","ping_status":"closed","template":"","meta":[],"product_brand":[],"product_cat":[680],"product_tag":[445,660,605],"class_list":{"0":"post-60659","1":"product","2":"type-product","3":"status-publish","4":"has-post-thumbnail","6":"product_cat-racks-abiertos-racks-y-gabinetes","7":"product_tag-panduit","8":"product_tag-racks-abiertos","9":"product_tag-racks-y-gabinetes","11":"first","12":"instock","13":"sale","14":"shipping-taxable","15":"purchasable","16":"product-type-simple"},"_links":{"self":[{"href":"https:\/\/soydeaqui.ddns.net\/pachuca\/index.php\/wp-json\/wp\/v2\/product\/60659","targetHints":{"allow":["GET"]}}],"collection":[{"href":"https:\/\/soydeaqui.ddns.net\/pachuca\/index.php\/wp-json\/wp\/v2\/product"}],"about":[{"href":"https:\/\/soydeaqui.ddns.net\/pachuca\/index.php\/wp-json\/wp\/v2\/types\/product"}],"replies":[{"embeddable":true,"href":"https:\/\/soydeaqui.ddns.net\/pachuca\/index.php\/wp-json\/wp\/v2\/comments?post=60659"}],"wp:featuredmedia":[{"embeddable":true,"href":"https:\/\/soydeaqui.ddns.net\/pachuca\/index.php\/wp-json\/wp\/v2\/media\/60658"}],"wp:attachment":[{"href":"https:\/\/soydeaqui.ddns.net\/pachuca\/index.php\/wp-json\/wp\/v2\/media?parent=60659"}],"wp:term":[{"taxonomy":"product_brand","embeddable":true,"href":"https:\/\/soydeaqui.ddns.net\/pachuca\/index.php\/wp-json\/wp\/v2\/product_brand?post=60659"},{"taxonomy":"product_cat","embeddable":true,"href":"https:\/\/soydeaqui.ddns.net\/pachuca\/index.php\/wp-json\/wp\/v2\/product_cat?post=60659"},{"taxonomy":"product_tag","embeddable":true,"href":"https:\/\/soydeaqui.ddns.net\/pachuca\/index.php\/wp-json\/wp\/v2\/product_tag?post=60659"}],"curies":[{"name":"wp","href":"https:\/\/api.w.org\/{rel}","templated":true}]}}