{"id":60625,"date":"2026-03-19T05:40:37","date_gmt":"2026-03-19T05:40:37","guid":{"rendered":"https:\/\/soydeaqui.ddns.net\/pachuca\/index.php\/producto\/ecosonda-striker-vivid-7sv-con-transductor-incluido-gt52hw-tm\/"},"modified":"2026-03-19T05:40:47","modified_gmt":"2026-03-19T05:40:47","slug":"ecosonda-striker-vivid-7sv-con-transductor-incluido-gt52hw-tm","status":"publish","type":"product","link":"https:\/\/soydeaqui.ddns.net\/pachuca\/index.php\/producto\/ecosonda-striker-vivid-7sv-con-transductor-incluido-gt52hw-tm\/","title":{"rendered":"Ecosonda STRIKER Vivid 7sv con transductor incluido GT52HW-TM"},"content":{"rendered":"<div style='width: 100%; max-width: 1200px; margin: 0 auto; font-family: sans-serif; line-height: 1.6; color: inherit; background-color: transparent;'>\n<div style='display: flex; flex-wrap: wrap; gap: 30px; margin-bottom: 30px;'>\n<div style='flex: 1 1 300px; min-width: 280px;'>\n<h3 style='font-size: 22px; border-bottom: 2px solid currentColor; padding-bottom: 5px; margin-top: 0; color: inherit; opacity: 0.8;'>Caracter\u00edsticas<\/h3>\n<ul style='padding-left: 20px; font-size: 15px; color: inherit;'>\n<li style='margin-bottom: 5px;'>Pantalla de 7&#8242; legible a\u00fan a contra luz del sol<\/li>\n<li style='margin-bottom: 5px;'>Incluye transductor con sonda tradicional y sonda de exploraci\u00f3n SideV\u00fc<\/li>\n<li style='margin-bottom: 5px;'>Integra software Quickdraw Contours que permite crear y almacenar mapas con contornos de 1&#8242; hasta 2 millones de acres<\/li>\n<li style='margin-bottom: 5px;'>GPS integrado de alta sensibilidad<\/li>\n<li style='margin-bottom: 5px;'>Resistente al agua grado IPX7<\/li>\n<li style='margin-bottom: 5px;'>Permite almacenar hasta 8000 km cuadrados de mapas con contornos de 30 cm<\/li>\n<li style='margin-bottom: 5px;'>7 paletas de colores intensos de m\u00e1ximo nivel de contraste<\/li>\n<li style='margin-bottom: 5px;'>Frecuencias de operaci\u00f3n: Tradicional: 150 a 240 kHz&comma; DownV\u00fc: CHIRP 425 a 485 kHz&comma; SideV\u00fc: CHIRP 425 a 485 kHz y 790 a 850 kHz<\/li>\n<\/ul><\/div>\n<div style='flex: 1 1 300px; min-width: 280px;'>\n<h3 style='font-size: 22px; border-bottom: 2px solid currentColor; padding-bottom: 5px; margin-top: 0; color: inherit; opacity: 0.8;'>Incluye<\/h3>\n<ul style='padding-left: 20px; font-size: 15px; color: inherit;'>\n<li style='margin-bottom: 5px;'>STRIKER Vivid 7sv<\/li>\n<li style='margin-bottom: 5px;'>Transductor GT52HW-TM<\/li>\n<li style='margin-bottom: 5px;'>Cable de alimentaci\u00f3n\/datos<\/li>\n<li style='margin-bottom: 5px;'>Soporte inclinable y giratorio<\/li>\n<li style='margin-bottom: 5px;'>Componentes<\/li>\n<li style='margin-bottom: 5px;'>Etiqueta adhesiva protector de golpes<\/li>\n<li style='margin-bottom: 5px;'>Documentaci\u00f3n<\/li>\n<\/ul><\/div>\n<div style='flex: 1 1 300px; min-width: 280px;'>\n<h3 style='font-size: 22px; border-bottom: 2px solid currentColor; padding-bottom: 5px; margin-top: 0; color: inherit; opacity: 0.8;'>Especificaciones<\/h3>\n<ul style='padding-left: 20px; font-size: 15px; color: inherit;'>\n<li style='margin-bottom: 5px;'><strong>Dimensiones:<\/strong> 23.5 x 14.0 x 5.8 cm<\/li>\n<li style='margin-bottom: 5px;'><strong>Peso:<\/strong> 0.8 kg<\/li>\n<\/ul><\/div>\n<\/p><\/div>\n<div style='width: 100%; margin: 30px 0;'>\n<div style='position: relative; padding-bottom: 56.25%; height: 0; overflow: hidden; margin-bottom: 30px;'>   <\/div>\n<\/p><\/div>\n<\/p><\/div>\n","protected":false},"excerpt":{"rendered":"<p>Ecosonda STRIKER Vivid 7sv con transductor incluido GT52HW-TM<\/p>\n","protected":false},"featured_media":60624,"comment_status":"open","ping_status":"closed","template":"","meta":[],"product_brand":[],"product_cat":[1541],"product_tag":[1542,1449,1172],"class_list":{"0":"post-60625","1":"product","2":"type-product","3":"status-publish","4":"has-post-thumbnail","6":"product_cat-equipos-para-pesca-comercial-y-recreativa","7":"product_tag-equipos-para-pesca-comercial-y-recreativa","8":"product_tag-garmin","9":"product_tag-soluciones-marinas","11":"first","12":"outofstock","13":"sale","14":"shipping-taxable","15":"purchasable","16":"product-type-simple"},"_links":{"self":[{"href":"https:\/\/soydeaqui.ddns.net\/pachuca\/index.php\/wp-json\/wp\/v2\/product\/60625","targetHints":{"allow":["GET"]}}],"collection":[{"href":"https:\/\/soydeaqui.ddns.net\/pachuca\/index.php\/wp-json\/wp\/v2\/product"}],"about":[{"href":"https:\/\/soydeaqui.ddns.net\/pachuca\/index.php\/wp-json\/wp\/v2\/types\/product"}],"replies":[{"embeddable":true,"href":"https:\/\/soydeaqui.ddns.net\/pachuca\/index.php\/wp-json\/wp\/v2\/comments?post=60625"}],"wp:featuredmedia":[{"embeddable":true,"href":"https:\/\/soydeaqui.ddns.net\/pachuca\/index.php\/wp-json\/wp\/v2\/media\/60624"}],"wp:attachment":[{"href":"https:\/\/soydeaqui.ddns.net\/pachuca\/index.php\/wp-json\/wp\/v2\/media?parent=60625"}],"wp:term":[{"taxonomy":"product_brand","embeddable":true,"href":"https:\/\/soydeaqui.ddns.net\/pachuca\/index.php\/wp-json\/wp\/v2\/product_brand?post=60625"},{"taxonomy":"product_cat","embeddable":true,"href":"https:\/\/soydeaqui.ddns.net\/pachuca\/index.php\/wp-json\/wp\/v2\/product_cat?post=60625"},{"taxonomy":"product_tag","embeddable":true,"href":"https:\/\/soydeaqui.ddns.net\/pachuca\/index.php\/wp-json\/wp\/v2\/product_tag?post=60625"}],"curies":[{"name":"wp","href":"https:\/\/api.w.org\/{rel}","templated":true}]}}