{"id":6059,"date":"2026-03-18T06:38:41","date_gmt":"2026-03-18T06:38:41","guid":{"rendered":"https:\/\/soydeaqui.ddns.net\/pachuca\/index.php\/producto\/modulo-de-automatizacion-con-tecnologia-zwave-para-paneles-de-alarma-l5210-l7000-usar-con-plataforma-total-connect\/"},"modified":"2026-03-18T06:38:44","modified_gmt":"2026-03-18T06:38:44","slug":"modulo-de-automatizacion-con-tecnologia-zwave-para-paneles-de-alarma-l5210-l7000-usar-con-plataforma-total-connect","status":"publish","type":"product","link":"https:\/\/soydeaqui.ddns.net\/pachuca\/index.php\/producto\/modulo-de-automatizacion-con-tecnologia-zwave-para-paneles-de-alarma-l5210-l7000-usar-con-plataforma-total-connect\/","title":{"rendered":"Modulo de automatizaci\u00f3n con tecnolog\u00eda ZWAVE, para paneles de alarma L5210, L7000, usar con plataforma Total Connect"},"content":{"rendered":"<div style='width: 100%; max-width: 1200px; margin: 0 auto; font-family: sans-serif; line-height: 1.6; color: inherit; background-color: transparent;'>\n<div style='display: flex; flex-wrap: wrap; gap: 30px; margin-bottom: 30px;'>\n<div style='flex: 1 1 300px; min-width: 280px;'>\n<p style='font-size: 15px; color: inherit; margin-top: 0; margin-bottom: 15px;'>Honeywell L5100-Zwave es un controlador Z-Wave para el panel de alarma L5100 LYNX Touch. Los m\u00e1s nuevos L5200 y L7000 sistemas LYNX Touch tambi\u00e9n soportan este m\u00f3dulo.<\/p>\n<p style='font-size: 15px; color: inherit; margin-top: 0; margin-bottom: 15px;'>El L5100-Zwave soporta escenas Z-Wave&comma; reglas y calendarios. Una escena Z-Wave se utiliza para controlar m\u00faltiples modulos Z-Wave o todos a la vez. Por ejemplo&comma; puede configurar una escena de acostarse que apaga todas las luces&comma; bloquea todas las puertas y establece sus termostatos a una temperatura. Una regla de Z-Wave se utiliza para automatizar m\u00f3dulos Z-Wave espec\u00edficos basados en condici\u00f3n actividad de la zona&comma; el estado de alarma o la alarma del sistema de seguridad. Un horario Z-Wave se utiliza para activar una escena basado en un tiempo espec\u00edfico.<\/p>\n<p style='font-size: 15px; color: inherit; margin-top: 0; margin-bottom: 15px;'>Los Z-Wave escenas&comma; reglas y horarios para el controlador L5100-Zwave est\u00e1n programados dentro de su panel de control de alarma inal\u00e1mbrico Honeywell LYNX Touch. Si est\u00e1 suscrito al servicio de AlarmNet total Connect 2.0&comma; puede a\u00f1adir m\u00e1s escenas. Las escenas se gestionan y se visualizan s\u00f3lo a trav\u00e9s de su cuenta total Connect 2.0.<\/p>\n<div style='margin-top: 20px;'> <img style='width: 100%; height: auto; border: 1px solid rgba(150&comma;150&comma;150&comma;0.3); border-radius: 8px;' src='http:\/\/ftp3.syscom.mx\/usuarios\/fotos\/L5100ZWAVE\/L5100ZWAVE_1.png' alt=''> <\/div>\n<\/p><\/div>\n<\/p><\/div>\n<\/p><\/div>\n","protected":false},"excerpt":{"rendered":"<p>Modulo de automatizaci\u00f3n con tecnolog\u00eda ZWAVE, para paneles de alarma L5210, L7000, usar con plataforma Total Connect<\/p>\n","protected":false},"featured_media":6058,"comment_status":"open","ping_status":"closed","template":"","meta":[],"product_brand":[],"product_cat":[528],"product_tag":[45,529,172],"class_list":{"0":"post-6059","1":"product","2":"type-product","3":"status-publish","4":"has-post-thumbnail","6":"product_cat-modulos-de-automatizacion","7":"product_tag-honeywell-home-resideo","8":"product_tag-modulos-de-automatizacion","9":"product_tag-modulos-de-expansion","11":"first","12":"instock","13":"sale","14":"shipping-taxable","15":"purchasable","16":"product-type-simple"},"_links":{"self":[{"href":"https:\/\/soydeaqui.ddns.net\/pachuca\/index.php\/wp-json\/wp\/v2\/product\/6059","targetHints":{"allow":["GET"]}}],"collection":[{"href":"https:\/\/soydeaqui.ddns.net\/pachuca\/index.php\/wp-json\/wp\/v2\/product"}],"about":[{"href":"https:\/\/soydeaqui.ddns.net\/pachuca\/index.php\/wp-json\/wp\/v2\/types\/product"}],"replies":[{"embeddable":true,"href":"https:\/\/soydeaqui.ddns.net\/pachuca\/index.php\/wp-json\/wp\/v2\/comments?post=6059"}],"wp:featuredmedia":[{"embeddable":true,"href":"https:\/\/soydeaqui.ddns.net\/pachuca\/index.php\/wp-json\/wp\/v2\/media\/6058"}],"wp:attachment":[{"href":"https:\/\/soydeaqui.ddns.net\/pachuca\/index.php\/wp-json\/wp\/v2\/media?parent=6059"}],"wp:term":[{"taxonomy":"product_brand","embeddable":true,"href":"https:\/\/soydeaqui.ddns.net\/pachuca\/index.php\/wp-json\/wp\/v2\/product_brand?post=6059"},{"taxonomy":"product_cat","embeddable":true,"href":"https:\/\/soydeaqui.ddns.net\/pachuca\/index.php\/wp-json\/wp\/v2\/product_cat?post=6059"},{"taxonomy":"product_tag","embeddable":true,"href":"https:\/\/soydeaqui.ddns.net\/pachuca\/index.php\/wp-json\/wp\/v2\/product_tag?post=6059"}],"curies":[{"name":"wp","href":"https:\/\/api.w.org\/{rel}","templated":true}]}}