{"id":60520,"date":"2026-03-19T05:37:05","date_gmt":"2026-03-19T05:37:05","guid":{"rendered":"https:\/\/soydeaqui.ddns.net\/pachuca\/index.php\/producto\/analizador-de-sistemas-de-comunicacion-con-opciones-cf-tg-esa-remote-sc\/"},"modified":"2026-03-19T05:37:06","modified_gmt":"2026-03-19T05:37:06","slug":"analizador-de-sistemas-de-comunicacion-con-opciones-cf-tg-esa-remote-sc","status":"publish","type":"product","link":"https:\/\/soydeaqui.ddns.net\/pachuca\/index.php\/producto\/analizador-de-sistemas-de-comunicacion-con-opciones-cf-tg-esa-remote-sc\/","title":{"rendered":"Analizador de Sistemas de Comunicaci\u00f3n con opciones CF\/TG\/ESA\/REMOTE\/SC."},"content":{"rendered":"<div style='width: 100%; max-width: 1200px; margin: 0 auto; font-family: sans-serif; line-height: 1.6; color: inherit; background-color: transparent;'> <!-- T\u00edtulo principal --> <\/p>\n<div style='margin-bottom: 30px;'>\n<h2 style='font-size: 24px; margin: 0 0 20px; color: inherit; font-weight: bold;'>Analizador de Sistemas de Comunicaci\u00f3n con opciones CF\/TG\/ESA\/REMOTE\/SC<\/h2>\n<\/p><\/div>\n<p> <!-- Secci\u00f3n de opciones incluidas --> <\/p>\n<div style='margin-bottom: 30px;'>\n<h3 style='font-size: 22px; border-bottom: 2px solid currentColor; padding-bottom: 5px; margin-top: 0; color: inherit; opacity: 0.8;'>Opciones incluidas<\/h3>\n<ul style='padding-left: 20px; font-size: 15px; color: inherit;'>\n<li><strong>CF:<\/strong> Cable Fault Locator<\/li>\n<li><strong>TG:<\/strong> Tracking Generator<\/li>\n<li><strong>ESA:<\/strong> Enhanced Spectrum Analyzer \/ Dual Scope<\/li>\n<li><strong>Remote:<\/strong> Remote Control Software<\/li>\n<li><strong>SC:<\/strong> Soft Carrying Case<\/li>\n<\/ul><\/div>\n<p> <!-- Descripci\u00f3n general --> <\/p>\n<div style='margin-bottom: 30px;'>\n<p style='color: inherit; font-size: 15px;'>Analizador de Sistemas de Comunicaci\u00f3n&comma; 250 kHz &#8211; 1 GHz.<\/p>\n<p style='color: inherit; font-size: 15px;'>El R8000C es un equipo \u00fanico en el mercado&comma; ya que cuenta con todas las caracter\u00edsticas de un analizador de comunicaciones en un paquete verdaderamente port\u00e1til&comma; f\u00e1cil de manejar&comma; combina la navegaci\u00f3n por teclas y la segmentaci\u00f3n de la pantalla por &#8216;zonas&#8217; la cual es com\u00fan en los equipos FREEDOM Communication Technologies.<\/p>\n<\/p><\/div>\n<p> <!-- Secci\u00f3n de especificaciones principales --> <\/p>\n<div style='display: flex; flex-wrap: wrap; gap: 30px; margin-bottom: 30px;'>\n<div style='flex: 1 1 300px; min-width: 280px;'>\n<h3 style='font-size: 20px; border-bottom: 2px solid currentColor; padding-bottom: 5px; margin-top: 0; color: inherit; opacity: 0.8;'>Especificaciones Generales<\/h3>\n<ul style='padding-left: 20px; font-size: 15px; color: inherit;'>\n<li>Rango de frecuencia: 250 kHz &#8211; 1000 MHz (1 GHz)<\/li>\n<li>Operaci\u00f3n totalmente D\u00faplex<\/li>\n<li>Pantalla LCD a color de 8.4&#8242; (213.36 mm)&comma; resoluci\u00f3n de 800 x 600 (VGA)&comma; visible bajo cualquier condici\u00f3n de iluminaci\u00f3n<\/li>\n<li>Analizador de espectro con ruido de piso (Noise Floor) de -120 dBm<\/li>\n<li>Medidor de potencia: 50 Watts continuos&comma; 150 Watts m\u00e1ximo<\/li>\n<li>Modulaci\u00f3n AM \/ FM<\/li>\n<li>Incluye generador de rastreo (Tracking Generador)<\/li>\n<\/ul><\/div>\n<div style='flex: 1 1 300px; min-width: 280px;'>\n<h3 style='font-size: 20px; border-bottom: 2px solid currentColor; padding-bottom: 5px; margin-top: 0; color: inherit; opacity: 0.8;'>Funciones de medici\u00f3n<\/h3>\n<ul style='padding-left: 20px; font-size: 15px; color: inherit;'>\n<li>Generador de se\u00f1al<\/li>\n<li>Medidor de intensidad de se\u00f1al de alta sensibilidad<\/li>\n<li>Medidor de SINAD y distorsi\u00f3n<\/li>\n<li>Analizador de modulaci\u00f3n<\/li>\n<li>Osciloscopio<\/li>\n<li>Medidor de error de frecuencia<\/li>\n<li>Medidor de modulaci\u00f3n AM y desviaci\u00f3n FM<\/li>\n<li>Generador y controlador de audio frecuencia<\/li>\n<li>Medidor de voltaje AC y DC<\/li>\n<\/ul><\/div>\n<\/p><\/div>\n<p> <!-- Secci\u00f3n de especificaciones detalladas --> <\/p>\n<div style='display: flex; flex-wrap: wrap; gap: 30px; margin-bottom: 30px;'>\n<div style='flex: 1 1 300px; min-width: 280px;'>\n<h3 style='font-size: 20px; border-bottom: 2px solid currentColor; padding-bottom: 5px; margin-top: 0; color: inherit; opacity: 0.8;'>Especificaciones de Receptor<\/h3>\n<ul style='padding-left: 20px; font-size: 15px; color: inherit;'>\n<li>Rango de frecuencia: 250 kHz &#8211; 1 GHz (250 kHz-3 GHz opcional)<\/li>\n<\/ul>\n<h3 style='font-size: 20px; border-bottom: 2px solid currentColor; padding-bottom: 5px; margin-top: 20px; color: inherit; opacity: 0.8;'>Puerto RF I\/O<\/h3>\n<ul style='padding-left: 20px; font-size: 15px; color: inherit;'>\n<li>VSWR: Menor 1.20:1<\/li>\n<li>Potencia m\u00e1xima continua: 50 W durante 5 minutos<\/li>\n<li>Potencia m\u00e1xima absoluta: 150 W durante 30 segundos<\/li>\n<\/ul>\n<h3 style='font-size: 20px; border-bottom: 2px solid currentColor; padding-bottom: 5px; margin-top: 20px; color: inherit; opacity: 0.8;'>Puerto de Antena<\/h3>\n<ul style='padding-left: 20px; font-size: 15px; color: inherit;'>\n<li>Potencia m\u00e1xima: 0 dBm<\/li>\n<li>Alarma: Al detectar una entrada de +10 dBm<\/li>\n<\/ul><\/div>\n<div style='flex: 1 1 300px; min-width: 280px;'>\n<h3 style='font-size: 20px; border-bottom: 2px solid currentColor; padding-bottom: 5px; margin-top: 0; color: inherit; opacity: 0.8;'>Filtros de Frecuencia Intermedia<\/h3>\n<ul style='padding-left: 20px; font-size: 15px; color: inherit;'>\n<li>6.25&comma; 12.5&comma; 25&comma; 50 y 200 kHz<\/li>\n<\/ul>\n<h3 style='font-size: 20px; border-bottom: 2px solid currentColor; padding-bottom: 5px; margin-top: 20px; color: inherit; opacity: 0.8;'>Medidores<\/h3>\n<ul style='padding-left: 20px; font-size: 15px; color: inherit;'>\n<li>Error de frecuencia&comma; desviaci\u00f3n FM&comma; modulaci\u00f3n AM&comma; intensidad de se\u00f1al recibida&comma; potencia RF&comma; audio frecuencia&comma; SINAD&comma; distorsi\u00f3n<\/li>\n<\/ul>\n<h3 style='font-size: 20px; border-bottom: 2px solid currentColor; padding-bottom: 5px; margin-top: 20px; color: inherit; opacity: 0.8;'>Base de Tiempo<\/h3>\n<ul style='padding-left: 20px; font-size: 15px; color: inherit;'>\n<li>Frecuencia de salida: 10 MHz<\/li>\n<li>Estabilidad: Deriva: \u00b1 0.01 ppm \/ a\u00f1o<\/li>\n<li>Temperatura: \u00b1 0.01 ppm<\/li>\n<li>Tiempo de estabilizaci\u00f3n (Warm Up): 3 minutos (dentro de 0.1 ppm)<\/li>\n<\/ul><\/div>\n<\/p><\/div>\n<p> <!-- Secci\u00f3n de especificaciones detalladas - Modulaci\u00f3n --> <\/p>\n<div style='display: flex; flex-wrap: wrap; gap: 30px; margin-bottom: 30px;'>\n<div style='flex: 1 1 300px; min-width: 280px;'>\n<h3 style='font-size: 20px; border-bottom: 2px solid currentColor; padding-bottom: 5px; margin-top: 0; color: inherit; opacity: 0.8;'>Modulaci\u00f3n FM<\/h3>\n<ul style='padding-left: 20px; font-size: 15px; color: inherit;'>\n<li>Rango de desviaci\u00f3n: 0 a 75 kHz<\/li>\n<li>Exactitud de desviaci\u00f3n: 5 %<\/li>\n<li>Resoluci\u00f3n: 10 Hz<\/li>\n<li>Ancho de banda: 5 Hz a 20 kHz<\/li>\n<\/ul><\/div>\n<div style='flex: 1 1 300px; min-width: 280px;'>\n<h3 style='font-size: 20px; border-bottom: 2px solid currentColor; padding-bottom: 5px; margin-top: 0; color: inherit; opacity: 0.8;'>Modulaci\u00f3n AM<\/h3>\n<ul style='padding-left: 20px; font-size: 15px; color: inherit;'>\n<li>Profundidad de modulaci\u00f3n: 0 a 90 %<\/li>\n<li>Exactitud: 5 %<\/li>\n<li>Resoluci\u00f3n: 1 %<\/li>\n<li>Ancho de banda: 100 Hz a 10 kHz<\/li>\n<\/ul><\/div>\n<\/p><\/div>\n<p> <!-- Secci\u00f3n de se\u00f1alizaci\u00f3n y generador --> <\/p>\n<div style='display: flex; flex-wrap: wrap; gap: 30px; margin-bottom: 30px;'>\n<div style='flex: 1 1 300px; min-width: 280px;'>\n<h3 style='font-size: 20px; border-bottom: 2px solid currentColor; padding-bottom: 5px; margin-top: 0; color: inherit; opacity: 0.8;'>Se\u00f1alizaci\u00f3n<\/h3>\n<ul style='padding-left: 20px; font-size: 15px; color: inherit;'>\n<li>Tono fijo de 1000 Hz&comma; dos tonos&comma; CTCSS&comma; DCS&comma; DTMF<\/li>\n<li>Entrada de audio: Micr\u00f3fono y BNC<\/li>\n<\/ul><\/div>\n<div style='flex: 1 1 300px; min-width: 280px;'>\n<h3 style='font-size: 20px; border-bottom: 2px solid currentColor; padding-bottom: 5px; margin-top: 0; color: inherit; opacity: 0.8;'>Analizador de Espectro<\/h3>\n<ul style='padding-left: 20px; font-size: 15px; color: inherit;'>\n<li>Rango de frecuencia: 250 kHz &#8211; 1 GHz (250 kHz 3 GHz opcional)<\/li>\n<li>Resoluci\u00f3n de frecuencia: 1 Hz<\/li>\n<li>Rango din\u00e1mico: 80 dB<\/li>\n<\/ul><\/div>\n<\/p><\/div>\n<p> <!-- Secci\u00f3n de amplitud y osciloscopio --> <\/p>\n<div style='display: flex; flex-wrap: wrap; gap: 30px; margin-bottom: 30px;'>\n<div style='flex: 1 1 300px; min-width: 280px;'>\n<h3 style='font-size: 20px; border-bottom: 2px solid currentColor; padding-bottom: 5px; margin-top: 0; color: inherit; opacity: 0.8;'>Amplitud<\/h3>\n<ul style='padding-left: 20px; font-size: 15px; color: inherit;'>\n<li>Exactitud: \u00b1 2 dB<\/li>\n<li>Escalas verticales (dB\/div): 1&comma; 2&comma; 5 y 10<\/li>\n<li>Resoluci\u00f3n de nivel de referencia: 1 dB<\/li>\n<li>Rango del atenuador: 0 a 50 dB (en incrementos de 2 dB)<\/li>\n<li>Rango de entrada (puerta de antena): -120 a 0 dBm<\/li>\n<\/ul><\/div>\n<div style='flex: 1 1 300px; min-width: 280px;'>\n<h3 style='font-size: 20px; border-bottom: 2px solid currentColor; padding-bottom: 5px; margin-top: 0; color: inherit; opacity: 0.8;'>Osciloscopio<\/h3>\n<ul style='padding-left: 20px; font-size: 15px; color: inherit;'>\n<li>Impedancia de entrada: 1 Mega \u03a9 \/ 600 \u03a9<\/li>\n<li>Rango: \u00b1 100 Vcc&comma; \u00b1 70 Vrms Vca<\/li>\n<li>Frecuencia m\u00e1xima: 50 kHz<\/li>\n<\/ul><\/div>\n<\/p><\/div>\n<p> <!-- Secci\u00f3n de especificaciones del generador --> <\/p>\n<div style='margin-bottom: 30px;'>\n<h3 style='font-size: 20px; border-bottom: 2px solid currentColor; padding-bottom: 5px; margin-top: 0; color: inherit; opacity: 0.8;'>Especificaciones del Generador (Prueba de receptores)<\/h3>\n<ul style='padding-left: 20px; font-size: 15px; color: inherit;'>\n<li>Rango de frecuencia: 250 kHz &#8211; 1 GHz (250 kHz &#8211; 3 GHz opcional)<\/li>\n<li>Resoluci\u00f3n de frecuencia: 1 Hz<\/li>\n<li>Nivel de salida (puerto GEN): -95 a + 5 dBm<\/li>\n<li>Nivel de salida (puerto RF I\/0): -130 dBm a -30 dBm<\/li>\n<li>Resoluci\u00f3n: 0.1 dB<\/li>\n<li>Exactitud: \u00b1 1 dB<\/li>\n<li>Emisiones arm\u00f3nicas: &#8211; 20 dBc m\u00e1ximo<\/li>\n<li>Emisiones no arm\u00f3nicas: -35 dBc m\u00e1ximo<\/li>\n<li>Ruido Residual FM: 20 Hz m\u00e1ximo&comma; 300 Hz a 3 kHz<\/li>\n<li>Ruido residual AM: 1% m\u00e1ximo&comma; 300 Hz a 3 kHz<\/li>\n<\/ul><\/div>\n<p> <!-- Secci\u00f3n de opciones y accesorios --> <\/p>\n<div style='display: flex; flex-wrap: wrap; gap: 30px; margin-bottom: 30px;'>\n<div style='flex: 1 1 300px; min-width: 280px;'>\n<h3 style='font-size: 20px; border-bottom: 2px solid currentColor; padding-bottom: 5px; margin-top: 0; color: inherit; opacity: 0.8;'>Opciones para Series R8000\/R8100<\/h3>\n<ul style='padding-left: 20px; font-size: 15px; color: inherit; list-style-type: none; margin: 0; padding: 0;'>\n<li style='margin-bottom: 5px;'><strong>R8-TG:<\/strong> Generador de rastreo (tracking generator)<\/li>\n<li style='margin-bottom: 5px;'><strong>R8-CF:<\/strong> Localizador de falla en cable<\/li>\n<li style='margin-bottom: 5px;'><strong>R8-ESA:<\/strong> Pantalla dual\/ analizador de espectro mejorado<\/li>\n<li style='margin-bottom: 5px;'><strong>R8-Remote:<\/strong> Panel frontal remoto<\/li>\n<li style='margin-bottom: 5px;'><strong>R8-3G:<\/strong> Capacidad de operaci\u00f3n a 3GHz<\/li>\n<li style='margin-bottom: 5px;'><strong>R8-VSWR:<\/strong> Puente VSWR en kit para antena<\/li>\n<li style='margin-bottom: 5px;'><strong>R8-FT7:<\/strong> Mapeo de cobertura en kit \u201cField Test 7\u201d<\/li>\n<li style='margin-bottom: 5px;'><strong>R8-HC:<\/strong> Estuche-guante con protector de pantalla LCD<\/li>\n<li style='margin-bottom: 5px;'><strong>R8-SC:<\/strong> Estuche de transporte ligero<\/li>\n<li style='margin-bottom: 5px;'><strong>R8-TSC:<\/strong> Maleta de transporte con esponja para R8-SC<\/li>\n<li style='margin-bottom: 5px;'><strong>R8-TC:<\/strong> Maleta de transporte con esponja para R8000\/ R8100<\/li>\n<li style='margin-bottom: 5px;'><strong>R8-CF-HW:<\/strong> Solo herramienta para prueba de falla en cable<\/li>\n<li style='margin-bottom: 5px;'><strong>202951-01:<\/strong> Caja de conexiones para audio AutoTune\u2122 de KENWOOD<\/li>\n<li style='margin-bottom: 5px;'><strong>R8-3Y:<\/strong> Plan de servicio de 3 a\u00f1os (incluye 2 calibraciones 1 por a\u00f1o)<\/li>\n<li style='margin-bottom: 5px;'><strong>R8-5Y:<\/strong> Plan de servicio de 5 a\u00f1os (incluye 5 calibraciones 1 por a\u00f1o)<\/li>\n<\/ul><\/div>\n<div style='flex: 1 1 300px; min-width: 280px;'>\n<h3 style='font-size: 20px; border-bottom: 2px solid currentColor; padding-bottom: 5px; margin-top: 0; color: inherit; opacity: 0.8;'>Opciones para Protocolos Digitales<\/h3>\n<ul style='padding-left: 20px; font-size: 15px; color: inherit; list-style-type: none; margin: 0; padding: 0;'>\n<li style='margin-bottom: 5px;'><strong>R8-DMR:<\/strong> Prueba DMR<\/li>\n<li style='margin-bottom: 5px;'><strong>R8-P25:<\/strong> Prueba proyecto APCO P25 Fase 1<\/li>\n<li style='margin-bottom: 5px;'><strong>R8-P25TRNK:<\/strong> Prueba APCO trunking P25 Fase 1 (req. R8-P25)<\/li>\n<li style='margin-bottom: 5px;'><strong>R8-P25_II:<\/strong> Prueba proyecto APCO P25 Fase 2<\/li>\n<li style='margin-bottom: 5px;'><strong>R8-NXDN\u2122:<\/strong> Prueba NXDN\u2122<\/li>\n<li style='margin-bottom: 5px;'><strong>R8-NXDNTYPC:<\/strong> Prueba trunking NXDN\u2122 Tipo C (req. R8-NXDN\u2122)<\/li>\n<li style='margin-bottom: 5px;'><strong>R8-TETRA:<\/strong> Prueba de subscriptor TETRA<\/li>\n<li style='margin-bottom: 5px;'><strong>R8-DPMR:<\/strong> Prueba dPMR<\/li>\n<li style='margin-bottom: 5px;'><strong>R8-AT7-XTS:<\/strong> AutoTune\u2122 para Motorola XTS2500\/ 5000<\/li>\n<li style='margin-bottom: 5px;'><strong>R8-AT_XTL:<\/strong> AutoTune\u2122 para series m\u00f3viles Motorola XTL<\/li>\n<li style='margin-bottom: 5px;'><strong>R8-AT_APX:<\/strong> AutoTune\u2122 para port\u00e1tiles y m\u00f3viles APX6000\/ 7000<\/li>\n<li style='margin-bottom: 5px;'><strong>R8-AT_TRBO:<\/strong> AutoTune\u2122 para m\u00f3viles y port\u00e1tiles MOTOTRBO<\/li>\n<li style='margin-bottom: 5px;'><strong>R8-AT_KWNX:<\/strong> AutoTune\u2122 para series KENWOOD NX (m\u00f3viles y port\u00e1tiles)<\/li>\n<li style='margin-bottom: 5px;'><strong>R8-AT_XG-75:<\/strong> AutoTune\u2122 para m\u00f3viles y port\u00e1tiles Harris XG-75<\/li>\n<\/ul><\/div>\n<div style='flex: 1 1 300px; min-width: 280px;'>\n<h3 style='font-size: 20px; border-bottom: 2px solid currentColor; padding-bottom: 5px; margin-top: 0; color: inherit; opacity: 0.8;'>Accesorios<\/h3>\n<ul style='padding-left: 20px; font-size: 15px; color: inherit; list-style-type: none; margin: 0; padding: 0;'>\n<li style='margin-bottom: 5px;'><strong>BAT-BP90:<\/strong> Bater\u00eda de respaldo de Li-Ion para R8000<\/li>\n<li style='margin-bottom: 5px;'><strong>BATT8000:<\/strong> Bater\u00eda externa de Li-Ion en kit (inc. R8-HC)<\/li>\n<li style='margin-bottom: 5px;'><strong>BATT8100:<\/strong> Bater\u00eda de respaldo de Li-Ion para R8100 (incluida con R8100)<\/li>\n<li style='margin-bottom: 5px;'><strong>CHRG8100:<\/strong> Cargador de escritorio para bater\u00eda del R8100<\/li>\n<\/ul><\/div>\n<\/p><\/div>\n<p> <!-- Informaci\u00f3n de disponibilidad --> <\/p>\n<div style='margin-bottom: 30px;'>\n<p style='color: inherit; font-size: 15px; font-weight: bold;'>*Producto Sobre Pedido<\/p>\n<\/p><\/div>\n<p> <!-- Imagen del producto --> <\/p>\n<div style='margin-bottom: 30px;'> <img style='width: 100%; height: auto; border: 1px solid rgba(150&comma;150&comma;150&comma;0.3); border-radius: 8px;' src='http:\/\/ftp3.syscom.mx\/usuarios\/fotos\/R8000B\/R8000B.png' alt=''> <\/div>\n<p> <!-- Separador final --> <\/p>\n<hr style='border: 0; border-top: 1px solid rgba(150&comma; 150&comma; 150&comma; 0.3); margin: 30px 0;'> <\/div>\n","protected":false},"excerpt":{"rendered":"<p>Analizador de Sistemas de Comunicaci\u00f3n con opciones CF\/TG\/ESA\/REMOTE\/SC.<\/p>\n","protected":false},"featured_media":32,"comment_status":"open","ping_status":"closed","template":"","meta":[],"product_brand":[],"product_cat":[1610],"product_tag":[1611,931,1674],"class_list":{"0":"post-60520","1":"product","2":"type-product","3":"status-publish","4":"has-post-thumbnail","6":"product_cat-analizadores-espectro-y-antenas-monitores-de-servicio-y-softwares","7":"product_tag-analizadores-espectro-y-antenas-monitores-de-servicio-y-softwares","8":"product_tag-equipo-de-laboratorio","9":"product_tag-freedom-communication-technologies","11":"first","12":"outofstock","13":"sale","14":"shipping-taxable","15":"purchasable","16":"product-type-simple"},"_links":{"self":[{"href":"https:\/\/soydeaqui.ddns.net\/pachuca\/index.php\/wp-json\/wp\/v2\/product\/60520","targetHints":{"allow":["GET"]}}],"collection":[{"href":"https:\/\/soydeaqui.ddns.net\/pachuca\/index.php\/wp-json\/wp\/v2\/product"}],"about":[{"href":"https:\/\/soydeaqui.ddns.net\/pachuca\/index.php\/wp-json\/wp\/v2\/types\/product"}],"replies":[{"embeddable":true,"href":"https:\/\/soydeaqui.ddns.net\/pachuca\/index.php\/wp-json\/wp\/v2\/comments?post=60520"}],"wp:featuredmedia":[{"embeddable":true,"href":"https:\/\/soydeaqui.ddns.net\/pachuca\/index.php\/wp-json\/wp\/v2\/media\/32"}],"wp:attachment":[{"href":"https:\/\/soydeaqui.ddns.net\/pachuca\/index.php\/wp-json\/wp\/v2\/media?parent=60520"}],"wp:term":[{"taxonomy":"product_brand","embeddable":true,"href":"https:\/\/soydeaqui.ddns.net\/pachuca\/index.php\/wp-json\/wp\/v2\/product_brand?post=60520"},{"taxonomy":"product_cat","embeddable":true,"href":"https:\/\/soydeaqui.ddns.net\/pachuca\/index.php\/wp-json\/wp\/v2\/product_cat?post=60520"},{"taxonomy":"product_tag","embeddable":true,"href":"https:\/\/soydeaqui.ddns.net\/pachuca\/index.php\/wp-json\/wp\/v2\/product_tag?post=60520"}],"curies":[{"name":"wp","href":"https:\/\/api.w.org\/{rel}","templated":true}]}}