{"id":60515,"date":"2026-03-19T05:36:54","date_gmt":"2026-03-19T05:36:54","guid":{"rendered":"https:\/\/soydeaqui.ddns.net\/pachuca\/index.php\/producto\/kit-de-radio-rg750-con-12-meses-de-servicio-de-radio-tassta-smart\/"},"modified":"2026-03-19T05:37:03","modified_gmt":"2026-03-19T05:37:03","slug":"kit-de-radio-rg750-con-12-meses-de-servicio-de-radio-tassta-smart","status":"publish","type":"product","link":"https:\/\/soydeaqui.ddns.net\/pachuca\/index.php\/producto\/kit-de-radio-rg750-con-12-meses-de-servicio-de-radio-tassta-smart\/","title":{"rendered":"KIT de Radio RG750 con 12 meses de Servicio de Radio TASSTA SMART"},"content":{"rendered":"<div style='width: 100%; max-width: 1200px; margin: 0 auto; font-family: sans-serif; line-height: 1.6; color: inherit; background-color: transparent;'> <!-- T\u00edtulo principal --> <\/p>\n<div style='text-align: center; margin: 30px 0;'>\n<h1 style='font-size: 36px; margin: 0; color: inherit; font-family: 'Audiowide'&comma; sanf-serif; font-weight: normal;'> <strong>RG750<\/strong> <\/h1>\n<h2 style='font-size: 24px; margin: 15px 0 0; color: inherit; font-family: sans-serif; font-weight: bold;'> Equipo INTELIGENTE DE ALTO RENDIMIENTO PARA <span style='color: #faaa27;'>MISSION CRITICAL PUSH-TO-TALK<\/span> (MCPTT) <\/h2>\n<\/p><\/div>\n<p> <!-- Descripci\u00f3n general --> <\/p>\n<div style='margin: 30px 0; font-size: 15px; color: inherit;'>\n<p style='margin: 0 0 15px;'> Descubre el RG750&comma; el smartphone de alto rendimiento dise\u00f1ado espec\u00edficamente para la comunicaci\u00f3n cr\u00edtica de misi\u00f3n (MCPTT). Con caracter\u00edsticas avanzadas y una construcci\u00f3n robusta&comma; el RG750 es el dispositivo ideal para profesionales que requieren una comunicaci\u00f3n confiable y eficiente en cualquier entorno. Equipado con tecnolog\u00eda de \u00faltima generaci\u00f3n&comma; este dispositivo garantiza una conectividad superior&comma; durabilidad excepcional y rendimiento insuperable. <\/p>\n<p> <!-- Iconos --> <\/p>\n<div style='display: flex; flex-wrap: wrap; gap: 15px; justify-content: center; margin: 20px 0;'> <img style='width: 57px; height: 57px; border: 1px solid rgba(150&comma;150&comma;150&comma;0.3); border-radius: 8px;' src='https:\/\/www.ruggear.com\/files\/common\/icons\/MCPTT_BLACK.svg' alt='MCPTT'> <img style='width: 57px; height: 57px; border: 1px solid rgba(150&comma;150&comma;150&comma;0.3); border-radius: 8px;' src='https:\/\/www.ruggear.com\/files\/common\/icons\/GLOBAL_NETWORK_SUPPORT_BLACK.svg' alt='Compatible con la red mundial LTE'> <img style='width: 57px; height: 57px; border: 1px solid rgba(150&comma;150&comma;150&comma;0.3); border-radius: 8px;' src='https:\/\/www.ruggear.com\/files\/common\/icons\/CPU.svg' alt='Procesador Qualcomm\u00ae'> <img style='width: 57px; height: 57px; border: 1px solid rgba(150&comma;150&comma;150&comma;0.3); border-radius: 8px;' src='https:\/\/www.ruggear.com\/files\/common\/icons\/WiFi.svg' alt='Wi-Fi\u00ae roaming'> <\/div>\n<\/p><\/div>\n<p> <!-- Secci\u00f3n de caracter\u00edsticas --> <\/p>\n<div style='margin: 30px 0;'>\n<h3 style='font-size: 22px; border-bottom: 2px solid currentColor; padding-bottom: 5px; margin-top: 0; color: inherit; opacity: 0.8;'> CARACTER\u00cdSTICAS <\/h3>\n<p> <!-- Caracter\u00edstica MCPTT --> <\/p>\n<div style='display: flex; flex-wrap: wrap; gap: 20px; align-items: center; margin: 25px 0;'>\n<div style='flex: 1 1 120px; min-width: 100px;'> <img style='width: 96px; height: auto; border: 1px solid rgba(150&comma;150&comma;150&comma;0.3); border-radius: 8px;' src='https:\/\/www.ruggear.com\/files\/common\/icons\/MCPTT_BLACK.svg' alt='MCPTT'> <\/div>\n<div style='flex: 3 1 300px; min-width: 280px;'>\n<h4 style='font-size: 18px; margin-top: 0; color: inherit; opacity: 0.9;'> MCPTT <\/h4>\n<p style='font-size: 14px; color: inherit;'> El RG750 ha sido dise\u00f1ado espec\u00edficamente para PTT de misi\u00f3n cr\u00edtica. Gracias a su bot\u00f3n lateral y un selector de canal espec\u00edfico&comma; este tel\u00e9fono facilita la comunicaci\u00f3n. Adem\u00e1s&comma; sus potentes altavoces frontales hacen que la comunicaci\u00f3n sea posible a\u00fan en los entornos m\u00e1s ruidosos. <\/p>\n<\/p><\/div>\n<\/p><\/div>\n<p> <!-- Caracter\u00edstica Procesador Qualcomm --> <\/p>\n<div style='display: flex; flex-wrap: wrap; gap: 20px; align-items: center; margin: 25px 0;'>\n<div style='flex: 1 1 120px; min-width: 100px;'> <img style='width: 96px; height: auto; border: 1px solid rgba(150&comma;150&comma;150&comma;0.3); border-radius: 8px;' src='https:\/\/www.ruggear.com\/files\/common\/icons\/CPU.svg' alt='Procesador Qualcomm\u00ae'> <\/div>\n<div style='flex: 3 1 300px; min-width: 280px;'>\n<h4 style='font-size: 18px; margin-top: 0; color: inherit; opacity: 0.9;'> Procesador Qualcomm\u00ae <\/h4>\n<p style='font-size: 14px; color: inherit;'> El RG750 funciona con un procesador Qualcomm\u00ae QCM4290&comma; lo que hace m\u00e1s r\u00e1pido que su predecesor. La capacidad nativa doble de APN lo hace perfecto para asociarse con las principales soluciones de pulsar para hablar de misi\u00f3n cr\u00edtica. Adem\u00e1s&comma; una mejor optimizaci\u00f3n de la bater\u00eda mejorar\u00e1 el rendimiento de la bater\u00eda extra\u00edble de 5000 mAh&comma; lo que la hace ideal para largas jornadas de trabajo. <\/p>\n<\/p><\/div>\n<\/p><\/div>\n<p> <!-- Caracter\u00edstica Red Mundial LTE --> <\/p>\n<div style='display: flex; flex-wrap: wrap; gap: 20px; align-items: center; margin: 25px 0;'>\n<div style='flex: 1 1 120px; min-width: 100px;'> <img style='width: 96px; height: auto; border: 1px solid rgba(150&comma;150&comma;150&comma;0.3); border-radius: 8px;' src='https:\/\/www.ruggear.com\/files\/common\/icons\/GLOBAL_NETWORK_SUPPORT_BLACK.svg' alt='Compatible con la red mundial LTE'> <\/div>\n<div style='flex: 3 1 300px; min-width: 280px;'>\n<h4 style='font-size: 18px; margin-top: 0; color: inherit; opacity: 0.9;'> Compatible con la red mundial LTE <\/h4>\n<p style='font-size: 14px; color: inherit;'> El RG750 cubre todas las bandas LTE para que pueda operar en todo el mundo. Esto simplificar\u00e1 el proceso de compra de la empresa porque ya no ser\u00e1 necesario pedir diferentes SKU\/dispositivos seg\u00fan la regi\u00f3n de operaci\u00f3n. Un dispositivo funcionar\u00e1 en cualquier lugar del mundo. <\/p>\n<\/p><\/div>\n<\/p><\/div>\n<\/p><\/div>\n<p> <!-- Secci\u00f3n de especificaciones --> <\/p>\n<div style='margin: 30px 0;'>\n<h3 style='font-size: 22px; border-bottom: 2px solid currentColor; padding-bottom: 5px; margin-top: 0; color: inherit; opacity: 0.8;'> Especificaciones <\/h3>\n<p> <!-- Cards de especificaciones --> <\/p>\n<div style='display: flex; flex-wrap: wrap; gap: 20px; margin: 20px 0;'> <!-- Dise\u00f1o y Construcci\u00f3n --> <\/p>\n<div style='flex: 1 1 250px; border: 1px solid rgba(150&comma; 150&comma; 150&comma; 0.4); border-radius: 8px; overflow: hidden; display: flex; flex-direction: column;'>\n<div style='padding: 15px; border-bottom: 1px solid rgba(150&comma; 150&comma; 150&comma; 0.2); font-weight: bold; font-size: 18px; color: inherit;'> Dise\u00f1o y Construcci\u00f3n <\/div>\n<div style='padding: 15px; color: inherit;'>\n<ul style='padding-left: 20px; margin: 0; font-size: 14px; list-style-type: disc;'>\n<li style='margin-bottom: 5px;'><strong>Dimensiones:<\/strong> 136.5 x 66.5 x 24.5 mm<\/li>\n<li style='margin-bottom: 5px;'><strong>Peso:<\/strong> 284 g<\/li>\n<li style='margin-bottom: 5px;'><strong>Resistencia:<\/strong> Certificaciones IP68 y MIL-STD-810H para resistencia al agua&comma; polvo y ca\u00eddas.<\/li>\n<li style='margin-bottom: 5px;'><strong>Operaci\u00f3n:<\/strong> Funciona con manos mojadas y guantes.<\/li>\n<\/ul><\/div>\n<\/p><\/div>\n<p> <!-- Pantalla --> <\/p>\n<div style='flex: 1 1 250px; border: 1px solid rgba(150&comma; 150&comma; 150&comma; 0.4); border-radius: 8px; overflow: hidden; display: flex; flex-direction: column;'>\n<div style='padding: 15px; border-bottom: 1px solid rgba(150&comma; 150&comma; 150&comma; 0.2); font-weight: bold; font-size: 18px; color: inherit;'> Pantalla <\/div>\n<div style='padding: 15px; color: inherit;'>\n<ul style='padding-left: 20px; margin: 0; font-size: 14px; list-style-type: disc;'>\n<li style='margin-bottom: 5px;'><strong>Tipo:<\/strong> IPS<\/li>\n<li style='margin-bottom: 5px;'><strong>Tama\u00f1o:<\/strong> 4.0 pulgadas<\/li>\n<li style='margin-bottom: 5px;'><strong>Resoluci\u00f3n:<\/strong> 640 x 1136 p\u00edxeles<\/li>\n<\/ul><\/div>\n<\/p><\/div>\n<p> <!-- Rendimiento --> <\/p>\n<div style='flex: 1 1 250px; border: 1px solid rgba(150&comma; 150&comma; 150&comma; 0.4); border-radius: 8px; overflow: hidden; display: flex; flex-direction: column;'>\n<div style='padding: 15px; border-bottom: 1px solid rgba(150&comma; 150&comma; 150&comma; 0.2); font-weight: bold; font-size: 18px; color: inherit;'> Rendimiento <\/div>\n<div style='padding: 15px; color: inherit;'>\n<ul style='padding-left: 20px; margin: 0; font-size: 14px; list-style-type: disc;'>\n<li style='margin-bottom: 5px;'><strong>Procesador:<\/strong> Qualcomm\u00ae Octa-Core QCM4290&comma; 2.0 GHz<\/li>\n<li style='margin-bottom: 5px;'><strong>Memoria RAM:<\/strong> 4 GB<\/li>\n<li style='margin-bottom: 5px;'><strong>Almacenamiento Interno:<\/strong> 64 GB<\/li>\n<li style='margin-bottom: 5px;'><strong>Sistema Operativo:<\/strong> Android\u2122 12 con GMS<\/li>\n<\/ul><\/div>\n<\/p><\/div>\n<p> <!-- Bater\u00eda --> <\/p>\n<div style='flex: 1 1 250px; border: 1px solid rgba(150&comma; 150&comma; 150&comma; 0.4); border-radius: 8px; overflow: hidden; display: flex; flex-direction: column;'>\n<div style='padding: 15px; border-bottom: 1px solid rgba(150&comma; 150&comma; 150&comma; 0.2); font-weight: bold; font-size: 18px; color: inherit;'> Bater\u00eda <\/div>\n<div style='padding: 15px; color: inherit;'>\n<ul style='padding-left: 20px; margin: 0; font-size: 14px; list-style-type: disc;'>\n<li style='margin-bottom: 5px;'><strong>Capacidad:<\/strong> 5000 mAh<\/li>\n<li style='margin-bottom: 5px;'><strong>Tipo:<\/strong> Removible<\/li>\n<li style='margin-bottom: 5px;'><strong>Conectividad de Carga:<\/strong> Puerto Type-C con soporte USB 3.0&comma; 2 pines pogo para cargador de escritorio<\/li>\n<\/ul><\/div>\n<\/p><\/div>\n<p> <!-- Conectividad --> <\/p>\n<div style='flex: 1 1 250px; border: 1px solid rgba(150&comma; 150&comma; 150&comma; 0.4); border-radius: 8px; overflow: hidden; display: flex; flex-direction: column;'>\n<div style='padding: 15px; border-bottom: 1px solid rgba(150&comma; 150&comma; 150&comma; 0.2); font-weight: bold; font-size: 18px; color: inherit;'> Conectividad <\/div>\n<div style='padding: 15px; color: inherit;'>\n<ul style='padding-left: 20px; margin: 0; font-size: 14px; list-style-type: disc;'>\n<li style='margin-bottom: 5px;'><strong>Redes Celulares:<\/strong>\n<ul style='padding-left: 20px; margin: 5px 0; font-size: 13px; list-style-type: disc;'>\n<li style='margin-bottom: 3px;'>GSM: B2\/3\/5\/8<\/li>\n<li style='margin-bottom: 3px;'>WCDMA: B1\/2\/4\/5\/8<\/li>\n<li style='margin-bottom: 3px;'>TDD-LTE: 34\/38\/39\/40\/41(full)<\/li>\n<li style='margin-bottom: 3px;'>FDD-LTE: B1\/2\/3\/4\/5\/7\/8\/12\/13\/17\/20\/26\/28\/66<\/li>\n<\/ul>\n<\/li>\n<li style='margin-bottom: 5px;'><strong>Wi-Fi:<\/strong> 802.11 a\/b\/g\/n\/ac\/e\/k\/r\/v con roaming mejorado<\/li>\n<li style='margin-bottom: 5px;'><strong>GPS:<\/strong> A-GPS&comma; Glonass&comma; Galileo&comma; Beidou<\/li>\n<li style='margin-bottom: 5px;'><strong>NFC:<\/strong> S\u00ed<\/li>\n<li style='margin-bottom: 5px;'><strong>Bluetooth:<\/strong> Versi\u00f3n 5.0 con baja energ\u00eda<\/li>\n<li style='margin-bottom: 5px;'><strong>Tarjeta SIM:<\/strong> Dual Nano SIM<\/li>\n<\/ul><\/div>\n<\/p><\/div>\n<p> <!-- C\u00e1mara --> <\/p>\n<div style='flex: 1 1 250px; border: 1px solid rgba(150&comma; 150&comma; 150&comma; 0.4); border-radius: 8px; overflow: hidden; display: flex; flex-direction: column;'>\n<div style='padding: 15px; border-bottom: 1px solid rgba(150&comma; 150&comma; 150&comma; 0.2); font-weight: bold; font-size: 18px; color: inherit;'> C\u00e1mara <\/div>\n<div style='padding: 15px; color: inherit;'>\n<ul style='padding-left: 20px; margin: 0; font-size: 14px; list-style-type: disc;'>\n<li style='margin-bottom: 5px;'><strong>Principal:<\/strong> 13 MP con autoenfoque por detecci\u00f3n de fase (PDAF)<\/li>\n<li style='margin-bottom: 5px;'><strong>Frontal:<\/strong> 5 MP con enfoque fijo (FF)<\/li>\n<li style='margin-bottom: 5px;'><strong>Flash:<\/strong> 4 LEDs<\/li>\n<\/ul><\/div>\n<\/p><\/div>\n<p> <!-- Audio y Comunicaci\u00f3n --> <\/p>\n<div style='flex: 1 1 250px; border: 1px solid rgba(150&comma; 150&comma; 150&comma; 0.4); border-radius: 8px; overflow: hidden; display: flex; flex-direction: column;'>\n<div style='padding: 15px; border-bottom: 1px solid rgba(150&comma; 150&comma; 150&comma; 0.2); font-weight: bold; font-size: 18px; color: inherit;'> Audio y Comunicaci\u00f3n <\/div>\n<div style='padding: 15px; color: inherit;'>\n<ul style='padding-left: 20px; margin: 0; font-size: 14px; list-style-type: disc;'>\n<li style='margin-bottom: 5px;'><strong>Altavoz:<\/strong> Potente altavoz frontal de 105 dB<\/li>\n<li style='margin-bottom: 5px;'><strong>Interfaz de Audio:<\/strong> Conector de 13 pines con agujero de tornillo<\/li>\n<li style='margin-bottom: 5px;'><strong>Bot\u00f3n SOS:<\/strong> Integrado para emergencias<\/li>\n<\/ul><\/div>\n<\/p><\/div>\n<p> <!-- Sensores --> <\/p>\n<div style='flex: 1 1 250px; border: 1px solid rgba(150&comma; 150&comma; 150&comma; 0.4); border-radius: 8px; overflow: hidden; display: flex; flex-direction: column;'>\n<div style='padding: 15px; border-bottom: 1px solid rgba(150&comma; 150&comma; 150&comma; 0.2); font-weight: bold; font-size: 18px; color: inherit;'> Sensores <\/div>\n<div style='padding: 15px; color: inherit;'>\n<ul style='padding-left: 20px; margin: 0; font-size: 14px; list-style-type: disc;'>\n<li style='margin-bottom: 5px;'>Aceler\u00f3metro<\/li>\n<li style='margin-bottom: 5px;'>Giroscopio<\/li>\n<li style='margin-bottom: 5px;'>Br\u00fajula<\/li>\n<li style='margin-bottom: 5px;'>Sensor de luz y proximidad<\/li>\n<\/ul><\/div>\n<\/p><\/div>\n<p> <!-- Accesorios Incluidos --> <\/p>\n<div style='flex: 1 1 250px; border: 1px solid rgba(150&comma; 150&comma; 150&comma; 0.4); border-radius: 8px; overflow: hidden; display: flex; flex-direction: column;'>\n<div style='padding: 15px; border-bottom: 1px solid rgba(150&comma; 150&comma; 150&comma; 0.2); font-weight: bold; font-size: 18px; color: inherit;'> Accesorios Incluidos <\/div>\n<div style='padding: 15px; color: inherit;'>\n<ul style='padding-left: 20px; margin: 0; font-size: 14px; list-style-type: disc;'>\n<li style='margin-bottom: 5px;'>Clip para cintur\u00f3n<\/li>\n<li style='margin-bottom: 5px;'>Cargador USB Tipo C<\/li>\n<\/ul><\/div>\n<\/p><\/div>\n<p> <!-- Accesorios Opcionales --> <\/p>\n<div style='flex: 1 1 250px; border: 1px solid rgba(150&comma; 150&comma; 150&comma; 0.4); border-radius: 8px; overflow: hidden; display: flex; flex-direction: column;'>\n<div style='padding: 15px; border-bottom: 1px solid rgba(150&comma; 150&comma; 150&comma; 0.2); font-weight: bold; font-size: 18px; color: inherit;'> Accesorios Opcionales <\/div>\n<div style='padding: 15px; color: inherit;'>\n<ul style='padding-left: 20px; margin: 0; font-size: 14px; list-style-type: disc;'>\n<li style='margin-bottom: 5px;'>Cargador de escritorio multiunidad<\/li>\n<li style='margin-bottom: 5px;'>Auricular PTT de 13 pines<\/li>\n<li style='margin-bottom: 5px;'>RSM PTT de 13 pines<\/li>\n<li style='margin-bottom: 5px;'>Bluetooth RSM<\/li>\n<\/ul><\/div>\n<\/p><\/div>\n<\/p><\/div>\n<\/p><\/div>\n<p> <!-- Enlaces de navegaci\u00f3n --> <\/p>\n<div style='margin-top: 30px; display: flex; flex-wrap: wrap; gap: 10px;'> <a href='https:\/\/www.ruggear.com\/es\/productos\/smartphones\/rg750.html#c1198' style='padding: 8px 12px; background-color: #007bff; color: white; text-decoration: none; border-radius: 4px; font-size: 14px; flex: 1 1 150px; min-width: 120px; text-align: center;'> MCPTT <\/a> <a href='https:\/\/www.ruggear.com\/es\/productos\/smartphones\/rg750.html#c1199' style='padding: 8px 12px; background-color: #007bff; color: white; text-decoration: none; border-radius: 4px; font-size: 14px; flex: 1 1 150px; min-width: 120px; text-align: center;'> Procesador Qualcomm\u00ae <\/a> <a href='https:\/\/www.ruggear.com\/es\/productos\/smartphones\/rg750.html#c1200' style='padding: 8px 12px; background-color: #007bff; color: white; text-decoration: none; border-radius: 4px; font-size: 14px; flex: 1 1 150px; min-width: 120px; text-align: center;'> Compatible con la red mundial LTE <\/a> <\/div>\n<p> <!-- Separador final --> <\/p>\n<hr style='border: 0; border-top: 1px solid rgba(150&comma; 150&comma; 150&comma; 0.3); margin: 30px 0;'> <\/div>\n","protected":false},"excerpt":{"rendered":"<p>KIT de Radio RG750 con 12 meses de Servicio de Radio TASSTA SMART<\/p>\n","protected":false},"featured_media":60514,"comment_status":"open","ping_status":"closed","template":"","meta":[],"product_brand":[],"product_cat":[1606],"product_tag":[1607,1508,1510],"class_list":{"0":"post-60515","1":"product","2":"type-product","3":"status-publish","4":"has-post-thumbnail","6":"product_cat-radios-4g","7":"product_tag-radios-4g","8":"product_tag-radios-lte","9":"product_tag-tassta","11":"first","12":"outofstock","13":"sale","14":"shipping-taxable","15":"purchasable","16":"product-type-simple"},"_links":{"self":[{"href":"https:\/\/soydeaqui.ddns.net\/pachuca\/index.php\/wp-json\/wp\/v2\/product\/60515","targetHints":{"allow":["GET"]}}],"collection":[{"href":"https:\/\/soydeaqui.ddns.net\/pachuca\/index.php\/wp-json\/wp\/v2\/product"}],"about":[{"href":"https:\/\/soydeaqui.ddns.net\/pachuca\/index.php\/wp-json\/wp\/v2\/types\/product"}],"replies":[{"embeddable":true,"href":"https:\/\/soydeaqui.ddns.net\/pachuca\/index.php\/wp-json\/wp\/v2\/comments?post=60515"}],"wp:featuredmedia":[{"embeddable":true,"href":"https:\/\/soydeaqui.ddns.net\/pachuca\/index.php\/wp-json\/wp\/v2\/media\/60514"}],"wp:attachment":[{"href":"https:\/\/soydeaqui.ddns.net\/pachuca\/index.php\/wp-json\/wp\/v2\/media?parent=60515"}],"wp:term":[{"taxonomy":"product_brand","embeddable":true,"href":"https:\/\/soydeaqui.ddns.net\/pachuca\/index.php\/wp-json\/wp\/v2\/product_brand?post=60515"},{"taxonomy":"product_cat","embeddable":true,"href":"https:\/\/soydeaqui.ddns.net\/pachuca\/index.php\/wp-json\/wp\/v2\/product_cat?post=60515"},{"taxonomy":"product_tag","embeddable":true,"href":"https:\/\/soydeaqui.ddns.net\/pachuca\/index.php\/wp-json\/wp\/v2\/product_tag?post=60515"}],"curies":[{"name":"wp","href":"https:\/\/api.w.org\/{rel}","templated":true}]}}