{"id":60506,"date":"2026-03-19T05:36:37","date_gmt":"2026-03-19T05:36:37","guid":{"rendered":"https:\/\/soydeaqui.ddns.net\/pachuca\/index.php\/producto\/radio-marino-portatil-vhf-flotante-y-sumergible-rx-156-050-163-275mhz-tx-156-025-157-425mhz-cumple-con-los-canales-marinos-internacionales-de-eua-y-canada\/"},"modified":"2026-03-19T05:36:44","modified_gmt":"2026-03-19T05:36:44","slug":"radio-marino-portatil-vhf-flotante-y-sumergible-rx-156-050-163-275mhz-tx-156-025-157-425mhz-cumple-con-los-canales-marinos-internacionales-de-eua-y-canada","status":"publish","type":"product","link":"https:\/\/soydeaqui.ddns.net\/pachuca\/index.php\/producto\/radio-marino-portatil-vhf-flotante-y-sumergible-rx-156-050-163-275mhz-tx-156-025-157-425mhz-cumple-con-los-canales-marinos-internacionales-de-eua-y-canada\/","title":{"rendered":"Radio Marino Port\u00e1til VHF, flotante y sumergible, Rx: 156.050-163.275MHz Tx: 156.025-157.425MHz, cumple con los canales marinos Internacionales, de EUA y Canad\u00e1"},"content":{"rendered":"<div style='width: 100%; max-width: 1200px; margin: 0 auto; font-family: sans-serif; line-height: 1.6; color: inherit; background-color: transparent;'>\n<div style='display: flex; flex-wrap: wrap; gap: 30px; margin-bottom: 30px;'>\n<div style='flex: 1 1 300px; min-width: 280px;'>\n<h3 style='font-size: 22px; border-bottom: 2px solid currentColor; padding-bottom: 5px; margin-top: 0; color: inherit; opacity: 0.8;'>Descripci\u00f3n<\/h3>\n<p style='font-size: 15px; color: inherit; text-align: justify;'> El Uniden MHS75 es una radio marina VHF port\u00e1til&comma; compacta y resistente que viene equipada con caracter\u00edsticas sobresalientes como Memory Channel Scan&comma; clasificaci\u00f3n de impermeabilidad IPX8 y una duraci\u00f3n de bater\u00eda de 12 horas. Tambi\u00e9n se incluyen accesorios como un cargador de CC r\u00e1pido con clip&comma; una correa para la mu\u00f1eca y bater\u00edas de litio recargables. El MHS75 es una radio marina VHF bidireccional muy fiable. <\/p>\n<\/p><\/div>\n<\/p><\/div>\n<div style='display: flex; flex-wrap: wrap; gap: 20px; margin-bottom: 30px;'>\n<div style='flex: 1 1 250px; border: 1px solid rgba(150&comma; 150&comma; 150&comma; 0.4); border-radius: 8px; overflow: hidden; display: flex; flex-direction: column;'>\n<div style='padding: 15px; border-bottom: 1px solid rgba(150&comma; 150&comma; 150&comma; 0.2); font-weight: bold; font-size: 18px; color: inherit;'>Especificaciones<\/div>\n<div style='padding: 15px; color: inherit;'>\n<ul style='padding-left: 20px; margin: 0; font-size: 14px; list-style-type: disc;'>\n<li style='margin-bottom: 5px;'>Rango de frecuencias marinas 156.050 a 164 MHz<\/li>\n<li style='margin-bottom: 5px;'>Canales marinos (USA\/INT\/CAN)<\/li>\n<li style='margin-bottom: 5px;'>Pantalla de cristal l\u00edquido (LCD)<\/li>\n<li style='margin-bottom: 5px;'>Potencia de 1 a 5 Watts<\/li>\n<li style='margin-bottom: 5px;'>Sumergible y flotante IPX8<\/li>\n<li style='margin-bottom: 5px;'>Canales de emergencia 16\/9<\/li>\n<li style='margin-bottom: 5px;'>Bater\u00eda de Li-Ion con capacidad de almacenamiento de 1040 mAh<\/li>\n<\/ul><\/div>\n<\/p><\/div>\n<div style='flex: 1 1 250px; border: 1px solid rgba(150&comma; 150&comma; 150&comma; 0.4); border-radius: 8px; overflow: hidden; display: flex; flex-direction: column;'>\n<div style='padding: 15px; border-bottom: 1px solid rgba(150&comma; 150&comma; 150&comma; 0.2); font-weight: bold; font-size: 18px; color: inherit;'>Contenido del paquete<\/div>\n<div style='padding: 15px; color: inherit;'>\n<ul style='padding-left: 20px; margin: 0; font-size: 14px; list-style-type: disc;'>\n<li style='margin-bottom: 5px;'>Antena<\/li>\n<li style='margin-bottom: 5px;'>Bater\u00eda de Li-Ion<\/li>\n<li style='margin-bottom: 5px;'>Clip<\/li>\n<li style='margin-bottom: 5px;'>Correa de mano<\/li>\n<li style='margin-bottom: 5px;'>Cargador con toma tipo encendedor<\/li>\n<\/ul><\/div>\n<\/p><\/div>\n<div style='flex: 1 1 250px; border: 1px solid rgba(150&comma; 150&comma; 150&comma; 0.4); border-radius: 8px; overflow: hidden; display: flex; flex-direction: column;'>\n<div style='padding: 15px; border-bottom: 1px solid rgba(150&comma; 150&comma; 150&comma; 0.2); font-weight: bold; font-size: 18px; color: inherit;'>Caracter\u00edsticas f\u00edsicas<\/div>\n<div style='padding: 15px; color: inherit;'>\n<ul style='padding-left: 20px; margin: 0; font-size: 14px; list-style-type: disc;'>\n<li style='margin-bottom: 5px;'>Dimensiones: 116.2 (H) x 63.3 (W) x 39 (D) mm<\/li>\n<li style='margin-bottom: 5px;'>Peso: 290 g<\/li>\n<\/ul><\/div>\n<\/p><\/div>\n<\/p><\/div>\n<hr style='border: 0; border-top: 1px solid rgba(150&comma; 150&comma; 150&comma; 0.3); margin: 30px 0;'> <\/div>\n","protected":false},"excerpt":{"rendered":"<p>Radio Marino Port\u00e1til VHF, flotante y sumergible, Rx: 156.050-163.275MHz Tx: 156.025-157.425MHz, cumple con los canales marinos Internacionales, de EUA y Canad\u00e1<\/p>\n","protected":false},"featured_media":60505,"comment_status":"open","ping_status":"closed","template":"","meta":[],"product_brand":[],"product_cat":[1285],"product_tag":[1287,1286,1733],"class_list":{"0":"post-60506","1":"product","2":"type-product","3":"status-publish","4":"has-post-thumbnail","6":"product_cat-portatiles","7":"product_tag-portatiles","8":"product_tag-radios-marinos","9":"product_tag-uniden","11":"first","12":"instock","13":"sale","14":"shipping-taxable","15":"purchasable","16":"product-type-simple"},"_links":{"self":[{"href":"https:\/\/soydeaqui.ddns.net\/pachuca\/index.php\/wp-json\/wp\/v2\/product\/60506","targetHints":{"allow":["GET"]}}],"collection":[{"href":"https:\/\/soydeaqui.ddns.net\/pachuca\/index.php\/wp-json\/wp\/v2\/product"}],"about":[{"href":"https:\/\/soydeaqui.ddns.net\/pachuca\/index.php\/wp-json\/wp\/v2\/types\/product"}],"replies":[{"embeddable":true,"href":"https:\/\/soydeaqui.ddns.net\/pachuca\/index.php\/wp-json\/wp\/v2\/comments?post=60506"}],"wp:featuredmedia":[{"embeddable":true,"href":"https:\/\/soydeaqui.ddns.net\/pachuca\/index.php\/wp-json\/wp\/v2\/media\/60505"}],"wp:attachment":[{"href":"https:\/\/soydeaqui.ddns.net\/pachuca\/index.php\/wp-json\/wp\/v2\/media?parent=60506"}],"wp:term":[{"taxonomy":"product_brand","embeddable":true,"href":"https:\/\/soydeaqui.ddns.net\/pachuca\/index.php\/wp-json\/wp\/v2\/product_brand?post=60506"},{"taxonomy":"product_cat","embeddable":true,"href":"https:\/\/soydeaqui.ddns.net\/pachuca\/index.php\/wp-json\/wp\/v2\/product_cat?post=60506"},{"taxonomy":"product_tag","embeddable":true,"href":"https:\/\/soydeaqui.ddns.net\/pachuca\/index.php\/wp-json\/wp\/v2\/product_tag?post=60506"}],"curies":[{"name":"wp","href":"https:\/\/api.w.org\/{rel}","templated":true}]}}