{"id":60476,"date":"2026-03-19T05:35:42","date_gmt":"2026-03-19T05:35:42","guid":{"rendered":"https:\/\/soydeaqui.ddns.net\/pachuca\/index.php\/producto\/kit-de-barra-de-tierra-fisica-para-rack-de-19-in-fabricada-en-aleacion-de-cobre-electrolitica-resistente\/"},"modified":"2026-03-19T05:35:42","modified_gmt":"2026-03-19T05:35:42","slug":"kit-de-barra-de-tierra-fisica-para-rack-de-19-in-fabricada-en-aleacion-de-cobre-electrolitica-resistente","status":"publish","type":"product","link":"https:\/\/soydeaqui.ddns.net\/pachuca\/index.php\/producto\/kit-de-barra-de-tierra-fisica-para-rack-de-19-in-fabricada-en-aleacion-de-cobre-electrolitica-resistente\/","title":{"rendered":"Kit de Barra de Tierra F\u00edsica, Para Rack de 19 in, Fabricada en Aleaci\u00f3n de Cobre Electrol\u00edtica Resistente"},"content":{"rendered":"<div style='width: 100%; max-width: 1200px; margin: 0 auto; font-family: sans-serif; line-height: 1.6; color: inherit; background-color: transparent;'> <!-- Secci\u00f3n de descripci\u00f3n --> <\/p>\n<div style='margin-bottom: 30px;'>\n<p style='margin-top: 0; margin-bottom: 15px; font-size: 15px; color: inherit;'>Los kits de barra de tierra horizontal se montan en un Rack&comma; lo que proporciona un lugar conveniente para conectar las tierras del equipo. Los kits incluyen una barra de tierra con accesorios de montaje; ocho tornillos #6-32 x 14 y ocho terminales de anillo #6.<\/p>\n<p style='margin-top: 0; margin-bottom: 15px; font-size: 15px; color: inherit;'>Estos componentes cumplen con los requisitos de conexi\u00f3n a tierra y conexi\u00f3n a tierra de gabinetes y racks de marco abierto para aplicaciones de centros de datos y salas de telecomunicaciones.<\/p>\n<\/p><\/div>\n<p> <!-- Secci\u00f3n de caracter\u00edsticas --> <\/p>\n<div style='margin-bottom: 30px;'>\n<h3 style='font-size: 22px; border-bottom: 2px solid currentColor; padding-bottom: 5px; margin-top: 0; color: inherit; opacity: 0.8;'>Caracter\u00edsticas principales<\/h3>\n<ul style='padding-left: 20px; margin-top: 15px; margin-bottom: 15px; font-size: 15px; color: inherit; list-style-type: disc;'>\n<li style='margin-bottom: 5px; color: inherit;'>Componentes especialmente dise\u00f1ados para facilitar eficientemente conexiones confiables.<\/li>\n<li style='margin-bottom: 5px; color: inherit;'>Permitir que el sistema cumpla con los requisitos de conexi\u00f3n a tierra del fabricante del equipo.<\/li>\n<li style='margin-bottom: 5px; color: inherit;'>Los componentes se ajustan a bastidores de marco abierto con clasificaci\u00f3n EIA 310-D<\/li>\n<li style='margin-bottom: 5px; color: inherit;'>Hecho de aleaci\u00f3n de cobre electrol\u00edtica resistente 110.<\/li>\n<\/ul><\/div>\n<p> <!-- Secci\u00f3n de especificaciones --> <\/p>\n<div style='margin-bottom: 30px;'>\n<h3 style='font-size: 22px; border-bottom: 2px solid currentColor; padding-bottom: 5px; margin-top: 0; color: inherit; opacity: 0.8;'>Especificaciones T\u00e9cnicas<\/h3>\n<ul style='padding-left: 20px; margin-top: 15px; margin-bottom: 15px; font-size: 15px; color: inherit; list-style-type: disc;'>\n<li style='margin-bottom: 5px; color: inherit;'><strong>Material:<\/strong> Cobre<\/li>\n<li style='margin-bottom: 5px; color: inherit;'><strong>Terminado:<\/strong> Electrochapado; esta\u00f1ado<\/li>\n<li style='margin-bottom: 5px; color: inherit;'><strong>Color:<\/strong> Sin pintar<\/li>\n<li style='margin-bottom: 5px; color: inherit;'><strong>Espesor:<\/strong> 6mm<\/li>\n<li style='margin-bottom: 5px; color: inherit;'><strong>Tama\u00f1o de la barra:<\/strong> 25 x 489 x 6 mm<\/li>\n<\/ul><\/div>\n<p> <!-- Separador --> <\/p>\n<hr style='border: 0; border-top: 1px solid rgba(150&comma; 150&comma; 150&comma; 0.3); margin: 30px 0;'> <\/div>\n","protected":false},"excerpt":{"rendered":"<p>Kit de Barra de Tierra F\u00edsica, Para Rack de 19 in, Fabricada en Aleaci\u00f3n de Cobre Electrol\u00edtica Resistente<\/p>\n","protected":false},"featured_media":60475,"comment_status":"open","ping_status":"closed","template":"","meta":[],"product_brand":[],"product_cat":[604],"product_tag":[606,698,605],"class_list":{"0":"post-60476","1":"product","2":"type-product","3":"status-publish","4":"has-post-thumbnail","6":"product_cat-accesorios-para-racks-y-gabinetes","7":"product_tag-accesorios-para-racks-y-gabinetes","8":"product_tag-hoffman","9":"product_tag-racks-y-gabinetes","11":"first","12":"instock","13":"sale","14":"shipping-taxable","15":"purchasable","16":"product-type-simple"},"_links":{"self":[{"href":"https:\/\/soydeaqui.ddns.net\/pachuca\/index.php\/wp-json\/wp\/v2\/product\/60476","targetHints":{"allow":["GET"]}}],"collection":[{"href":"https:\/\/soydeaqui.ddns.net\/pachuca\/index.php\/wp-json\/wp\/v2\/product"}],"about":[{"href":"https:\/\/soydeaqui.ddns.net\/pachuca\/index.php\/wp-json\/wp\/v2\/types\/product"}],"replies":[{"embeddable":true,"href":"https:\/\/soydeaqui.ddns.net\/pachuca\/index.php\/wp-json\/wp\/v2\/comments?post=60476"}],"wp:featuredmedia":[{"embeddable":true,"href":"https:\/\/soydeaqui.ddns.net\/pachuca\/index.php\/wp-json\/wp\/v2\/media\/60475"}],"wp:attachment":[{"href":"https:\/\/soydeaqui.ddns.net\/pachuca\/index.php\/wp-json\/wp\/v2\/media?parent=60476"}],"wp:term":[{"taxonomy":"product_brand","embeddable":true,"href":"https:\/\/soydeaqui.ddns.net\/pachuca\/index.php\/wp-json\/wp\/v2\/product_brand?post=60476"},{"taxonomy":"product_cat","embeddable":true,"href":"https:\/\/soydeaqui.ddns.net\/pachuca\/index.php\/wp-json\/wp\/v2\/product_cat?post=60476"},{"taxonomy":"product_tag","embeddable":true,"href":"https:\/\/soydeaqui.ddns.net\/pachuca\/index.php\/wp-json\/wp\/v2\/product_tag?post=60476"}],"curies":[{"name":"wp","href":"https:\/\/api.w.org\/{rel}","templated":true}]}}