{"id":604,"date":"2026-03-18T05:41:26","date_gmt":"2026-03-18T05:41:26","guid":{"rendered":"https:\/\/soydeaqui.ddns.net\/pachuca\/index.php\/producto\/alarma-theft-stopper-para-prevenir-robo-y-mal-uso-de-extintores-de-incendio\/"},"modified":"2026-03-18T05:41:28","modified_gmt":"2026-03-18T05:41:28","slug":"alarma-theft-stopper-para-prevenir-robo-y-mal-uso-de-extintores-de-incendio","status":"publish","type":"product","link":"https:\/\/soydeaqui.ddns.net\/pachuca\/index.php\/producto\/alarma-theft-stopper-para-prevenir-robo-y-mal-uso-de-extintores-de-incendio\/","title":{"rendered":"Alarma Theft Stopper\u00ae Para Prevenir Robo y Mal Uso De Extintores De Incendio"},"content":{"rendered":"<div style='width: 100%; max-width: 1200px; margin: 0 auto; font-family: sans-serif; line-height: 1.6; color: inherit; background-color: transparent;'>\n<div style='display: flex; flex-direction: column; gap: 20px;'>\n<div style='text-align: center;'>\n<h2 style='font-size: 24px; margin: 0; color: inherit; opacity: 0.9;'>Alarmas Para Extintores De Incendio Serie Theft Stopper\u00ae<\/h2>\n<h2 style='font-size: 24px; margin: 0; color: inherit; opacity: 0.9;'>Disuade y Alerta del Mal Uso o Robo<\/h2>\n<\/p><\/div>\n<div style='display: flex; flex-wrap: wrap; gap: 30px; align-items: center;'>\n<div style='flex: 1 1 300px; min-width: 280px;'>\n<p style='font-size: 15px; color: inherit; margin: 0 0 15px 0;'>La alarma Theft Stopper\u00ae altamente efectiva puede servir como una alarma pr\u00e1ctica para el mal uso o robo de extintores de incendio&comma; como una soluci\u00f3n econ\u00f3mica y pr\u00e1ctica. Si se retira el extintor&comma; el Theft Stopper\u00ae electr\u00f3nico emite una potente sirena de aviso de <strong style='color: inherit;'>95\/105 dB<\/strong>.<\/p>\n<\/p><\/div>\n<\/p><\/div>\n<div style='display: flex; flex-wrap: wrap; gap: 30px;'>\n<div style='flex: 1 1 300px; min-width: 280px;'>\n<h3 style='font-size: 22px; border-bottom: 2px solid currentColor; padding-bottom: 5px; margin-top: 0; margin-bottom: 15px; color: inherit; opacity: 0.8;'>Caracter\u00edsticas Generales<\/h3>\n<ul style='padding-left: 20px; font-size: 15px; color: inherit; margin: 0;'>\n<li style='margin-bottom: 5px;'><strong style='color: inherit;'>Aprobado por CE&comma; cumple con FCC e IC<\/strong>.<\/li>\n<li style='margin-bottom: 5px;'>La &#8216;se\u00f1al de alto&#8217; altamente visible act\u00faa como elemento disuasorio.<\/li>\n<li style='margin-bottom: 5px;'>Alarma de extintor Theft Stopper\u00ae para robo y mal uso.<\/li>\n<li style='margin-bottom: 5px;'>Se monta f\u00e1cilmente al lado del extintor.<\/li>\n<li style='margin-bottom: 5px;'>Deja el extintor accesible para emergencias y no interfiere con la extinci\u00f3n de incendios de ninguna manera.<\/li>\n<li style='margin-bottom: 5px;'>Cable de desactivaci\u00f3n para mantenimiento.<\/li>\n<li style='margin-bottom: 5px;'>Unidad aut\u00f3noma con bater\u00eda alcalina 9V (incluida) o alimentaci\u00f3n de 12-24 Vcd.<\/li>\n<li style='margin-bottom: 5px;'><strong style='color: inherit;'>Bocina de advertencia de 95\/105 dB<\/strong>.<\/li>\n<li style='margin-bottom: 5px;'><strong style='color: inherit;'>Solo uso en interiores<\/strong>.<\/li>\n<li style='margin-bottom: 5px;'>Advertencia visual y audible.<\/li>\n<li style='margin-bottom: 5px;'>La etiqueta incluida permite advertir en dos idiomas.<\/li>\n<li style='margin-bottom: 5px;'>Carcasa de policarbonato super resistente.<\/li>\n<li style='margin-bottom: 5px;'>Volumen: Alto 112dB a 1ft&comma; 103dB a 3ft. Bajo 109dB a 1ft&comma; 98dB a 3ft.<\/li>\n<li style='margin-bottom: 5px;'>Agrega advertencia en un segundo idioma con las etiquetas proporcionadas (21 idiomas).<\/li>\n<li style='margin-bottom: 5px;'>Instalaci\u00f3n sumamente sencilla.<\/li>\n<li style='margin-bottom: 5px;'>Advertencia de bater\u00eda baja.<\/li>\n<li style='margin-bottom: 5px;'>Aprobado por CE&comma; cumple con FCC e IC.<\/li>\n<li style='margin-bottom: 5px;'>Dimensiones: (5.375&#8242;) altura x (5.375&#8242;) ancho x (2&#8242;) profundidad.<\/li>\n<\/ul><\/div>\n<\/p><\/div>\n<hr style='border: 0; border-top: 1px solid rgba(150&comma; 150&comma; 150&comma; 0.3); margin: 30px 0;'>\n<div style='display: flex; flex-wrap: wrap; gap: 30px; justify-content: center;'>\n<div style='flex: 1 1 560px; min-width: 300px; max-width: 560px;'>\n<div style='position: relative; padding-bottom: 56.25%; height: 0; overflow: hidden; margin-bottom: 30px;'>   <\/div>\n<\/p><\/div>\n<div style='flex: 1 1 560px; min-width: 300px; max-width: 560px;'>\n<div style='position: relative; padding-bottom: 56.25%; height: 0; overflow: hidden; margin-bottom: 30px;'>   <\/div>\n<\/p><\/div>\n<div style='flex: 1 1 560px; min-width: 300px; max-width: 560px;'>\n<div style='position: relative; padding-bottom: 56.25%; height: 0; overflow: hidden; margin-bottom: 30px;'>   <\/div>\n<\/p><\/div>\n<\/p><\/div>\n<\/p><\/div>\n<\/p><\/div>\n","protected":false},"excerpt":{"rendered":"<p>Alarma Theft Stopper\u00ae Para Prevenir Robo y Mal Uso De Extintores De Incendio<\/p>\n","protected":false},"featured_media":603,"comment_status":"open","ping_status":"closed","template":"","meta":[],"product_brand":[],"product_cat":[223],"product_tag":[224,169,225],"class_list":{"0":"post-604","1":"product","2":"type-product","3":"status-publish","4":"has-post-thumbnail","6":"product_cat-todo","7":"product_tag-detectores-autonomos","8":"product_tag-sti","9":"product_tag-todo","11":"first","12":"instock","13":"sale","14":"shipping-taxable","15":"purchasable","16":"product-type-simple"},"_links":{"self":[{"href":"https:\/\/soydeaqui.ddns.net\/pachuca\/index.php\/wp-json\/wp\/v2\/product\/604","targetHints":{"allow":["GET"]}}],"collection":[{"href":"https:\/\/soydeaqui.ddns.net\/pachuca\/index.php\/wp-json\/wp\/v2\/product"}],"about":[{"href":"https:\/\/soydeaqui.ddns.net\/pachuca\/index.php\/wp-json\/wp\/v2\/types\/product"}],"replies":[{"embeddable":true,"href":"https:\/\/soydeaqui.ddns.net\/pachuca\/index.php\/wp-json\/wp\/v2\/comments?post=604"}],"wp:featuredmedia":[{"embeddable":true,"href":"https:\/\/soydeaqui.ddns.net\/pachuca\/index.php\/wp-json\/wp\/v2\/media\/603"}],"wp:attachment":[{"href":"https:\/\/soydeaqui.ddns.net\/pachuca\/index.php\/wp-json\/wp\/v2\/media?parent=604"}],"wp:term":[{"taxonomy":"product_brand","embeddable":true,"href":"https:\/\/soydeaqui.ddns.net\/pachuca\/index.php\/wp-json\/wp\/v2\/product_brand?post=604"},{"taxonomy":"product_cat","embeddable":true,"href":"https:\/\/soydeaqui.ddns.net\/pachuca\/index.php\/wp-json\/wp\/v2\/product_cat?post=604"},{"taxonomy":"product_tag","embeddable":true,"href":"https:\/\/soydeaqui.ddns.net\/pachuca\/index.php\/wp-json\/wp\/v2\/product_tag?post=604"}],"curies":[{"name":"wp","href":"https:\/\/api.w.org\/{rel}","templated":true}]}}