{"id":60386,"date":"2026-03-19T05:33:18","date_gmt":"2026-03-19T05:33:18","guid":{"rendered":"https:\/\/soydeaqui.ddns.net\/pachuca\/index.php\/producto\/brujula-de-mano-serie-sport-en-color-amarillo\/"},"modified":"2026-03-19T05:33:18","modified_gmt":"2026-03-19T05:33:18","slug":"brujula-de-mano-serie-sport-en-color-amarillo","status":"publish","type":"product","link":"https:\/\/soydeaqui.ddns.net\/pachuca\/index.php\/producto\/brujula-de-mano-serie-sport-en-color-amarillo\/","title":{"rendered":"Br\u00fajula de mano serie sport en color amarillo"},"content":{"rendered":"<div style='width: 100%; max-width: 1200px; margin: 0 auto; font-family: sans-serif; line-height: 1.6; color: inherit; background-color: transparent;'>\n<div style='display: flex; flex-direction: column; align-items: center; margin-bottom: 30px;'> <img style='width: 100%; height: auto; border: 1px solid rgba(150&comma;150&comma;150&comma;0.3); border-radius: 8px;' src='data:image\/png;base64&comma;iVBORw0KGgoAAAANSUhEUgAAAPMAAABQCAYAAADMfkN\/AAAAAXNSR0IArs4c6QAAAARnQU1BAACxjwv8YQUAAAAJcEhZcwAADsMAAA7DAcdvqGQAABVJSURBVHhe7Z1tyGVVFMePpWU5oYykOFKMlWYmU4FSOEFiKdoLFnHmgxVG431QCo1eI6EXSggGhVAv0AiihWkYWRGj4KU0BmEjUjBUCiZibC80imh43s3d93fWzL333HPPvee859x7733W2vudc+697zX3\/9Br\/f5v5v9GozE3T858ZdJoNOYiK2ZPz5P536TRaMzFv96Z9V944v2PAAAAAElFTkSuQmCC' alt=''> <\/div>\n<div style='display: flex; flex-wrap: wrap; gap: 30px; margin-bottom: 30px;'>\n<div style='flex: 1 1 300px; min-width: 280px;'>\n<h3 style='font-size: 22px; border-bottom: 2px solid currentColor; padding-bottom: 5px; margin-top: 0; color: inherit; opacity: 0.8;'>Caracter\u00edsticas<\/h3>\n<ul style='padding-left: 20px; font-size: 15px; color: inherit;'>\n<li style='margin-bottom: 5px;'><span style='vertical-align: inherit;'>Esfera de lectura directa de 2\u2033 (51 mm) f\u00e1cil de leer<\/span><\/li>\n<li style='margin-bottom: 5px;'><span style='vertical-align: inherit;'>Pivote de acero endurecido.<\/span><\/li>\n<li style='margin-bottom: 5px;'><span style='vertical-align: inherit;'>Diafragma de rodillo incorporado para rango operativo de temperatura extendido.<\/span><\/li>\n<li style='margin-bottom: 5px;'><span style='vertical-align: inherit;'>Caja amarilla de seguridad internacional.<\/span><\/li>\n<li style='margin-bottom: 5px;'><span style='vertical-align: inherit;'>Estuche de silicona resistente a impactos con cord\u00f3n para el cuello.<\/span><\/li>\n<li style='margin-bottom: 5px;'><span style='vertical-align: inherit;'>Tama\u00f1o compacto para f\u00e1cil manejo y almacenamiento.<\/span><\/li>\n<li style='margin-bottom: 5px;'><span style='vertical-align: inherit;'>L\u00ednea QuickSight V-Notch y Lubber para una f\u00e1cil alineaci\u00f3n del rumbo.<\/span><\/li>\n<li style='margin-bottom: 5px;'><span style='vertical-align: inherit;'>Las barras qu\u00edmicas no el\u00e9ctricas proporcionan 18 horas de iluminaci\u00f3n nocturna<\/span><\/li>\n<\/ul>\n<p style='margin: 15px 0 5px 0;'><span style='vertical-align: inherit;'>Peso aprox: .454 kg<\/span><\/p>\n<p style='margin: 5px 0;'><span style='vertical-align: inherit;'>Dimensiones:<\/span><\/p>\n<\/p><\/div>\n<div style='flex: 1 1 300px; min-width: 280px; display: flex; align-items: center; justify-content: center;'> <img style='width: 100%; height: auto; border: 1px solid rgba(150&comma;150&comma;150&comma;0.3); border-radius: 8px;' src='data:image\/png;base64&comma;iVBORw0KGgoAAAANSUhEUgAAAN0AAACeCAYAAAC2CA\/YAAAAAXNSR0IArs4c6QAAAARnQU1BAACxjwv8YQUAAAAJcEhZcwAADsMAAA7DAcdvqGQAAB28SURBVHhe7Z1\/zBXVjMe52U4n5KQ8D7a41cS8zG40xQS6BbVldwWKLaJrA2msvlCbSON21RVbTPwBW9NASgFdtUKT0lLBCglaSdQuCP3DaPlV\/IcXN1uwgab4V\/f9nDvP+z53OPOz5275945Z+bOnDv3nHPuOc+5537y2L9qCI\/HUwFv6TyeivGi83gqxovO46kYLzqPp2K86DyeivGi83gqJrF5+M99998fLr71VrjH4ymPf70z67\/wxPsfhIseT8V40Xk8FeNF5\/FUjBedx1MxXnQeT8V40Xk8FeNF5\/FUjBedx1MxXnQeT8V40Xk8FeNF5\/FUzP8A484x8031E0oAAAAASUVORK5CYII=' alt=''> <\/div>\n<\/p><\/div>\n<\/p><\/div>\n","protected":false},"excerpt":{"rendered":"<p>Br\u00fajula de mano serie sport en color amarillo<\/p>\n","protected":false},"featured_media":60385,"comment_status":"open","ping_status":"closed","template":"","meta":[],"product_brand":[],"product_cat":[1503],"product_tag":[1504,1569,1172],"class_list":{"0":"post-60386","1":"product","2":"type-product","3":"status-publish","4":"has-post-thumbnail","6":"product_cat-navegacion-marina","7":"product_tag-navegacion-marina","8":"product_tag-ritchie","9":"product_tag-soluciones-marinas","11":"first","12":"instock","13":"sale","14":"shipping-taxable","15":"purchasable","16":"product-type-simple"},"_links":{"self":[{"href":"https:\/\/soydeaqui.ddns.net\/pachuca\/index.php\/wp-json\/wp\/v2\/product\/60386","targetHints":{"allow":["GET"]}}],"collection":[{"href":"https:\/\/soydeaqui.ddns.net\/pachuca\/index.php\/wp-json\/wp\/v2\/product"}],"about":[{"href":"https:\/\/soydeaqui.ddns.net\/pachuca\/index.php\/wp-json\/wp\/v2\/types\/product"}],"replies":[{"embeddable":true,"href":"https:\/\/soydeaqui.ddns.net\/pachuca\/index.php\/wp-json\/wp\/v2\/comments?post=60386"}],"wp:featuredmedia":[{"embeddable":true,"href":"https:\/\/soydeaqui.ddns.net\/pachuca\/index.php\/wp-json\/wp\/v2\/media\/60385"}],"wp:attachment":[{"href":"https:\/\/soydeaqui.ddns.net\/pachuca\/index.php\/wp-json\/wp\/v2\/media?parent=60386"}],"wp:term":[{"taxonomy":"product_brand","embeddable":true,"href":"https:\/\/soydeaqui.ddns.net\/pachuca\/index.php\/wp-json\/wp\/v2\/product_brand?post=60386"},{"taxonomy":"product_cat","embeddable":true,"href":"https:\/\/soydeaqui.ddns.net\/pachuca\/index.php\/wp-json\/wp\/v2\/product_cat?post=60386"},{"taxonomy":"product_tag","embeddable":true,"href":"https:\/\/soydeaqui.ddns.net\/pachuca\/index.php\/wp-json\/wp\/v2\/product_tag?post=60386"}],"curies":[{"name":"wp","href":"https:\/\/api.w.org\/{rel}","templated":true}]}}