{"id":60367,"date":"2026-03-19T05:32:41","date_gmt":"2026-03-19T05:32:41","guid":{"rendered":"https:\/\/soydeaqui.ddns.net\/pachuca\/index.php\/producto\/lynx-shunt-ve-can-barra-de-distribucion-lynx-ve-can-para-monitoreo-e-bancos-de-baterias\/"},"modified":"2026-03-19T05:32:41","modified_gmt":"2026-03-19T05:32:41","slug":"lynx-shunt-ve-can-barra-de-distribucion-lynx-ve-can-para-monitoreo-e-bancos-de-baterias","status":"publish","type":"product","link":"https:\/\/soydeaqui.ddns.net\/pachuca\/index.php\/producto\/lynx-shunt-ve-can-barra-de-distribucion-lynx-ve-can-para-monitoreo-e-bancos-de-baterias\/","title":{"rendered":"Lynx Shunt VE.Can \/ Barra de Distribuci\u00f3n Lynx Ve.Can para Monitoreo e Bancos de Bater\u00edas"},"content":{"rendered":"<div style='width: 100%; max-width: 1200px; margin: 0 auto; font-family: sans-serif; line-height: 1.6; color: inherit; background-color: transparent;'>\n<div style='display: flex; flex-direction: column; align-items: center; text-align: center; margin-bottom: 30px;'>\n<h1 style='font-size: 2.625rem; margin: 0; color: inherit; font-weight: 400; line-height: 1.2;'> <strong><span style='font-size: 14pt; color: inherit;'>Barra de Distribuci\u00f3n Lynx Ve.Can<\/span><\/strong> <\/h1>\n<div style='margin-top: 1.5rem; font-size: 0.875rem; color: inherit;'>\n<p style='margin: 0.65rem 0; color: inherit;'>Es un derivador inteligente de 1000 A con espacio para un fusible (no incluido); el monitor incorporado de la bater\u00eda monitoriza con precisi\u00f3n el estado de carga de la bater\u00eda.<\/p>\n<p style='margin: 0.65rem 0; color: inherit;'>Utilice un dispositivo GX para leer la informaci\u00f3n.<\/p>\n<p style='margin: 0.65rem 0; color: inherit;'><strong><span style='color: #e74c3c; color: inherit;'>NOTA:<\/span><\/strong> Requiere de un fusible tipo CNN 325 A\/80 V<\/p>\n<\/p><\/div>\n<\/p><\/div>\n<\/p><\/div>\n","protected":false},"excerpt":{"rendered":"<p>Lynx Shunt VE.Can \/ Barra de Distribuci\u00f3n Lynx Ve.Can para Monitoreo e Bancos de Bater\u00edas<\/p>\n","protected":false},"featured_media":60366,"comment_status":"open","ping_status":"closed","template":"","meta":[],"product_brand":[],"product_cat":[1171],"product_tag":[1173,1172,1174],"class_list":{"0":"post-60367","1":"product","2":"type-product","3":"status-publish","4":"has-post-thumbnail","6":"product_cat-fuentes-cargadores","7":"product_tag-fuentes-cargadores","8":"product_tag-soluciones-marinas","9":"product_tag-victron-energy","11":"first","12":"instock","13":"sale","14":"shipping-taxable","15":"purchasable","16":"product-type-simple"},"_links":{"self":[{"href":"https:\/\/soydeaqui.ddns.net\/pachuca\/index.php\/wp-json\/wp\/v2\/product\/60367","targetHints":{"allow":["GET"]}}],"collection":[{"href":"https:\/\/soydeaqui.ddns.net\/pachuca\/index.php\/wp-json\/wp\/v2\/product"}],"about":[{"href":"https:\/\/soydeaqui.ddns.net\/pachuca\/index.php\/wp-json\/wp\/v2\/types\/product"}],"replies":[{"embeddable":true,"href":"https:\/\/soydeaqui.ddns.net\/pachuca\/index.php\/wp-json\/wp\/v2\/comments?post=60367"}],"wp:featuredmedia":[{"embeddable":true,"href":"https:\/\/soydeaqui.ddns.net\/pachuca\/index.php\/wp-json\/wp\/v2\/media\/60366"}],"wp:attachment":[{"href":"https:\/\/soydeaqui.ddns.net\/pachuca\/index.php\/wp-json\/wp\/v2\/media?parent=60367"}],"wp:term":[{"taxonomy":"product_brand","embeddable":true,"href":"https:\/\/soydeaqui.ddns.net\/pachuca\/index.php\/wp-json\/wp\/v2\/product_brand?post=60367"},{"taxonomy":"product_cat","embeddable":true,"href":"https:\/\/soydeaqui.ddns.net\/pachuca\/index.php\/wp-json\/wp\/v2\/product_cat?post=60367"},{"taxonomy":"product_tag","embeddable":true,"href":"https:\/\/soydeaqui.ddns.net\/pachuca\/index.php\/wp-json\/wp\/v2\/product_tag?post=60367"}],"curies":[{"name":"wp","href":"https:\/\/api.w.org\/{rel}","templated":true}]}}