{"id":60324,"date":"2026-03-19T05:31:24","date_gmt":"2026-03-19T05:31:24","guid":{"rendered":"https:\/\/soydeaqui.ddns.net\/pachuca\/index.php\/producto\/kit-amplificador-de-senal-celular-4g-incluye-mastil-mejora-las-llamadas-convencionales-y-volte-soporta-datos-de-tecnologias-2g-3g-y-4g-de-telcel-att-y-movistar-cubre-hasta-600-m2\/"},"modified":"2026-03-19T05:31:25","modified_gmt":"2026-03-19T05:31:25","slug":"kit-amplificador-de-senal-celular-4g-incluye-mastil-mejora-las-llamadas-convencionales-y-volte-soporta-datos-de-tecnologias-2g-3g-y-4g-de-telcel-att-y-movistar-cubre-hasta-600-m2","status":"publish","type":"product","link":"https:\/\/soydeaqui.ddns.net\/pachuca\/index.php\/producto\/kit-amplificador-de-senal-celular-4g-incluye-mastil-mejora-las-llamadas-convencionales-y-volte-soporta-datos-de-tecnologias-2g-3g-y-4g-de-telcel-att-y-movistar-cubre-hasta-600-m2\/","title":{"rendered":"Kit Amplificador de Se\u00f1al Celular 4G\/ Incluye M\u00e1stil \/ Mejora las llamadas convencionales y VoLTE \/ Soporta datos de tecnolog\u00edas 2G, 3G y 4G de TELCEL, AT&#038;T y MOVISTAR \/ Cubre hasta 600 m2."},"content":{"rendered":"<div style='width: 100%; max-width: 1200px; margin: 0 auto; font-family: sans-serif; line-height: 1.6; color: inherit; background-color: transparent;'>\n<div style='display: flex; flex-wrap: wrap; gap: 30px; margin-bottom: 30px;'>\n<div style='flex: 1 1 300px; min-width: 280px;'>\n<h3 style='font-size: 22px; border-bottom: 2px solid currentColor; padding-bottom: 5px; margin-top: 0; color: inherit; opacity: 0.8;'>Caracter\u00edsticas principales<\/h3>\n<ul style='padding-left: 20px; font-size: 15px; color: inherit;'>\n<li style='margin-bottom: 5px;'>Triple banda: <strong>850&comma; 1900(+) y 2100(+) MHz<\/strong><\/li>\n<li style='margin-bottom: 5px;'>Bandas: <strong>B5&comma; B2\/25 y B4\/66<\/strong><\/li>\n<li style='margin-bottom: 5px;'>68 dB de ganancia<\/li>\n<li style='margin-bottom: 5px;'>19 dBm de potencia m\u00e1xima<\/li>\n<li style='margin-bottom: 5px;'>Mejora llamadas y datos 2G&comma; 3G y 4G<\/li>\n<li style='margin-bottom: 5px;'>Multicompa\u00f1\u00eda&comma; multiusuario<\/li>\n<\/ul><\/div>\n<div style='flex: 1 1 300px; min-width: 280px;'>\n<h3 style='font-size: 22px; border-bottom: 2px solid currentColor; padding-bottom: 5px; margin-top: 0; color: inherit; opacity: 0.8;'>Caracter\u00edsticas generales<\/h3>\n<ul style='padding-left: 20px; font-size: 15px; color: inherit;'>\n<li style='margin-bottom: 5px;'>Incluye todo lo necesario para su funcionamiento<\/li>\n<li style='margin-bottom: 5px;'>Antena exterior direccional tipo punta de flecha<\/li>\n<li style='margin-bottom: 5px;'>Antena interior tipo panel<\/li>\n<li style='margin-bottom: 5px;'>Jumpers coaxial RG58 con conectores N macho<\/li>\n<li style='margin-bottom: 5px;'>Instalaci\u00f3n f\u00e1cil&comma; sin configuraci\u00f3n<\/li>\n<li style='margin-bottom: 5px;'>Pantalla para monitoreo del amplificador<\/li>\n<\/ul><\/div>\n<div style='flex: 1 1 300px; min-width: 280px;'>\n<h3 style='font-size: 22px; border-bottom: 2px solid currentColor; padding-bottom: 5px; margin-top: 0; color: inherit; opacity: 0.8;'>Especificaciones f\u00edsicas y el\u00e9ctricas<\/h3>\n<ul style='padding-left: 20px; font-size: 15px; color: inherit;'>\n<li style='margin-bottom: 5px;'>Bandas: 850 (B5)&comma; 1900 (B2\/B25)&comma; 2100 (B4\/B66)<\/li>\n<li style='margin-bottom: 5px;'>Ganancia: 68 dB \u00b1 3 dBm<\/li>\n<li style='margin-bottom: 5px;'>Potencia m\u00e1xima: 19 dBm<\/li>\n<li style='margin-bottom: 5px;'>Consumo: <6W<\/li>\n<li style='margin-bottom: 5px;'>Alimentaci\u00f3n: 5 Vcc&comma; 2 A<\/li>\n<li style='margin-bottom: 5px;'>Temperatura: -25\u00b0C a +55\u00b0C<\/li>\n<li style='margin-bottom: 5px;'>Dimensiones: 200 \u00d7 140 \u00d7 20 mm<\/li>\n<li style='margin-bottom: 5px;'>Peso: <1.2 kg<\/li>\n<\/ul><\/div>\n<\/p><\/div>\n<div style='display: flex; flex-wrap: wrap; gap: 30px; margin-bottom: 30px;'>\n<div style='flex: 1 1 100%; min-width: 280px;'>\n<h3 style='font-size: 22px; border-bottom: 2px solid currentColor; padding-bottom: 5px; margin-top: 0; color: inherit; opacity: 0.8;'>Contenido del kit<\/h3>\n<ul style='padding-left: 20px; font-size: 15px; color: inherit;'>\n<li style='margin-bottom: 5px;'>Amplificador Triplebanda<\/li>\n<li style='margin-bottom: 5px;'>Fuente de alimentaci\u00f3n para el amplificador<\/li>\n<li style='margin-bottom: 5px;'>Antena exterior direccional de banda ancha (donadora)<\/li>\n<li style='margin-bottom: 5px;'>Antena interior tipo panel de banda ancha (de servicio)<\/li>\n<li style='margin-bottom: 5px;'>Jumper coaxial de 9.1 m<\/li>\n<li style='margin-bottom: 5px;'>Jumper coaxial de 4.5 m (x2)<\/li>\n<li style='margin-bottom: 5px;'>Jumper coaxial de 30 cm<\/li>\n<li style='margin-bottom: 5px;'>Montajes para sujetar el amplificador y antenas<\/li>\n<li style='margin-bottom: 5px;'>M\u00e1stil liviano de pared<\/li>\n<\/ul><\/div>\n<\/p><\/div>\n<div style='display: flex; flex-wrap: wrap; gap: 30px; margin-bottom: 30px;'>\n<div style='flex: 1 1 100%; min-width: 280px;'>\n<h3 style='font-size: 22px; border-bottom: 2px solid currentColor; padding-bottom: 5px; margin-top: 0; color: inherit; opacity: 0.8;'>Aplicaci\u00f3n para medir intensidad de se\u00f1al celular<\/h3>\n<p style='font-size: 15px; color: inherit; margin-bottom: 10px;'>Puedes usar una aplicaci\u00f3n gratuita para Android que te permite medir la intensidad real de se\u00f1al celular en tu ubicaci\u00f3n&comma; lo cual es \u00fatil para una buena soluci\u00f3n de amplificador. <a style='color: #005cb9; text-decoration: underline;' href='https:\/\/soporte.syscom.mx\/es\/articles\/6106035-aplicacion-app-para-medir-la-intensidad-de-senal-celular-con-android' target='_blank' rel='noopener'>Ver art\u00edculo de soporte<\/a><\/p>\n<\/p><\/div>\n<\/p><\/div>\n<div style='display: flex; flex-wrap: wrap; gap: 30px; margin-bottom: 30px;'>\n<div style='flex: 1 1 100%; min-width: 280px;'>\n<h3 style='font-size: 22px; border-bottom: 2px solid currentColor; padding-bottom: 5px; margin-top: 0; color: inherit; opacity: 0.8;'>Soporte para m\u00faltiples antenas<\/h3>\n<p style='font-size: 15px; color: inherit; margin-bottom: 10px;'>El kit soporta dos antenas de servicio. Soporta una antena adicional para distribuir la se\u00f1al en diferentes \u00e1reas. Se puede agregar un divisor de potencia&comma; antena tipo domo o panel&comma; y jumpers.<\/p>\n<\/p><\/div>\n<\/p><\/div>\n<div style='display: flex; flex-wrap: wrap; gap: 30px; margin-bottom: 30px;'>\n<div style='flex: 1 1 100%; min-width: 280px;'>\n<h3 style='font-size: 22px; border-bottom: 2px solid currentColor; padding-bottom: 5px; margin-top: 0; color: inherit; opacity: 0.8;'>Notas importantes<\/h3>\n<ul style='padding-left: 20px; font-size: 15px; color: inherit;'>\n<li style='margin-bottom: 5px;'>Instale el kit seg\u00fan el manual<\/li>\n<li style='margin-bottom: 5px;'>\u00daselo solo para el prop\u00f3sito dise\u00f1ado<\/li>\n<li style='margin-bottom: 5px;'>Contacte al Departamento de Ingenier\u00eda si tiene dudas<\/li>\n<li style='margin-bottom: 5px;'>Una mala instalaci\u00f3n puede causar interferencias<\/li>\n<\/ul><\/div>\n<\/p><\/div>\n<div style='display: flex; flex-wrap: wrap; gap: 30px; margin-bottom: 30px;'>\n<div style='flex: 1 1 100%; min-width: 280px;'>\n<h3 style='font-size: 22px; border-bottom: 2px solid currentColor; padding-bottom: 5px; margin-top: 0; color: inherit; opacity: 0.8;'>Garant\u00eda<\/h3>\n<p style='font-size: 15px; color: inherit; margin-bottom: 10px;'>2 A\u00f1os de Garant\u00eda. La potencia del amplificador depende de la se\u00f1al que recibe.<\/p>\n<\/p><\/div>\n<\/p><\/div>\n<div style='display: flex; flex-wrap: wrap; gap: 30px; margin-bottom: 30px;'>\n<div style='flex: 1 1 100%; min-width: 280px;'> <img style='width: 100%; height: auto; border: 1px solid rgba(150&comma;150&comma;150&comma;0.3); border-radius: 8px;' src='https:\/\/ftp3.syscom.mx\/usuarios\/amarquez\/AdSC\/Fotos%20y%20diagramas%20para%20AdSC\/Tabla%20para%20determinar%20cobertura%20estimada..png' alt='Cobertura estimada'> <\/div>\n<\/p><\/div>\n<hr style='border: 0; border-top: 1px solid rgba(150&comma; 150&comma; 150&comma; 0.3); margin: 30px 0;'>\n<div style='display: flex; flex-wrap: wrap; gap: 30px; margin-bottom: 30px;'>\n<div style='flex: 1 1 100%; min-width: 280px;'>\n<h3 style='font-size: 22px; border-bottom: 2px solid currentColor; padding-bottom: 5px; margin-top: 0; color: inherit; opacity: 0.8;'>Especificaciones t\u00e9cnicas<\/h3>\n<ul style='padding-left: 20px; font-size: 15px; color: inherit;'>\n<li style='margin-bottom: 5px;'><strong>Modelo:<\/strong> EPTB4GV2CMLP<\/li>\n<li style='margin-bottom: 5px;'><strong>Marca:<\/strong> EPCOM<\/li>\n<li style='margin-bottom: 5px;'><strong>Cobertura:<\/strong> Hasta 600 m2<\/li>\n<li style='margin-bottom: 5px;'><strong>Compatibilidad:<\/strong> TELCEL&comma; AT&#038;T y MOVISTAR<\/li>\n<li style='margin-bottom: 5px;'><strong>Bandas:<\/strong> 850 (B5)&comma; 1900 (B2\/B25)&comma; 2100 (B4\/B66)<\/li>\n<li style='margin-bottom: 5px;'><strong>Ganancia:<\/strong> 68 dB \u00b1 3 dBm<\/li>\n<li style='margin-bottom: 5px;'><strong>Potencia m\u00e1xima:<\/strong> 19 dBm<\/li>\n<li style='margin-bottom: 5px;'><strong>Consumo:<\/strong> <6W<\/li>\n<li style='margin-bottom: 5px;'><strong>Alimentaci\u00f3n:<\/strong> 5 Vcc&comma; 2 A<\/li>\n<li style='margin-bottom: 5px;'><strong>Temperatura de operaci\u00f3n:<\/strong> -25\u00b0C a +55\u00b0C<\/li>\n<li style='margin-bottom: 5px;'><strong>Dimensiones:<\/strong> 200 \u00d7 140 \u00d7 20 mm<\/li>\n<li style='margin-bottom: 5px;'><strong>Peso:<\/strong> <1.2 kg<\/li>\n<\/ul><\/div>\n<\/p><\/div>\n<hr style='border: 0; border-top: 1px solid rgba(150&comma; 150&comma; 150&comma; 0.3); margin: 30px 0;'>\n<div style='display: flex; flex-wrap: wrap; gap: 30px; margin-bottom: 30px;'>\n<div style='flex: 1 1 100%; min-width: 280px;'>\n<h3 style='font-size: 22px; border-bottom: 2px solid currentColor; padding-bottom: 5px; margin-top: 0; color: inherit; opacity: 0.8;'>Aplicaciones t\u00edpicas<\/h3>\n<ul style='padding-left: 20px; font-size: 15px; color: inherit;'>\n<li style='margin-bottom: 5px;'>Casa u oficina en ciudad o \u00e1rea rural<\/li>\n<li style='margin-bottom: 5px;'>Mejora de llamadas convencionales y VoLTE<\/li>\n<li style='margin-bottom: 5px;'>Mejora de datos en tecnolog\u00edas 2G&comma; 3G y 4G<\/li>\n<li style='margin-bottom: 5px;'>Soluci\u00f3n para m\u00faltiples usuarios<\/li>\n<\/ul><\/div>\n<\/p><\/div>\n<hr style='border: 0; border-top: 1px solid rgba(150&comma; 150&comma; 150&comma; 0.3); margin: 30px 0;'>\n<div style='display: flex; flex-wrap: wrap; gap: 30px; margin-bottom: 30px;'>\n<div style='flex: 1 1 100%; min-width: 280px;'>\n<h3 style='font-size: 22px; border-bottom: 2px solid currentColor; padding-bottom: 5px; margin-top: 0; color: inherit; opacity: 0.8;'>Requisitos de instalaci\u00f3n<\/h3>\n<ul style='padding-left: 20px; font-size: 15px; color: inherit;'>\n<li style='margin-bottom: 5px;'>Instalaci\u00f3n seg\u00fan manual<\/li>\n<li style='margin-bottom: 5px;'>Antena exterior en lugar con buena recepci\u00f3n<\/li>\n<li style='margin-bottom: 5px;'>Antena interior en \u00e1rea central de la instalaci\u00f3n<\/li>\n<li style='margin-bottom: 5px;'>Distancia adecuada entre antenas<\/li>\n<li style='margin-bottom: 5px;'>Evitar obstrucciones entre antenas<\/li>\n<\/ul><\/div>\n<\/p><\/div>\n<\/p><\/div>\n","protected":false},"excerpt":{"rendered":"<p>Kit Amplificador de Se\u00f1al Celular 4G\/ Incluye M\u00e1stil \/ Mejora las llamadas convencionales y VoLTE \/ Soporta datos de tecnolog\u00edas 2G, 3G y 4G de TELCEL, AT&#038;T y MOVISTAR \/ Cubre hasta 600 m2.<\/p>\n","protected":false},"featured_media":60323,"comment_status":"open","ping_status":"closed","template":"","meta":[],"product_brand":[],"product_cat":[1570,1552],"product_tag":[1535,1571,1553,935],"class_list":{"0":"post-60324","1":"product","2":"type-product","3":"status-publish","4":"has-post-thumbnail","6":"product_cat-amplificadores-de-senal-celular-adsc","7":"product_cat-cobertura-para-celular-4g-lte","8":"product_tag-3g-y-voz","9":"product_tag-amplificadores-de-senal-celular-adsc","10":"product_tag-cobertura-para-celular-4g-lte","11":"product_tag-epcom","13":"first","14":"outofstock","15":"sale","16":"shipping-taxable","17":"purchasable","18":"product-type-simple"},"_links":{"self":[{"href":"https:\/\/soydeaqui.ddns.net\/pachuca\/index.php\/wp-json\/wp\/v2\/product\/60324","targetHints":{"allow":["GET"]}}],"collection":[{"href":"https:\/\/soydeaqui.ddns.net\/pachuca\/index.php\/wp-json\/wp\/v2\/product"}],"about":[{"href":"https:\/\/soydeaqui.ddns.net\/pachuca\/index.php\/wp-json\/wp\/v2\/types\/product"}],"replies":[{"embeddable":true,"href":"https:\/\/soydeaqui.ddns.net\/pachuca\/index.php\/wp-json\/wp\/v2\/comments?post=60324"}],"wp:featuredmedia":[{"embeddable":true,"href":"https:\/\/soydeaqui.ddns.net\/pachuca\/index.php\/wp-json\/wp\/v2\/media\/60323"}],"wp:attachment":[{"href":"https:\/\/soydeaqui.ddns.net\/pachuca\/index.php\/wp-json\/wp\/v2\/media?parent=60324"}],"wp:term":[{"taxonomy":"product_brand","embeddable":true,"href":"https:\/\/soydeaqui.ddns.net\/pachuca\/index.php\/wp-json\/wp\/v2\/product_brand?post=60324"},{"taxonomy":"product_cat","embeddable":true,"href":"https:\/\/soydeaqui.ddns.net\/pachuca\/index.php\/wp-json\/wp\/v2\/product_cat?post=60324"},{"taxonomy":"product_tag","embeddable":true,"href":"https:\/\/soydeaqui.ddns.net\/pachuca\/index.php\/wp-json\/wp\/v2\/product_tag?post=60324"}],"curies":[{"name":"wp","href":"https:\/\/api.w.org\/{rel}","templated":true}]}}