{"id":60322,"date":"2026-03-19T05:31:20","date_gmt":"2026-03-19T05:31:20","guid":{"rendered":"https:\/\/soydeaqui.ddns.net\/pachuca\/index.php\/producto\/quattro-48-10000-140-100-100-inversor-cargador-de-onda-pura-entrada-48-vcc-salida-8000-w-120-vca-60-hz\/"},"modified":"2026-03-19T05:31:21","modified_gmt":"2026-03-19T05:31:21","slug":"quattro-48-10000-140-100-100-inversor-cargador-de-onda-pura-entrada-48-vcc-salida-8000-w-120-vca-60-hz","status":"publish","type":"product","link":"https:\/\/soydeaqui.ddns.net\/pachuca\/index.php\/producto\/quattro-48-10000-140-100-100-inversor-cargador-de-onda-pura-entrada-48-vcc-salida-8000-w-120-vca-60-hz\/","title":{"rendered":"Quattro 48\/10000\/140-100\/100 \/ Inversor Cargador de Onda Pura \/ Entrada 48 Vcc \/ Salida 8000 W 120 Vca  60 Hz"},"content":{"rendered":"<div style='width: 100%; max-width: 1200px; margin: 0 auto; font-family: sans-serif; line-height: 1.6; color: inherit; background-color: transparent;'> <!-- Secci\u00f3n de caracter\u00edsticas --> <\/p>\n<div style='display: flex; flex-wrap: wrap; gap: 30px; margin-bottom: 30px;'>\n<div style='flex: 1 1 300px; min-width: 280px;'>\n<h3 style='font-size: 22px; border-bottom: 2px solid currentColor; padding-bottom: 5px; margin-top: 0; color: inherit; opacity: 0.8;'>Versatilidad sin igual<\/h3>\n<ul style='padding-left: 20px; font-size: 15px; color: inherit;'>\n<li style='margin-bottom: 5px;'><strong>Campo:<\/strong> Valor<\/li>\n<li style='margin-bottom: 5px;'><strong>Dos entradas CA con conmutador autom\u00e1tico:<\/strong> Con\u00e9ctalo simult\u00e1neamente a la red p\u00fablica y a un generador (o dos generadores)&comma; y el Quattro seleccionar\u00e1 autom\u00e1ticamente la fuente activa.<\/li>\n<li style='margin-bottom: 5px;'><strong>Dos salidas CA:<\/strong> La salida principal garantiza un suministro ininterrumpido (<20 ms)&comma; ideal para proteger equipos sensibles como ordenadores. La segunda salida activa solo con alimentaci\u00f3n externa evita descargar las bater\u00edas con cargas no prioritarias.<\/li>\n<\/ul><\/div>\n<div style='flex: 1 1 300px; min-width: 280px;'>\n<h3 style='font-size: 22px; border-bottom: 2px solid currentColor; padding-bottom: 5px; margin-top: 0; color: inherit; opacity: 0.8;'>Potencia m\u00e1xima&comma; incluso en condiciones extremas<\/h3>\n<ul style='padding-left: 20px; font-size: 15px; color: inherit;'>\n<li style='margin-bottom: 5px;'><strong>Capacidad de salida:<\/strong> Hasta <strong>10.000 VA (8.000 W)<\/strong> continuos a 25\u00b0C.<\/li>\n<li style='margin-bottom: 5px;'><strong>Potencia pico:<\/strong> <strong>20.000 W<\/strong>&comma; ideal para arranques de cargas pesadas.<\/li>\n<li style='margin-bottom: 5px;'><strong>Funcionamiento en paralelo y trif\u00e1sico:<\/strong> Combina hasta 4 grupos de 3 unidades para alcanzar potencias de hasta <strong>96 kW \/ 120 kVA<\/strong>.<\/li>\n<\/ul><\/div>\n<div style='flex: 1 1 300px; min-width: 280px;'>\n<h3 style='font-size: 22px; border-bottom: 2px solid currentColor; padding-bottom: 5px; margin-top: 0; color: inherit; opacity: 0.8;'>Inteligencia energ\u00e9tica<\/h3>\n<ul style='padding-left: 20px; font-size: 15px; color: inherit;'>\n<li style='margin-bottom: 5px;'><strong>PowerControl:<\/strong> Evita sobrecargas al adaptar la carga en funci\u00f3n de la capacidad del generador o red.<\/li>\n<li style='margin-bottom: 5px;'><strong>PowerAssist:<\/strong> Refuerza autom\u00e1ticamente la potencia disponible con energ\u00eda de la bater\u00eda en momentos de alta demanda.<\/li>\n<li style='margin-bottom: 5px;'><strong>Listo para energ\u00eda solar:<\/strong> Compatible con sistemas fotovoltaicos conectados o aislados de la red.<\/li>\n<\/ul><\/div>\n<div style='flex: 1 1 300px; min-width: 280px;'>\n<h3 style='font-size: 22px; border-bottom: 2px solid currentColor; padding-bottom: 5px; margin-top: 0; color: inherit; opacity: 0.8;'>Configuraci\u00f3n y control intuitivos<\/h3>\n<ul style='padding-left: 20px; font-size: 15px; color: inherit;'>\n<li style='margin-bottom: 5px;'><strong>Software VE.Bus:<\/strong> Permite configuraci\u00f3n avanzada (paralelo&comma; trif\u00e1sico&comma; autoconsumo).<\/li>\n<li style='margin-bottom: 5px;'><strong>Monitoreo local y remoto:<\/strong> Desde el panel Color Control GX o mediante la plataforma <strong>Victron Remote Management (VRM)<\/strong>.<\/li>\n<li style='margin-bottom: 5px;'><strong>Conectividad total:<\/strong> Bluetooth&comma; USB&comma; RS232&comma; NMEA 2000 y m\u00e1s.<\/li>\n<\/ul><\/div>\n<div style='flex: 1 1 300px; min-width: 280px;'>\n<h3 style='font-size: 22px; border-bottom: 2px solid currentColor; padding-bottom: 5px; margin-top: 0; color: inherit; opacity: 0.8;'>Dise\u00f1ado para condiciones exigentes<\/h3>\n<ul style='padding-left: 20px; font-size: 15px; color: inherit;'>\n<li style='margin-bottom: 5px;'><strong>Alta eficiencia (hasta 96%)<\/strong> y bajo consumo en reposo.<\/li>\n<li style='margin-bottom: 5px;'><strong>Rango de temperatura de trabajo:<\/strong> -40 \u00b0C a +65 \u00b0C.<\/li>\n<li style='margin-bottom: 5px;'><strong>Construcci\u00f3n robusta en aluminio IP21<\/strong>&comma; con dimensiones de 572 x 488 x 344 mm y peso de 58 kg.<\/li>\n<\/ul><\/div>\n<div style='flex: 1 1 300px; min-width: 280px;'>\n<h3 style='font-size: 22px; border-bottom: 2px solid currentColor; padding-bottom: 5px; margin-top: 0; color: inherit; opacity: 0.8;'>Bater\u00edas compatibles con comunicaci\u00f3n<\/h3>\n<ul style='padding-left: 20px; font-size: 15px; color: inherit;'>\n<li style='margin-bottom: 5px;'>RES20010K<\/li>\n<li style='margin-bottom: 5px;'>RES1005K<\/li>\n<li style='margin-bottom: 5px;'>RLB10048MAX<\/li>\n<li style='margin-bottom: 5px;'>EBOX48100R<\/li>\n<li style='margin-bottom: 5px;'>V5BATTERY<\/li>\n<\/ul>\n<p style='margin-top: 15px; font-size: 14px; color: inherit;'><strong>Nota:<\/strong> Para configurar alguna bater\u00eda de litio es necesario adquirir el <a style='color: inherit; text-decoration: none; font-weight: 600;' href='https:\/\/www.syscom.mx\/principal\/searchcont?route=CERBOSGX-VICTRON-ENERGY-225527&#038;autodetect=cerbo'>CERBOSGX<\/a><\/p>\n<\/p><\/div>\n<\/p><\/div>\n<p> <!-- Separador --> <\/p>\n<hr style='border: 0; border-top: 1px solid rgba(150&comma; 150&comma; 150&comma; 0.3); margin: 30px 0;'> <\/div>\n","protected":false},"excerpt":{"rendered":"<p>Quattro 48\/10000\/140-100\/100 \/ Inversor Cargador de Onda Pura \/ Entrada 48 Vcc \/ Salida 8000 W 120 Vca  60 Hz<\/p>\n","protected":false},"featured_media":60321,"comment_status":"open","ping_status":"closed","template":"","meta":[],"product_brand":[],"product_cat":[1171],"product_tag":[1173,1172,1174],"class_list":{"0":"post-60322","1":"product","2":"type-product","3":"status-publish","4":"has-post-thumbnail","6":"product_cat-fuentes-cargadores","7":"product_tag-fuentes-cargadores","8":"product_tag-soluciones-marinas","9":"product_tag-victron-energy","11":"first","12":"outofstock","13":"sale","14":"shipping-taxable","15":"purchasable","16":"product-type-simple"},"_links":{"self":[{"href":"https:\/\/soydeaqui.ddns.net\/pachuca\/index.php\/wp-json\/wp\/v2\/product\/60322","targetHints":{"allow":["GET"]}}],"collection":[{"href":"https:\/\/soydeaqui.ddns.net\/pachuca\/index.php\/wp-json\/wp\/v2\/product"}],"about":[{"href":"https:\/\/soydeaqui.ddns.net\/pachuca\/index.php\/wp-json\/wp\/v2\/types\/product"}],"replies":[{"embeddable":true,"href":"https:\/\/soydeaqui.ddns.net\/pachuca\/index.php\/wp-json\/wp\/v2\/comments?post=60322"}],"wp:featuredmedia":[{"embeddable":true,"href":"https:\/\/soydeaqui.ddns.net\/pachuca\/index.php\/wp-json\/wp\/v2\/media\/60321"}],"wp:attachment":[{"href":"https:\/\/soydeaqui.ddns.net\/pachuca\/index.php\/wp-json\/wp\/v2\/media?parent=60322"}],"wp:term":[{"taxonomy":"product_brand","embeddable":true,"href":"https:\/\/soydeaqui.ddns.net\/pachuca\/index.php\/wp-json\/wp\/v2\/product_brand?post=60322"},{"taxonomy":"product_cat","embeddable":true,"href":"https:\/\/soydeaqui.ddns.net\/pachuca\/index.php\/wp-json\/wp\/v2\/product_cat?post=60322"},{"taxonomy":"product_tag","embeddable":true,"href":"https:\/\/soydeaqui.ddns.net\/pachuca\/index.php\/wp-json\/wp\/v2\/product_tag?post=60322"}],"curies":[{"name":"wp","href":"https:\/\/api.w.org\/{rel}","templated":true}]}}