{"id":60315,"date":"2026-03-19T05:31:11","date_gmt":"2026-03-19T05:31:11","guid":{"rendered":"https:\/\/soydeaqui.ddns.net\/pachuca\/index.php\/producto\/cobertura-maritima-costa-de-mexico-centroamerica-y-brasil-incluye-golfo-de-ee-uu-y-costa-oriental-bermudas-bahamas-cuba-puerto-rico-islas-virgenes-jamaica-canal-de-panama-costa-occid\/"},"modified":"2026-03-19T05:31:11","modified_gmt":"2026-03-19T05:31:11","slug":"cobertura-maritima-costa-de-mexico-centroamerica-y-brasil-incluye-golfo-de-ee-uu-y-costa-oriental-bermudas-bahamas-cuba-puerto-rico-islas-virgenes-jamaica-canal-de-panama-costa-occid","status":"publish","type":"product","link":"https:\/\/soydeaqui.ddns.net\/pachuca\/index.php\/producto\/cobertura-maritima-costa-de-mexico-centroamerica-y-brasil-incluye-golfo-de-ee-uu-y-costa-oriental-bermudas-bahamas-cuba-puerto-rico-islas-virgenes-jamaica-canal-de-panama-costa-occid\/","title":{"rendered":"Cobertura Mar\u00edtima \/ Costa de M\u00e9xico, Centroam\u00e9rica y Brasil \/ Incluye Golfo de EE. UU. y Costa Oriental \/ Bermudas, Bahamas, Cuba, Puerto Rico \/ Islas V\u00edrgenes, Jamaica, Canal de Panam\u00e1 \/ Costa Occidental de Sudam&#038;eacut"},"content":{"rendered":"<div style='width: 100%; max-width: 1200px; margin: 0 auto; font-family: sans-serif; line-height: 1.6; color: inherit; background-color: transparent;'>\n<div style='margin-bottom: 30px;'>\n<p style='font-size: 1.125rem; line-height: 1.5; margin: 0 0 1.5rem 0; color: inherit;'>La cobertura mar\u00edtima abarca una extensa \u00e1rea que incluye la costa de M\u00e9xico&comma; Centroam\u00e9rica y Brasil&comma; as\u00ed como la costa del golfo de los Estados Unidos y la costa oriental de EE. UU. hasta Savannah en Georgia. Adem\u00e1s&comma; cubre las Bermudas&comma; las Bahamas&comma; Cuba&comma; la Espa\u00f1ola&comma; Puerto Rico y las islas V\u00edrgenes&comma; las islas de Barlovento y Sotavento&comma; Jamaica&comma; el canal de Panam\u00e1&comma; la costa occidental de Sudam\u00e9rica hasta Arica en Chile&comma; las islas Gal\u00e1pagos&comma; las islas Revillagigedo&comma; la isla Fernando de Noronha&comma; el archipi\u00e9lago de San Pedro y San Pablo y el atol\u00f3n de las Rocas.<\/p>\n<\/div>\n<div style='margin-bottom: 30px;'>\n<h2 style='font-size: 1.5rem; font-weight: 600; margin: 0 0 1rem 0; color: inherit; border-bottom: 2px solid currentColor; padding-bottom: 5px; opacity: 0.8;'>Caracter\u00edsticas Principales<\/h2>\n<div style='display: flex; flex-direction: column; gap: 15px;'>\n<div style='background-color: rgba(150&comma; 150&comma; 150&comma; 0.05); border-radius: 8px; padding: 15px;'>\n<ul style='padding-left: 20px; font-size: 14px; color: inherit; list-style-type: disc;'>\n<li style='margin-bottom: 5px;'>Cobertura extensa de la costa de M\u00e9xico&comma; Centroam\u00e9rica y Brasil<\/li>\n<li style='margin-bottom: 5px;'>Incluye la costa del golfo de los Estados Unidos y la costa oriental de EE. UU. hasta Savannah en Georgia<\/li>\n<li style='margin-bottom: 5px;'>Cubre las Bermudas&comma; las Bahamas&comma; Cuba&comma; la Espa\u00f1ola&comma; Puerto Rico y las islas V\u00edrgenes<\/li>\n<li style='margin-bottom: 5px;'>Incluye las islas de Barlovento y Sotavento&comma; Jamaica&comma; el canal de Panam\u00e1<\/li>\n<li style='margin-bottom: 5px;'>Cobertura de la costa occidental de Sudam\u00e9rica hasta Arica en Chile<\/li>\n<li style='margin-bottom: 5px;'>Incluye las islas Gal\u00e1pagos&comma; las islas Revillagigedo&comma; la isla Fernando de Noronha&comma; el archipi\u00e9lago de San Pedro y San Pablo y el atol\u00f3n de las Rocas<\/li>\n<\/ul>\n<\/div>\n<\/div>\n<\/div>\n<div style='margin-bottom: 30px;'>\n<h2 style='font-size: 1.5rem; font-weight: 600; margin: 0 0 1rem 0; color: inherit; border-bottom: 2px solid currentColor; padding-bottom: 5px; opacity: 0.8;'>Detalles T\u00e9cnicos<\/h2>\n<div style='display: flex; flex-wrap: wrap; gap: 20px;'>&#8216;><\/p>\n<div style='flex: 1 1 250px; border: 1px solid rgba(150&comma; 150&comma; 150&comma; 0.4); border-radius: 8px; overflow: hidden; display: flex; flex-direction: column;'>\n<div style='padding: 15px; border-bottom: 1px solid rgba(150&comma; 150&comma; 150&comma; 0.2); font-weight: bold; font-size: 18px; color: inherit;'>Especificaciones<\/div>\n<div style='padding: 15px; color: inherit;'>\n<ul style='padding-left: 20px; margin: 0; font-size: 14px; list-style-type: disc;'>\n<li style='margin-bottom: 5px;'>Cobertura mar\u00edtima extensa<\/li>\n<li style='margin-bottom: 5px;'>Incluye m\u00faltiples regiones y archipi\u00e9lagos<\/li>\n<\/ul>\n<\/div>\n<\/div>\n<div style='flex: 1 1 250px; border: 1px solid rgba(150&comma; 150&comma; 150&comma; 0.4); border-radius: 8px; overflow: hidden; display: flex; flex-direction: column;'>\n<div style='padding: 15px; border-bottom: 1px solid rgba(150&comma; 150&comma; 150&comma; 0.2); font-weight: bold; font-size: 18px; color: inherit;'>Interfaces y Conectividad<\/div>\n<div style='padding: 15px; color: inherit;'>\n<ul style='padding-left: 20px; margin: 0; font-size: 14px; list-style-type: disc;'>\n<li style='margin-bottom: 5px;'>No aplica<\/li>\n<\/ul>\n<\/div>\n<\/div>\n<\/div>\n<\/div>\n<div style='margin-bottom: 30px;'>\n<h2 style='font-size: 1.5rem; font-weight: 600; margin: 0 0 1rem 0; color: inherit; border-bottom: 2px solid currentColor; padding-bottom: 5px; opacity: 0.8;'>Aplicaciones y Casos de Uso<\/h2>\n<div style='display: flex; flex-wrap: wrap; gap: 20px;'>&#8216;><\/p>\n<div style='flex: 1 1 250px; background-color: rgba(150&comma; 150&comma; 150&comma; 0.05); border-radius: 8px; padding: 15px; min-width: 280px;'>\n<h3 style='font-size: 1.25rem; font-weight: 500; margin: 0 0 10px 0; color: inherit;'>Navegaci\u00f3n Mar\u00edtima<\/h3>\n<p style='margin: 0; color: inherit;'>Ideal para la navegaci\u00f3n segura en las \u00e1reas cubiertas.<\/p>\n<\/div>\n<div style='flex: 1 1 250px; background-color: rgba(150&comma; 150&comma; 150&comma; 0.05); border-radius: 8px; padding: 15px; min-width: 280px;'>\n<h3 style='font-size: 1.25rem; font-weight: 500; margin: 0 0 10px 0; color: inherit;'>Monitoreo de Costas<\/h3>\n<p style='margin: 0; color: inherit;'>\u00datil para el monitoreo y la vigilancia de las costas incluidas.<\/p>\n<\/div>\n<div style='flex: 1 1 250px; background-color: rgba(150&comma; 150&comma; 150&comma; 0.05); border-radius: 8px; padding: 15px; min-width: 280px;'>\n<h3 style='font-size: 1.25rem; font-weight: 500; margin: 0 0 10px 0; color: inherit;'>Investigaci\u00f3n Oceanogr\u00e1fica<\/h3>\n<p style='margin: 0; color: inherit;'>Apoya la investigaci\u00f3n en las \u00e1reas mar\u00edtimas cubiertas.<\/p>\n<\/div>\n<\/div>\n<\/div>\n<hr style='border: 0; border-top: 1px solid rgba(150&comma; 150&comma; 150&comma; 0.3); margin: 30px 0;'><\/div>\n","protected":false},"excerpt":{"rendered":"<p>Cobertura Mar\u00edtima \/ Costa de M\u00e9xico, Centroam\u00e9rica y Brasil \/ Incluye Golfo de EE. UU. y Costa Oriental \/ Bermudas, Bahamas, Cuba, Puerto Rico \/ Islas V\u00edrgenes, Jamaica, Canal de Panam\u00e1 \/ Costa Occidental de Sudam&#038;eacut<\/p>\n","protected":false},"featured_media":60314,"comment_status":"open","ping_status":"closed","template":"","meta":[],"product_brand":[],"product_cat":[1526],"product_tag":[1449,1527,1172],"class_list":{"0":"post-60315","1":"product","2":"type-product","3":"status-publish","4":"has-post-thumbnail","6":"product_cat-sistema-de-navegacion","7":"product_tag-garmin","8":"product_tag-sistema-de-navegacion","9":"product_tag-soluciones-marinas","11":"first","12":"instock","13":"sale","14":"shipping-taxable","15":"purchasable","16":"product-type-simple"},"_links":{"self":[{"href":"https:\/\/soydeaqui.ddns.net\/pachuca\/index.php\/wp-json\/wp\/v2\/product\/60315","targetHints":{"allow":["GET"]}}],"collection":[{"href":"https:\/\/soydeaqui.ddns.net\/pachuca\/index.php\/wp-json\/wp\/v2\/product"}],"about":[{"href":"https:\/\/soydeaqui.ddns.net\/pachuca\/index.php\/wp-json\/wp\/v2\/types\/product"}],"replies":[{"embeddable":true,"href":"https:\/\/soydeaqui.ddns.net\/pachuca\/index.php\/wp-json\/wp\/v2\/comments?post=60315"}],"wp:featuredmedia":[{"embeddable":true,"href":"https:\/\/soydeaqui.ddns.net\/pachuca\/index.php\/wp-json\/wp\/v2\/media\/60314"}],"wp:attachment":[{"href":"https:\/\/soydeaqui.ddns.net\/pachuca\/index.php\/wp-json\/wp\/v2\/media?parent=60315"}],"wp:term":[{"taxonomy":"product_brand","embeddable":true,"href":"https:\/\/soydeaqui.ddns.net\/pachuca\/index.php\/wp-json\/wp\/v2\/product_brand?post=60315"},{"taxonomy":"product_cat","embeddable":true,"href":"https:\/\/soydeaqui.ddns.net\/pachuca\/index.php\/wp-json\/wp\/v2\/product_cat?post=60315"},{"taxonomy":"product_tag","embeddable":true,"href":"https:\/\/soydeaqui.ddns.net\/pachuca\/index.php\/wp-json\/wp\/v2\/product_tag?post=60315"}],"curies":[{"name":"wp","href":"https:\/\/api.w.org\/{rel}","templated":true}]}}