{"id":60250,"date":"2026-03-19T05:28:53","date_gmt":"2026-03-19T05:28:53","guid":{"rendered":"https:\/\/soydeaqui.ddns.net\/pachuca\/index.php\/producto\/bomba-de-evacuacion-con-capacidad-de-desague-de-7700-galones-por-hora-a-12-volts-de-corriente-directa\/"},"modified":"2026-03-19T05:28:56","modified_gmt":"2026-03-19T05:28:56","slug":"bomba-de-evacuacion-con-capacidad-de-desague-de-7700-galones-por-hora-a-12-volts-de-corriente-directa","status":"publish","type":"product","link":"https:\/\/soydeaqui.ddns.net\/pachuca\/index.php\/producto\/bomba-de-evacuacion-con-capacidad-de-desague-de-7700-galones-por-hora-a-12-volts-de-corriente-directa\/","title":{"rendered":"Bomba de evacuaci\u00f3n con capacidad de desag\u00fce de 7700 galones por hora a 12 Volts de corriente directa."},"content":{"rendered":"<div style='width: 100%; max-width: 1200px; margin: 0 auto; font-family: sans-serif; line-height: 1.6; color: inherit; background-color: transparent;'>\n<div style='display: flex; flex-wrap: wrap; gap: 30px; margin-bottom: 30px;'>\n<div style='flex: 1 1 300px; min-width: 280px;'>\n<h3 style='font-size: 22px; border-bottom: 2px solid currentColor; padding-bottom: 5px; margin-top: 0; color: inherit; opacity: 0.8;'>Caracter\u00edsticas<\/h3>\n<ul style='padding-left: 20px; font-size: 15px; color: inherit;'>\n<li style='margin-bottom: 5px;'>Tasa de desague de 7700 GPH<\/li>\n<li style='margin-bottom: 5px;'>Versi\u00f3n de alta capacidad de desag\u00fce a 12 Vcd<\/li>\n<li style='margin-bottom: 5px;'>Construido con un par de motores compactos&comma; de alta eficiente y de larga duraci\u00f3n<\/li>\n<li style='margin-bottom: 5px;'>Fabricado con ejes de acero inoxidable completamente sumergibles<\/li>\n<li style='margin-bottom: 5px;'>Cableado de alta calidad en grado marino<\/li>\n<li style='margin-bottom: 5px;'>Cuenta con protecci\u00f3n contra \u00f3xido y corrosi\u00f3n<\/li>\n<\/ul>\n<p style='font-size: 15px; color: inherit; margin-top: 20px;'>*Para su uso y operaci\u00f3n es necesario que este instalado un fusible de 25A en la linea de voltaje.<\/p>\n<\/p><\/div>\n<\/p><\/div>\n<div style='display: flex; flex-wrap: wrap; gap: 20px; justify-content: center;'>\n<div style='flex: 1 1 300px; max-width: 465px;'> <img style='width: 100%; height: auto; border: 1px solid rgba(150&comma;150&comma;150&comma;0.3); border-radius: 8px;' src='https:\/\/www.jabscoshop.com\/images\/Rule_Logo.jpg' alt='Logo Rule' \/> <\/div>\n<div style='flex: 1 1 300px; max-width: 465px;'> <img style='width: 100%; height: auto; border: 1px solid rgba(150&comma;150&comma;150&comma;0.3); border-radius: 8px;' src='https:\/\/www.xylem.com\/siteassets\/brand\/rule\/product-images\/rule-evacuator-main-465x465.jpg?width=465&#038;height=465&#038;quality=65&#038;rmode=boxpad&#038;bgcolor=ffffffff&#038;format=webp' alt='Bomba de evacuaci\u00f3n Rule 7700D' \/> <\/div>\n<\/p><\/div>\n<\/p><\/div>\n","protected":false},"excerpt":{"rendered":"<p>Bomba de evacuaci\u00f3n con capacidad de desag\u00fce de 7700 galones por hora a 12 Volts de corriente directa.<\/p>\n","protected":false},"featured_media":60249,"comment_status":"open","ping_status":"closed","template":"","meta":[],"product_brand":[],"product_cat":[1541],"product_tag":[1542,1499,1172],"class_list":{"0":"post-60250","1":"product","2":"type-product","3":"status-publish","4":"has-post-thumbnail","6":"product_cat-equipos-para-pesca-comercial-y-recreativa","7":"product_tag-equipos-para-pesca-comercial-y-recreativa","8":"product_tag-rule","9":"product_tag-soluciones-marinas","11":"first","12":"outofstock","13":"sale","14":"shipping-taxable","15":"purchasable","16":"product-type-simple"},"_links":{"self":[{"href":"https:\/\/soydeaqui.ddns.net\/pachuca\/index.php\/wp-json\/wp\/v2\/product\/60250","targetHints":{"allow":["GET"]}}],"collection":[{"href":"https:\/\/soydeaqui.ddns.net\/pachuca\/index.php\/wp-json\/wp\/v2\/product"}],"about":[{"href":"https:\/\/soydeaqui.ddns.net\/pachuca\/index.php\/wp-json\/wp\/v2\/types\/product"}],"replies":[{"embeddable":true,"href":"https:\/\/soydeaqui.ddns.net\/pachuca\/index.php\/wp-json\/wp\/v2\/comments?post=60250"}],"wp:featuredmedia":[{"embeddable":true,"href":"https:\/\/soydeaqui.ddns.net\/pachuca\/index.php\/wp-json\/wp\/v2\/media\/60249"}],"wp:attachment":[{"href":"https:\/\/soydeaqui.ddns.net\/pachuca\/index.php\/wp-json\/wp\/v2\/media?parent=60250"}],"wp:term":[{"taxonomy":"product_brand","embeddable":true,"href":"https:\/\/soydeaqui.ddns.net\/pachuca\/index.php\/wp-json\/wp\/v2\/product_brand?post=60250"},{"taxonomy":"product_cat","embeddable":true,"href":"https:\/\/soydeaqui.ddns.net\/pachuca\/index.php\/wp-json\/wp\/v2\/product_cat?post=60250"},{"taxonomy":"product_tag","embeddable":true,"href":"https:\/\/soydeaqui.ddns.net\/pachuca\/index.php\/wp-json\/wp\/v2\/product_tag?post=60250"}],"curies":[{"name":"wp","href":"https:\/\/api.w.org\/{rel}","templated":true}]}}