{"id":60238,"date":"2026-03-19T05:28:33","date_gmt":"2026-03-19T05:28:33","guid":{"rendered":"https:\/\/soydeaqui.ddns.net\/pachuca\/index.php\/producto\/antena-uhf-450-520-mhz-para-radios-a520-a580\/"},"modified":"2026-03-19T05:28:34","modified_gmt":"2026-03-19T05:28:34","slug":"antena-uhf-450-520-mhz-para-radios-a520-a580","status":"publish","type":"product","link":"https:\/\/soydeaqui.ddns.net\/pachuca\/index.php\/producto\/antena-uhf-450-520-mhz-para-radios-a520-a580\/","title":{"rendered":"Antena UHF 450-520 MHz para radios A520\/A580"},"content":{"rendered":"<div style='width: 100%; max-width: 1200px; margin: 0 auto; font-family: sans-serif; line-height: 1.6; color: inherit;'>\n<div style='margin-bottom: 30px;'>\n<p style='font-size: 16px; color: inherit;'>Antenas dise\u00f1adas para operar en distintos rangos de frecuencia VHF y UHF&comma; equipadas con conectores SMA hembra de alta frecuencia adecuados para aplicaciones espec\u00edficas. Cada modelo presenta una ganancia unitaria&comma; implicando que est\u00e1n dise\u00f1adas para mantener la se\u00f1al sin amplificaci\u00f3n adicional.<\/p>\n<\/p><\/div>\n<p> <!-- Caracter\u00edsticas Principales --> <\/p>\n<div style='margin-bottom: 30px;'>\n<div style='font-size: 20px; border-bottom: 2px solid currentColor; padding-bottom: 5px; margin-bottom: 15px; color: inherit; opacity: 0.8;'>Caracter\u00edsticas Principales<\/div>\n<ul style='padding-left: 20px; font-size: 15px; color: inherit;'>\n<li style='margin-bottom: 5px;'>Modelos y rango de operaci\u00f3n: ANTAB136 (VHF 136-174 MHz)&comma; ANTAB450 (<strong style='color: inherit;'>UHF 450-520 MHz<\/strong>)&comma; ANTAB400 (UHF 400-480 MHz)<\/li>\n<li style='margin-bottom: 5px;'>Ganancia unitaria.<\/li>\n<li style='margin-bottom: 5px;'>Conectores de alta frecuencia SMA.<\/li>\n<li style='margin-bottom: 5px;'>Compatibilidad ANTAB136: A520T150 \/ A580T150.<\/li>\n<li style='margin-bottom: 5px;'>Compatibilidad ANTAB450: A520T450 \/ A580T450.<\/li>\n<li style='margin-bottom: 5px;'>Compatibilidad ANTAB400: A520T400 \/ A580T400.<\/li>\n<\/ul><\/div>\n<p> <!-- Funcionalidades --> <\/p>\n<div style='margin-bottom: 30px;'>\n<div style='font-size: 20px; border-bottom: 2px solid currentColor; padding-bottom: 5px; margin-bottom: 15px; color: inherit; opacity: 0.8;'>Funcionalidades<\/div>\n<ul style='padding-left: 20px; font-size: 15px; color: inherit;'>\n<li style='margin-bottom: 5px;'>Operaci\u00f3n en rangos de frecuencia VHF y UHF espec\u00edficos.<\/li>\n<li style='margin-bottom: 5px;'>Mantenimiento de se\u00f1al sin amplificaci\u00f3n adicional.<\/li>\n<\/ul><\/div>\n<p> <!-- Interfaces y Conectividad --> <\/p>\n<div style='margin-bottom: 30px;'>\n<div style='font-size: 20px; border-bottom: 2px solid currentColor; padding-bottom: 5px; margin-bottom: 15px; color: inherit; opacity: 0.8;'>Interfaces y Conectividad<\/div>\n<ul style='padding-left: 20px; font-size: 15px; color: inherit;'>\n<li style='margin-bottom: 5px;'>Conectores SMA hembra de alta frecuencia.<\/li>\n<\/ul><\/div>\n<p> <!-- Requisitos y Compatibilidad --> <\/p>\n<div style='margin-bottom: 30px;'>\n<div style='font-size: 20px; border-bottom: 2px solid currentColor; padding-bottom: 5px; margin-bottom: 15px; color: inherit; opacity: 0.8;'>Requisitos y Compatibilidad<\/div>\n<ul style='padding-left: 20px; font-size: 15px; color: inherit;'>\n<li style='margin-bottom: 5px;'>Compatibilidad con modelos A520T150 \/ A580T150&comma; A520T450 \/ A580T450&comma; A520T400 \/ A580T400.<\/li>\n<\/ul><\/div>\n<p> <!-- Aplicaciones Espec\u00edficas --> <\/p>\n<div style='margin-bottom: 30px;'>\n<div style='font-size: 20px; border-bottom: 2px solid currentColor; padding-bottom: 5px; margin-bottom: 15px; color: inherit; opacity: 0.8;'>Aplicaciones Espec\u00edficas<\/div>\n<ul style='padding-left: 20px; font-size: 15px; color: inherit;'>\n<li style='margin-bottom: 5px;'>Uso en sistemas VHF y UHF donde se requiere ganancia unitaria.<\/li>\n<li style='margin-bottom: 5px;'>Adecuada para aplicaciones que utilizan conectores SMA hembra.<\/li>\n<\/ul><\/div>\n<p> <!-- Separador final --> <\/p>\n<hr style='border: 0; border-top: 1px solid rgba(150&comma; 150&comma; 150&comma; 0.3); margin: 30px 0;'> <\/div>\n","protected":false},"excerpt":{"rendered":"<p>Antena UHF 450-520 MHz para radios A520\/A580<\/p>\n","protected":false},"featured_media":60237,"comment_status":"open","ping_status":"closed","template":"","meta":[],"product_brand":[],"product_cat":[1663],"product_tag":[1337,1404,560],"class_list":{"0":"post-60238","1":"product","2":"type-product","3":"status-publish","4":"has-post-thumbnail","6":"product_cat-antenas-accesorios-para-otras-marcas","7":"product_tag-accesorios-para-otras-marcas","8":"product_tag-antenas","9":"product_tag-txpro","11":"first","12":"outofstock","13":"sale","14":"shipping-taxable","15":"purchasable","16":"product-type-simple"},"_links":{"self":[{"href":"https:\/\/soydeaqui.ddns.net\/pachuca\/index.php\/wp-json\/wp\/v2\/product\/60238","targetHints":{"allow":["GET"]}}],"collection":[{"href":"https:\/\/soydeaqui.ddns.net\/pachuca\/index.php\/wp-json\/wp\/v2\/product"}],"about":[{"href":"https:\/\/soydeaqui.ddns.net\/pachuca\/index.php\/wp-json\/wp\/v2\/types\/product"}],"replies":[{"embeddable":true,"href":"https:\/\/soydeaqui.ddns.net\/pachuca\/index.php\/wp-json\/wp\/v2\/comments?post=60238"}],"wp:featuredmedia":[{"embeddable":true,"href":"https:\/\/soydeaqui.ddns.net\/pachuca\/index.php\/wp-json\/wp\/v2\/media\/60237"}],"wp:attachment":[{"href":"https:\/\/soydeaqui.ddns.net\/pachuca\/index.php\/wp-json\/wp\/v2\/media?parent=60238"}],"wp:term":[{"taxonomy":"product_brand","embeddable":true,"href":"https:\/\/soydeaqui.ddns.net\/pachuca\/index.php\/wp-json\/wp\/v2\/product_brand?post=60238"},{"taxonomy":"product_cat","embeddable":true,"href":"https:\/\/soydeaqui.ddns.net\/pachuca\/index.php\/wp-json\/wp\/v2\/product_cat?post=60238"},{"taxonomy":"product_tag","embeddable":true,"href":"https:\/\/soydeaqui.ddns.net\/pachuca\/index.php\/wp-json\/wp\/v2\/product_tag?post=60238"}],"curies":[{"name":"wp","href":"https:\/\/api.w.org\/{rel}","templated":true}]}}