{"id":6023,"date":"2026-03-18T06:38:15","date_gmt":"2026-03-18T06:38:15","guid":{"rendered":"https:\/\/soydeaqui.ddns.net\/pachuca\/index.php\/producto\/unidad-de-conversion-analoga\/"},"modified":"2026-03-18T06:38:15","modified_gmt":"2026-03-18T06:38:15","slug":"unidad-de-conversion-analoga","status":"publish","type":"product","link":"https:\/\/soydeaqui.ddns.net\/pachuca\/index.php\/producto\/unidad-de-conversion-analoga\/","title":{"rendered":"Unidad de Conversi\u00f3n An\u00e1loga"},"content":{"rendered":"<div style='width: 100%; max-width: 1200px; margin: 0 auto; font-family: sans-serif; line-height: 1.6; color: inherit; background-color: transparent;'>\n<div style='display: flex; flex-wrap: wrap; gap: 30px; margin-bottom: 30px;'>\n<div style='flex: 1 1 300px; min-width: 280px;'>\n<p style='font-size: 15px; color: inherit; margin-bottom: 15px;'>Honeywell ACU es una unidad de convertidor anal\u00f3gico que convierte cualquier c\u00e1mara de seguridad anal\u00f3gica que saca de v\u00eddeo NTSC en una c\u00e1mara compatible con total Connect. Antes de la ACU fue liberado&comma; s\u00f3lo la c\u00e1mara IP-WI2&comma; c\u00e1mara IP-PT&comma; o c\u00e1mara IP-WO c\u00e1maras de seguridad podr\u00edan ser utilizados con servicio de video Total Connect de AlarmNet. Ahora&comma; usted puede integrar cualquier c\u00e1mara anal\u00f3gica existente a su cuenta de v\u00eddeo total Connect. Adem\u00e1s&comma; si usted desea una c\u00e1mara de seguridad que tiene especificaciones m\u00e1s avanzadas que las c\u00e1maras de seguridad de la Serie IPCamara&comma; todo lo que necesita hacer es agregar un ACU a la c\u00e1mara para que sea compatible con Total Connect.<\/p>\n<\/p><\/div>\n<\/p><\/div>\n<div style='display: flex; flex-wrap: wrap; gap: 30px; margin-bottom: 30px;'>\n<div style='flex: 1 1 300px; min-width: 280px;'>\n<p style='font-size: 15px; color: inherit; margin-bottom: 15px;'>Una cuenta de v\u00eddeo total Connect es compatible con hasta (6) c\u00e1maras de seguridad Serie c\u00e1mara IP o c\u00e1maras anal\u00f3gicas acondicionadas con una ACU. Con la cuenta de v\u00eddeo total Connect&comma; usted puede mirar en vivo a su propiedad desde cualquier navegador web&comma; Tuxedo Touch o el teclado Tuxedo Touch WIFI o iPhone\u00ae&comma; iPad\u00ae&comma; Blackberry o Android \u2122.<\/p>\n<\/p><\/div>\n<\/p><\/div>\n<div style='display: flex; flex-wrap: wrap; gap: 30px; margin-bottom: 30px;'>\n<div style='flex: 1 1 300px; min-width: 280px;'>\n<p style='font-size: 15px; color: inherit; margin-bottom: 15px;'>Para m\u00e1s informaci\u00f3n consulte al departamento de ingenier\u00eda de SYSCOM<\/p>\n<p style='font-size: 15px; color: inherit; margin-top: 0;'><strong>*1 A\u00f1o de Garant\u00eda.<\/strong><\/p>\n<\/p><\/div>\n<\/p><\/div>\n<\/p><\/div>\n","protected":false},"excerpt":{"rendered":"<p>Unidad de Conversi\u00f3n An\u00e1loga<\/p>\n","protected":false},"featured_media":6022,"comment_status":"open","ping_status":"closed","template":"","meta":[],"product_brand":[],"product_cat":[412],"product_tag":[211,209,180],"class_list":{"0":"post-6023","1":"product","2":"type-product","3":"status-publish","4":"has-post-thumbnail","6":"product_cat-camaras-total-connect-honeywell","7":"product_tag-camaras","8":"product_tag-honeywell","9":"product_tag-total-connect-honeywell","11":"first","12":"outofstock","13":"sale","14":"shipping-taxable","15":"purchasable","16":"product-type-simple"},"_links":{"self":[{"href":"https:\/\/soydeaqui.ddns.net\/pachuca\/index.php\/wp-json\/wp\/v2\/product\/6023","targetHints":{"allow":["GET"]}}],"collection":[{"href":"https:\/\/soydeaqui.ddns.net\/pachuca\/index.php\/wp-json\/wp\/v2\/product"}],"about":[{"href":"https:\/\/soydeaqui.ddns.net\/pachuca\/index.php\/wp-json\/wp\/v2\/types\/product"}],"replies":[{"embeddable":true,"href":"https:\/\/soydeaqui.ddns.net\/pachuca\/index.php\/wp-json\/wp\/v2\/comments?post=6023"}],"wp:featuredmedia":[{"embeddable":true,"href":"https:\/\/soydeaqui.ddns.net\/pachuca\/index.php\/wp-json\/wp\/v2\/media\/6022"}],"wp:attachment":[{"href":"https:\/\/soydeaqui.ddns.net\/pachuca\/index.php\/wp-json\/wp\/v2\/media?parent=6023"}],"wp:term":[{"taxonomy":"product_brand","embeddable":true,"href":"https:\/\/soydeaqui.ddns.net\/pachuca\/index.php\/wp-json\/wp\/v2\/product_brand?post=6023"},{"taxonomy":"product_cat","embeddable":true,"href":"https:\/\/soydeaqui.ddns.net\/pachuca\/index.php\/wp-json\/wp\/v2\/product_cat?post=6023"},{"taxonomy":"product_tag","embeddable":true,"href":"https:\/\/soydeaqui.ddns.net\/pachuca\/index.php\/wp-json\/wp\/v2\/product_tag?post=6023"}],"curies":[{"name":"wp","href":"https:\/\/api.w.org\/{rel}","templated":true}]}}