{"id":60220,"date":"2026-03-19T05:27:57","date_gmt":"2026-03-19T05:27:57","guid":{"rendered":"https:\/\/soydeaqui.ddns.net\/pachuca\/index.php\/producto\/maletin-plastico-impermeable-ip-67-de-ultra-resistencia-50-48-x-39-37-x-20-0-cm-con-relleno-espuma\/"},"modified":"2026-03-19T05:28:16","modified_gmt":"2026-03-19T05:28:16","slug":"maletin-plastico-impermeable-ip-67-de-ultra-resistencia-50-48-x-39-37-x-20-0-cm-con-relleno-espuma","status":"publish","type":"product","link":"https:\/\/soydeaqui.ddns.net\/pachuca\/index.php\/producto\/maletin-plastico-impermeable-ip-67-de-ultra-resistencia-50-48-x-39-37-x-20-0-cm-con-relleno-espuma\/","title":{"rendered":"Malet\u00edn Pl\u00e1stico Impermeable IP-67 de Ultra Resistencia (50.48 x 39.37 x 20.0 cm) (CON RELLENO ESPUMA)."},"content":{"rendered":"<div style='width: 100%; max-width: 1200px; margin: 0 auto; font-family: sans-serif; line-height: 1.6; color: inherit; background-color: transparent;'>\n<div style='text-align: center; margin-bottom: 30px;'> <img style='width: 180px; height: 69px; border: 1px solid rgba(150&comma;150&comma;150&comma;0.3); border-radius: 8px;' src='https:\/\/ftp3.syscom.mx\/usuarios\/fotos\/3I07053BC\/189398-skb_logo.png' alt='Logo SKB'> <\/div>\n<div style='margin-bottom: 30px;'>\n<p style='font-size: 16px; margin: 0 0 15px 0; color: inherit;'><strong>El malet\u00edn SKB est\u00e1 fabricado en resina de copol\u00edmero de polipropileno de ultra resistencia&comma; herm\u00e9tico al agua y polvo (MIL-STD 810G)<\/strong><\/p>\n<\/p><\/div>\n<div style='margin-bottom: 30px;'>\n<h3 style='font-size: 22px; border-bottom: 2px solid currentColor; padding-bottom: 5px; margin-top: 0; color: inherit; opacity: 0.8;'>Caracter\u00edsticas<\/h3>\n<ul style='padding-left: 20px; font-size: 15px; color: inherit;'>\n<li style='margin-bottom: 5px;'>Dise\u00f1o resistente al agua y al polvo (MIL-STD 810G)<\/li>\n<li style='margin-bottom: 5px;'>Bisagra moldeada para mayor protecci\u00f3n<\/li>\n<li style='margin-bottom: 5px;'>Interior de espuma de doble capa personalizado para contener ocho micr\u00f3fonos inal\u00e1mbricos&comma; paquetes de carrocer\u00eda y accesorios<\/li>\n<li style='margin-bottom: 5px;'>Convenientes ranuras para los dedos para facilitar el acceso<\/li>\n<li style='margin-bottom: 5px;'>Resina de copol\u00edmero de polipropileno de ultra alta resistencia<\/li>\n<li style='margin-bottom: 5px;'>Resistente a los rayos UV&comma; disolventes&comma; a la corrosi\u00f3n y a los hongos (MIL-STD 810G)<\/li>\n<li style='margin-bottom: 5px;'>El sello completo de la junta hace que sean absolutamente impermeables (MIL-STD 810G)<\/li>\n<li style='margin-bottom: 5px;'>Valor de ecualizaci\u00f3n autom\u00e1tica de la presi\u00f3n ambiental (MIL-STD 810G)<\/li>\n<li style='margin-bottom: 5px;'>Resistente a la corrosi\u00f3n y a los da\u00f1os por impacto&comma; Bisagras moldeadas<\/li>\n<li style='margin-bottom: 5px;'>Sistema de cierre de liberaci\u00f3n de disparo<\/li>\n<li style='margin-bottom: 5px;'>Asa de agarre de coj\u00edn sobremoldeado de goma<\/li>\n<\/ul><\/div>\n<div style='margin-bottom: 30px;'>\n<h3 style='font-size: 22px; border-bottom: 2px solid currentColor; padding-bottom: 5px; margin-top: 0; color: inherit; opacity: 0.8;'>Especificaciones<\/h3>\n<div style='display: flex; flex-wrap: wrap; gap: 20px; margin-top: 20px;'>\n<div style='flex: 1 1 300px; min-width: 250px; border: 1px solid rgba(150&comma; 150&comma; 150&comma; 0.4); border-radius: 8px; overflow: hidden;'>\n<div style='padding: 15px; border-bottom: 1px solid rgba(150&comma; 150&comma; 150&comma; 0.2); font-weight: bold; background-color: rgba(0&comma;0&comma;0&comma;0.05);'>Dimensiones<\/div>\n<div style='padding: 15px;'>\n<ul style='padding-left: 20px; margin: 0; font-size: 14px; list-style-type: disc;'>\n<li style='margin-bottom: 5px;'><strong>Longitud exterior:<\/strong> 19.875&#8242; (50.48 cm)<\/li>\n<li style='margin-bottom: 5px;'><strong>Ancho exterior:<\/strong> 15.5&#8242; (39.37 cm)<\/li>\n<li style='margin-bottom: 5px;'><strong>Altura exterior:<\/strong> 7.875&#8242; (20.0 cm)<\/li>\n<li style='margin-bottom: 5px;'><strong>Interior:<\/strong> Relleno<\/li>\n<li style='margin-bottom: 5px;'><strong>Profundidad de la tapa interior:<\/strong> Relleno<\/li>\n<li style='margin-bottom: 5px;'><strong>Profundidad de la base interior:<\/strong> Relleno<\/li>\n<li style='margin-bottom: 5px;'><strong>Profundidad interior:<\/strong> Relleno<\/li>\n<\/ul><\/div>\n<\/p><\/div>\n<div style='flex: 1 1 300px; min-width: 250px; border: 1px solid rgba(150&comma; 150&comma; 150&comma; 0.4); border-radius: 8px; overflow: hidden;'>\n<div style='padding: 15px; border-bottom: 1px solid rgba(150&comma; 150&comma; 150&comma; 0.2); font-weight: bold; background-color: rgba(0&comma;0&comma;0&comma;0.05);'>Peso<\/div>\n<div style='padding: 15px;'>\n<ul style='padding-left: 20px; margin: 0; font-size: 14px; list-style-type: disc;'>\n<li style='margin-bottom: 5px;'><strong>Peso del producto:<\/strong> 9.7 libras (4.40 kg)<\/li>\n<li style='margin-bottom: 5px;'><strong>Peso de env\u00edo:<\/strong> 10.88 libras (4.93 kg)<\/li>\n<\/ul><\/div>\n<\/p><\/div>\n<div style='flex: 1 1 300px; min-width: 250px; border: 1px solid rgba(150&comma; 150&comma; 150&comma; 0.4); border-radius: 8px; overflow: hidden;'>\n<div style='padding: 15px; border-bottom: 1px solid rgba(150&comma; 150&comma; 150&comma; 0.2); font-weight: bold; background-color: rgba(0&comma;0&comma;0&comma;0.05);'>Temperatura<\/div>\n<div style='padding: 15px;'>\n<ul style='padding-left: 20px; margin: 0; font-size: 14px; list-style-type: disc;'>\n<li style='margin-bottom: 5px;'><strong>M\u00e1xima:<\/strong> 180\u00b0F (82.22\u00b0C)<\/li>\n<li style='margin-bottom: 5px;'><strong>M\u00ednima:<\/strong> -69\u00b0F (-56.11\u00b0C)<\/li>\n<\/ul><\/div>\n<\/p><\/div>\n<div style='flex: 1 1 300px; min-width: 250px; border: 1px solid rgba(150&comma; 150&comma; 150&comma; 0.4); border-radius: 8px; overflow: hidden;'>\n<div style='padding: 15px; border-bottom: 1px solid rgba(150&comma; 150&comma; 150&comma; 0.2); font-weight: bold; background-color: rgba(0&comma;0&comma;0&comma;0.05);'>Dimensiones del empaque<\/div>\n<div style='padding: 15px;'>\n<ul style='padding-left: 20px; margin: 0; font-size: 14px; list-style-type: disc;'>\n<li style='margin-bottom: 5px;'><strong>Longitud:<\/strong> 20&#8242; (50.80 cm)<\/li>\n<li style='margin-bottom: 5px;'><strong>Ancho:<\/strong> 16&#8242; (40.64 cm)<\/li>\n<li style='margin-bottom: 5px;'><strong>Altura:<\/strong> 8&#8242; (20.32 cm)<\/li>\n<\/ul><\/div>\n<\/p><\/div>\n<\/p><\/div>\n<\/p><\/div>\n<div style='margin-bottom: 30px;'>\n<div style='position: relative; padding-bottom: 56.25%; height: 0; overflow: hidden;'>   <\/div>\n<\/p><\/div>\n<\/p><\/div>\n","protected":false},"excerpt":{"rendered":"<p>Malet\u00edn Pl\u00e1stico Impermeable IP-67 de Ultra Resistencia (50.48 x 39.37 x 20.0 cm) (CON RELLENO ESPUMA).<\/p>\n","protected":false},"featured_media":60219,"comment_status":"open","ping_status":"closed","template":"","meta":[],"product_brand":[],"product_cat":[958],"product_tag":[679,605,1339],"class_list":{"0":"post-60220","1":"product","2":"type-product","3":"status-publish","4":"has-post-thumbnail","6":"product_cat-gabinetes-uso-multiple-racks-y-gabinetes-radiocomunicacion","7":"product_tag-gabinetes-uso-multiple","8":"product_tag-racks-y-gabinetes","9":"product_tag-skb","11":"first","12":"outofstock","13":"sale","14":"shipping-taxable","15":"purchasable","16":"product-type-simple"},"_links":{"self":[{"href":"https:\/\/soydeaqui.ddns.net\/pachuca\/index.php\/wp-json\/wp\/v2\/product\/60220","targetHints":{"allow":["GET"]}}],"collection":[{"href":"https:\/\/soydeaqui.ddns.net\/pachuca\/index.php\/wp-json\/wp\/v2\/product"}],"about":[{"href":"https:\/\/soydeaqui.ddns.net\/pachuca\/index.php\/wp-json\/wp\/v2\/types\/product"}],"replies":[{"embeddable":true,"href":"https:\/\/soydeaqui.ddns.net\/pachuca\/index.php\/wp-json\/wp\/v2\/comments?post=60220"}],"wp:featuredmedia":[{"embeddable":true,"href":"https:\/\/soydeaqui.ddns.net\/pachuca\/index.php\/wp-json\/wp\/v2\/media\/60219"}],"wp:attachment":[{"href":"https:\/\/soydeaqui.ddns.net\/pachuca\/index.php\/wp-json\/wp\/v2\/media?parent=60220"}],"wp:term":[{"taxonomy":"product_brand","embeddable":true,"href":"https:\/\/soydeaqui.ddns.net\/pachuca\/index.php\/wp-json\/wp\/v2\/product_brand?post=60220"},{"taxonomy":"product_cat","embeddable":true,"href":"https:\/\/soydeaqui.ddns.net\/pachuca\/index.php\/wp-json\/wp\/v2\/product_cat?post=60220"},{"taxonomy":"product_tag","embeddable":true,"href":"https:\/\/soydeaqui.ddns.net\/pachuca\/index.php\/wp-json\/wp\/v2\/product_tag?post=60220"}],"curies":[{"name":"wp","href":"https:\/\/api.w.org\/{rel}","templated":true}]}}