{"id":60215,"date":"2026-03-19T05:27:47","date_gmt":"2026-03-19T05:27:47","guid":{"rendered":"https:\/\/soydeaqui.ddns.net\/pachuca\/index.php\/producto\/pantalla-echomap-ultra-2-de-122sv-de-12-sin-transductor-incluye-sondas-de-exploracion-sidevu-clearvu-y-chirp-tradicional\/"},"modified":"2026-03-19T05:27:50","modified_gmt":"2026-03-19T05:27:50","slug":"pantalla-echomap-ultra-2-de-122sv-de-12-sin-transductor-incluye-sondas-de-exploracion-sidevu-clearvu-y-chirp-tradicional","status":"publish","type":"product","link":"https:\/\/soydeaqui.ddns.net\/pachuca\/index.php\/producto\/pantalla-echomap-ultra-2-de-122sv-de-12-sin-transductor-incluye-sondas-de-exploracion-sidevu-clearvu-y-chirp-tradicional\/","title":{"rendered":"Pantalla ECHOMAP Ultra 2 de 122sv de 12&#8243; sin transductor, incluye sondas de exploraci\u00f3n SIDEV\u00dc, CLEARV\u00dc Y CHIRP tradicional"},"content":{"rendered":"<div style='width: 100%; max-width: 1200px; margin: 0 auto; font-family: sans-serif; line-height: 1.6; color: inherit; background-color: transparent;'>\n<div style='display: flex; flex-direction: column; gap: 15px; margin-bottom: 30px;'>\n<h1 style='font-size: 28px; margin: 0; color: inherit;'>ECHOMAP\u2122 Ultra 2 de 122sv<\/h1>\n<h2 style='font-size: 20px; margin: 0; color: inherit; opacity: 0.8;'>Sin transductor<\/h2>\n<\/p><\/div>\n<div style='position: relative; padding-bottom: 56.25%; height: 0; overflow: hidden; margin-bottom: 30px;'>   <\/div>\n<div style='display: flex; flex-wrap: wrap; gap: 30px; margin-bottom: 30px;'>\n<div style='flex: 1 1 300px; min-width: 280px;'>\n<h3 style='font-size: 22px; border-bottom: 2px solid currentColor; padding-bottom: 5px; margin-top: 0; color: inherit; opacity: 0.8;'>Caracter\u00edsticas<\/h3>\n<ul style='padding-left: 20px; font-size: 15px; color: inherit;'>\n<li style='margin-bottom: 5px;'>Pantalla t\u00e1ctil de 12&#8242; de alta resoluci\u00f3n.<\/li>\n<li style='margin-bottom: 5px;'>Compatible con sonda Livescope<\/li>\n<li style='margin-bottom: 5px;'>Funci\u00f3n de Quickdraw que permite crear mapas personalizados.<\/li>\n<li style='margin-bottom: 5px;'>Compatible con red NMEA 2000<\/li>\n<li style='margin-bottom: 5px;'>600 Watts de potencia de salida para sonda.<\/li>\n<li style='margin-bottom: 5px;'>Puerto para 2 tarjetas microSD.<\/li>\n<li style='margin-bottom: 5px;'>Almacenamiento de hasta 5000 puntos de inter\u00e9s.<\/li>\n<li style='margin-bottom: 5px;'>Puerto de salida y entrada de red NMEA 0183<\/li>\n<li style='margin-bottom: 5px;'>Resistente al agua grado IPX7.<\/li>\n<\/ul><\/div>\n<\/p><\/div>\n<hr style='border: 0; border-top: 1px solid rgba(150&comma; 150&comma; 150&comma; 0.3); margin: 30px 0;'>\n<div style='display: flex; flex-wrap: wrap; gap: 20px; margin-bottom: 30px;'>\n<div style='flex: 1 1 250px; border: 1px solid rgba(150&comma; 150&comma; 150&comma; 0.4); border-radius: 8px; overflow: hidden; display: flex; flex-direction: column;'>\n<div style='padding: 15px; border-bottom: 1px solid rgba(150&comma; 150&comma; 150&comma; 0.2); font-weight: bold; font-size: 18px; color: inherit;'>Especificaciones y funciones de sonda<\/div>\n<div style='padding: 15px; color: inherit;'>\n<ul style='padding-left: 20px; margin: 0; font-size: 14px; list-style-type: disc;'>\n<li style='margin-bottom: 5px;'><strong>COMPATIBLE CON SONDA DE DOBLE FRECUENCIA:<\/strong> SI<\/li>\n<li style='margin-bottom: 5px;'><strong>COMPATIBLE CON SONDA DE DOBLE HAZ:<\/strong> SI<\/li>\n<li style='margin-bottom: 5px;'><strong>FRECUENCIAS SOPORTADAS:<\/strong><\/li>\n<ul style='padding-left: 25px; margin: 5px 0;'>\n<li style='margin-bottom: 5px;'>CHIRP con banda de frecuencia alta: 150-240 kHz<\/li>\n<li style='margin-bottom: 5px;'>ClearV\u00fc de ultraalta definici\u00f3n: 800 kHz (760-880 kHz)<\/li>\n<li style='margin-bottom: 5px;'>CHIRP ClearV\u00fc: 455 kHz (425-845 kHz)<\/li>\n<li style='margin-bottom: 5px;'>SideV\u00fc de ultraalta definici\u00f3n: 1200 kHz (1060-1170 kHz)<\/li>\n<\/ul>\n<li style='margin-bottom: 5px;'><strong>CLEARV\u00dc:<\/strong> S\u00ed&comma; con CHIRP (integrado)<\/li>\n<li style='margin-bottom: 5px;'><strong>PROFUNDIDAD M\u00c1XIMA:<\/strong> 2300 ft a 77 kHz en agua dulce&comma; 1100 ft a 77 kHz en agua salada (la capacidad de profundidad depende del tipo de fondo y de otras condiciones del agua)<\/li>\n<li style='margin-bottom: 5px;'><strong>BLOQUEO EN EL FONDO (MUESTRA LAS SE\u00d1ALES QUE DEVUELVE DEL FONDO A LA SUPERFICIE):<\/strong> SI<\/li>\n<li style='margin-bottom: 5px;'><strong>GR\u00c1FICO Y REGISTRO DE LA TEMPERATURA DEL AGUA:<\/strong> SI<\/li>\n<li style='margin-bottom: 5px;'><strong>GRABACI\u00d3N DE SONDA:<\/strong> SI<\/li>\n<li style='margin-bottom: 5px;'><strong>FUNCION DE RETROCESO DEL HISTORIAL DE SONDA:<\/strong> SI<\/li>\n<\/ul><\/div>\n<\/p><\/div>\n<\/p><\/div>\n<hr style='border: 0; border-top: 1px solid rgba(150&comma; 150&comma; 150&comma; 0.3); margin: 30px 0;'>\n<div style='display: flex; flex-wrap: wrap; gap: 30px;'>\n<div style='flex: 1 1 300px; min-width: 280px;'>\n<h3 style='font-size: 22px; border-bottom: 2px solid currentColor; padding-bottom: 5px; margin-top: 0; color: inherit; opacity: 0.8;'>Incluye<\/h3>\n<ul style='padding-left: 20px; font-size: 15px; color: inherit;'>\n<li style='margin-bottom: 5px;'>ECHOMAP Ultra 122sv con mapa base mundial<\/li>\n<li style='margin-bottom: 5px;'>Cable de alimentaci\u00f3n\/datos<\/li>\n<li style='margin-bottom: 5px;'>Soporte inclinable con soporte de sujeci\u00f3n de desmontaje r\u00e1pido<\/li>\n<li style='margin-bottom: 5px;'>Soporte para montaje empotrado<\/li>\n<li style='margin-bottom: 5px;'>Tapa de protecci\u00f3n<\/li>\n<li style='margin-bottom: 5px;'>Componentes de montaje<\/li>\n<li style='margin-bottom: 5px;'>Documentaci\u00f3n<\/li>\n<\/ul><\/div>\n<\/p><\/div>\n<div style='display: flex; flex-wrap: wrap; gap: 30px; margin-top: 30px;'>\n<div style='flex: 1 1 300px; min-width: 280px;'>\n<h3 style='font-size: 22px; border-bottom: 2px solid currentColor; padding-bottom: 5px; margin-top: 0; color: inherit; opacity: 0.8;'>Dimensiones y Peso<\/h3>\n<ul style='padding-left: 20px; font-size: 15px; color: inherit;'>\n<li style='margin-bottom: 5px;'><strong>Dimensiones:<\/strong> 341 x 229 x 98 mm<\/li>\n<li style='margin-bottom: 5px;'><strong>Peso:<\/strong> 2.5 kg<\/li>\n<\/ul><\/div>\n<\/p><\/div>\n<\/p><\/div>\n","protected":false},"excerpt":{"rendered":"<p>Pantalla ECHOMAP Ultra 2 de 122sv de 12&#8243; sin transductor, incluye sondas de exploraci\u00f3n SIDEV\u00dc, CLEARV\u00dc Y CHIRP tradicional<\/p>\n","protected":false},"featured_media":60214,"comment_status":"open","ping_status":"closed","template":"","meta":[],"product_brand":[],"product_cat":[1503],"product_tag":[1449,1504,1172],"class_list":{"0":"post-60215","1":"product","2":"type-product","3":"status-publish","4":"has-post-thumbnail","6":"product_cat-navegacion-marina","7":"product_tag-garmin","8":"product_tag-navegacion-marina","9":"product_tag-soluciones-marinas","11":"first","12":"outofstock","13":"sale","14":"shipping-taxable","15":"purchasable","16":"product-type-simple"},"_links":{"self":[{"href":"https:\/\/soydeaqui.ddns.net\/pachuca\/index.php\/wp-json\/wp\/v2\/product\/60215","targetHints":{"allow":["GET"]}}],"collection":[{"href":"https:\/\/soydeaqui.ddns.net\/pachuca\/index.php\/wp-json\/wp\/v2\/product"}],"about":[{"href":"https:\/\/soydeaqui.ddns.net\/pachuca\/index.php\/wp-json\/wp\/v2\/types\/product"}],"replies":[{"embeddable":true,"href":"https:\/\/soydeaqui.ddns.net\/pachuca\/index.php\/wp-json\/wp\/v2\/comments?post=60215"}],"wp:featuredmedia":[{"embeddable":true,"href":"https:\/\/soydeaqui.ddns.net\/pachuca\/index.php\/wp-json\/wp\/v2\/media\/60214"}],"wp:attachment":[{"href":"https:\/\/soydeaqui.ddns.net\/pachuca\/index.php\/wp-json\/wp\/v2\/media?parent=60215"}],"wp:term":[{"taxonomy":"product_brand","embeddable":true,"href":"https:\/\/soydeaqui.ddns.net\/pachuca\/index.php\/wp-json\/wp\/v2\/product_brand?post=60215"},{"taxonomy":"product_cat","embeddable":true,"href":"https:\/\/soydeaqui.ddns.net\/pachuca\/index.php\/wp-json\/wp\/v2\/product_cat?post=60215"},{"taxonomy":"product_tag","embeddable":true,"href":"https:\/\/soydeaqui.ddns.net\/pachuca\/index.php\/wp-json\/wp\/v2\/product_tag?post=60215"}],"curies":[{"name":"wp","href":"https:\/\/api.w.org\/{rel}","templated":true}]}}