{"id":60186,"date":"2026-03-19T05:26:52","date_gmt":"2026-03-19T05:26:52","guid":{"rendered":"https:\/\/soydeaqui.ddns.net\/pachuca\/index.php\/producto\/echomap-uhd2-72cv-con-mapa-base-precargado-sonda-clearvu-y-chirp-tradicional-no-incluye-transductor\/"},"modified":"2026-03-19T05:26:56","modified_gmt":"2026-03-19T05:26:56","slug":"echomap-uhd2-72cv-con-mapa-base-precargado-sonda-clearvu-y-chirp-tradicional-no-incluye-transductor","status":"publish","type":"product","link":"https:\/\/soydeaqui.ddns.net\/pachuca\/index.php\/producto\/echomap-uhd2-72cv-con-mapa-base-precargado-sonda-clearvu-y-chirp-tradicional-no-incluye-transductor\/","title":{"rendered":"ECHOMAP UHD2 72cv con mapa base precargado, sonda CLEARV\u00dc Y CHIRP tradicional. no incluye transductor."},"content":{"rendered":"<div style='width: 100%; max-width: 1200px; margin: 0 auto; font-family: sans-serif; line-height: 1.6; color: inherit;'>\n<div style='display: flex; flex-wrap: wrap; gap: 30px; margin-bottom: 30px;'>\n<div style='flex: 1 1 300px; min-width: 280px;'>\n<h3 style='font-size: 22px; border-bottom: 2px solid currentColor; padding-bottom: 5px; margin-top: 0; color: inherit; opacity: 0.8;'>Caracter\u00edsticas<\/h3>\n<ul style='padding-left: 20px; font-size: 15px; color: inherit;'>\n<li style='margin-bottom: 5px;'>Pantalla t\u00e1ctil de 7&#8242; legible a\u00fan a contraluz del sol.<\/li>\n<li style='margin-bottom: 5px;'>Resistente al agua grado IPX7<\/li>\n<li style='margin-bottom: 5px;'>Potencia de salida de sonda 500 W.<\/li>\n<li style='margin-bottom: 5px;'>Receptor interno GPS de 5 Hz.<\/li>\n<li style='margin-bottom: 5px;'>Incluye mapa base preinstalado.<\/li>\n<li style='margin-bottom: 5px;'>Un puerto para tarjeta microSD para mapas opcionales.<\/li>\n<li style='margin-bottom: 5px;'>Almacena hasta 5000 puntos de inter\u00e9s y 100 rutas.<\/li>\n<li style='margin-bottom: 5px;'>Compatible con transductores tradicionales y ClearV\u00fc<\/li>\n<\/ul><\/div>\n<\/p><\/div>\n<div style='display: flex; flex-wrap: wrap; gap: 20px; margin-bottom: 30px;'>\n<div style='flex: 1 1 250px; border: 1px solid rgba(150&comma; 150&comma; 150&comma; 0.4); border-radius: 8px; overflow: hidden; display: flex; flex-direction: column;'>\n<div style='padding: 15px; border-bottom: 1px solid rgba(150&comma; 150&comma; 150&comma; 0.2); font-weight: bold; font-size: 18px; color: inherit;'>Incluye<\/div>\n<div style='padding: 15px; color: inherit;'>\n<ul style='padding-left: 20px; margin: 0; font-size: 14px; list-style-type: disc;'>\n<li style='margin-bottom: 5px;'>ECHOMAP UHD2 (el dispositivo var\u00eda en funci\u00f3n de la selecci\u00f3n)<\/li>\n<li style='margin-bottom: 5px;'>Transductor GT20-TM<\/li>\n<li style='margin-bottom: 5px;'>Cable de alimentaci\u00f3n\/datos<\/li>\n<li style='margin-bottom: 5px;'>Soporte inclinable<\/li>\n<li style='margin-bottom: 5px;'>Soporte para montaje empotrado<\/li>\n<li style='margin-bottom: 5px;'>Componentes de montaje<\/li>\n<li style='margin-bottom: 5px;'>Documentaci\u00f3n<\/li>\n<\/ul><\/div>\n<\/p><\/div>\n<div style='flex: 1 1 250px; border: 1px solid rgba(150&comma; 150&comma; 150&comma; 0.4); border-radius: 8px; overflow: hidden; display: flex; flex-direction: column;'>\n<div style='padding: 15px; border-bottom: 1px solid rgba(150&comma; 150&comma; 150&comma; 0.2); font-weight: bold; font-size: 18px; color: inherit;'>Especificaciones<\/div>\n<div style='padding: 15px; color: inherit;'>\n<ul style='padding-left: 20px; margin: 0; font-size: 14px; list-style-type: disc;'>\n<li style='margin-bottom: 5px;'><strong>Dimensiones:<\/strong> 15.5 x 8.6 cm; 17.8 cm en diagonal<\/li>\n<li style='margin-bottom: 5px;'><strong>Peso:<\/strong> 0.77 kg<\/li>\n<\/ul><\/div>\n<\/p><\/div>\n<\/p><\/div>\n<div style='display: flex; flex-wrap: wrap; gap: 30px; margin-bottom: 30px;'>\n<div style='flex: 1 1 300px; min-width: 280px;'>\n<div style='position: relative; padding-bottom: 56.25%; height: 0; overflow: hidden; margin-bottom: 30px;'>   <\/div>\n<\/p><\/div>\n<\/p><\/div>\n<\/p><\/div>\n","protected":false},"excerpt":{"rendered":"<p>ECHOMAP UHD2 72cv con mapa base precargado, sonda CLEARV\u00dc Y CHIRP tradicional. no incluye transductor.<\/p>\n","protected":false},"featured_media":60185,"comment_status":"open","ping_status":"closed","template":"","meta":[],"product_brand":[],"product_cat":[1526],"product_tag":[1449,1527,1172],"class_list":{"0":"post-60186","1":"product","2":"type-product","3":"status-publish","4":"has-post-thumbnail","6":"product_cat-sistema-de-navegacion","7":"product_tag-garmin","8":"product_tag-sistema-de-navegacion","9":"product_tag-soluciones-marinas","11":"first","12":"outofstock","13":"sale","14":"shipping-taxable","15":"purchasable","16":"product-type-simple"},"_links":{"self":[{"href":"https:\/\/soydeaqui.ddns.net\/pachuca\/index.php\/wp-json\/wp\/v2\/product\/60186","targetHints":{"allow":["GET"]}}],"collection":[{"href":"https:\/\/soydeaqui.ddns.net\/pachuca\/index.php\/wp-json\/wp\/v2\/product"}],"about":[{"href":"https:\/\/soydeaqui.ddns.net\/pachuca\/index.php\/wp-json\/wp\/v2\/types\/product"}],"replies":[{"embeddable":true,"href":"https:\/\/soydeaqui.ddns.net\/pachuca\/index.php\/wp-json\/wp\/v2\/comments?post=60186"}],"wp:featuredmedia":[{"embeddable":true,"href":"https:\/\/soydeaqui.ddns.net\/pachuca\/index.php\/wp-json\/wp\/v2\/media\/60185"}],"wp:attachment":[{"href":"https:\/\/soydeaqui.ddns.net\/pachuca\/index.php\/wp-json\/wp\/v2\/media?parent=60186"}],"wp:term":[{"taxonomy":"product_brand","embeddable":true,"href":"https:\/\/soydeaqui.ddns.net\/pachuca\/index.php\/wp-json\/wp\/v2\/product_brand?post=60186"},{"taxonomy":"product_cat","embeddable":true,"href":"https:\/\/soydeaqui.ddns.net\/pachuca\/index.php\/wp-json\/wp\/v2\/product_cat?post=60186"},{"taxonomy":"product_tag","embeddable":true,"href":"https:\/\/soydeaqui.ddns.net\/pachuca\/index.php\/wp-json\/wp\/v2\/product_tag?post=60186"}],"curies":[{"name":"wp","href":"https:\/\/api.w.org\/{rel}","templated":true}]}}