{"id":6016,"date":"2026-03-18T06:38:08","date_gmt":"2026-03-18T06:38:08","guid":{"rendered":"https:\/\/soydeaqui.ddns.net\/pachuca\/index.php\/producto\/teclado-programador-para-interfaces-honeywell\/"},"modified":"2026-03-18T06:38:14","modified_gmt":"2026-03-18T06:38:14","slug":"teclado-programador-para-interfaces-honeywell","status":"publish","type":"product","link":"https:\/\/soydeaqui.ddns.net\/pachuca\/index.php\/producto\/teclado-programador-para-interfaces-honeywell\/","title":{"rendered":"Teclado programador para interfaces Honeywell"},"content":{"rendered":"<div style='width: 100%; max-width: 1200px; margin: 0 auto; font-family: sans-serif; line-height: 1.6; color: inherit; background-color: transparent;'>\n<div style='display: flex; flex-wrap: wrap; gap: 30px; margin-bottom: 30px;'>\n<div style='flex: 1 1 300px; min-width: 280px;'>\n<h3 style='font-size: 22px; border-bottom: 2px solid currentColor; padding-bottom: 5px; margin-top: 0; color: inherit; opacity: 0.8;'>Descripci\u00f3n<\/h3>\n<p style='font-size: 15px; color: inherit; margin-bottom: 15px;'>Honeywell el fabricante n\u00famero uno en equipos de seguridad electr\u00f3nica&comma; est\u00e1 introduciendo al mercado nacional sus paneles de alarma e interfaces TCP\/IP y GPRS&comma; los cuales ya tienen un largo tiempo en el mercado mundial&comma; coloc\u00e1ndolos como los n\u00famero 1.<\/p>\n<p style='font-size: 15px; color: inherit; margin-bottom: 15px;'>\u00c9stas son una alternativa para solucionar los problemas de comunicaci\u00f3n de los paneles sobre l\u00edneas VoIP (las cuales son ofrecidas por compa\u00f1\u00edas de cables o inal\u00e1mbricas de microondas).<\/p>\n<p style='font-size: 15px; color: inherit; margin-bottom: 15px;'>Honeywell est\u00e1 ofreciendo una SOLUCI\u00d3N INNOVADORA para la comunicaci\u00f3n de los paneles de alarma&comma; que no s\u00f3lo permite el monitoreo de los paneles de alarma mediante m\u00f3dems GPRS de \u00faltima generaci\u00f3n y la programaci\u00f3n remota mediante el software COMPASS.<\/p>\n<p style='font-size: 15px; color: inherit; margin-bottom: 15px;'>Todas las se\u00f1ales de alarma son enviadas a la Central de Alarmas AlarmNet y redirigidas a la Central 7810iR. Esto en tiempo real con el respaldo de AlarmNet.<\/p>\n<\/p><\/div>\n<\/p><\/div>\n<div style='display: flex; flex-wrap: wrap; gap: 20px; margin-bottom: 30px;'>\n<div style='flex: 1 1 250px; border: 1px solid rgba(150&comma; 150&comma; 150&comma; 0.4); border-radius: 8px; overflow: hidden; display: flex; flex-direction: column;'>\n<div style='padding: 15px; border-bottom: 1px solid rgba(150&comma; 150&comma; 150&comma; 0.2); font-weight: bold; font-size: 18px; color: inherit;'>Caracter\u00edsticas Principales<\/div>\n<div style='padding: 15px; color: inherit;'>\n<ul style='padding-left: 20px; margin: 0; font-size: 14px; list-style-type: disc;'>\n<li style='margin-bottom: 5px;'>Paneles de alarma con interfaces TCP\/IP y GPRS<\/li>\n<li style='margin-bottom: 5px;'>Soluci\u00f3n para comunicaci\u00f3n sobre l\u00edneas VoIP<\/li>\n<li style='margin-bottom: 5px;'>Monitoreo remoto v\u00eda m\u00f3dems GPRS \u00faltima generaci\u00f3n<\/li>\n<li style='margin-bottom: 5px;'>Programaci\u00f3n remota con software COMPASS<\/li>\n<li style='margin-bottom: 5px;'>Env\u00edo de se\u00f1ales en tiempo real respaldado por AlarmNet<\/li>\n<\/ul><\/div>\n<\/p><\/div>\n<\/p><\/div>\n<hr style='border: 0; border-top: 1px solid rgba(150&comma; 150&comma; 150&comma; 0.3); margin: 30px 0;'> <\/div>\n","protected":false},"excerpt":{"rendered":"<p>Teclado programador para interfaces Honeywell<\/p>\n","protected":false},"featured_media":6015,"comment_status":"open","ping_status":"closed","template":"","meta":[],"product_brand":[],"product_cat":[463],"product_tag":[45,135,180],"class_list":{"0":"post-6016","1":"product","2":"type-product","3":"status-publish","4":"has-post-thumbnail","6":"product_cat-teclados-total-connect-honeywell","7":"product_tag-honeywell-home-resideo","8":"product_tag-teclados","9":"product_tag-total-connect-honeywell","11":"first","12":"instock","13":"sale","14":"shipping-taxable","15":"purchasable","16":"product-type-simple"},"_links":{"self":[{"href":"https:\/\/soydeaqui.ddns.net\/pachuca\/index.php\/wp-json\/wp\/v2\/product\/6016","targetHints":{"allow":["GET"]}}],"collection":[{"href":"https:\/\/soydeaqui.ddns.net\/pachuca\/index.php\/wp-json\/wp\/v2\/product"}],"about":[{"href":"https:\/\/soydeaqui.ddns.net\/pachuca\/index.php\/wp-json\/wp\/v2\/types\/product"}],"replies":[{"embeddable":true,"href":"https:\/\/soydeaqui.ddns.net\/pachuca\/index.php\/wp-json\/wp\/v2\/comments?post=6016"}],"wp:featuredmedia":[{"embeddable":true,"href":"https:\/\/soydeaqui.ddns.net\/pachuca\/index.php\/wp-json\/wp\/v2\/media\/6015"}],"wp:attachment":[{"href":"https:\/\/soydeaqui.ddns.net\/pachuca\/index.php\/wp-json\/wp\/v2\/media?parent=6016"}],"wp:term":[{"taxonomy":"product_brand","embeddable":true,"href":"https:\/\/soydeaqui.ddns.net\/pachuca\/index.php\/wp-json\/wp\/v2\/product_brand?post=6016"},{"taxonomy":"product_cat","embeddable":true,"href":"https:\/\/soydeaqui.ddns.net\/pachuca\/index.php\/wp-json\/wp\/v2\/product_cat?post=6016"},{"taxonomy":"product_tag","embeddable":true,"href":"https:\/\/soydeaqui.ddns.net\/pachuca\/index.php\/wp-json\/wp\/v2\/product_tag?post=6016"}],"curies":[{"name":"wp","href":"https:\/\/api.w.org\/{rel}","templated":true}]}}