{"id":60090,"date":"2026-03-19T05:21:59","date_gmt":"2026-03-19T05:21:59","guid":{"rendered":"https:\/\/soydeaqui.ddns.net\/pachuca\/index.php\/producto\/kit-amplificador-de-senal-celular-4g-3g-volte-y-voz-convencional-drive-reach-overland-especial-para-vehiculos-overland-o-similares-soporta-multiples-dispositivos-y-companias-como-telcel-att-y-m\/"},"modified":"2026-03-19T05:22:00","modified_gmt":"2026-03-19T05:22:00","slug":"kit-amplificador-de-senal-celular-4g-3g-volte-y-voz-convencional-drive-reach-overland-especial-para-vehiculos-overland-o-similares-soporta-multiples-dispositivos-y-companias-como-telcel-att-y-m","status":"publish","type":"product","link":"https:\/\/soydeaqui.ddns.net\/pachuca\/index.php\/producto\/kit-amplificador-de-senal-celular-4g-3g-volte-y-voz-convencional-drive-reach-overland-especial-para-vehiculos-overland-o-similares-soporta-multiples-dispositivos-y-companias-como-telcel-att-y-m\/","title":{"rendered":"KIT Amplificador de Se\u00f1al Celular 4G, 3G, VoLTE y Voz Convencional, Drive Reach Overland\/ Especial para veh\u00edculos Overland o similares\/ Soporta m\u00faltiples dispositivos y compa\u00f1\u00edas como Telcel, AT&#038;T y Movistar a la vez"},"content":{"rendered":"<div style='width: 100%; max-width: 1200px; margin: 0 auto; font-family: sans-serif&comma; Roboto; line-height: 1.6; color: inherit; background-color: transparent;'>\n<div style='width: 100%;'> <img style='width: 100%; height: auto; border: 1px solid rgba(150&comma;150&comma;150&comma;0.3); border-radius: 8px; display: block; margin: 0 auto;' src='http:\/\/ftp3.syscom.mx\/usuarios\/sapodaca\/Amplificadores\/BANNER-WEBOOST.jpg' alt='' \/> <\/div>\n<div style='margin-top: 30px;'>\n<p>Drive Reach Overland es nuestro amplificador de se\u00f1al celular multiusuario m\u00e1s potente para Tractocamiones. Est\u00e1 dise\u00f1ado para alcanzar torres de telefon\u00eda celular a distancias de hasta un 74% m\u00e1s que el weBoost Drive 4G-X OTR.<\/p>\n<p>Con su antena Overland omnidireccional redise\u00f1ada y duradera&comma; Drive Reach Overland detiene las llamadas interrumpidas al tiempo que mejora la calidad de la voz&comma; la velocidad de los datos&comma; la capacidad de transmisi\u00f3n y m\u00e1s en la carretera.<\/p>\n<p>Drive Reach Overland funciona con las redes principales de operadores de M\u00e9xico&comma; LATAM y EEUU. Y es compatible con todos los tel\u00e9fonos y otros dispositivos m\u00f3viles (incluidos ELD y telem\u00e1tica)&comma; ya que admite simult\u00e1neamente varios usuarios.<\/p>\n<\/p><\/div>\n<div style='display: flex; flex-wrap: wrap; gap: 30px; margin-top: 30px;'>\n<div style='flex: 1 1 300px; min-width: 280px;'>\n<h3 style='font-size: 22px; border-bottom: 2px solid currentColor; padding-bottom: 5px; margin-top: 0; color: inherit; opacity: 0.8;'>Caracter\u00edsticas<\/h3>\n<ul style='padding-left: 20px; font-size: 15px; color: inherit;'>\n<li style='margin-bottom: 5px;'>Aumenta la se\u00f1al de todos los proveedores de telefonia m\u00f3vil.<\/li>\n<li style='margin-bottom: 5px;'>Todos los componentes necesarios para la instalaci\u00f3n en un paquete.<\/li>\n<li style='margin-bottom: 5px;'>Instrucciones sencillas y f\u00e1cil instalaci\u00f3n.<\/li>\n<\/ul><\/div>\n<div style='flex: 1 1 300px; min-width: 280px;'>\n<h3 style='font-size: 22px; border-bottom: 2px solid currentColor; padding-bottom: 5px; margin-top: 0; color: inherit; opacity: 0.8;'>Beneficios<\/h3>\n<ul style='padding-left: 20px; font-size: 15px; color: inherit;'>\n<li style='margin-bottom: 5px;'>Ampl\u00eda el rango de se\u00f1al celular<\/li>\n<li style='margin-bottom: 5px;'>Aumenta la voz y los datos en todas las redes hasta 32x<\/li>\n<li style='margin-bottom: 5px;'>Menos conexiones perdidas y mejor calidad de audio<\/li>\n<li style='margin-bottom: 5px;'>Subidas y descargas de datos m\u00e1s r\u00e1pidas<\/li>\n<li style='margin-bottom: 5px;'>Hasta 2 horas de tiempo de conversaci\u00f3n adicional en \u00e1reas de se\u00f1al d\u00e9bil<\/li>\n<\/ul><\/div>\n<\/p><\/div>\n<div style='display: flex; flex-wrap: wrap; gap: 30px; margin-top: 30px;'>\n<div style='flex: 1 1 300px; min-width: 280px;'>\n<h3 style='font-size: 22px; border-bottom: 2px solid currentColor; padding-bottom: 5px; margin-top: 0; color: inherit; opacity: 0.8;'>Especificaciones T\u00e9cnicas<\/h3>\n<ul style='padding-left: 20px; font-size: 15px; color: inherit;'>\n<li style='margin-bottom: 5px;'><strong>Banda de frecuencias:<\/strong>\n<ul style='margin-top: 5px; margin-bottom: 5px; padding-left: 20px;'>\n<li style='margin-bottom: 5px;'>Banda 5 (850 MHz)<\/li>\n<li style='margin-bottom: 5px;'>Banda 4 (1700\/2100 MHz)<\/li>\n<li style='margin-bottom: 5px;'>Banda 2 (1900 MHz)<\/li>\n<\/ul>\n<\/li>\n<li style='margin-bottom: 5px;'><strong>Ganancia m\u00e1xima:<\/strong> 50 dB<\/li>\n<li style='margin-bottom: 5px;'><strong>Impedancia:<\/strong> 50 Ohm<\/li>\n<li style='margin-bottom: 5px;'><strong>Alimentaci\u00f3n requerida:<\/strong> 12 Vcc \/ 1.8 A<\/li>\n<li style='margin-bottom: 5px;'><strong>Conectores:<\/strong> SMB hembra<\/li>\n<li style='margin-bottom: 5px;'><strong>Dimensiones:<\/strong> 11.43 x 15.24 x 3.81 cm<\/li>\n<li style='margin-bottom: 5px;'><strong>Peso:<\/strong> 0.82 Kg<\/li>\n<\/ul><\/div>\n<div style='flex: 1 1 300px; min-width: 280px;'>\n<h3 style='font-size: 22px; border-bottom: 2px solid currentColor; padding-bottom: 5px; margin-top: 0; color: inherit; opacity: 0.8;'>Caracter\u00edsticas Adicionales<\/h3>\n<div style='display: grid; grid-template-columns: repeat(auto-fill&comma; minmax(200px&comma; 1fr)); gap: 15px;'>\n<div style='display: flex; align-items: center; gap: 10px;'> <img style='width: 40px; height: 40px; flex-shrink: 0;' src='https:\/\/assets.wilsonelectronics.com\/m\/7e4807db740151da\/original\/Drive-Reach-Product-Icons-Reaches.png' alt=''> <\/p>\n<p style='margin: 0; font-size: 14px;'>Alcanza torres hasta un 70% m\u00e1s lejos que el Drive 4G-X OTR<\/p>\n<\/p><\/div>\n<div style='display: flex; align-items: center; gap: 10px;'> <img style='width: 40px; height: 40px; flex-shrink: 0;' src='https:\/\/assets.wilsonelectronics.com\/m\/65c6f80250cfcc22\/original\/Drive-4G-X-OTR-Product-Icons-Antenna-Mount-min.png' alt=''> <\/p>\n<p style='margin: 0; font-size: 14px;'>Incluye una variedad de opciones de montajes para la antena exterior<\/p>\n<\/p><\/div>\n<div style='display: flex; align-items: center; gap: 10px;'> <img style='width: 40px; height: 40px; flex-shrink: 0;' src='https:\/\/assets.wilsonelectronics.com\/m\/3a98d3381d5ada09\/original\/Drive-4G-X-OTR-Product-Icons-Antenna-Height-min.png' alt=''> <\/p>\n<p style='margin: 0; font-size: 14px;'>La altura de la antena exterior se eleva hasta 101 cm para un mayor alcance<\/p>\n<\/p><\/div>\n<div style='display: flex; align-items: center; gap: 10px;'> <img style='width: 40px; height: 40px; flex-shrink: 0;' src='https:\/\/assets.wilsonelectronics.com\/m\/738f4c644af4e224\/original\/Drive-X-RV-Product-Icons-Spring-Antenna-min.png' alt=''> <\/p>\n<p style='margin: 0; font-size: 14px;'>La base de la antena de resorte resiste el viento y las ramas bajas<\/p>\n<\/p><\/div>\n<\/p><\/div>\n<\/p><\/div>\n<\/p><\/div>\n<div style='margin-top: 30px;'>\n<h3 style='font-size: 22px; border-bottom: 2px solid currentColor; padding-bottom: 5px; margin-top: 0; color: inherit; opacity: 0.8;'>NOTAS<\/h3>\n<ul style='padding-left: 20px; font-size: 15px; color: inherit;'>\n<li style='margin-bottom: 5px;'>Instale el kit amplificador de acuerdo al manual de usuario o gu\u00eda de instalaci\u00f3n.<\/li>\n<li style='margin-bottom: 5px;'>Use el kit amplificador para lo que est\u00e1 dise\u00f1ado.<\/li>\n<li style='margin-bottom: 5px;'>Si tiene dudas contacte nuestro departamento de Ingenier\u00eda Radiocomunicaci\u00f3n.<\/li>\n<li style='margin-bottom: 5px;'>Una mala instalaci\u00f3n o mal uso de este sistema puede provocar interferencia.<\/li>\n<\/ul><\/div>\n<\/p><\/div>\n","protected":false},"excerpt":{"rendered":"<p>KIT Amplificador de Se\u00f1al Celular 4G, 3G, VoLTE y Voz Convencional, Drive Reach Overland\/ Especial para veh\u00edculos Overland o similares\/ Soporta m\u00faltiples dispositivos y compa\u00f1\u00edas como Telcel, AT&#038;T y Movistar a la vez<\/p>\n","protected":false},"featured_media":32,"comment_status":"open","ping_status":"closed","template":"","meta":[],"product_brand":[],"product_cat":[1570,1552],"product_tag":[1535,1571,1553,1525],"class_list":{"0":"post-60090","1":"product","2":"type-product","3":"status-publish","4":"has-post-thumbnail","6":"product_cat-amplificadores-de-senal-celular-adsc","7":"product_cat-cobertura-para-celular-4g-lte","8":"product_tag-3g-y-voz","9":"product_tag-amplificadores-de-senal-celular-adsc","10":"product_tag-cobertura-para-celular-4g-lte","11":"product_tag-wilsonpro-weboost","13":"first","14":"outofstock","15":"sale","16":"shipping-taxable","17":"purchasable","18":"product-type-simple"},"_links":{"self":[{"href":"https:\/\/soydeaqui.ddns.net\/pachuca\/index.php\/wp-json\/wp\/v2\/product\/60090","targetHints":{"allow":["GET"]}}],"collection":[{"href":"https:\/\/soydeaqui.ddns.net\/pachuca\/index.php\/wp-json\/wp\/v2\/product"}],"about":[{"href":"https:\/\/soydeaqui.ddns.net\/pachuca\/index.php\/wp-json\/wp\/v2\/types\/product"}],"replies":[{"embeddable":true,"href":"https:\/\/soydeaqui.ddns.net\/pachuca\/index.php\/wp-json\/wp\/v2\/comments?post=60090"}],"wp:featuredmedia":[{"embeddable":true,"href":"https:\/\/soydeaqui.ddns.net\/pachuca\/index.php\/wp-json\/wp\/v2\/media\/32"}],"wp:attachment":[{"href":"https:\/\/soydeaqui.ddns.net\/pachuca\/index.php\/wp-json\/wp\/v2\/media?parent=60090"}],"wp:term":[{"taxonomy":"product_brand","embeddable":true,"href":"https:\/\/soydeaqui.ddns.net\/pachuca\/index.php\/wp-json\/wp\/v2\/product_brand?post=60090"},{"taxonomy":"product_cat","embeddable":true,"href":"https:\/\/soydeaqui.ddns.net\/pachuca\/index.php\/wp-json\/wp\/v2\/product_cat?post=60090"},{"taxonomy":"product_tag","embeddable":true,"href":"https:\/\/soydeaqui.ddns.net\/pachuca\/index.php\/wp-json\/wp\/v2\/product_tag?post=60090"}],"curies":[{"name":"wp","href":"https:\/\/api.w.org\/{rel}","templated":true}]}}