{"id":60061,"date":"2026-03-19T05:21:04","date_gmt":"2026-03-19T05:21:04","guid":{"rendered":"https:\/\/soydeaqui.ddns.net\/pachuca\/index.php\/producto\/duplexer-compacto-de-rechazo-de-banda-450-470-mhz-4-6-a-6-mhz-sep-tx-rx-50-watt-bnc-hembra\/"},"modified":"2026-03-19T05:21:05","modified_gmt":"2026-03-19T05:21:05","slug":"duplexer-compacto-de-rechazo-de-banda-450-470-mhz-4-6-a-6-mhz-sep-tx-rx-50-watt-bnc-hembra","status":"publish","type":"product","link":"https:\/\/soydeaqui.ddns.net\/pachuca\/index.php\/producto\/duplexer-compacto-de-rechazo-de-banda-450-470-mhz-4-6-a-6-mhz-sep-tx-rx-50-watt-bnc-hembra\/","title":{"rendered":"Duplexer Compacto de Rechazo de Banda, 450-470 MHz, 4.6 a 6 MHz Sep. Tx-Rx, 50 Watt, BNC Hembra."},"content":{"rendered":"<div style='width: 100%; max-width: 1200px; margin: 0 auto; font-family: sans-serif; line-height: 1.6; color: inherit; background-color: transparent;'>\n<div style='display: flex; flex-wrap: wrap; gap: 30px; margin-bottom: 30px;'>\n<div style='flex: 1 1 300px; min-width: 280px;'>\n<h3 style='font-size: 22px; border-bottom: 2px solid currentColor; padding-bottom: 5px; margin-top: 0; color: inherit; opacity: 0.8;'>Caracter\u00edsticas Clave<\/h3>\n<ul style='padding-left: 20px; font-size: 15px; color: inherit;'>\n<li style='margin-bottom: 5px;'>Dise\u00f1o compacto y robusto<\/li>\n<li style='margin-bottom: 5px;'>6 cavidades resonantes<\/li>\n<li style='margin-bottom: 5px;'>Resonadores de cobre plateado<\/li>\n<li style='margin-bottom: 5px;'>Aislamiento con Tefl\u00f3n (UHF)<\/li>\n<li style='margin-bottom: 5px;'>Cables semirigidos de baja p\u00e9rdida<\/li>\n<li style='margin-bottom: 5px;'>Blindaje con cavidades de aluminio<\/li>\n<li style='margin-bottom: 5px;'>M\u00ednimo corrimiento de frecuencia por temperatura<\/li>\n<li style='margin-bottom: 5px;'>Conectores N Hembra (opci\u00f3n BNC Hembra)<\/li>\n<\/ul><\/div>\n<div style='flex: 1 1 300px; min-width: 280px;'>\n<h3 style='font-size: 22px; border-bottom: 2px solid currentColor; padding-bottom: 5px; margin-top: 0; color: inherit; opacity: 0.8;'>Especificaciones El\u00e9ctricas<\/h3>\n<ul style='padding-left: 20px; font-size: 15px; color: inherit;'>\n<li style='margin-bottom: 5px;'><strong>Banda de Frecuencia:<\/strong> 440-490 MHz<\/li>\n<li style='margin-bottom: 5px;'><strong>Separaci\u00f3n Tx-Rx:<\/strong> 4.6 &#8211; 6 MHz<\/li>\n<li style='margin-bottom: 5px;'><strong>Potencia M\u00e1xima:<\/strong> 50 W<\/li>\n<li style='margin-bottom: 5px;'><strong>P\u00e9rdida por Inserci\u00f3n:<\/strong> 1.2 dB (t\u00edpico)<\/li>\n<li style='margin-bottom: 5px;'><strong>Aislamiento Tx-Rx:<\/strong> 70 dB (min) \/ 80 dB (t\u00edpico)<\/li>\n<li style='margin-bottom: 5px;'><strong>VSWR M\u00e1ximo:<\/strong> 1.25:1<\/li>\n<li style='margin-bottom: 5px;'><strong>Impedancia:<\/strong> 50 \u03a9<\/li>\n<\/ul><\/div>\n<div style='flex: 1 1 300px; min-width: 280px;'>\n<h3 style='font-size: 22px; border-bottom: 2px solid currentColor; padding-bottom: 5px; margin-top: 0; color: inherit; opacity: 0.8;'>Especificaciones Mec\u00e1nicas<\/h3>\n<ul style='padding-left: 20px; font-size: 15px; color: inherit;'>\n<li style='margin-bottom: 5px;'><strong>Tama\u00f1o de Cavity:<\/strong> 1&#8242; (6 unidades)<\/li>\n<li style='margin-bottom: 5px;'><strong>Dimensiones:<\/strong> 1.25&#8242; x 6&#8242; x 9.5&#8242; (32 x 152 x 241 mm)<\/li>\n<li style='margin-bottom: 5px;'><strong>Peso:<\/strong> 2.45 lbs (1.1 kg)<\/li>\n<li style='margin-bottom: 5px;'><strong>Peso de Env\u00edo:<\/strong> 4 lbs (1.8 kg)<\/li>\n<li style='margin-bottom: 5px;'><strong>Temperatura de Operaci\u00f3n:<\/strong> -22 a 140 \u00b0F (-30 a +60 \u00b0C)<\/li>\n<li style='margin-bottom: 5px;'><strong>Acabado:<\/strong> Negro<\/li>\n<\/ul><\/div>\n<\/p><\/div>\n<div style='display: flex; flex-wrap: wrap; gap: 20px; margin-bottom: 30px;'>\n<div style='flex: 1 1 250px; border: 1px solid rgba(150&comma; 150&comma; 150&comma; 0.4); border-radius: 8px; overflow: hidden; display: flex; flex-direction: column;'>\n<div style='padding: 15px; border-bottom: 1px solid rgba(150&comma; 150&comma; 150&comma; 0.2); font-weight: bold; font-size: 18px; color: inherit;'>Aplicaciones<\/div>\n<div style='padding: 15px; color: inherit;'>\n<ul style='padding-left: 20px; margin: 0; font-size: 14px; list-style-type: disc;'>\n<li style='margin-bottom: 5px;'>Comunicaciones m\u00f3viles<\/li>\n<li style='margin-bottom: 5px;'>Sistemas con espacio limitado<\/li>\n<li style='margin-bottom: 5px;'>Aplicaciones industriales y comerciales<\/li>\n<\/ul><\/div>\n<\/p><\/div>\n<div style='flex: 1 1 250px; border: 1px solid rgba(150&comma; 150&comma; 150&comma; 0.4); border-radius: 8px; overflow: hidden; display: flex; flex-direction: column;'>\n<div style='padding: 15px; border-bottom: 1px solid rgba(150&comma; 150&comma; 150&comma; 0.2); font-weight: bold; font-size: 18px; color: inherit;'>Notas Importantes<\/div>\n<div style='padding: 15px; color: inherit;'>\n<ul style='padding-left: 20px; margin: 0; font-size: 14px; list-style-type: disc;'>\n<li style='margin-bottom: 5px;'>Todas las especificaciones est\u00e1n sujetas a cambios sin previo aviso<\/li>\n<li style='margin-bottom: 5px;'>Dise\u00f1ado para operaci\u00f3n bi-direccional por una antena com\u00fan<\/li>\n<li style='margin-bottom: 5px;'>Separaci\u00f3n m\u00ednima de 5 MHz entre frecuencias<\/li>\n<\/ul><\/div>\n<\/p><\/div>\n<\/p><\/div>\n<hr style='border: 0; border-top: 1px solid rgba(150&comma; 150&comma; 150&comma; 0.3); margin: 30px 0;'>\n<div style='font-size: 14px; color: inherit; opacity: 0.8; text-align: center; margin-top: 20px;'> *Consultar disponibilidad con el distribuidor autorizado <\/div>\n<\/p><\/div>\n","protected":false},"excerpt":{"rendered":"<p>Duplexer Compacto de Rechazo de Banda, 450-470 MHz, 4.6 a 6 MHz Sep. Tx-Rx, 50 Watt, BNC Hembra.<\/p>\n","protected":false},"featured_media":32,"comment_status":"open","ping_status":"closed","template":"","meta":[],"product_brand":[],"product_cat":[1759],"product_tag":[1760,1637,1660],"class_list":{"0":"post-60061","1":"product","2":"type-product","3":"status-publish","4":"has-post-thumbnail","6":"product_cat-duplexers","7":"product_tag-duplexers","8":"product_tag-emr-corporation","9":"product_tag-filtros-y-sistemas-en-rf","11":"first","12":"outofstock","13":"sale","14":"shipping-taxable","15":"purchasable","16":"product-type-simple"},"_links":{"self":[{"href":"https:\/\/soydeaqui.ddns.net\/pachuca\/index.php\/wp-json\/wp\/v2\/product\/60061","targetHints":{"allow":["GET"]}}],"collection":[{"href":"https:\/\/soydeaqui.ddns.net\/pachuca\/index.php\/wp-json\/wp\/v2\/product"}],"about":[{"href":"https:\/\/soydeaqui.ddns.net\/pachuca\/index.php\/wp-json\/wp\/v2\/types\/product"}],"replies":[{"embeddable":true,"href":"https:\/\/soydeaqui.ddns.net\/pachuca\/index.php\/wp-json\/wp\/v2\/comments?post=60061"}],"wp:featuredmedia":[{"embeddable":true,"href":"https:\/\/soydeaqui.ddns.net\/pachuca\/index.php\/wp-json\/wp\/v2\/media\/32"}],"wp:attachment":[{"href":"https:\/\/soydeaqui.ddns.net\/pachuca\/index.php\/wp-json\/wp\/v2\/media?parent=60061"}],"wp:term":[{"taxonomy":"product_brand","embeddable":true,"href":"https:\/\/soydeaqui.ddns.net\/pachuca\/index.php\/wp-json\/wp\/v2\/product_brand?post=60061"},{"taxonomy":"product_cat","embeddable":true,"href":"https:\/\/soydeaqui.ddns.net\/pachuca\/index.php\/wp-json\/wp\/v2\/product_cat?post=60061"},{"taxonomy":"product_tag","embeddable":true,"href":"https:\/\/soydeaqui.ddns.net\/pachuca\/index.php\/wp-json\/wp\/v2\/product_tag?post=60061"}],"curies":[{"name":"wp","href":"https:\/\/api.w.org\/{rel}","templated":true}]}}