{"id":60044,"date":"2026-03-19T05:20:28","date_gmt":"2026-03-19T05:20:28","guid":{"rendered":"https:\/\/soydeaqui.ddns.net\/pachuca\/index.php\/producto\/clip-para-cinturon-radio-rg360\/"},"modified":"2026-03-19T05:20:35","modified_gmt":"2026-03-19T05:20:35","slug":"clip-para-cinturon-radio-rg360","status":"publish","type":"product","link":"https:\/\/soydeaqui.ddns.net\/pachuca\/index.php\/producto\/clip-para-cinturon-radio-rg360\/","title":{"rendered":"Clip para Cintur\u00f3n Radio RG360"},"content":{"rendered":"<div style='width: 100%; max-width: 1200px; margin: 0 auto; font-family: sans-serif; line-height: 1.6; color: inherit; background-color: transparent;'>\n<div style='display: flex; flex-wrap: wrap; gap: 30px; margin-bottom: 30px;'>\n<div style='flex: 1 1 300px; min-width: 280px;'>\n<h3 style='font-size: 22px; border-bottom: 2px solid currentColor; padding-bottom: 5px; margin-top: 0; color: inherit; opacity: 0.8;'>Descripci\u00f3n<\/h3>\n<ul style='padding-left: 20px; font-size: 15px; color: inherit;'>\n<li style='margin-bottom: 5px;'>Clip de pl\u00e1stico con resorte para radio RG360<\/li>\n<\/ul>\n<\/div>\n<div style='flex: 1 1 300px; min-width: 280px;'>\n<h3 style='font-size: 22px; border-bottom: 2px solid currentColor; padding-bottom: 5px; margin-top: 0; color: inherit; opacity: 0.8;'>Caracter\u00edsticas Principales<\/h3>\n<ul style='padding-left: 20px; font-size: 15px; color: inherit;'>\n<li style='margin-bottom: 5px;'>Resorte resistente para ajuste seguro en radios<\/li>\n<li style='margin-bottom: 5px;'>Compatible con el modelo RG360 espec\u00edficamente<\/li>\n<li style='margin-bottom: 5px;'>Material pl\u00e1stico ligero de alta durabilidad<\/li>\n<li style='margin-bottom: 5px;'>Dise\u00f1o ergon\u00f3mico para f\u00e1cil manejo<\/li>\n<li style='margin-bottom: 5px;'>F\u00e1cil instalaci\u00f3n sin herramientas adicionales<\/li>\n<\/ul>\n<\/div>\n<\/div>\n<div style='display: flex; flex-wrap: wrap; gap: 20px; margin-bottom: 30px;'>\n<div style='flex: 1 1 250px; border: 1px solid rgba(150&comma; 150&comma; 150&comma; 0.4); border-radius: 8px; overflow: hidden; display: flex; flex-direction: column;'>\n<div style='padding: 15px; border-bottom: 1px solid rgba(150&comma; 150&comma; 150&comma; 0.2); font-weight: bold; font-size: 18px; color: inherit;'>Caracter\u00edsticas T\u00e9cnicas<\/div>\n<div style='padding: 15px; color: inherit;'>\n<ul style='padding-left: 20px; margin: 0; font-size: 14px; list-style-type: disc;'>\n<li style='margin-bottom: 5px;'><strong>Bater\u00eda:<\/strong> 3000 mAh<\/li>\n<li style='margin-bottom: 5px;'><strong>Conectividad:<\/strong> 4G LTE<\/li>\n<li style='margin-bottom: 5px;'><strong>Pantalla:<\/strong> 3.0 pulgadas 480 (H)*854 (V)<\/li>\n<li style='margin-bottom: 5px;'><strong>Sistema Operativo:<\/strong> Android\u2122 10 GO<\/li>\n<li style='margin-bottom: 5px;'><strong>Memoria RAM:<\/strong> 1 GB<\/li>\n<li style='margin-bottom: 5px;'><strong>C\u00e1mara:<\/strong> 2 MP<\/li>\n<li style='margin-bottom: 5px;'><strong>Memoria Interna:<\/strong> 1 GB<\/li>\n<li style='margin-bottom: 5px;'><strong>Memoria Expandible:<\/strong> Micro SD \/ Micro SDXC hasta 128 GB<\/li>\n<li style='margin-bottom: 5px;'><strong>GPS:<\/strong> GPS&comma; A-GPS&comma; Glonass<\/li>\n<li style='margin-bottom: 5px;'><strong>Procesador:<\/strong> MTK6739 Quad-core&comma; 1.28 GHz<\/li>\n<li style='margin-bottom: 5px;'><strong>Dimensiones:<\/strong> 118 x 58 x 25.8 mm<\/li>\n<li style='margin-bottom: 5px;'><strong>Peso:<\/strong> 197 g<\/li>\n<\/ul>\n<\/div>\n<\/div>\n<div style='flex: 1 1 250px; border: 1px solid rgba(150&comma; 150&comma; 150&comma; 0.4); border-radius: 8px; overflow: hidden; display: flex; flex-direction: column;'>\n<div style='padding: 15px; border-bottom: 1px solid rgba(150&comma; 150&comma; 150&comma; 0.2); font-weight: bold; font-size: 18px; color: inherit;'>Conectividad y Bandas<\/div>\n<div style='padding: 15px; color: inherit;'>\n<ul style='padding-left: 20px; margin: 0; font-size: 14px; list-style-type: disc;'>\n<li style='margin-bottom: 5px;'><strong>Wi-Fi:<\/strong> 802.11 b\/g\/n&comma; 2.4 GHz<\/li>\n<li style='margin-bottom: 5px;'><strong>Bluetooth:<\/strong> 4.2 LE<\/li>\n<li style='margin-bottom: 5px;'><strong>Bandas LTE:<\/strong> FDD-LTE: B1\/2\/3\/4\/5\/7\/8\/20\/28&comma; TDD-LTE: B38\/40\/41<\/li>\n<li style='margin-bottom: 5px;'><strong>Bandas WCDMA:<\/strong> B1\/2\/4\/5\/8<\/li>\n<li style='margin-bottom: 5px;'><strong>Bandas GSM:<\/strong> B2\/3\/5\/8<\/li>\n<\/ul>\n<\/div>\n<\/div>\n<div style='flex: 1 1 250px; border: 1px solid rgba(150&comma; 150&comma; 150&comma; 0.4); border-radius: 8px; overflow: hidden; display: flex; flex-direction: column;'>\n<div style='padding: 15px; border-bottom: 1px solid rgba(150&comma; 150&comma; 150&comma; 0.2); font-weight: bold; font-size: 18px; color: inherit;'>Caracter\u00edsticas F\u00edsicas<\/div>\n<div style='padding: 15px; color: inherit;'>\n<ul style='padding-left: 20px; margin: 0; font-size: 14px; list-style-type: disc;'>\n<li style='margin-bottom: 5px;'><strong>Altavoces:<\/strong> Potentes de 105dB<\/li>\n<li style='margin-bottom: 5px;'><strong>Botones:<\/strong> Bot\u00f3n SOS&comma; Bot\u00f3n programable\/PTT&comma; Bot\u00f3n de volumen<\/li>\n<li style='margin-bottom: 5px;'><strong>Dise\u00f1o:<\/strong> Compacto para uso con una sola mano<\/li>\n<li style='margin-bottom: 5px;'><strong>Bater\u00eda:<\/strong> Intercambiable de 3&comma;000mAh<\/li>\n<\/ul>\n<\/div>\n<\/div>\n<\/div>\n<hr style='border: 0; border-top: 1px solid rgba(150&comma; 150&comma; 150&comma; 0.3); margin: 30px 0;'>\n<div style='display: flex; flex-wrap: wrap; gap: 20px; margin-bottom: 30px;'>\n<div style='flex: 1 1 250px; border: 1px solid rgba(150&comma; 150&comma; 150&comma; 0.4); border-radius: 8px; overflow: hidden; display: flex; flex-direction: column;'>\n<div style='padding: 15px; border-bottom: 1px solid rgba(150&comma; 150&comma; 150&comma; 0.2); font-weight: bold; font-size: 18px; color: inherit;'>Accesorios<\/div>\n<div style='padding: 15px; color: inherit;'>\n<ul style='padding-left: 20px; margin: 0; font-size: 14px; list-style-type: disc;'>\n<li style='margin-bottom: 5px;'>Cargador de mesa<\/li>\n<li style='margin-bottom: 5px;'>Auriculares PTT de 3.5mm<\/li>\n<li style='margin-bottom: 5px;'>Cargador de carro<\/li>\n<\/ul>\n<\/div>\n<\/div>\n<\/div>\n<\/div>\n","protected":false},"excerpt":{"rendered":"<p>Clip para Cintur\u00f3n Radio RG360<\/p>\n","protected":false},"featured_media":60043,"comment_status":"open","ping_status":"closed","template":"","meta":[],"product_brand":[],"product_cat":[1549],"product_tag":[1550,1508,1608],"class_list":{"0":"post-60044","1":"product","2":"type-product","3":"status-publish","4":"has-post-thumbnail","6":"product_cat-accesorios-y-refacciones","7":"product_tag-accesorios-y-refacciones","8":"product_tag-radios-lte","9":"product_tag-ruggear","11":"first","12":"instock","13":"sale","14":"shipping-taxable","15":"purchasable","16":"product-type-simple"},"_links":{"self":[{"href":"https:\/\/soydeaqui.ddns.net\/pachuca\/index.php\/wp-json\/wp\/v2\/product\/60044","targetHints":{"allow":["GET"]}}],"collection":[{"href":"https:\/\/soydeaqui.ddns.net\/pachuca\/index.php\/wp-json\/wp\/v2\/product"}],"about":[{"href":"https:\/\/soydeaqui.ddns.net\/pachuca\/index.php\/wp-json\/wp\/v2\/types\/product"}],"replies":[{"embeddable":true,"href":"https:\/\/soydeaqui.ddns.net\/pachuca\/index.php\/wp-json\/wp\/v2\/comments?post=60044"}],"wp:featuredmedia":[{"embeddable":true,"href":"https:\/\/soydeaqui.ddns.net\/pachuca\/index.php\/wp-json\/wp\/v2\/media\/60043"}],"wp:attachment":[{"href":"https:\/\/soydeaqui.ddns.net\/pachuca\/index.php\/wp-json\/wp\/v2\/media?parent=60044"}],"wp:term":[{"taxonomy":"product_brand","embeddable":true,"href":"https:\/\/soydeaqui.ddns.net\/pachuca\/index.php\/wp-json\/wp\/v2\/product_brand?post=60044"},{"taxonomy":"product_cat","embeddable":true,"href":"https:\/\/soydeaqui.ddns.net\/pachuca\/index.php\/wp-json\/wp\/v2\/product_cat?post=60044"},{"taxonomy":"product_tag","embeddable":true,"href":"https:\/\/soydeaqui.ddns.net\/pachuca\/index.php\/wp-json\/wp\/v2\/product_tag?post=60044"}],"curies":[{"name":"wp","href":"https:\/\/api.w.org\/{rel}","templated":true}]}}