{"id":60042,"date":"2026-03-19T05:20:25","date_gmt":"2026-03-19T05:20:25","guid":{"rendered":"https:\/\/soydeaqui.ddns.net\/pachuca\/index.php\/producto\/amplificador-nautico-de-audio-con-4-canales-de-150-w-rms-por-canal\/"},"modified":"2026-03-19T05:20:26","modified_gmt":"2026-03-19T05:20:26","slug":"amplificador-nautico-de-audio-con-4-canales-de-150-w-rms-por-canal","status":"publish","type":"product","link":"https:\/\/soydeaqui.ddns.net\/pachuca\/index.php\/producto\/amplificador-nautico-de-audio-con-4-canales-de-150-w-rms-por-canal\/","title":{"rendered":"Amplificador n\u00e1utico de audio con 4 canales de 150 W RMS por canal"},"content":{"rendered":"<div style='width: 100%; max-width: 1200px; margin: 0 auto; font-family: sans-serif; line-height: 1.6; color: inherit; background-color: transparent;'>\n<div style='display: flex; flex-wrap: wrap; gap: 30px; margin-bottom: 30px;'>\n<div style='flex: 1 1 300px; min-width: 280px;'>\n<h3 style='font-size: 22px; border-bottom: 2px solid currentColor; padding-bottom: 5px; margin-top: 0; color: inherit; opacity: 0.8;'>Caracter\u00edsticas<\/h3>\n<ul style='padding-left: 20px; font-size: 15px; color: inherit;'>\n<li style='margin-bottom: 5px;'>Indicadores led para estatus de calentamiento o corto circuito<\/li>\n<li style='margin-bottom: 5px;'>Ajustes autom\u00e1ticos por medio de la funci\u00f3n de sintonizaci\u00f3n<\/li>\n<li style='margin-bottom: 5px;'>Placa de circuito impreso con revestimiento adicional para protecci\u00f3n contra el agua o humedad<\/li>\n<li style='margin-bottom: 5px;'>Amplificador de 4 canales con 150 W RMS por canal<\/li>\n<li style='margin-bottom: 5px;'>Conexi\u00f3n de 4 altavoces&comma; o 2 altavoces y 1 subwoofer<\/li>\n<li style='margin-bottom: 5px;'>Alta calidad de audio sin distorsi\u00f3n<\/li>\n<\/ul><\/div>\n<\/p><\/div>\n<div style='display: flex; flex-wrap: wrap; gap: 20px; margin-bottom: 30px;'>\n<div style='flex: 1 1 250px; border: 1px solid rgba(150&comma; 150&comma; 150&comma; 0.4); border-radius: 8px; overflow: hidden; display: flex; flex-direction: column;'>\n<div style='padding: 15px; border-bottom: 1px solid rgba(150&comma; 150&comma; 150&comma; 0.2); font-weight: bold; font-size: 18px; color: inherit;'>Caracter\u00edsticas generales<\/div>\n<div style='padding: 15px; color: inherit;'>\n<ul style='padding-left: 20px; margin: 0; font-size: 14px; list-style-type: disc; color: inherit;'>\n<li style='margin-bottom: 5px;'><strong>Dimensiones f\u00edsicas sin soporte (longitud x anchura x altura):<\/strong> Monobloque\/4 canales: 235 x 180 x 45 mm (9&comma;25\u2033 x 7&comma;06\u2033 x 1&comma;75\u2033)<\/li>\n<li style='margin-bottom: 5px;'><strong>Dimensiones f\u00edsicas con soporte (longitud x anchura x altura):<\/strong> Monobloque\/4 canales: 235 x 180 x 50 mm (9&comma;25\u2033 x 7&comma;06\u2033 x 2&comma;13\u2033)<\/li>\n<li style='margin-bottom: 5px;'><strong>Peso:<\/strong> Monobloque\/4 canales: 2&comma;2 kg (4&comma;85 lb)<\/li>\n<li style='margin-bottom: 5px;'><strong>Clasificaci\u00f3n de resistencia al agua:<\/strong> Monobloque\/4 canales: IPX2<\/li>\n<li style='margin-bottom: 5px;'><strong>Clase del amplificador:<\/strong> Clase D<\/li>\n<li style='margin-bottom: 5px;'><strong>Potencia de CEA-2006:<\/strong> 4 canales: entrada de 4 x 150 vatios RMS a 14&comma;4 V&comma; 4 ohmios < 1 % de THD<\/li>\n<li style='margin-bottom: 5px;'><strong>Salida de potencia nominal total: 2 ohmios (vatios):<\/strong> 4 canales: entrada de 4 x 290 vatios RMS a 14&comma;4 V&comma; 2 ohmios < 1 % de THD<\/li>\n<li style='margin-bottom: 5px;'><strong>Potencia pico (vatios):<\/strong> 4 canales: entrada de 2 x 580 vatios RMS a 14&comma;4 V&comma; 4 ohmios con puente < 1 % de THD<\/li>\n<li style='margin-bottom: 5px;'><strong>Salida de potencia nominal total: 4 ohmios con puente (vatios):<\/strong> 4 canales: 1200 vatios<\/li>\n<li style='margin-bottom: 5px;'><strong>Sensibilidad de entrada:<\/strong> 4 canales: 1&comma;3 V RMS<\/li>\n<li style='margin-bottom: 5px;'><strong>Impedancia de entrada:<\/strong> Monobloque\/4 canales: 22k ohmios<\/li>\n<li style='margin-bottom: 5px;'><strong>Voltaje de funcionamiento:<\/strong> Monobloque\/4 canales: 10&comma;8 V &#8211; 16 V de CC. Amplificador de zona: 10&comma;8 V &#8211; 32 V de CC<\/li>\n<li style='margin-bottom: 5px;'><strong>Consumo el\u00e9ctrico (standby):<\/strong> Monobloque\/4 canales: < entrada de 5 mA a 14&comma;4 V<\/li>\n<li style='margin-bottom: 5px;'><strong>Consumo el\u00e9ctrico (inactividad):<\/strong> 4 canales: < entrada de 1&comma;15 A a 14&comma;4 V<\/li>\n<li style='margin-bottom: 5px;'><strong>Consumo el\u00e9ctrico (m\u00e1x.):<\/strong> 4 canales: 53 A<\/li>\n<li style='margin-bottom: 5px;'><strong>Valor del fusible:<\/strong> 4 canales: fusible electr\u00f3nico de 85 A (no es necesario sustituirlo)<\/li>\n<li style='margin-bottom: 5px;'><strong>Protecci\u00f3n de seguridad contra la ignici\u00f3n (SAE J1171):<\/strong> S\u00ed<\/li>\n<li style='margin-bottom: 5px;'><strong>Circuitos de protecci\u00f3n:<\/strong> Tensi\u00f3n inversa&comma; Subtensi\u00f3n\/sobretensi\u00f3n de entrada&comma; Temperatura excesiva&comma; Cortocircuito de salida<\/li>\n<li style='margin-bottom: 5px;'><strong>Rango de operaci\u00f3n:<\/strong> De 0 a 50 \u00b0C<\/li>\n<\/ul><\/div>\n<\/p><\/div>\n<\/p><\/div>\n<\/p><\/div>\n","protected":false},"excerpt":{"rendered":"<p>Amplificador n\u00e1utico de audio con 4 canales de 150 W RMS por canal<\/p>\n","protected":false},"featured_media":60041,"comment_status":"open","ping_status":"closed","template":"","meta":[],"product_brand":[],"product_cat":[1541],"product_tag":[1542,1449,1172],"class_list":{"0":"post-60042","1":"product","2":"type-product","3":"status-publish","4":"has-post-thumbnail","6":"product_cat-equipos-para-pesca-comercial-y-recreativa","7":"product_tag-equipos-para-pesca-comercial-y-recreativa","8":"product_tag-garmin","9":"product_tag-soluciones-marinas","11":"first","12":"outofstock","13":"sale","14":"shipping-taxable","15":"purchasable","16":"product-type-simple"},"_links":{"self":[{"href":"https:\/\/soydeaqui.ddns.net\/pachuca\/index.php\/wp-json\/wp\/v2\/product\/60042","targetHints":{"allow":["GET"]}}],"collection":[{"href":"https:\/\/soydeaqui.ddns.net\/pachuca\/index.php\/wp-json\/wp\/v2\/product"}],"about":[{"href":"https:\/\/soydeaqui.ddns.net\/pachuca\/index.php\/wp-json\/wp\/v2\/types\/product"}],"replies":[{"embeddable":true,"href":"https:\/\/soydeaqui.ddns.net\/pachuca\/index.php\/wp-json\/wp\/v2\/comments?post=60042"}],"wp:featuredmedia":[{"embeddable":true,"href":"https:\/\/soydeaqui.ddns.net\/pachuca\/index.php\/wp-json\/wp\/v2\/media\/60041"}],"wp:attachment":[{"href":"https:\/\/soydeaqui.ddns.net\/pachuca\/index.php\/wp-json\/wp\/v2\/media?parent=60042"}],"wp:term":[{"taxonomy":"product_brand","embeddable":true,"href":"https:\/\/soydeaqui.ddns.net\/pachuca\/index.php\/wp-json\/wp\/v2\/product_brand?post=60042"},{"taxonomy":"product_cat","embeddable":true,"href":"https:\/\/soydeaqui.ddns.net\/pachuca\/index.php\/wp-json\/wp\/v2\/product_cat?post=60042"},{"taxonomy":"product_tag","embeddable":true,"href":"https:\/\/soydeaqui.ddns.net\/pachuca\/index.php\/wp-json\/wp\/v2\/product_tag?post=60042"}],"curies":[{"name":"wp","href":"https:\/\/api.w.org\/{rel}","templated":true}]}}