{"id":60019,"date":"2026-03-19T05:19:44","date_gmt":"2026-03-19T05:19:44","guid":{"rendered":"https:\/\/soydeaqui.ddns.net\/pachuca\/index.php\/producto\/amplificador-de-senal-celular-enterprise-4300-para-montaje-en-pared-mejora-la-senal-celular-de-los-principales-operadores-cubre-areas-de-hasta-4800-metros-cuadrados\/"},"modified":"2026-03-19T05:19:45","modified_gmt":"2026-03-19T05:19:45","slug":"amplificador-de-senal-celular-enterprise-4300-para-montaje-en-pared-mejora-la-senal-celular-de-los-principales-operadores-cubre-areas-de-hasta-4800-metros-cuadrados","status":"publish","type":"product","link":"https:\/\/soydeaqui.ddns.net\/pachuca\/index.php\/producto\/amplificador-de-senal-celular-enterprise-4300-para-montaje-en-pared-mejora-la-senal-celular-de-los-principales-operadores-cubre-areas-de-hasta-4800-metros-cuadrados\/","title":{"rendered":"Amplificador de Se\u00f1al Celular, ENTERPRISE 4300\/ Para Montaje en Pared\/ Mejora la Se\u00f1al Celular de los principales operadores\/ Cubre \u00e1reas de hasta 4800 metros cuadrados"},"content":{"rendered":"<div style='width: 100%; max-width: 1200px; margin: 0 auto; font-family: sans-serif; line-height: 1.6; color: inherit; background-color: transparent;'>\n<div style='text-align: center; margin-bottom: 30px;'> <img style='width: 100%; height: auto; border: 1px solid rgba(150&comma;150&comma;150&comma;0.3); border-radius: 8px;' src='http:\/\/ftp3.syscom.mx\/usuarios\/sapodaca\/Amplificadores\/BANNER-WILSONPRO.jpg' alt=''> <\/div>\n<h2 style='font-size: 24px; border-bottom: 2px solid currentColor; padding-bottom: 5px; margin-top: 0; color: inherit; opacity: 0.8;'>Enterprise 4300<\/h2>\n<div style='margin-bottom: 30px;'>\n<p>El amplificador celular WilsonPro Enterprise 4300 es la culminaci\u00f3n de las \u00faltimas innovaciones de Amplificadores de la Se\u00f1al Celular&comma; centrado en su nueva tecnolog\u00eda de orientaci\u00f3n de m\u00faltiples torres.<\/p>\n<p>Dependiendo de la ubicaci\u00f3n de las torres de telefon\u00eda celular&comma; puede ejecutar hasta tres antenas exteriores; cada una dedicada a una banda de frecuencia espec\u00edfica para amplificar colectivamente las se\u00f1ales de m\u00faltiples torres. Seg\u00fan la necesidad o preferencia del usuario&comma; Enterprise 4300 tambi\u00e9n puede utilizar el &#8216;modo com\u00fan&#8217; como predeterminado; requiere solo una antena exterior para brindar una cobertura de se\u00f1al celular mejorada a sus cuatro antenas interiores.<\/p>\n<p>Con acceso por cable o LTE (usando el m\u00f3dem celular incorporado | s\u00f3lo para EEUU y Canad\u00e1) a la nube WilsonPro para la funcionalidad remota&comma; los integradores y gerentes de edificios pueden administrar&comma; monitorear y ajustar de forma remota el Enterprise 4300 usando un tel\u00e9fono inteligente o tableta. Se reciben notificaciones inmediatas por correo electr\u00f3nico o mensaje de texto. Dise\u00f1ado para alcanzar torres a mayores distancias&comma; tambi\u00e9n produce hasta 26 dBm en enlace ascendente y hasta 17 dBm en enlace descendente&comma; lo que lo convierte en uno de los amplificadores m\u00e1s potentes dentro de su rango de precios.<\/p>\n<p>Confiando en sus cuatro puertos de antena interior controlados independientemente&comma; equipados con su propia potencia de enlace descendente de hasta 17 dBm&comma; el Enterprise 4300 amplifica el \u00e1rea de cobertura hasta 1200 metros cuadrados por puerto.<\/p>\n<p>Dise\u00f1ado para la configuraci\u00f3n de montaje en pared. Una opci\u00f3n de montaje en bastidor disponible (Enterprise 4300R).<\/p>\n<p>INCLUYE: Amplificador y cable de alimentaci\u00f3n.<\/p>\n<\/p><\/div>\n<div style='display: flex; flex-wrap: wrap; gap: 30px; margin-bottom: 30px;'>\n<div style='flex: 1 1 300px; min-width: 280px;'>\n<h3 style='font-size: 22px; border-bottom: 2px solid currentColor; padding-bottom: 5px; margin-top: 0; color: inherit; opacity: 0.8;'>Caracter\u00edsticas Principales<\/h3>\n<ul style='padding-left: 20px; font-size: 15px; color: inherit;'>\n<li style='margin-bottom: 5px;'><strong>Tipo:<\/strong> Amplificador de Se\u00f1al Celular<\/li>\n<li style='margin-bottom: 5px;'><strong>Marca:<\/strong> WILSONPRO \/ WEBOOST<\/li>\n<li style='margin-bottom: 5px;'><strong>Modelo:<\/strong> 461052<\/li>\n<li style='margin-bottom: 5px;'><strong>\u00c1rea de Cobertura:<\/strong> Hasta 4800 metros cuadrados<\/li>\n<li style='margin-bottom: 5px;'><strong>Tecnolog\u00eda:<\/strong> Tecnolog\u00eda de orientaci\u00f3n de m\u00faltiples torres<\/li>\n<li style='margin-bottom: 5px;'><strong>Conexi\u00f3n Remota:<\/strong> Acceso por cable o LTE a la nube WilsonPro (solo para EEUU y Canad\u00e1)<\/li>\n<\/ul><\/div>\n<div style='flex: 1 1 300px; min-width: 280px;'>\n<h3 style='font-size: 22px; border-bottom: 2px solid currentColor; padding-bottom: 5px; margin-top: 0; color: inherit; opacity: 0.8;'>Detalles T\u00e9cnicos<\/h3>\n<ul style='padding-left: 20px; font-size: 15px; color: inherit;'>\n<li style='margin-bottom: 5px;'><strong>Max Ganancia:<\/strong> 70 dB<\/li>\n<li style='margin-bottom: 5px;'><strong>Alimentaci\u00f3n:<\/strong> 110 &#8211; 240 V ca&comma; 50 &#8211; 60 Hz&comma; 30 W<\/li>\n<li style='margin-bottom: 5px;'><strong>Peso:<\/strong> 7.68 kg<\/li>\n<li style='margin-bottom: 5px;'><strong>Dimensiones:<\/strong> 19 x 12 x 2.5 in<\/li>\n<li style='margin-bottom: 5px;'><strong>Conectores:<\/strong> N-Female<\/li>\n<li style='margin-bottom: 5px;'><strong>Impedancia:<\/strong> 50 Ohm<\/li>\n<\/ul><\/div>\n<\/p><\/div>\n<div style='display: flex; flex-wrap: wrap; gap: 20px; margin-bottom: 30px;'>\n<div style='flex: 1 1 250px; border: 1px solid rgba(150&comma; 150&comma; 150&comma; 0.4); border-radius: 8px; overflow: hidden; display: flex; flex-direction: column;'>\n<div style='padding: 15px; border-bottom: 1px solid rgba(150&comma; 150&comma; 150&comma; 0.2); font-weight: bold; font-size: 18px; color: inherit;'>Frecuencias Soportadas<\/div>\n<div style='padding: 15px; color: inherit;'>\n<ul style='padding-left: 20px; margin: 0; font-size: 14px; list-style-type: disc;'>\n<li style='margin-bottom: 5px;'>Band 25 1900 MHz<\/li>\n<li style='margin-bottom: 5px;'>Band 4 1700\/2100 MHz<\/li>\n<li style='margin-bottom: 5px;'>Band 13 700 MHz<\/li>\n<li style='margin-bottom: 5px;'>Band 5 850 MHz<\/li>\n<li style='margin-bottom: 5px;'>Band 12\/17 700 MHz<\/li>\n<\/ul><\/div>\n<\/p><\/div>\n<div style='flex: 1 1 250px; border: 1px solid rgba(150&comma; 150&comma; 150&comma; 0.4); border-radius: 8px; overflow: hidden; display: flex; flex-direction: column;'>\n<div style='padding: 15px; border-bottom: 1px solid rgba(150&comma; 150&comma; 150&comma; 0.2); font-weight: bold; font-size: 18px; color: inherit;'>Potencia de Se\u00f1al<\/div>\n<div style='padding: 15px; color: inherit;'>\n<ul style='padding-left: 20px; margin: 0; font-size: 14px; list-style-type: disc;'>\n<li style='margin-bottom: 5px;'>Hasta 26 dBm en enlace ascendente<\/li>\n<li style='margin-bottom: 5px;'>Hasta 17 dBm en enlace descendente<\/li>\n<li style='margin-bottom: 5px;'>Cobertura por puerto: Hasta 1200 metros cuadrados<\/li>\n<\/ul><\/div>\n<\/p><\/div>\n<div style='flex: 1 1 250px; border: 1px solid rgba(150&comma; 150&comma; 150&comma; 0.4); border-radius: 8px; overflow: hidden; display: flex; flex-direction: column;'>\n<div style='padding: 15px; border-bottom: 1px solid rgba(150&comma; 150&comma; 150&comma; 0.2); font-weight: bold; font-size: 18px; color: inherit;'>Notas Importantes<\/div>\n<div style='padding: 15px; color: inherit;'>\n<ul style='padding-left: 20px; margin: 0; font-size: 14px; list-style-type: disc;'>\n<li style='margin-bottom: 5px;'>Algunas funciones de WilsonPro Cloud no est\u00e1n disponibles para LATAM<\/li>\n<li style='margin-bottom: 5px;'>Instale el kit amplificador de acuerdo al manual de usuario o gu\u00eda de instalaci\u00f3n<\/li>\n<li style='margin-bottom: 5px;'>Use el kit amplificador para lo que est\u00e1 dise\u00f1ado<\/li>\n<li style='margin-bottom: 5px;'>Si tiene dudas contacte nuestro departamento de Ingenier\u00eda Radiocomunicaci\u00f3n<\/li>\n<li style='margin-bottom: 5px;'>Una mala instalaci\u00f3n o mal uso de este sistema puede provocar interferencia<\/li>\n<\/ul><\/div>\n<\/p><\/div>\n<\/p><\/div>\n<div style='margin-bottom: 30px;'> <img style='width: 100%; height: auto; border: 1px solid rgba(150&comma;150&comma;150&comma;0.3); border-radius: 8px;' src='https:\/\/ftp3.syscom.mx\/usuarios\/amarquez\/AdSC\/Fotos%20y%20diagramas%20para%20determinar%20cobertura%20estimada..png' alt=''> <\/div>\n<h3 style='font-size: 18px; margin-top: 30px; margin-bottom: 15px; color: inherit; opacity: 0.8;'>La potencia del amplificador es gracias a la se\u00f1al que le entra.<\/h3>\n<hr style='border: 0; border-top: 1px solid rgba(150&comma; 150&comma; 150&comma; 0.3); margin: 30px 0;'> <\/div>\n","protected":false},"excerpt":{"rendered":"<p>Amplificador de Se\u00f1al Celular, ENTERPRISE 4300\/ Para Montaje en Pared\/ Mejora la Se\u00f1al Celular de los principales operadores\/ Cubre \u00e1reas de hasta 4800 metros cuadrados<\/p>\n","protected":false},"featured_media":60018,"comment_status":"open","ping_status":"closed","template":"","meta":[],"product_brand":[],"product_cat":[1570,1552],"product_tag":[1535,1571,1553,1525],"class_list":{"0":"post-60019","1":"product","2":"type-product","3":"status-publish","4":"has-post-thumbnail","6":"product_cat-amplificadores-de-senal-celular-adsc","7":"product_cat-cobertura-para-celular-4g-lte","8":"product_tag-3g-y-voz","9":"product_tag-amplificadores-de-senal-celular-adsc","10":"product_tag-cobertura-para-celular-4g-lte","11":"product_tag-wilsonpro-weboost","13":"first","14":"instock","15":"sale","16":"shipping-taxable","17":"purchasable","18":"product-type-simple"},"_links":{"self":[{"href":"https:\/\/soydeaqui.ddns.net\/pachuca\/index.php\/wp-json\/wp\/v2\/product\/60019","targetHints":{"allow":["GET"]}}],"collection":[{"href":"https:\/\/soydeaqui.ddns.net\/pachuca\/index.php\/wp-json\/wp\/v2\/product"}],"about":[{"href":"https:\/\/soydeaqui.ddns.net\/pachuca\/index.php\/wp-json\/wp\/v2\/types\/product"}],"replies":[{"embeddable":true,"href":"https:\/\/soydeaqui.ddns.net\/pachuca\/index.php\/wp-json\/wp\/v2\/comments?post=60019"}],"wp:featuredmedia":[{"embeddable":true,"href":"https:\/\/soydeaqui.ddns.net\/pachuca\/index.php\/wp-json\/wp\/v2\/media\/60018"}],"wp:attachment":[{"href":"https:\/\/soydeaqui.ddns.net\/pachuca\/index.php\/wp-json\/wp\/v2\/media?parent=60019"}],"wp:term":[{"taxonomy":"product_brand","embeddable":true,"href":"https:\/\/soydeaqui.ddns.net\/pachuca\/index.php\/wp-json\/wp\/v2\/product_brand?post=60019"},{"taxonomy":"product_cat","embeddable":true,"href":"https:\/\/soydeaqui.ddns.net\/pachuca\/index.php\/wp-json\/wp\/v2\/product_cat?post=60019"},{"taxonomy":"product_tag","embeddable":true,"href":"https:\/\/soydeaqui.ddns.net\/pachuca\/index.php\/wp-json\/wp\/v2\/product_tag?post=60019"}],"curies":[{"name":"wp","href":"https:\/\/api.w.org\/{rel}","templated":true}]}}