{"id":59997,"date":"2026-03-19T05:19:08","date_gmt":"2026-03-19T05:19:08","guid":{"rendered":"https:\/\/soydeaqui.ddns.net\/pachuca\/index.php\/producto\/puente-de-medicion-para-vswr-en-analizador-de-espectro-dsa815-tg-2\/"},"modified":"2026-03-19T05:19:09","modified_gmt":"2026-03-19T05:19:09","slug":"puente-de-medicion-para-vswr-en-analizador-de-espectro-dsa815-tg-2","status":"publish","type":"product","link":"https:\/\/soydeaqui.ddns.net\/pachuca\/index.php\/producto\/puente-de-medicion-para-vswr-en-analizador-de-espectro-dsa815-tg-2\/","title":{"rendered":"Puente de Medici\u00f3n para VSWR en Analizador de Espectro DSA815-TG."},"content":{"rendered":"<div style='width: 100%; max-width: 1200px; margin: 0 auto; font-family: sans-serif; line-height: 1.6; color: inherit; background-color: transparent;'>\n<div style='display: flex; flex-wrap: wrap; gap: 30px; margin-bottom: 30px;'>\n<div style='flex: 1 1 300px; min-width: 280px;'>\n<h3 style='font-size: 22px; border-bottom: 2px solid currentColor; padding-bottom: 5px; margin-top: 0; color: inherit; opacity: 0.8;'>Especificaciones<\/h3>\n<ul style='padding-left: 20px; font-size: 15px; color: inherit;'>\n<li style='margin-bottom: 5px;'><strong>Canales:<\/strong> 2<\/li>\n<li style='margin-bottom: 5px;'><strong>Ancho de banda:<\/strong> 200 MHz<\/li>\n<li style='margin-bottom: 5px;'><strong>Frecuencia de Muestreo:<\/strong> 1Gs\/s<\/li>\n<li style='margin-bottom: 5px;'><strong>Detecci\u00f3n de Pico:<\/strong> 4 ns<\/li>\n<li style='margin-bottom: 5px;'><strong>Profundidad de la Memoria:<\/strong> 25 Mpts (Canal Sencillo) 12 Mpts (Doble Canal)<\/li>\n<li style='margin-bottom: 5px;'><strong>Tasa de Captura de Forma de Onda:<\/strong> 30&comma;000 wfms\/s<\/li>\n<li style='margin-bottom: 5px;'><strong>Escala Vertical:<\/strong> 1 mV\/ div a 10 V\/ div<\/li>\n<li style='margin-bottom: 5px;'><strong>Rango de Base de Tiempo:<\/strong> 2ns\/ div a 50s\/ div<\/li>\n<li style='margin-bottom: 5px;'><strong>Modos de Disparo:<\/strong> Elevando&comma; Callendo&comma; Alternado<\/li>\n<li style='margin-bottom: 5px;'><strong>Puertos Est\u00e1ndar:<\/strong> USB Huesped&comma; USB Dispositivo&comma; LAN&comma; Salida Auxiliar<\/li>\n<\/ul><\/div>\n<\/p><\/div>\n<div style='display: flex; flex-wrap: wrap; gap: 30px; margin-bottom: 30px;'>\n<div style='flex: 1 1 300px; min-width: 280px;'>\n<h3 style='font-size: 22px; border-bottom: 2px solid currentColor; padding-bottom: 5px; margin-top: 0; color: inherit; opacity: 0.8;'>Caracter\u00edsticas Generales<\/h3>\n<ul style='padding-left: 20px; font-size: 15px; color: inherit;'>\n<li style='margin-bottom: 5px;'><strong>Voltaje de Alimentaci\u00f3n:<\/strong> 100-240 Vca&comma; 45-440 Hz<\/li>\n<li style='margin-bottom: 5px;'><strong>Consumo de Potencia:<\/strong> 50 Watt (max.)<\/li>\n<li style='margin-bottom: 5px;'><strong>Voltaje de Salida:<\/strong> 3 V Pico a Pico<\/li>\n<li style='margin-bottom: 5px;'><strong>Frecuencia:<\/strong> 1 kHz<\/li>\n<li style='margin-bottom: 5px;'><strong>Rango de Temperatura (Operando):<\/strong> 0 \u00b0C a +50 \u00b0C<\/li>\n<li style='margin-bottom: 5px;'><strong>Rango de Temperatura (No-Operando):<\/strong> -40 \u00b0C a +60 \u00b0C<\/li>\n<li style='margin-bottom: 5px;'><strong>Pantalla:<\/strong> 7&#8242; TFT LCD&comma; (800 Horizontal \u00d7 RGB x 480 Pixel Vertical)<\/li>\n<li style='margin-bottom: 5px;'><strong>Color del producto:<\/strong> Blanco y Gris<\/li>\n<li style='margin-bottom: 5px;'><strong>Peso Neto del producto:<\/strong> 2.9 +\/- 0.2 kg<\/li>\n<li style='margin-bottom: 5px;'><strong>Tama\u00f1o del Producto (W \u00d7 H \u00d7 D):<\/strong> 313 mm \u00d7 160.8 mm \u00d7 122.4 mm<\/li>\n<li style='margin-bottom: 5px;'><strong>Accesorios est\u00e1ndar:<\/strong> Sonda \u00d7 2 (1 \u00d7&comma; 10 \u00d7 conmutables)&comma; Cable de Alimentaci\u00f3n&comma; Cable USB<\/li>\n<li style='margin-bottom: 5px;'><strong>Clasificaci\u00f3n de Seguridad:<\/strong> IEC 61010-1<\/li>\n<\/ul><\/div>\n<\/p><\/div>\n<\/p><\/div>\n","protected":false},"excerpt":{"rendered":"<p>Puente de Medici\u00f3n para VSWR en Analizador de Espectro DSA815-TG.<\/p>\n","protected":false},"featured_media":32,"comment_status":"open","ping_status":"closed","template":"","meta":[],"product_brand":[],"product_cat":[1610],"product_tag":[1611,931,63],"class_list":{"0":"post-59997","1":"product","2":"type-product","3":"status-publish","4":"has-post-thumbnail","6":"product_cat-analizadores-espectro-y-antenas-monitores-de-servicio-y-softwares","7":"product_tag-analizadores-espectro-y-antenas-monitores-de-servicio-y-softwares","8":"product_tag-equipo-de-laboratorio","9":"product_tag-syscom","11":"first","12":"outofstock","13":"sale","14":"shipping-taxable","15":"purchasable","16":"product-type-simple"},"_links":{"self":[{"href":"https:\/\/soydeaqui.ddns.net\/pachuca\/index.php\/wp-json\/wp\/v2\/product\/59997","targetHints":{"allow":["GET"]}}],"collection":[{"href":"https:\/\/soydeaqui.ddns.net\/pachuca\/index.php\/wp-json\/wp\/v2\/product"}],"about":[{"href":"https:\/\/soydeaqui.ddns.net\/pachuca\/index.php\/wp-json\/wp\/v2\/types\/product"}],"replies":[{"embeddable":true,"href":"https:\/\/soydeaqui.ddns.net\/pachuca\/index.php\/wp-json\/wp\/v2\/comments?post=59997"}],"wp:featuredmedia":[{"embeddable":true,"href":"https:\/\/soydeaqui.ddns.net\/pachuca\/index.php\/wp-json\/wp\/v2\/media\/32"}],"wp:attachment":[{"href":"https:\/\/soydeaqui.ddns.net\/pachuca\/index.php\/wp-json\/wp\/v2\/media?parent=59997"}],"wp:term":[{"taxonomy":"product_brand","embeddable":true,"href":"https:\/\/soydeaqui.ddns.net\/pachuca\/index.php\/wp-json\/wp\/v2\/product_brand?post=59997"},{"taxonomy":"product_cat","embeddable":true,"href":"https:\/\/soydeaqui.ddns.net\/pachuca\/index.php\/wp-json\/wp\/v2\/product_cat?post=59997"},{"taxonomy":"product_tag","embeddable":true,"href":"https:\/\/soydeaqui.ddns.net\/pachuca\/index.php\/wp-json\/wp\/v2\/product_tag?post=59997"}],"curies":[{"name":"wp","href":"https:\/\/api.w.org\/{rel}","templated":true}]}}