{"id":59973,"date":"2026-03-19T05:18:23","date_gmt":"2026-03-19T05:18:23","guid":{"rendered":"https:\/\/soydeaqui.ddns.net\/pachuca\/index.php\/producto\/montaje-lateral-ajustable-en-kit-para-montaje-de-antenas-de-6-35-cm-de-diametro-base-y-91-cm-de-distancia-de-separacion-a-la-torre\/"},"modified":"2026-03-19T05:18:26","modified_gmt":"2026-03-19T05:18:26","slug":"montaje-lateral-ajustable-en-kit-para-montaje-de-antenas-de-6-35-cm-de-diametro-base-y-91-cm-de-distancia-de-separacion-a-la-torre","status":"publish","type":"product","link":"https:\/\/soydeaqui.ddns.net\/pachuca\/index.php\/producto\/montaje-lateral-ajustable-en-kit-para-montaje-de-antenas-de-6-35-cm-de-diametro-base-y-91-cm-de-distancia-de-separacion-a-la-torre\/","title":{"rendered":"Montaje Lateral Ajustable en Kit para Montaje de Antenas de 6.35 cm. de Di\u00e1metro-Base y 91 cm. de Distancia de Separaci\u00f3n a la Torre."},"content":{"rendered":"<div style='width: 100%; max-width: 1200px; margin: 0 auto; font-family: sans-serif; line-height: 1.6; color: inherit; background-color: transparent;'> <!-- Secci\u00f3n de caracter\u00edsticas principales --> <\/p>\n<div style='display: flex; flex-wrap: wrap; gap: 30px; margin-bottom: 30px;'>\n<div style='flex: 1 1 300px; min-width: 280px;'>\n<h3 style='font-size: 22px; border-bottom: 2px solid currentColor; padding-bottom: 5px; margin-top: 0; color: inherit; opacity: 0.8;'>Caracter\u00edsticas del Montaje<\/h3>\n<ul style='padding-left: 20px; font-size: 15px; color: inherit;'>\n<li style='margin-bottom: 5px;'>Di\u00e1metro de antena: 6.35 cm (2.5&#8242;)<\/li>\n<li style='margin-bottom: 5px;'>Distancia m\u00e1xima a la torre: 91 cm (36&#8242;)<\/li>\n<li style='margin-bottom: 5px;'>Material: Acero al carbono&comma; galvanizado en caliente<\/li>\n<li style='margin-bottom: 5px;'>Configuraci\u00f3n: Kit de montaje lateral ajustable<\/li>\n<li style='margin-bottom: 5px;'>Requiere dos piezas por antena<\/li>\n<\/ul><\/div>\n<div style='flex: 1 1 300px; min-width: 280px;'>\n<h3 style='font-size: 22px; border-bottom: 2px solid currentColor; padding-bottom: 5px; margin-top: 0; color: inherit; opacity: 0.8;'>Aplicaciones<\/h3>\n<ul style='padding-left: 20px; font-size: 15px; color: inherit;'>\n<li style='margin-bottom: 5px;'>Montaje de antenas en torres<\/li>\n<li style='margin-bottom: 5px;'>Instalaci\u00f3n en tuber\u00edas&comma; barras de \u00e1ngulo&comma; postes de madera&comma; soportes y superficies planas<\/li>\n<li style='margin-bottom: 5px;'>Compatible con antenas serie SD212 (SD212-SF3P2SNM y SD212-SF3P4SNM)<\/li>\n<li style='margin-bottom: 5px;'>Ajustable para diferentes di\u00e1metros de tuber\u00edas<\/li>\n<\/ul><\/div>\n<\/p><\/div>\n<p> <!-- Secci\u00f3n de especificaciones t\u00e9cnicas --> <\/p>\n<div style='display: flex; flex-wrap: wrap; gap: 20px; margin-bottom: 30px;'>\n<div style='flex: 1 1 250px; border: 1px solid rgba(150&comma; 150&comma; 150&comma; 0.4); border-radius: 8px; overflow: hidden; display: flex; flex-direction: column;'>\n<div style='padding: 15px; border-bottom: 1px solid rgba(150&comma; 150&comma; 150&comma; 0.2); font-weight: bold; font-size: 18px; color: inherit;'>Rango de Di\u00e1metros<\/div>\n<div style='padding: 15px; color: inherit;'>\n<ul style='padding-left: 20px; margin: 0; font-size: 14px; list-style-type: disc;'>\n<li style='margin-bottom: 5px;'>Tuber\u00eda 1: 1.5&#8242; &#8211; 3.5&#8242; (3.81 &#8211; 8.89 cm)<\/li>\n<li style='margin-bottom: 5px;'>Tuber\u00eda 2: 1.5&#8242; &#8211; 3.5&#8242; (3.81 &#8211; 8.89 cm)<\/li>\n<\/ul><\/div>\n<\/p><\/div>\n<div style='flex: 1 1 250px; border: 1px solid rgba(150&comma; 150&comma; 150&comma; 0.4); border-radius: 8px; overflow: hidden; display: flex; flex-direction: column;'>\n<div style='padding: 15px; border-bottom: 1px solid rgba(150&comma; 150&comma; 150&comma; 0.2); font-weight: bold; font-size: 18px; color: inherit;'>Material y Terminaci\u00f3n<\/div>\n<div style='padding: 15px; color: inherit;'>\n<ul style='padding-left: 20px; margin: 0; font-size: 14px; list-style-type: disc;'>\n<li style='margin-bottom: 5px;'>Material: Acero al carbono<\/li>\n<li style='margin-bottom: 5px;'>Terminaci\u00f3n: Galvanizado en caliente<\/li>\n<\/ul><\/div>\n<\/p><\/div>\n<div style='flex: 1 1 250px; border: 1px solid rgba(150&comma; 150&comma; 150&comma; 0.4); border-radius: 8px; overflow: hidden; display: flex; flex-direction: column;'>\n<div style='padding: 15px; border-bottom: 1px solid rgba(150&comma; 150&comma; 150&comma; 0.2); font-weight: bold; font-size: 18px; color: inherit;'>Compatibilidad<\/div>\n<div style='padding: 15px; color: inherit;'>\n<ul style='padding-left: 20px; margin: 0; font-size: 14px; list-style-type: disc;'>\n<li style='margin-bottom: 5px;'>Modelos compatibles: SD212-SF3P2SNM<\/li>\n<li style='margin-bottom: 5px;'>Modelos compatibles: SD212-SF3P4SNM<\/li>\n<\/ul><\/div>\n<\/p><\/div>\n<\/p><\/div>\n<p> <!-- Secci\u00f3n de informaci\u00f3n adicional --> <\/p>\n<div style='margin-bottom: 30px;'>\n<h3 style='font-size: 22px; border-bottom: 2px solid currentColor; padding-bottom: 5px; margin-top: 0; color: inherit; opacity: 0.8;'>Informaci\u00f3n Adicional<\/h3>\n<p style='font-size: 15px; color: inherit; margin-bottom: 15px;'>Este kit de montaje lateral ajustable permite la instalaci\u00f3n de antenas con di\u00e1metro de 6.35 cm (2.5&#8242;) a una distancia m\u00e1xima de 91 cm (36&#8242;) de la torre. Dise\u00f1ado para ofrecer una soluci\u00f3n sencilla y robusta para montaje en diversas configuraciones.<\/p>\n<p style='font-size: 15px; color: inherit; margin-bottom: 15px;'>El ensamble de abrazadera CLAMP-005 requiere dos piezas por antena para una instalaci\u00f3n segura y estable. Esta soluci\u00f3n de montaje es parte de la amplia gama de abrazaderas ofrecidas por Sinclair&comma; dise\u00f1adas para montaje de antenas base station en diferentes tipos de fijaciones.<\/p>\n<p style='font-size: 15px; color: inherit; margin-bottom: 15px;'><strong>*Consulte disponibilidad y tiempo de entrega con su representante de Sinclair.<\/strong><\/p>\n<\/p><\/div>\n<p> <!-- Separador --> <\/p>\n<hr style='border: 0; border-top: 1px solid rgba(150&comma; 150&comma; 150&comma; 0.3); margin: 30px 0;'> <\/div>\n","protected":false},"excerpt":{"rendered":"<p>Montaje Lateral Ajustable en Kit para Montaje de Antenas de 6.35 cm. de Di\u00e1metro-Base y 91 cm. de Distancia de Separaci\u00f3n a la Torre.<\/p>\n","protected":false},"featured_media":59972,"comment_status":"open","ping_status":"closed","template":"","meta":[],"product_brand":[],"product_cat":[1615],"product_tag":[1404,1616,1671],"class_list":{"0":"post-59973","1":"product","2":"type-product","3":"status-publish","4":"has-post-thumbnail","6":"product_cat-montajes-y-divisores","7":"product_tag-antenas","8":"product_tag-montajes-y-divisores","9":"product_tag-sinclair","11":"first","12":"outofstock","13":"sale","14":"shipping-taxable","15":"purchasable","16":"product-type-simple"},"_links":{"self":[{"href":"https:\/\/soydeaqui.ddns.net\/pachuca\/index.php\/wp-json\/wp\/v2\/product\/59973","targetHints":{"allow":["GET"]}}],"collection":[{"href":"https:\/\/soydeaqui.ddns.net\/pachuca\/index.php\/wp-json\/wp\/v2\/product"}],"about":[{"href":"https:\/\/soydeaqui.ddns.net\/pachuca\/index.php\/wp-json\/wp\/v2\/types\/product"}],"replies":[{"embeddable":true,"href":"https:\/\/soydeaqui.ddns.net\/pachuca\/index.php\/wp-json\/wp\/v2\/comments?post=59973"}],"wp:featuredmedia":[{"embeddable":true,"href":"https:\/\/soydeaqui.ddns.net\/pachuca\/index.php\/wp-json\/wp\/v2\/media\/59972"}],"wp:attachment":[{"href":"https:\/\/soydeaqui.ddns.net\/pachuca\/index.php\/wp-json\/wp\/v2\/media?parent=59973"}],"wp:term":[{"taxonomy":"product_brand","embeddable":true,"href":"https:\/\/soydeaqui.ddns.net\/pachuca\/index.php\/wp-json\/wp\/v2\/product_brand?post=59973"},{"taxonomy":"product_cat","embeddable":true,"href":"https:\/\/soydeaqui.ddns.net\/pachuca\/index.php\/wp-json\/wp\/v2\/product_cat?post=59973"},{"taxonomy":"product_tag","embeddable":true,"href":"https:\/\/soydeaqui.ddns.net\/pachuca\/index.php\/wp-json\/wp\/v2\/product_tag?post=59973"}],"curies":[{"name":"wp","href":"https:\/\/api.w.org\/{rel}","templated":true}]}}