{"id":5997,"date":"2026-03-18T06:37:53","date_gmt":"2026-03-18T06:37:53","guid":{"rendered":"https:\/\/soydeaqui.ddns.net\/pachuca\/index.php\/producto\/detector-de-humo-autonomo-no-requiere-panel-con-boton-para-silenciar-sensor-por-ionizacion-2\/"},"modified":"2026-03-18T06:37:56","modified_gmt":"2026-03-18T06:37:56","slug":"detector-de-humo-autonomo-no-requiere-panel-con-boton-para-silenciar-sensor-por-ionizacion-2","status":"publish","type":"product","link":"https:\/\/soydeaqui.ddns.net\/pachuca\/index.php\/producto\/detector-de-humo-autonomo-no-requiere-panel-con-boton-para-silenciar-sensor-por-ionizacion-2\/","title":{"rendered":"Detector de Humo Aut\u00f3nomo, No Requiere Panel, Con Bot\u00f3n para Silenciar, Sensor por Ionizaci\u00f3n"},"content":{"rendered":"<div style='width: 100%; max-width: 1200px; margin: 0 auto; font-family: sans-serif; line-height: 1.6; color: inherit; background-color: transparent;'>\n<div style='display: flex; flex-wrap: wrap; gap: 30px; margin-bottom: 30px;'>\n<div style='flex: 1 1 300px; min-width: 280px;'>\n<h3 style='font-size: 22px; border-bottom: 2px solid currentColor; padding-bottom: 5px; margin-top: 0; color: inherit; opacity: 0.8;'>Descripci\u00f3n General<\/h3>\n<p style='text-align: justify; color: inherit;'>El detector de humo por ionizaci\u00f3n SA303 de First Alert es una opci\u00f3n ideal para la detecci\u00f3n de humo esencial. Este detector de humo utiliza tecnolog\u00eda de detecci\u00f3n de humo por ionizaci\u00f3n con un dise\u00f1o de recolecci\u00f3n de humo mejorado que es ideal para detectar humo de incendios con llamas. La operaci\u00f3n conveniente con un solo bot\u00f3n le permite silenciar las falsas alarmas y probar la alarma contra incendios para asegurarse de que funciona.<\/p>\n<ul style='padding-left: 20px; font-size: 15px; color: inherit;'>\n<li style='margin-bottom: 5px; text-align: justify;'>La alarma de humo detecta el humo de los incendios en llamas.<\/li>\n<li style='margin-bottom: 5px; text-align: justify;'>Tecnolog\u00eda de detecci\u00f3n de humo por ionizaci\u00f3n con dise\u00f1o mejorado de recolecci\u00f3n de humo.<\/li>\n<li style='margin-bottom: 5px; text-align: justify;'>La alarma fuerte de 85 decibelios est\u00e1 dise\u00f1ada para escucharse f\u00e1cilmente.<\/li>\n<li style='margin-bottom: 5px; text-align: justify;'>Compartimiento de bater\u00eda de carga lateral y bloqueo antirrobo.<\/li>\n<li style='margin-bottom: 5px; text-align: justify;'>El detector de humo cuenta con un solo bot\u00f3n de prueba\/silencio para una operaci\u00f3n simple.<\/li>\n<\/ul><\/div>\n<\/p><\/div>\n<div style='display: flex; flex-wrap: wrap; gap: 30px; margin-bottom: 30px;'>\n<div style='flex: 1 1 300px; min-width: 280px;'>\n<h3 style='font-size: 22px; border-bottom: 2px solid currentColor; padding-bottom: 5px; margin-top: 0; color: inherit; opacity: 0.8;'>Caracter\u00edsticas T\u00e9cnicas<\/h3>\n<ul style='padding-left: 20px; font-size: 15px; color: inherit;'>\n<li style='margin-bottom: 5px;'>\u2022 Utiliza bater\u00eda de 9 Vcc (incluida).<\/li>\n<li style='margin-bottom: 5px;'><strong style='color: inherit;'>Salida de Sirena de 85db.<\/strong><\/li>\n<li style='margin-bottom: 5px;'>\u2022 Bot\u00f3n de prueba y silencio.<\/li>\n<li style='margin-bottom: 5px;'><strong style='color: inherit;'>Aviso de bater\u00eda baja y se\u00f1al de alarma a la base.<\/strong><\/li>\n<\/ul><\/div>\n<\/p><\/div>\n<div style='display: flex; flex-wrap: wrap; gap: 30px; margin-bottom: 30px;'>\n<div style='flex: 1 1 300px; min-width: 280px;'>\n<h3 style='font-size: 22px; border-bottom: 2px solid currentColor; padding-bottom: 5px; margin-top: 0; color: inherit; opacity: 0.8;'>Aplicaciones Comunes<\/h3>\n<p style='color: inherit;'>Este detector de humo operado por bater\u00eda es ideal para detectar incendios de propagaci\u00f3n r\u00e1pida de la flama&comma; tiene un bot\u00f3n para silenciarlo ya que en ocasiones se generan falsas alarmas causadas por utensilios de cocina o vapor del agua caliente.<\/p>\n<\/p><\/div>\n<\/p><\/div>\n<div style='display: flex; flex-wrap: wrap; gap: 30px; margin-bottom: 30px;'>\n<div style='flex: 1 1 300px; min-width: 280px;'>\n<h3 style='font-size: 22px; border-bottom: 2px solid currentColor; padding-bottom: 5px; margin-top: 0; color: inherit; opacity: 0.8;'>Fuentes Comunes de Incendios en los Hogares<\/h3>\n<p> <img style='width: 100%; height: auto; border: 1px solid rgba(150&comma;150&comma;150&comma;0.3); border-radius: 8px;' src='http:\/\/www.firstalert.com\/images\/images\/landing\/housefiresources.jpg' alt=''> <\/div>\n<div style='flex: 1 1 300px; min-width: 280px;'>\n<h3 style='font-size: 22px; border-bottom: 2px solid currentColor; padding-bottom: 5px; margin-top: 0; color: inherit; opacity: 0.8;'>Vista del Producto<\/h3>\n<p> <img style='width: 100%; height: auto; border: 1px solid rgba(150&comma;150&comma;150&comma;0.3); border-radius: 8px;' src='http:\/\/www.firstalert.com\/images\/stories\/flexicontent\/l_sa303cn.gif' alt=''> <\/div>\n<\/p><\/div>\n<div style='display: flex; flex-wrap: wrap; gap: 30px; margin-bottom: 30px;'>\n<div style='flex: 1 1 300px; min-width: 280px;'>\n<h3 style='font-size: 22px; border-bottom: 2px solid currentColor; padding-bottom: 5px; margin-top: 0; color: inherit; opacity: 0.8;'>Video Explicativo<\/h3>\n<div style='position: relative; padding-bottom: 56.25%; height: 0; overflow: hidden; margin-bottom: 30px;'>   <\/div>\n<\/p><\/div>\n<\/p><\/div>\n<hr style='border: 0; border-top: 1px solid rgba(150&comma; 150&comma; 150&comma; 0.3); margin: 30px 0;'> <\/div>\n","protected":false},"excerpt":{"rendered":"<p>Detector de Humo Aut\u00f3nomo, No Requiere Panel, Con Bot\u00f3n para Silenciar, Sensor por Ionizaci\u00f3n<\/p>\n","protected":false},"featured_media":5996,"comment_status":"open","ping_status":"closed","template":"","meta":[],"product_brand":[],"product_cat":[230],"product_tag":[231,19,66],"class_list":{"0":"post-5997","1":"product","2":"type-product","3":"status-publish","4":"has-post-thumbnail","6":"product_cat-autonomos","7":"product_tag-autonomos","8":"product_tag-detectores-sensores","9":"product_tag-first-alert","11":"first","12":"outofstock","13":"sale","14":"shipping-taxable","15":"purchasable","16":"product-type-simple"},"_links":{"self":[{"href":"https:\/\/soydeaqui.ddns.net\/pachuca\/index.php\/wp-json\/wp\/v2\/product\/5997","targetHints":{"allow":["GET"]}}],"collection":[{"href":"https:\/\/soydeaqui.ddns.net\/pachuca\/index.php\/wp-json\/wp\/v2\/product"}],"about":[{"href":"https:\/\/soydeaqui.ddns.net\/pachuca\/index.php\/wp-json\/wp\/v2\/types\/product"}],"replies":[{"embeddable":true,"href":"https:\/\/soydeaqui.ddns.net\/pachuca\/index.php\/wp-json\/wp\/v2\/comments?post=5997"}],"wp:featuredmedia":[{"embeddable":true,"href":"https:\/\/soydeaqui.ddns.net\/pachuca\/index.php\/wp-json\/wp\/v2\/media\/5996"}],"wp:attachment":[{"href":"https:\/\/soydeaqui.ddns.net\/pachuca\/index.php\/wp-json\/wp\/v2\/media?parent=5997"}],"wp:term":[{"taxonomy":"product_brand","embeddable":true,"href":"https:\/\/soydeaqui.ddns.net\/pachuca\/index.php\/wp-json\/wp\/v2\/product_brand?post=5997"},{"taxonomy":"product_cat","embeddable":true,"href":"https:\/\/soydeaqui.ddns.net\/pachuca\/index.php\/wp-json\/wp\/v2\/product_cat?post=5997"},{"taxonomy":"product_tag","embeddable":true,"href":"https:\/\/soydeaqui.ddns.net\/pachuca\/index.php\/wp-json\/wp\/v2\/product_tag?post=5997"}],"curies":[{"name":"wp","href":"https:\/\/api.w.org\/{rel}","templated":true}]}}