{"id":59949,"date":"2026-03-19T05:17:31","date_gmt":"2026-03-19T05:17:31","guid":{"rendered":"https:\/\/soydeaqui.ddns.net\/pachuca\/index.php\/producto\/divisor-reactivo-de-3-vias-575-2700mhz-300w-161dbc-4-3-10-ip68\/"},"modified":"2026-03-19T05:17:34","modified_gmt":"2026-03-19T05:17:34","slug":"divisor-reactivo-de-3-vias-575-2700mhz-300w-161dbc-4-3-10-ip68","status":"publish","type":"product","link":"https:\/\/soydeaqui.ddns.net\/pachuca\/index.php\/producto\/divisor-reactivo-de-3-vias-575-2700mhz-300w-161dbc-4-3-10-ip68\/","title":{"rendered":"DIVISOR REACTIVO DE 3 VIAS 575-2700MHz 300W -161dBc 4.3-10 IP68"},"content":{"rendered":"<div style='width: 100%; max-width: 1200px; margin: 0 auto; font-family: sans-serif; line-height: 1.6; color: inherit; background-color: transparent;'> <!-- Descripci\u00f3n --> <\/p>\n<div style='margin-bottom: 30px;'>\n<h3 style='font-size: 22px; border-bottom: 2px solid currentColor; padding-bottom: 5px; margin-top: 0; color: inherit; opacity: 0.8;'>Descripci\u00f3n<\/h3>\n<p style='text-align: justify; font-size: 15px; margin-top: 15px; color: inherit;'> El divisor de potencia de 3 v\u00edas Microlab D3-84KFE ha sido dise\u00f1ado para dividir uniformemente se\u00f1ales celulares de alta potencia con un m\u00ednimo de reflexi\u00f3n y p\u00e9rdida. Las juntas est\u00e1n selladas contra la humedad con juntas para cumplir con la clasificaci\u00f3n IP68. El dise\u00f1o resistente y liviano se puede fijar f\u00e1cilmente a una pared con el soporte y el clip suministrados. <\/p>\n<p style='text-align: justify; font-size: 15px; margin-top: 15px; color: inherit;'> El rango de frecuencia est\u00e1ndar permite su uso con antenas multibanda y sistemas de cable con fugas. Con pocas juntas de soldadura y un diel\u00e9ctrico de aire&comma; la p\u00e9rdida se minimiza y se mejora la confiabilidad. <\/p>\n<p style='text-align: justify; font-size: 15px; margin-top: 15px; color: inherit;'> Los productos KFE est\u00e1n dise\u00f1ados para aplicaciones exteriores duras en entornos corrosivos de niebla salina. <\/p>\n<\/p><\/div>\n<p> <!-- Caracter\u00edsticas --> <\/p>\n<div style='margin-bottom: 30px;'>\n<h3 style='font-size: 22px; border-bottom: 2px solid currentColor; padding-bottom: 5px; margin-top: 0; color: inherit; opacity: 0.8;'>Caracter\u00edsticas<\/h3>\n<ul style='padding-left: 20px; font-size: 15px; margin-top: 15px; color: inherit;'>\n<li style='margin-bottom: 5px;'>Ancho de banda est\u00e1ndar de 575-2700 MHz<\/li>\n<li style='margin-bottom: 5px;'>Potencia media de 300 vatios<\/li>\n<li style='margin-bottom: 5px;'>PIM bajo garantizado<\/li>\n<li style='margin-bottom: 5px;'>Clasificaci\u00f3n de niebla salina<\/li>\n<li style='margin-bottom: 5px;'>P\u00e9rdida m\u00ednima de inserci\u00f3n de RF<\/li>\n<li style='margin-bottom: 5px;'>Alta fiabilidad<\/li>\n<li style='margin-bottom: 5px;'>Robusto&comma; compatible con RoHS<\/li>\n<\/ul><\/div>\n<p> <!-- Especificaciones --> <\/p>\n<div style='margin-bottom: 30px;'>\n<h3 style='font-size: 22px; border-bottom: 2px solid currentColor; padding-bottom: 5px; margin-top: 0; color: inherit; opacity: 0.8;'>Especificaciones<\/h3>\n<div style='margin-top: 15px; overflow-x: auto;'>\n<table style='width: 100%; border-collapse: collapse; color: inherit;'>\n<tr style='background-color: rgba(150&comma;150&comma;150&comma;0.05);'>\n<td style='padding: 12px; border-bottom: 1px solid rgba(150&comma;150&comma;150&comma;0.3); border-right: 1px solid rgba(150&comma;150&comma;150&comma;0.3); white-space: nowrap; font-weight: bold; width: 30%;'>Frecuencia<\/td>\n<td style='padding: 12px; border-bottom: 1px solid rgba(150&comma;150&comma;150&comma;0.3);' colspan='2'>575 \u2013 2700 MHz<\/td>\n<\/tr>\n<tr>\n<td style='padding: 12px; border-bottom: 1px solid rgba(150&comma;150&comma;150&comma;0.3); border-right: 1px solid rgba(150&comma;150&comma;150&comma;0.3); white-space: nowrap; font-weight: bold; width: 30%;'>De varias maneras<\/td>\n<td style='padding: 12px; border-bottom: 1px solid rgba(150&comma;150&comma;150&comma;0.3);' colspan='2'>3<\/td>\n<\/tr>\n<tr style='background-color: rgba(150&comma;150&comma;150&comma;0.05);'>\n<td style='padding: 12px; border-bottom: 1px solid rgba(150&comma;150&comma;150&comma;0.3); border-right: 1px solid rgba(150&comma;150&comma;150&comma;0.3); white-space: nowrap; font-weight: bold; width: 30%;'>P\u00e9rdida dividida<\/td>\n<td style='padding: 12px; border-bottom: 1px solid rgba(150&comma;150&comma;150&comma;0.3);' colspan='2'>4&comma;8dB<\/td>\n<\/tr>\n<tr>\n<td style='padding: 12px; border-bottom: 1px solid rgba(150&comma;150&comma;150&comma;0.3); border-right: 1px solid rgba(150&comma;150&comma;150&comma;0.3); white-space: nowrap; font-weight: bold; width: 30%;'>Poder<\/td>\n<td style='padding: 12px; border-bottom: 1px solid rgba(150&comma;150&comma;150&comma;0.3);' colspan='2'>300W<\/td>\n<\/tr>\n<tr style='background-color: rgba(150&comma;150&comma;150&comma;0.05);'>\n<td style='padding: 12px; border-bottom: 1px solid rgba(150&comma;150&comma;150&comma;0.3); border-right: 1px solid rgba(150&comma;150&comma;150&comma;0.3); white-space: nowrap; font-weight: bold; width: 30%;'>VSWR<\/td>\n<td style='padding: 12px; border-bottom: 1px solid rgba(150&comma;150&comma;150&comma;0.3);' colspan='2'>&lt;1&comma;20:1<\/td>\n<\/tr>\n<tr>\n<td style='padding: 12px; border-bottom: 1px solid rgba(150&comma;150&comma;150&comma;0.3); border-right: 1px solid rgba(150&comma;150&comma;150&comma;0.3); white-space: nowrap; font-weight: bold; width: 30%;'>PIM<\/td>\n<td style='padding: 12px; border-bottom: 1px solid rgba(150&comma;150&comma;150&comma;0.3);' colspan='2'>-161 dBc (-118 dBm) m\u00edn. (2 tonos a +43 dBm)<\/td>\n<\/tr>\n<tr style='background-color: rgba(150&comma;150&comma;150&comma;0.05);'>\n<td style='padding: 12px; border-bottom: 1px solid rgba(150&comma;150&comma;150&comma;0.3); border-right: 1px solid rgba(150&comma;150&comma;150&comma;0.3); white-space: nowrap; font-weight: bold; width: 30%;'>Conectores<\/td>\n<td style='padding: 12px; border-bottom: 1px solid rgba(150&comma;150&comma;150&comma;0.3);' colspan='2'>4.3-10(f)<\/td>\n<\/tr>\n<tr>\n<td style='padding: 12px; border-bottom: 1px solid rgba(150&comma;150&comma;150&comma;0.3); border-right: 1px solid rgba(150&comma;150&comma;150&comma;0.3); white-space: nowrap; font-weight: bold; width: 30%;'>Protecci\u00f3n de ingreso<\/td>\n<td style='padding: 12px; border-bottom: 1px solid rgba(150&comma;150&comma;150&comma;0.3);' colspan='2'>IP68<\/td>\n<\/tr>\n<tr style='background-color: rgba(150&comma;150&comma;150&comma;0.05);'>\n<td style='padding: 12px; border-bottom: 1px solid rgba(150&comma;150&comma;150&comma;0.3); border-right: 1px solid rgba(150&comma;150&comma;150&comma;0.3); white-space: nowrap; font-weight: bold; width: 30%;'>Peso<\/td>\n<td style='padding: 12px; border-bottom: 1px solid rgba(150&comma;150&comma;150&comma;0.3);' colspan='2'>0&comma;97 libras (0&comma;44 kg)<\/td>\n<\/tr>\n<\/table><\/div>\n<\/p><\/div>\n<\/p><\/div>\n","protected":false},"excerpt":{"rendered":"<p>DIVISOR REACTIVO DE 3 VIAS 575-2700MHz 300W -161dBc 4.3-10 IP68<\/p>\n","protected":false},"featured_media":59948,"comment_status":"open","ping_status":"closed","template":"","meta":[],"product_brand":[],"product_cat":[1529,1528,1755],"product_tag":[1535,1534,1533,1757,1756],"class_list":{"0":"post-59949","1":"product","2":"type-product","3":"status-publish","4":"has-post-thumbnail","6":"product_cat-4g","7":"product_cat-cobertura-celular-5g","8":"product_cat-sistemas-de-antenas-distribuidas-das","9":"product_tag-3g-y-voz","10":"product_tag-4g","11":"product_tag-cobertura-celular-5g","12":"product_tag-microlab","13":"product_tag-sistemas-de-antenas-distribuidas-das","15":"first","16":"outofstock","17":"sale","18":"shipping-taxable","19":"purchasable","20":"product-type-simple"},"_links":{"self":[{"href":"https:\/\/soydeaqui.ddns.net\/pachuca\/index.php\/wp-json\/wp\/v2\/product\/59949","targetHints":{"allow":["GET"]}}],"collection":[{"href":"https:\/\/soydeaqui.ddns.net\/pachuca\/index.php\/wp-json\/wp\/v2\/product"}],"about":[{"href":"https:\/\/soydeaqui.ddns.net\/pachuca\/index.php\/wp-json\/wp\/v2\/types\/product"}],"replies":[{"embeddable":true,"href":"https:\/\/soydeaqui.ddns.net\/pachuca\/index.php\/wp-json\/wp\/v2\/comments?post=59949"}],"wp:featuredmedia":[{"embeddable":true,"href":"https:\/\/soydeaqui.ddns.net\/pachuca\/index.php\/wp-json\/wp\/v2\/media\/59948"}],"wp:attachment":[{"href":"https:\/\/soydeaqui.ddns.net\/pachuca\/index.php\/wp-json\/wp\/v2\/media?parent=59949"}],"wp:term":[{"taxonomy":"product_brand","embeddable":true,"href":"https:\/\/soydeaqui.ddns.net\/pachuca\/index.php\/wp-json\/wp\/v2\/product_brand?post=59949"},{"taxonomy":"product_cat","embeddable":true,"href":"https:\/\/soydeaqui.ddns.net\/pachuca\/index.php\/wp-json\/wp\/v2\/product_cat?post=59949"},{"taxonomy":"product_tag","embeddable":true,"href":"https:\/\/soydeaqui.ddns.net\/pachuca\/index.php\/wp-json\/wp\/v2\/product_tag?post=59949"}],"curies":[{"name":"wp","href":"https:\/\/api.w.org\/{rel}","templated":true}]}}