{"id":59946,"date":"2026-03-19T05:17:26","date_gmt":"2026-03-19T05:17:26","guid":{"rendered":"https:\/\/soydeaqui.ddns.net\/pachuca\/index.php\/producto\/divisor-reactivo-de-3-vias-617-5925mhz-300w-161dbc-4-3-10-ip67\/"},"modified":"2026-03-19T05:17:29","modified_gmt":"2026-03-19T05:17:29","slug":"divisor-reactivo-de-3-vias-617-5925mhz-300w-161dbc-4-3-10-ip67","status":"publish","type":"product","link":"https:\/\/soydeaqui.ddns.net\/pachuca\/index.php\/producto\/divisor-reactivo-de-3-vias-617-5925mhz-300w-161dbc-4-3-10-ip67\/","title":{"rendered":"DIVISOR REACTIVO DE 3 VIAS 617-5925MHz 300W -161dBc 4.3-10 IP67"},"content":{"rendered":"<div style='width: 100%; max-width: 1200px; margin: 0 auto; font-family: sans-serif; line-height: 1.6; color: inherit; background-color: transparent;'>\n<div style='display: flex; flex-wrap: wrap; gap: 30px; margin-bottom: 30px;'>\n<div style='flex: 1 1 300px; min-width: 280px;'>\n<h3 style='font-size: 22px; border-bottom: 2px solid currentColor; padding-bottom: 5px; margin-top: 0; color: inherit; opacity: 0.8;'>Descripci\u00f3n<\/h3>\n<p style='margin-bottom: 15px; font-size: 15px; color: inherit;'>La serie Microlab modelo Dx-75FN de divisores de potencia estilo Wilkinson ha sido dise\u00f1ada para aplicaciones de divisores de potencia de 50 W donde el aislamiento de salida es preferible a la p\u00e9rdida m\u00e1s baja posible. El amplio rango de frecuencias de este dise\u00f1o permite su uso con antenas multibanda y sistemas de cable con fugas.<\/p>\n<p style='margin-bottom: 15px; font-size: 15px; color: inherit;'>Los divisores de menor p\u00e9rdida que mejoran la sensibilidad de recepci\u00f3n y preservan la potencia transmitida est\u00e1n disponibles en los divisores reactivos como las series Dx-55FN y Dx-85FD.<\/p>\n<\/p><\/div>\n<\/p><\/div>\n<div style='display: flex; flex-wrap: wrap; gap: 20px; margin-bottom: 30px;'>\n<div style='flex: 1 1 250px; border: 1px solid rgba(150&comma; 150&comma; 150&comma; 0.4); border-radius: 8px; overflow: hidden; display: flex; flex-direction: column;'>\n<div style='padding: 15px; border-bottom: 1px solid rgba(150&comma; 150&comma; 150&comma; 0.2); font-weight: bold; font-size: 18px; color: inherit;'>Caracter\u00edsticas<\/div>\n<div style='padding: 15px; color: inherit;'>\n<ul style='padding-left: 20px; margin: 0; font-size: 14px; list-style-type: disc;'>\n<li style='margin-bottom: 5px;'>Rango de frecuencia multibanda de 698 a 2700 MHz<\/li>\n<li style='margin-bottom: 5px;'>Potencia nominal de 50 W<\/li>\n<li style='margin-bottom: 5px;'>Baja p\u00e9rdida de inserci\u00f3n de RF<\/li>\n<li style='margin-bottom: 5px;'>Aislamiento de 20dB<\/li>\n<li style='margin-bottom: 5px;'>RoHS<\/li>\n<li style='margin-bottom: 5px;'>Dise\u00f1o N de bajo costo<\/li>\n<\/ul><\/div>\n<\/p><\/div>\n<div style='flex: 1 1 250px; border: 1px solid rgba(150&comma; 150&comma; 150&comma; 0.4); border-radius: 8px; overflow: hidden; display: flex; flex-direction: column;'>\n<div style='padding: 15px; border-bottom: 1px solid rgba(150&comma; 150&comma; 150&comma; 0.2); font-weight: bold; font-size: 18px; color: inherit;'>Especificaciones<\/div>\n<div style='padding: 15px; color: inherit;'>\n<ul style='padding-left: 20px; margin: 0; font-size: 14px; list-style-type: disc;'>\n<li style='margin-bottom: 5px;'><strong>Frecuencia:<\/strong> 698 \u2013 2700 MHz<\/li>\n<li style='margin-bottom: 5px;'><strong>De varias maneras:<\/strong> 3<\/li>\n<li style='margin-bottom: 5px;'><strong>P\u00e9rdida dividida:<\/strong> 4&comma;8dB<\/li>\n<li style='margin-bottom: 5px;'><strong>Poder:<\/strong> 50W<\/li>\n<li style='margin-bottom: 5px;'><strong>VSWR:<\/strong> <1&comma;30:1<\/li>\n<li style='margin-bottom: 5px;'><strong>PIM:<\/strong> <\/li>\n<li style='margin-bottom: 5px;'><strong>Conectores:<\/strong> Tipo N<\/li>\n<li style='margin-bottom: 5px;'><strong>Protecci\u00f3n de ingreso:<\/strong> IP64<\/li>\n<li style='margin-bottom: 5px;'><strong>Peso:<\/strong> 0&comma;93 libras (415 g)<\/li>\n<\/ul><\/div>\n<\/p><\/div>\n<\/p><\/div>\n<hr style='border: 0; border-top: 1px solid rgba(150&comma; 150&comma; 150&comma; 0.3); margin: 30px 0;'> <\/div>\n","protected":false},"excerpt":{"rendered":"<p>DIVISOR REACTIVO DE 3 VIAS 617-5925MHz 300W -161dBc 4.3-10 IP67<\/p>\n","protected":false},"featured_media":59945,"comment_status":"open","ping_status":"closed","template":"","meta":[],"product_brand":[],"product_cat":[1529,1528,1755],"product_tag":[1535,1534,1533,1757,1756],"class_list":{"0":"post-59946","1":"product","2":"type-product","3":"status-publish","4":"has-post-thumbnail","6":"product_cat-4g","7":"product_cat-cobertura-celular-5g","8":"product_cat-sistemas-de-antenas-distribuidas-das","9":"product_tag-3g-y-voz","10":"product_tag-4g","11":"product_tag-cobertura-celular-5g","12":"product_tag-microlab","13":"product_tag-sistemas-de-antenas-distribuidas-das","15":"first","16":"outofstock","17":"sale","18":"shipping-taxable","19":"purchasable","20":"product-type-simple"},"_links":{"self":[{"href":"https:\/\/soydeaqui.ddns.net\/pachuca\/index.php\/wp-json\/wp\/v2\/product\/59946","targetHints":{"allow":["GET"]}}],"collection":[{"href":"https:\/\/soydeaqui.ddns.net\/pachuca\/index.php\/wp-json\/wp\/v2\/product"}],"about":[{"href":"https:\/\/soydeaqui.ddns.net\/pachuca\/index.php\/wp-json\/wp\/v2\/types\/product"}],"replies":[{"embeddable":true,"href":"https:\/\/soydeaqui.ddns.net\/pachuca\/index.php\/wp-json\/wp\/v2\/comments?post=59946"}],"wp:featuredmedia":[{"embeddable":true,"href":"https:\/\/soydeaqui.ddns.net\/pachuca\/index.php\/wp-json\/wp\/v2\/media\/59945"}],"wp:attachment":[{"href":"https:\/\/soydeaqui.ddns.net\/pachuca\/index.php\/wp-json\/wp\/v2\/media?parent=59946"}],"wp:term":[{"taxonomy":"product_brand","embeddable":true,"href":"https:\/\/soydeaqui.ddns.net\/pachuca\/index.php\/wp-json\/wp\/v2\/product_brand?post=59946"},{"taxonomy":"product_cat","embeddable":true,"href":"https:\/\/soydeaqui.ddns.net\/pachuca\/index.php\/wp-json\/wp\/v2\/product_cat?post=59946"},{"taxonomy":"product_tag","embeddable":true,"href":"https:\/\/soydeaqui.ddns.net\/pachuca\/index.php\/wp-json\/wp\/v2\/product_tag?post=59946"}],"curies":[{"name":"wp","href":"https:\/\/api.w.org\/{rel}","templated":true}]}}