{"id":5992,"date":"2026-03-18T06:37:50","date_gmt":"2026-03-18T06:37:50","guid":{"rendered":"https:\/\/soydeaqui.ddns.net\/pachuca\/index.php\/producto\/detector-de-humo-autonomo-ionizacion-con-luz-de-escape\/"},"modified":"2026-03-18T06:37:53","modified_gmt":"2026-03-18T06:37:53","slug":"detector-de-humo-autonomo-ionizacion-con-luz-de-escape","status":"publish","type":"product","link":"https:\/\/soydeaqui.ddns.net\/pachuca\/index.php\/producto\/detector-de-humo-autonomo-ionizacion-con-luz-de-escape\/","title":{"rendered":"Detector de humo, aut\u00f3nomo, ionizaci\u00f3n, con luz de escape"},"content":{"rendered":"<div style='width: 100%; max-width: 1200px; margin: 0 auto; font-family: sans-serif; line-height: 1.6; color: inherit; background-color: transparent;'>\n<div style='display: flex; flex-wrap: wrap; gap: 30px; margin-bottom: 30px;'>\n<div style='flex: 1 1 300px; min-width: 280px;'>\n<h3 style='font-size: 22px; border-bottom: 2px solid currentColor; padding-bottom: 5px; margin-top: 0; color: inherit; opacity: 0.8;'>Descripci\u00f3n general<\/h3>\n<p style='font-size: 15px; color: inherit; margin-bottom: 15px;'>Los detectores de humo ayudan a brindar una alerta temprana en caso de una emergencia. First Alert ha estado protegiendo hogares y familias desde 1958 y se enorgullece de ofrecer una variedad de opciones de instalaciones f\u00e1ciles y confiables para detectores de humo dom\u00e9sticos.<\/p>\n<p style='font-size: 15px; color: inherit; margin-bottom: 15px;'>Seg\u00fan la Asociaci\u00f3n Nacional de Protecci\u00f3n contra Incendios NFPA&comma; los detectores de incendios deben instalarse en todos los niveles de su hogar&comma; incluido el s\u00f3tano&comma; y dentro de cada dormitorio. Recuerde probar los detectores de humo de su hogar al menos una vez al mes y cambie las bater\u00edas cada seis meses. Actualice a un detector de humo que funcione con bater\u00eda sellada de 10 a\u00f1os para eliminar la necesidad de reemplazar la bater\u00eda durante la vida \u00fatil de la alarma contra incendios. Todos los detectores de humo deben reemplazarse al menos cada 10 a\u00f1os.<\/p>\n<p style='font-size: 15px; color: inherit; margin-bottom: 15px;'>El detector First Alert SA304CN&comma; utiliza tecnolog\u00eda de detecci\u00f3n de humo por ionizaci\u00f3n&comma; con un dise\u00f1o de recolecci\u00f3n de humo mejorado&comma; que es ideal para detectar humo de incendios con llamas.<\/p>\n<\/p><\/div>\n<\/p><\/div>\n<div style='display: flex; flex-wrap: wrap; gap: 20px; margin-bottom: 30px;'>\n<div style='flex: 1 1 250px; border: 1px solid rgba(150&comma; 150&comma; 150&comma; 0.4); border-radius: 8px; overflow: hidden; display: flex; flex-direction: column;'>\n<div style='padding: 15px; border-bottom: 1px solid rgba(150&comma; 150&comma; 150&comma; 0.2); font-weight: bold; font-size: 18px; color: inherit;'>Caracter\u00edsticas<\/div>\n<div style='padding: 15px; color: inherit;'>\n<ul style='padding-left: 20px; margin: 0; font-size: 14px; list-style-type: disc;'>\n<li style='margin-bottom: 5px;'>Ideal para habitaciones&comma; pasillos&comma; despensas&comma; \u00e1ticos&comma; s\u00f3tanos&comma; salas&comma; etc.<\/li>\n<li style='margin-bottom: 5px;'>Tipo de sensor: Ionizaci\u00f3n.<\/li>\n<li style='margin-bottom: 5px; font-weight: bold;'>Listado seg\u00fan norma UL217<\/li>\n<li style='margin-bottom: 5px;'>Utiliza bater\u00eda de 9 Vcc est\u00e1ndar (incluida).<\/li>\n<li style='margin-bottom: 5px; font-weight: bold;'>Luz de notificaci\u00f3n y escape.<\/li>\n<li style='margin-bottom: 5px; font-weight: bold;'>Alarma fuerte de 85 decibelios<\/li>\n<li style='margin-bottom: 5px;'>Bot\u00f3n de prueba.<\/li>\n<li style='margin-bottom: 5px;'>Alerta de bater\u00eda baja. (Reemplazar de inmediato)<\/li>\n<li style='margin-bottom: 5px;'>Se debe reemplazar no m\u00e1s de 10 a\u00f1os.<\/li>\n<li style='margin-bottom: 5px; font-weight: bold;'>Nunca use bater\u00edas recargables<\/li>\n<li style='margin-bottom: 5px;'>Pruebe la unidad por lo menos una vez por semana.<\/li>\n<li style='margin-bottom: 5px;'>Limpieza por lo menos una vez al mes&comma; use aire comprimido.<\/li>\n<li style='margin-bottom: 5px;'>No utilice agua&comma; limpiadores o solventes.<\/li>\n<\/ul><\/div>\n<\/p><\/div>\n<div style='flex: 1 1 250px; border: 1px solid rgba(150&comma; 150&comma; 150&comma; 0.4); border-radius: 8px; overflow: hidden; display: flex; flex-direction: column;'>\n<div style='padding: 15px; border-bottom: 1px solid rgba(150&comma; 150&comma; 150&comma; 0.2); font-weight: bold; font-size: 18px; color: inherit;'>Recomendaciones NFPA<\/div>\n<div style='padding: 15px; color: inherit;'>\n<p style='margin: 0 0 15px 0; font-size: 14px;'>La NFPA (Asociaci\u00f3n Nacional de Protecci\u00f3n contra Incendios) recomienda instalar como m\u00ednimo un detector en cada piso&comma; y en cada \u00e1rea de descanso.<\/p>\n<p style='margin: 0 0 15px 0; font-size: 14px;'>Estos detectores est\u00e1n dise\u00f1ados para proporcionar una advertencia oportuna si se instala&comma; mantiene&comma; y ubica donde el humo pueda llegar a ellos&comma; y pueda ser escuchada la alarma por todos los residentes. No detecta gases&comma; calor o llamas&comma; no puede impedir o apagar incendios.<\/p>\n<p style='margin: 0; font-size: 14px;'>Los detectores de humo han contribuido a reducir la cantidad de muertes provocadas por incendios en hogares en todo el mundo. Sin embargo&comma; como todo dispositivo de advertencia&comma; solo pueden funcionar si se ubican&comma; instalan y mantienen en forma correcta&comma; y si el humo llega hasta ellos.<\/p>\n<\/p><\/div>\n<\/p><\/div>\n<\/p><\/div>\n<div style='display: flex; flex-wrap: wrap; gap: 30px; margin-bottom: 30px;'>\n<div style='flex: 1 1 300px; min-width: 280px;'>\n<h3 style='font-size: 22px; border-bottom: 2px solid currentColor; padding-bottom: 5px; margin-top: 0; color: inherit; opacity: 0.8;'>Videos<\/h3>\n<div style='position: relative; padding-bottom: 56.25%; height: 0; overflow: hidden; margin-bottom: 30px;'>   <\/div>\n<div style='position: relative; padding-bottom: 56.25%; height: 0; overflow: hidden; margin-bottom: 30px;'>   <\/div>\n<\/p><\/div>\n<\/p><\/div>\n<hr style='border: 0; border-top: 1px solid rgba(150&comma; 150&comma; 150&comma; 0.3); margin: 30px 0;'>\n<div style='display: flex; flex-wrap: wrap; gap: 30px;'>\n<div style='flex: 1 1 300px; min-width: 280px;'>\n<h3 style='font-size: 22px; border-bottom: 2px solid currentColor; padding-bottom: 5px; margin-top: 0; color: inherit; opacity: 0.8;'>Recomendaciones de instalaci\u00f3n<\/h3>\n<ul style='padding-left: 20px; font-size: 15px; color: inherit;'>\n<li style='margin-bottom: 5px;'>Instalar en todos los niveles del hogar&comma; incluido el s\u00f3tano<\/li>\n<li style='margin-bottom: 5px;'>Colocar dentro de cada dormitorio<\/li>\n<li style='margin-bottom: 5px;'>Prueba mensual obligatoria<\/li>\n<li style='margin-bottom: 5px;'>Reemplazo de bater\u00edas cada 6 meses<\/li>\n<li style='margin-bottom: 5px;'>Reemplazo total del dispositivo cada 10 a\u00f1os<\/li>\n<\/ul><\/div>\n<\/p><\/div>\n<\/p><\/div>\n","protected":false},"excerpt":{"rendered":"<p>Detector de humo, aut\u00f3nomo, ionizaci\u00f3n, con luz de escape<\/p>\n","protected":false},"featured_media":5991,"comment_status":"open","ping_status":"closed","template":"","meta":[],"product_brand":[],"product_cat":[230],"product_tag":[231,19,66],"class_list":{"0":"post-5992","1":"product","2":"type-product","3":"status-publish","4":"has-post-thumbnail","6":"product_cat-autonomos","7":"product_tag-autonomos","8":"product_tag-detectores-sensores","9":"product_tag-first-alert","11":"first","12":"outofstock","13":"sale","14":"shipping-taxable","15":"purchasable","16":"product-type-simple"},"_links":{"self":[{"href":"https:\/\/soydeaqui.ddns.net\/pachuca\/index.php\/wp-json\/wp\/v2\/product\/5992","targetHints":{"allow":["GET"]}}],"collection":[{"href":"https:\/\/soydeaqui.ddns.net\/pachuca\/index.php\/wp-json\/wp\/v2\/product"}],"about":[{"href":"https:\/\/soydeaqui.ddns.net\/pachuca\/index.php\/wp-json\/wp\/v2\/types\/product"}],"replies":[{"embeddable":true,"href":"https:\/\/soydeaqui.ddns.net\/pachuca\/index.php\/wp-json\/wp\/v2\/comments?post=5992"}],"wp:featuredmedia":[{"embeddable":true,"href":"https:\/\/soydeaqui.ddns.net\/pachuca\/index.php\/wp-json\/wp\/v2\/media\/5991"}],"wp:attachment":[{"href":"https:\/\/soydeaqui.ddns.net\/pachuca\/index.php\/wp-json\/wp\/v2\/media?parent=5992"}],"wp:term":[{"taxonomy":"product_brand","embeddable":true,"href":"https:\/\/soydeaqui.ddns.net\/pachuca\/index.php\/wp-json\/wp\/v2\/product_brand?post=5992"},{"taxonomy":"product_cat","embeddable":true,"href":"https:\/\/soydeaqui.ddns.net\/pachuca\/index.php\/wp-json\/wp\/v2\/product_cat?post=5992"},{"taxonomy":"product_tag","embeddable":true,"href":"https:\/\/soydeaqui.ddns.net\/pachuca\/index.php\/wp-json\/wp\/v2\/product_tag?post=5992"}],"curies":[{"name":"wp","href":"https:\/\/api.w.org\/{rel}","templated":true}]}}