{"id":59916,"date":"2026-03-19T05:16:27","date_gmt":"2026-03-19T05:16:27","guid":{"rendered":"https:\/\/soydeaqui.ddns.net\/pachuca\/index.php\/producto\/combinador-hibrido-4x4-694-2700mhz-150w-161dbc-4-3-10-ip64\/"},"modified":"2026-03-19T05:16:31","modified_gmt":"2026-03-19T05:16:31","slug":"combinador-hibrido-4x4-694-2700mhz-150w-161dbc-4-3-10-ip64","status":"publish","type":"product","link":"https:\/\/soydeaqui.ddns.net\/pachuca\/index.php\/producto\/combinador-hibrido-4x4-694-2700mhz-150w-161dbc-4-3-10-ip64\/","title":{"rendered":"Combinador hibrido 4&#215;4 694-2700MHz 150W -161dBc 4.3-10 IP64"},"content":{"rendered":"<div style='width: 100%; max-width: 1200px; margin: 0 auto; font-family: sans-serif; line-height: 1.6; color: inherit; background-color: transparent;'> <!-- Descripci\u00f3n principal --> <\/p>\n<div style='margin-bottom: 30px;'>\n<h3 style='font-size: 20px; border-bottom: 2px solid currentColor; padding-bottom: 5px; margin-top: 0; color: inherit; opacity: 0.8;'>Descripci\u00f3n<\/h3>\n<p style='font-size: 15px; margin-top: 15px; color: inherit; text-align: justify;'>El h\u00edbrido 4&#215;4 es una matriz de acopladores h\u00edbridos dispuestos de modo que las se\u00f1ales aplicadas a cualquiera de las cuatro entradas se dividan por igual entre las cuatro salidas. Esto permite la combinaci\u00f3n de m\u00faltiples se\u00f1ales en la misma banda inal\u00e1mbrica a un cable de alimentaci\u00f3n com\u00fan&comma; como podr\u00eda ser necesario en un sistema de antena distribuida en un edificio de host neutral.<\/p>\n<p style='font-size: 15px; margin-top: 15px; color: inherit; text-align: justify;'>Los puertos de salida no utilizados deben terminarse externamente en 50 \u03a9&comma; con un rendimiento PIM adecuado. Tenga en cuenta que la relaci\u00f3n de fase de las salidas en este modelo no es consistente.<\/p>\n<p style='font-size: 15px; margin-top: 15px; color: inherit; text-align: justify;'>Se ha prestado especial atenci\u00f3n a maximizar el aislamiento en las bandas inal\u00e1mbricas y minimizar la intermodulaci\u00f3n pasiva (PIM). La unidad tambi\u00e9n est\u00e1 disponible con conectores 7-16 DIN o N como parte de la serie CM-x8D o CM-x8N.<\/p>\n<\/p><\/div>\n<p> <!-- Caracter\u00edsticas --> <\/p>\n<div style='margin-bottom: 30px;'>\n<h3 style='font-size: 20px; border-bottom: 2px solid currentColor; padding-bottom: 5px; margin-top: 0; color: inherit; opacity: 0.8;'>Caracter\u00edsticas<\/h3>\n<ul style='padding-left: 20px; font-size: 15px; margin-top: 15px; color: inherit;'>\n<li style='margin-bottom: 5px;'>Combinar 4 entradas a 4 salidas<\/li>\n<li style='margin-bottom: 5px;'>150W\/Potencia media de entrada<\/li>\n<li style='margin-bottom: 5px;'>Aislamiento de hasta 23 dB<\/li>\n<li style='margin-bottom: 5px;'>PIM bajo especificado&comma; -161 dBc<\/li>\n<li style='margin-bottom: 5px;'>Entorno interior IP64<\/li>\n<li style='margin-bottom: 5px;'>VSWR bajo&comma; p\u00e9rdida baja<\/li>\n<li style='margin-bottom: 5px;'>RoHS<\/li>\n<\/ul><\/div>\n<p> <!-- Especificaciones --> <\/p>\n<div style='margin-bottom: 30px;'>\n<h3 style='font-size: 20px; border-bottom: 2px solid currentColor; padding-bottom: 5px; margin-top: 0; color: inherit; opacity: 0.8;'>Especificaciones<\/h3>\n<p> <!-- Tabla responsive --> <\/p>\n<div style='overflow-x: auto;'>\n<table style='width: 100%; border-collapse: collapse; margin-top: 15px; border: 1px solid rgba(150&comma;150&comma;150&comma;0.3);'>\n<tbody>\n<tr style='background-color: rgba(150&comma;150&comma;150&comma;0.05);'>\n<td style='padding: 12px; border-bottom: 1px solid rgba(150&comma;150&comma;150&comma;0.3); border-right: 1px solid rgba(150&comma;150&comma;150&comma;0.3); font-weight: bold; min-width: 150px;' colspan='2'>Frecuencia:<\/td>\n<td style='padding: 12px; border-bottom: 1px solid rgba(150&comma;150&comma;150&comma;0.3);'>694-800 MHz<\/td>\n<\/tr>\n<tr>\n<td style='padding: 12px; border-bottom: 1px solid rgba(150&comma;150&comma;150&comma;0.3); border-right: 1px solid rgba(150&comma;150&comma;150&comma;0.3);' colspan='2'><\/td>\n<td style='padding: 12px; border-bottom: 1px solid rgba(150&comma;150&comma;150&comma;0.3);'>800 \u2013 2600 MHz<\/td>\n<\/tr>\n<tr style='background-color: rgba(150&comma;150&comma;150&comma;0.05);'>\n<td style='padding: 12px; border-bottom: 1px solid rgba(150&comma;150&comma;150&comma;0.3); border-right: 1px solid rgba(150&comma;150&comma;150&comma;0.3);' colspan='2'><\/td>\n<td style='padding: 12px; border-bottom: 1px solid rgba(150&comma;150&comma;150&comma;0.3);'>2600 \u2013 2700 MHz<\/td>\n<\/tr>\n<tr>\n<td style='padding: 12px; border-bottom: 1px solid rgba(150&comma;150&comma;150&comma;0.3); border-right: 1px solid rgba(150&comma;150&comma;150&comma;0.3); font-weight: bold;' colspan='2'>Acoplamiento:<\/td>\n<td style='padding: 12px; border-bottom: 1px solid rgba(150&comma;150&comma;150&comma;0.3);'>6&comma;0 \u00b1 1&comma;8 dB<\/td>\n<\/tr>\n<tr style='background-color: rgba(150&comma;150&comma;150&comma;0.05);'>\n<td style='padding: 12px; border-bottom: 1px solid rgba(150&comma;150&comma;150&comma;0.3); border-right: 1px solid rgba(150&comma;150&comma;150&comma;0.3);' colspan='2'><\/td>\n<td style='padding: 12px; border-bottom: 1px solid rgba(150&comma;150&comma;150&comma;0.3);'>6&comma;2 \u00b1 1&comma;2 dB<\/td>\n<\/tr>\n<tr>\n<td style='padding: 12px; border-bottom: 1px solid rgba(150&comma;150&comma;150&comma;0.3); border-right: 1px solid rgba(150&comma;150&comma;150&comma;0.3);' colspan='2'><\/td>\n<td style='padding: 12px; border-bottom: 1px solid rgba(150&comma;150&comma;150&comma;0.3);'>6&comma;4 \u00b1 1&comma;4 dB<\/td>\n<\/tr>\n<tr style='background-color: rgba(150&comma;150&comma;150&comma;0.05);'>\n<td style='padding: 12px; border-bottom: 1px solid rgba(150&comma;150&comma;150&comma;0.3); border-right: 1px solid rgba(150&comma;150&comma;150&comma;0.3); font-weight: bold;' colspan='2'>Energ\u00eda:<\/td>\n<td style='padding: 12px; border-bottom: 1px solid rgba(150&comma;150&comma;150&comma;0.3);'>150W<\/td>\n<\/tr>\n<tr>\n<td style='padding: 12px; border-bottom: 1px solid rgba(150&comma;150&comma;150&comma;0.3); border-right: 1px solid rgba(150&comma;150&comma;150&comma;0.3); font-weight: bold;' colspan='2'>VSWR:<\/td>\n<td style='padding: 12px; border-bottom: 1px solid rgba(150&comma;150&comma;150&comma;0.3);'>&nbsp;<\/td>\n<\/tr>\n<tr style='background-color: rgba(150&comma;150&comma;150&comma;0.05);'>\n<td style='padding: 12px; border-bottom: 1px solid rgba(150&comma;150&comma;150&comma;0.3); border-right: 1px solid rgba(150&comma;150&comma;150&comma;0.3); font-weight: bold;' colspan='2'>Aislamiento:<\/td>\n<td style='padding: 12px; border-bottom: 1px solid rgba(150&comma;150&comma;150&comma;0.3);'>&gt;20dB<\/td>\n<\/tr>\n<tr>\n<td style='padding: 12px; border-bottom: 1px solid rgba(150&comma;150&comma;150&comma;0.3); border-right: 1px solid rgba(150&comma;150&comma;150&comma;0.3); font-weight: bold;' colspan='2'>PIM:<\/td>\n<td style='padding: 12px; border-bottom: 1px solid rgba(150&comma;150&comma;150&comma;0.3);'>-161 dBc (dos tonos de 20W)<\/td>\n<\/tr>\n<tr style='background-color: rgba(150&comma;150&comma;150&comma;0.05);'>\n<td style='padding: 12px; border-bottom: 1px solid rgba(150&comma;150&comma;150&comma;0.3); border-right: 1px solid rgba(150&comma;150&comma;150&comma;0.3); font-weight: bold;' colspan='2'>Conectores:<\/td>\n<td style='padding: 12px; border-bottom: 1px solid rgba(150&comma;150&comma;150&comma;0.3);'>4.3-10<\/td>\n<\/tr>\n<tr>\n<td style='padding: 12px; border-bottom: 1px solid rgba(150&comma;150&comma;150&comma;0.3); border-right: 1px solid rgba(150&comma;150&comma;150&comma;0.3); font-weight: bold;' colspan='2'>Protecci\u00f3n de ingreso:<\/td>\n<td style='padding: 12px; border-bottom: 1px solid rgba(150&comma;150&comma;150&comma;0.3);'>IP64<\/td>\n<\/tr>\n<tr style='background-color: rgba(150&comma;150&comma;150&comma;0.05);'>\n<td style='padding: 12px; border-bottom: 1px solid rgba(150&comma;150&comma;150&comma;0.3); border-right: 1px solid rgba(150&comma;150&comma;150&comma;0.3); font-weight: bold;' colspan='2'>Peso:<\/td>\n<td style='padding: 12px; border-bottom: 1px solid rgba(150&comma;150&comma;150&comma;0.3);'>2&comma;2 kg (4&comma;9 libras)<\/td>\n<\/tr>\n<\/tbody>\n<\/table><\/div>\n<\/p><\/div>\n<p> <!-- Separador final --> <\/p>\n<hr style='border: 0; border-top: 1px solid rgba(150&comma; 150&comma; 150&comma; 0.3); margin: 30px 0;'> <\/div>\n","protected":false},"excerpt":{"rendered":"<p>Combinador hibrido 4&#215;4 694-2700MHz 150W -161dBc 4.3-10 IP64<\/p>\n","protected":false},"featured_media":59915,"comment_status":"open","ping_status":"closed","template":"","meta":[],"product_brand":[],"product_cat":[1529,1528,1755],"product_tag":[1535,1534,1533,1757,1756],"class_list":{"0":"post-59916","1":"product","2":"type-product","3":"status-publish","4":"has-post-thumbnail","6":"product_cat-4g","7":"product_cat-cobertura-celular-5g","8":"product_cat-sistemas-de-antenas-distribuidas-das","9":"product_tag-3g-y-voz","10":"product_tag-4g","11":"product_tag-cobertura-celular-5g","12":"product_tag-microlab","13":"product_tag-sistemas-de-antenas-distribuidas-das","15":"first","16":"outofstock","17":"sale","18":"shipping-taxable","19":"purchasable","20":"product-type-simple"},"_links":{"self":[{"href":"https:\/\/soydeaqui.ddns.net\/pachuca\/index.php\/wp-json\/wp\/v2\/product\/59916","targetHints":{"allow":["GET"]}}],"collection":[{"href":"https:\/\/soydeaqui.ddns.net\/pachuca\/index.php\/wp-json\/wp\/v2\/product"}],"about":[{"href":"https:\/\/soydeaqui.ddns.net\/pachuca\/index.php\/wp-json\/wp\/v2\/types\/product"}],"replies":[{"embeddable":true,"href":"https:\/\/soydeaqui.ddns.net\/pachuca\/index.php\/wp-json\/wp\/v2\/comments?post=59916"}],"wp:featuredmedia":[{"embeddable":true,"href":"https:\/\/soydeaqui.ddns.net\/pachuca\/index.php\/wp-json\/wp\/v2\/media\/59915"}],"wp:attachment":[{"href":"https:\/\/soydeaqui.ddns.net\/pachuca\/index.php\/wp-json\/wp\/v2\/media?parent=59916"}],"wp:term":[{"taxonomy":"product_brand","embeddable":true,"href":"https:\/\/soydeaqui.ddns.net\/pachuca\/index.php\/wp-json\/wp\/v2\/product_brand?post=59916"},{"taxonomy":"product_cat","embeddable":true,"href":"https:\/\/soydeaqui.ddns.net\/pachuca\/index.php\/wp-json\/wp\/v2\/product_cat?post=59916"},{"taxonomy":"product_tag","embeddable":true,"href":"https:\/\/soydeaqui.ddns.net\/pachuca\/index.php\/wp-json\/wp\/v2\/product_tag?post=59916"}],"curies":[{"name":"wp","href":"https:\/\/api.w.org\/{rel}","templated":true}]}}