{"id":59913,"date":"2026-03-19T05:16:22","date_gmt":"2026-03-19T05:16:22","guid":{"rendered":"https:\/\/soydeaqui.ddns.net\/pachuca\/index.php\/producto\/acoplador-direccional-20db-617-5925mhz-300w-161dbc-4-3-10-ip67\/"},"modified":"2026-03-19T05:16:25","modified_gmt":"2026-03-19T05:16:25","slug":"acoplador-direccional-20db-617-5925mhz-300w-161dbc-4-3-10-ip67","status":"publish","type":"product","link":"https:\/\/soydeaqui.ddns.net\/pachuca\/index.php\/producto\/acoplador-direccional-20db-617-5925mhz-300w-161dbc-4-3-10-ip67\/","title":{"rendered":"Acoplador direccional 20dB 617-5925MHz 300W-161dBc 4.3-10 IP67"},"content":{"rendered":"<div style='width: 100%; max-width: 1200px; margin: 0 auto; font-family: sans-serif; line-height: 1.6; color: inherit; background-color: transparent;'> <!-- T\u00edtulo del producto --> <\/p>\n<h2 style='font-size: 24px; margin-top: 0; color: inherit; opacity: 0.9;'> Acoplador direccional 20dB 617-5925MHz 300W-161dBc 4.3-10 IP67 <\/h2>\n<p> <!-- Descripci\u00f3n --> <\/p>\n<div style='margin-bottom: 30px;'>\n<h3 style='font-size: 20px; border-bottom: 2px solid currentColor; padding-bottom: 5px; margin-top: 0; color: inherit; opacity: 0.8;'>Descripci\u00f3n<\/h3>\n<p style='font-size: 15px; color: inherit; margin-top: 15px;'> La serie CC-6xxE est\u00e1 dise\u00f1ada para cubrir de 617 a 5925 MHz. Las unidades acoplan una fracci\u00f3n definida de se\u00f1al con reflejos o p\u00e9rdidas m\u00ednimas. La disponibilidad en una amplia gama de valores de acoplamiento hace que esta serie sea \u00fatil para optimizar la distribuci\u00f3n de energ\u00eda requerida en los sistemas de antena distribuida pasiva (DAS) 5G. El rango de frecuencia extremadamente amplio permite su uso con antenas multibanda&comma; sistemas de cable con fugas y estaciones base inal\u00e1mbricas. Con juntas de soldadura m\u00ednimas y un diel\u00e9ctrico de baja p\u00e9rdida&comma; la p\u00e9rdida disipativa se ha minimizado y se ha mejorado la confiabilidad. <\/p>\n<\/p><\/div>\n<p> <!-- Caracter\u00edsticas --> <\/p>\n<div style='margin-bottom: 30px;'>\n<h3 style='font-size: 20px; border-bottom: 2px solid currentColor; padding-bottom: 5px; margin-top: 0; color: inherit; opacity: 0.8;'>Caracter\u00edsticas<\/h3>\n<ul style='padding-left: 20px; font-size: 15px; color: inherit; margin-top: 15px;'>\n<li style='margin-bottom: 5px;'>Acopladores direccionales de banda ultra ancha para distribuci\u00f3n de se\u00f1al 5G FR1<\/li>\n<li style='margin-bottom: 5px;'>Potencia de l\u00ednea principal promedio de 300 W<\/li>\n<li style='margin-bottom: 5px;'>P\u00e9rdida m\u00ednima de inserci\u00f3n de RF y alta directividad<\/li>\n<li style='margin-bottom: 5px;'>PIM bajo garantizado<\/li>\n<li style='margin-bottom: 5px;'>4.3-10 Conectores<\/li>\n<li style='margin-bottom: 5px;'>Clasificaci\u00f3n IP67<\/li>\n<li style='margin-bottom: 5px;'>Queja RoHS<\/li>\n<\/ul><\/div>\n<p> <!-- Especificaciones --> <\/p>\n<div style='margin-bottom: 30px;'>\n<h3 style='font-size: 20px; border-bottom: 2px solid currentColor; padding-bottom: 5px; margin-top: 0; color: inherit; opacity: 0.8;'>Especificaciones<\/h3>\n<div style='display: grid; grid-template-columns: repeat(auto-fill&comma; minmax(250px&comma; 1fr)); gap: 20px; margin-top: 15px;'>\n<div style='border: 1px solid rgba(150&comma; 150&comma; 150&comma; 0.4); border-radius: 8px; padding: 15px;'>\n<div style='font-weight: bold; margin-bottom: 8px; font-size: 15px; color: inherit;'>Frecuencia<\/div>\n<div style='font-size: 14px; color: inherit;'>617 a 5925 MHz<\/div>\n<\/p><\/div>\n<div style='border: 1px solid rgba(150&comma; 150&comma; 150&comma; 0.4); border-radius: 8px; padding: 15px;'>\n<div style='font-weight: bold; margin-bottom: 8px; font-size: 15px; color: inherit;'>Directividad<\/div>\n<div style='font-size: 14px; color: inherit;'> 20 dB min para 617-2700MHz<br \/> 18 dB min para 2700-4900MHz<br \/> 17 dB min para 4900-5925MHz <\/div>\n<\/p><\/div>\n<div style='border: 1px solid rgba(150&comma; 150&comma; 150&comma; 0.4); border-radius: 8px; padding: 15px;'>\n<div style='font-weight: bold; margin-bottom: 8px; font-size: 15px; color: inherit;'>VSWR<\/div>\n<div style='font-size: 14px; color: inherit;'> 1.20:1 max para 617-3800MHz<br \/> 1.30:1 max para 3800-5925MHz <\/div>\n<\/p><\/div>\n<div style='border: 1px solid rgba(150&comma; 150&comma; 150&comma; 0.4); border-radius: 8px; padding: 15px;'>\n<div style='font-weight: bold; margin-bottom: 8px; font-size: 15px; color: inherit;'>PIM<\/div>\n<div style='font-size: 14px; color: inherit;'>-161 dBc (-118 dBm) m\u00edn.<\/div>\n<\/p><\/div>\n<div style='border: 1px solid rgba(150&comma; 150&comma; 150&comma; 0.4); border-radius: 8px; padding: 15px;'>\n<div style='font-weight: bold; margin-bottom: 8px; font-size: 15px; color: inherit;'>Potencia nominal<\/div>\n<div style='font-size: 14px; color: inherit;'>300 W promedio&comma; 1 kW pk*<\/div>\n<\/p><\/div>\n<div style='border: 1px solid rgba(150&comma; 150&comma; 150&comma; 0.4); border-radius: 8px; padding: 15px;'>\n<div style='font-weight: bold; margin-bottom: 8px; font-size: 15px; color: inherit;'>P\u00e9rdida disipativa<\/div>\n<div style='font-size: 14px; color: inherit;'>0&comma;3 dB m\u00e1x<\/div>\n<\/p><\/div>\n<div style='border: 1px solid rgba(150&comma; 150&comma; 150&comma; 0.4); border-radius: 8px; padding: 15px;'>\n<div style='font-weight: bold; margin-bottom: 8px; font-size: 15px; color: inherit;'>Impedancia<\/div>\n<div style='font-size: 14px; color: inherit;'>50 \u03a9 nominal<\/div>\n<\/p><\/div>\n<div style='border: 1px solid rgba(150&comma; 150&comma; 150&comma; 0.4); border-radius: 8px; padding: 15px;'>\n<div style='font-weight: bold; margin-bottom: 8px; font-size: 15px; color: inherit;'>Retardo de grupo<\/div>\n<div style='font-size: 14px; color: inherit;'>1&comma;2 ns t\u00edp.<\/div>\n<\/p><\/div>\n<div style='border: 1px solid rgba(150&comma; 150&comma; 150&comma; 0.4); border-radius: 8px; padding: 15px;'>\n<div style='font-weight: bold; margin-bottom: 8px; font-size: 15px; color: inherit;'>Entorno<\/div>\n<div style='font-size: 14px; color: inherit;'>-40 \u00b0C a +75 \u00b0C&comma; IP67<\/div>\n<\/p><\/div>\n<div style='border: 1px solid rgba(150&comma; 150&comma; 150&comma; 0.4); border-radius: 8px; padding: 15px;'>\n<div style='font-weight: bold; margin-bottom: 8px; font-size: 15px; color: inherit;'>Acabado de la carcasa<\/div>\n<div style='font-size: 14px; color: inherit;'>Pintado<\/div>\n<\/p><\/div>\n<div style='border: 1px solid rgba(150&comma; 150&comma; 150&comma; 0.4); border-radius: 8px; padding: 15px;'>\n<div style='font-weight: bold; margin-bottom: 8px; font-size: 15px; color: inherit;'>Conectores<\/div>\n<div style='font-size: 14px; color: inherit;'>4&comma;3-10 (f)&comma; brida triplaca de 4 orificios<\/div>\n<\/p><\/div>\n<div style='border: 1px solid rgba(150&comma; 150&comma; 150&comma; 0.4); border-radius: 8px; padding: 15px;'>\n<div style='font-weight: bold; margin-bottom: 8px; font-size: 15px; color: inherit;'>Peso<\/div>\n<div style='font-size: 14px; color: inherit;'>0&comma;9 lb (0&comma;41 kg)<\/div>\n<\/p><\/div>\n<div style='border: 1px solid rgba(150&comma; 150&comma; 150&comma; 0.4); border-radius: 8px; padding: 15px;'>\n<div style='font-weight: bold; margin-bottom: 8px; font-size: 15px; color: inherit;'>Dimensiones<\/div>\n<div style='font-size: 14px; color: inherit;'> 5-8 dB: 5&comma;53 x 1&comma;64 x 1&comma;10 pulgadas<br \/> [140&comma;5 x 41&comma;6 x 28 mm]<br \/> 10-20 dB: 5&comma;61 x 1&comma;72 x 1&comma;10 pulgadas <\/div>\n<\/p><\/div>\n<\/p><\/div>\n<\/p><\/div>\n<p> <!-- Separador final --> <\/p>\n<hr style='border: 0; border-top: 1px solid rgba(150&comma; 150&comma; 150&comma; 0.3); margin: 30px 0;'> <\/div>\n","protected":false},"excerpt":{"rendered":"<p>Acoplador direccional 20dB 617-5925MHz 300W-161dBc 4.3-10 IP67<\/p>\n","protected":false},"featured_media":59912,"comment_status":"open","ping_status":"closed","template":"","meta":[],"product_brand":[],"product_cat":[1529,1528,1755],"product_tag":[1535,1534,1533,1757,1756],"class_list":{"0":"post-59913","1":"product","2":"type-product","3":"status-publish","4":"has-post-thumbnail","6":"product_cat-4g","7":"product_cat-cobertura-celular-5g","8":"product_cat-sistemas-de-antenas-distribuidas-das","9":"product_tag-3g-y-voz","10":"product_tag-4g","11":"product_tag-cobertura-celular-5g","12":"product_tag-microlab","13":"product_tag-sistemas-de-antenas-distribuidas-das","15":"first","16":"outofstock","17":"sale","18":"shipping-taxable","19":"purchasable","20":"product-type-simple"},"_links":{"self":[{"href":"https:\/\/soydeaqui.ddns.net\/pachuca\/index.php\/wp-json\/wp\/v2\/product\/59913","targetHints":{"allow":["GET"]}}],"collection":[{"href":"https:\/\/soydeaqui.ddns.net\/pachuca\/index.php\/wp-json\/wp\/v2\/product"}],"about":[{"href":"https:\/\/soydeaqui.ddns.net\/pachuca\/index.php\/wp-json\/wp\/v2\/types\/product"}],"replies":[{"embeddable":true,"href":"https:\/\/soydeaqui.ddns.net\/pachuca\/index.php\/wp-json\/wp\/v2\/comments?post=59913"}],"wp:featuredmedia":[{"embeddable":true,"href":"https:\/\/soydeaqui.ddns.net\/pachuca\/index.php\/wp-json\/wp\/v2\/media\/59912"}],"wp:attachment":[{"href":"https:\/\/soydeaqui.ddns.net\/pachuca\/index.php\/wp-json\/wp\/v2\/media?parent=59913"}],"wp:term":[{"taxonomy":"product_brand","embeddable":true,"href":"https:\/\/soydeaqui.ddns.net\/pachuca\/index.php\/wp-json\/wp\/v2\/product_brand?post=59913"},{"taxonomy":"product_cat","embeddable":true,"href":"https:\/\/soydeaqui.ddns.net\/pachuca\/index.php\/wp-json\/wp\/v2\/product_cat?post=59913"},{"taxonomy":"product_tag","embeddable":true,"href":"https:\/\/soydeaqui.ddns.net\/pachuca\/index.php\/wp-json\/wp\/v2\/product_tag?post=59913"}],"curies":[{"name":"wp","href":"https:\/\/api.w.org\/{rel}","templated":true}]}}