{"id":59907,"date":"2026-03-19T05:16:12","date_gmt":"2026-03-19T05:16:12","guid":{"rendered":"https:\/\/soydeaqui.ddns.net\/pachuca\/index.php\/producto\/combinador-hibrido-4x4-617-5925-mhz-100w-161dbc-4-3-10-ip67\/"},"modified":"2026-03-19T05:16:15","modified_gmt":"2026-03-19T05:16:15","slug":"combinador-hibrido-4x4-617-5925-mhz-100w-161dbc-4-3-10-ip67","status":"publish","type":"product","link":"https:\/\/soydeaqui.ddns.net\/pachuca\/index.php\/producto\/combinador-hibrido-4x4-617-5925-mhz-100w-161dbc-4-3-10-ip67\/","title":{"rendered":"Combinador Hibrido 4&#215;4 617-5925 MHz 100W -161dBc 4.3-10 IP67"},"content":{"rendered":"<div style='width: 100%; max-width: 1200px; margin: 0 auto; font-family: sans-serif; line-height: 1.6; color: inherit; background-color: transparent;'> <!-- Secci\u00f3n de descripci\u00f3n --> <\/p>\n<div style='margin-bottom: 30px;'>\n<h3 style='font-size: 22px; border-bottom: 2px solid currentColor; padding-bottom: 5px; margin-top: 0; color: inherit; opacity: 0.8;'>Descripci\u00f3n<\/h3>\n<p style='font-size: 15px; color: inherit; text-align: justify; margin-top: 15px; margin-bottom: 15px;'> El combinador h\u00edbrido Microlab CM-141E ha sido dise\u00f1ado para implementaciones 5G de banda ancha. El CM-141E cubre un ancho de banda ultra amplio de 617 a 5925 MHz con un tama\u00f1o peque\u00f1o para ocultarlo m\u00e1s f\u00e1cilmente. <\/p>\n<p style='font-size: 15px; color: inherit; text-align: justify; margin-top: 15px; margin-bottom: 15px;'> El combinador h\u00edbrido se usa m\u00e1s com\u00fanmente para combinar hasta cuatro operadores inal\u00e1mbricos en la banda operativa con m\u00faltiples alimentaciones de antena o cables de distribuci\u00f3n. Los puertos de entrada y salida no utilizados deben terminarse con cargas de PIM bajas. <\/p>\n<p style='font-size: 15px; color: inherit; text-align: justify; margin-top: 15px; margin-bottom: 15px;'> VSWR y el aislamiento se han optimizado mientras que la intermodulaci\u00f3n pasiva (PIM) se minimiza. Los conectores de entrada y salida se han agrupado por separado para una conexi\u00f3n conveniente y cada conector est\u00e1 espaciado para permitir el ajuste controlado con llave de los conectores. <\/p>\n<p style='font-size: 15px; color: inherit; text-align: justify; margin-top: 15px; margin-bottom: 15px;'> Tambi\u00e9n disponible en configuraci\u00f3n de montaje en rack como CM-141E-2R para 2\u00d72 MIMO y CM-141E-4R para 4\u00d74 MIMO. <\/p>\n<\/p><\/div>\n<p> <!-- Secci\u00f3n de caracter\u00edsticas --> <\/p>\n<div style='margin-bottom: 30px;'>\n<h3 style='font-size: 22px; border-bottom: 2px solid currentColor; padding-bottom: 5px; margin-top: 0; color: inherit; opacity: 0.8;'>Caracter\u00edsticas<\/h3>\n<ul style='padding-left: 20px; font-size: 15px; color: inherit; margin-top: 15px; margin-bottom: 15px;'>\n<li style='margin-bottom: 5px;'><span style='color: inherit;'>Banda ultraancha para aplicaciones 5G Small Cell y D-RAN<\/span><\/li>\n<li style='margin-bottom: 5px;'><span style='color: inherit;'>PIM bajo garantizado<\/span><\/li>\n<li style='margin-bottom: 5px;'><span style='color: inherit;'>Alto aislamiento y bajo VSWR<\/span><\/li>\n<li style='margin-bottom: 5px;'><span style='color: inherit;'>Promedio continuo de 100 vatios por entrada<\/span><\/li>\n<li style='margin-bottom: 5px;'><span style='color: inherit;'>Potencia hasta 2&comma;6 GHz<\/span><\/li>\n<li style='margin-bottom: 5px;'><span style='color: inherit;'>Clasificaci\u00f3n IP67<\/span><\/li>\n<li style='margin-bottom: 5px;'><span style='color: inherit;'>RoHS<\/span><\/li>\n<\/ul><\/div>\n<p> <!-- Secci\u00f3n de especificaciones --> <\/p>\n<div style='margin-bottom: 30px;'>\n<h3 style='font-size: 22px; border-bottom: 2px solid currentColor; padding-bottom: 5px; margin-top: 0; color: inherit; opacity: 0.8;'>Especificaciones<\/h3>\n<div style='display: flex; flex-wrap: wrap; gap: 20px; margin-top: 15px;'>\n<div style='flex: 1 1 250px; border: 1px solid rgba(150&comma; 150&comma; 150&comma; 0.4); border-radius: 8px; overflow: hidden; display: flex; flex-direction: column;'>\n<div style='padding: 15px; border-bottom: 1px solid rgba(150&comma; 150&comma; 150&comma; 0.2); font-weight: bold; font-size: 18px; color: inherit;'>Espec. El\u00e9ctricas<\/div>\n<div style='padding: 15px; color: inherit;'>\n<ul style='padding-left: 20px; margin: 0; font-size: 14px; list-style-type: disc;'>\n<li style='margin-bottom: 5px;'><strong>Frecuencia:<\/strong> <span style='color: inherit;'>617-5925 MHz<\/span><\/li>\n<li style='margin-bottom: 5px;'><strong>PIM:<\/strong> <span style='color: inherit;'>-160 dBc (-117 dBm) m\u00edn.<\/span><\/li>\n<li style='margin-bottom: 5px;'><strong>Potencia:<\/strong> <span style='color: inherit;'>100W hasta 2&comma;6 GHz<\/span><\/li>\n<li style='margin-bottom: 5px;'><strong>Impedancia:<\/strong> <span style='color: inherit;'>50\u03a9<\/span><\/li>\n<\/ul><\/div>\n<\/p><\/div>\n<div style='flex: 1 1 250px; border: 1px solid rgba(150&comma; 150&comma; 150&comma; 0.4); border-radius: 8px; overflow: hidden; display: flex; flex-direction: column;'>\n<div style='padding: 15px; border-bottom: 1px solid rgba(150&comma; 150&comma; 150&comma; 0.2); font-weight: bold; font-size: 18px; color: inherit;'>Espec. F\u00edsicas<\/div>\n<div style='padding: 15px; color: inherit;'>\n<ul style='padding-left: 20px; margin: 0; font-size: 14px; list-style-type: disc;'>\n<li style='margin-bottom: 5px;'><strong>Ambiente:<\/strong> <span style='color: inherit;'>-15\u00b0C a +65\u00b0C&comma; IP67<\/span><\/li>\n<li style='margin-bottom: 5px;'><strong>Carcasa:<\/strong> <span style='color: inherit;'>Aluminio pasivado<\/span><\/li>\n<li style='margin-bottom: 5px;'><strong>Conectores:<\/strong> <span style='color: inherit;'>4.3-10 Triplaca&comma; (ff)<\/span><\/li>\n<li style='margin-bottom: 5px;'><strong>Peso:<\/strong> <span style='color: inherit;'>5 libras (2&comma;3 kg)<\/span><\/li>\n<\/ul><\/div>\n<\/p><\/div>\n<\/p><\/div>\n<\/p><\/div>\n<p> <!-- Separador --> <\/p>\n<hr style='border: 0; border-top: 1px solid rgba(150&comma; 150&comma; 150&comma; 0.3); margin: 30px 0;'> <\/div>\n","protected":false},"excerpt":{"rendered":"<p>Combinador Hibrido 4&#215;4 617-5925 MHz 100W -161dBc 4.3-10 IP67<\/p>\n","protected":false},"featured_media":59906,"comment_status":"open","ping_status":"closed","template":"","meta":[],"product_brand":[],"product_cat":[1529,1528,1755],"product_tag":[1535,1534,1533,1757,1756],"class_list":{"0":"post-59907","1":"product","2":"type-product","3":"status-publish","4":"has-post-thumbnail","6":"product_cat-4g","7":"product_cat-cobertura-celular-5g","8":"product_cat-sistemas-de-antenas-distribuidas-das","9":"product_tag-3g-y-voz","10":"product_tag-4g","11":"product_tag-cobertura-celular-5g","12":"product_tag-microlab","13":"product_tag-sistemas-de-antenas-distribuidas-das","15":"first","16":"outofstock","17":"sale","18":"shipping-taxable","19":"purchasable","20":"product-type-simple"},"_links":{"self":[{"href":"https:\/\/soydeaqui.ddns.net\/pachuca\/index.php\/wp-json\/wp\/v2\/product\/59907","targetHints":{"allow":["GET"]}}],"collection":[{"href":"https:\/\/soydeaqui.ddns.net\/pachuca\/index.php\/wp-json\/wp\/v2\/product"}],"about":[{"href":"https:\/\/soydeaqui.ddns.net\/pachuca\/index.php\/wp-json\/wp\/v2\/types\/product"}],"replies":[{"embeddable":true,"href":"https:\/\/soydeaqui.ddns.net\/pachuca\/index.php\/wp-json\/wp\/v2\/comments?post=59907"}],"wp:featuredmedia":[{"embeddable":true,"href":"https:\/\/soydeaqui.ddns.net\/pachuca\/index.php\/wp-json\/wp\/v2\/media\/59906"}],"wp:attachment":[{"href":"https:\/\/soydeaqui.ddns.net\/pachuca\/index.php\/wp-json\/wp\/v2\/media?parent=59907"}],"wp:term":[{"taxonomy":"product_brand","embeddable":true,"href":"https:\/\/soydeaqui.ddns.net\/pachuca\/index.php\/wp-json\/wp\/v2\/product_brand?post=59907"},{"taxonomy":"product_cat","embeddable":true,"href":"https:\/\/soydeaqui.ddns.net\/pachuca\/index.php\/wp-json\/wp\/v2\/product_cat?post=59907"},{"taxonomy":"product_tag","embeddable":true,"href":"https:\/\/soydeaqui.ddns.net\/pachuca\/index.php\/wp-json\/wp\/v2\/product_tag?post=59907"}],"curies":[{"name":"wp","href":"https:\/\/api.w.org\/{rel}","templated":true}]}}