{"id":59901,"date":"2026-03-19T05:15:59","date_gmt":"2026-03-19T05:15:59","guid":{"rendered":"https:\/\/soydeaqui.ddns.net\/pachuca\/index.php\/producto\/acoplador-hibrido-2x2-350-2700mhz-200w-161dbc-4-3-10-ip65\/"},"modified":"2026-03-19T05:16:03","modified_gmt":"2026-03-19T05:16:03","slug":"acoplador-hibrido-2x2-350-2700mhz-200w-161dbc-4-3-10-ip65","status":"publish","type":"product","link":"https:\/\/soydeaqui.ddns.net\/pachuca\/index.php\/producto\/acoplador-hibrido-2x2-350-2700mhz-200w-161dbc-4-3-10-ip65\/","title":{"rendered":"Acoplador hibrido 2&#215;2 350-2700MHz 200W -161dBc 4.3 -10 IP65"},"content":{"rendered":"<div style='width: 100%; max-width: 1200px; margin: 0 auto; font-family: sans-serif; line-height: 1.6; color: inherit; background-color: transparent;'>\n<div style='display: flex; flex-wrap: wrap; gap: 30px; margin-bottom: 30px;'>\n<div style='flex: 1 1 300px; min-width: 280px;'>\n<h3 style='font-size: 22px; border-bottom: 2px solid currentColor; padding-bottom: 5px; margin-top: 0; color: inherit; opacity: 0.8;'>Descripci\u00f3n<\/h3>\n<p style='margin: 0 0 15px; color: inherit; text-align: justify;'>Los acopladores h\u00edbridos modelo Microlab se han dise\u00f1ado para satisfacer las necesidades especiales del mercado inal\u00e1mbrico.<\/p>\n<p style='margin: 0 0 15px; color: inherit; text-align: justify;'>Se utilizan m\u00e1s com\u00fanmente para combinar dos operadores inal\u00e1mbricos en la banda operativa en un solo cable de distribuci\u00f3n o alimentaci\u00f3n de antena. Esto requiere la terminaci\u00f3n de un puerto de salida en 50 W y da como resultado una p\u00e9rdida de 3 dB en cada se\u00f1al.<\/p>\n<p style='margin: 0 0 15px; color: inherit; text-align: justify;'>En situaciones en las que se requieren dos alimentaciones similares&comma; como se requiere para una aplicaci\u00f3n en un edificio&comma; se pueden usar ambas salidas eliminando la necesidad de una terminaci\u00f3n y la p\u00e9rdida de 3 dB. Para terminaciones de bajo PIM&comma; consulte la serie TK-20.<\/p>\n<p style='margin: 0 0 15px; color: inherit; text-align: justify;'>Esta serie CA-16 ha sido dise\u00f1ada para sistemas que requieren combinaci\u00f3n de se\u00f1ales en todas las bandas inal\u00e1mbricas desde 350 hasta 2700 MHz. Se ha maximizado el aislamiento y se ha minimizado la intermodulaci\u00f3n pasiva (PIM).<\/p>\n<\/p><\/div>\n<\/p><\/div>\n<div style='display: flex; flex-wrap: wrap; gap: 20px; margin-bottom: 30px;'>\n<div style='flex: 1 1 250px; border: 1px solid rgba(150&comma; 150&comma; 150&comma; 0.4); border-radius: 8px; overflow: hidden; display: flex; flex-direction: column;'>\n<div style='padding: 15px; border-bottom: 1px solid rgba(150&comma; 150&comma; 150&comma; 0.2); font-weight: bold; font-size: 18px; color: inherit;'>Caracter\u00edsticas<\/div>\n<div style='padding: 15px; color: inherit;'>\n<ul style='padding-left: 20px; margin: 0; font-size: 14px; list-style-type: disc;'>\n<li style='margin-bottom: 5px;'>Rango multibanda<\/li>\n<li style='margin-bottom: 5px;'>Baja VSWR y p\u00e9rdida<\/li>\n<li style='margin-bottom: 5px;'>PIM bajo especificado<\/li>\n<li style='margin-bottom: 5px;'>Aislamiento de hasta 23 dB<\/li>\n<li style='margin-bottom: 5px;'>200W\/Entrada Continuo Promedio. Energ\u00eda<\/li>\n<li style='margin-bottom: 5px;'>Alta confiabilidad&comma; sellado contra la humedad<\/li>\n<li style='margin-bottom: 5px;'>RoHS<\/li>\n<\/ul><\/div>\n<\/p><\/div>\n<div style='flex: 1 1 250px; border: 1px solid rgba(150&comma; 150&comma; 150&comma; 0.4); border-radius: 8px; overflow: hidden; display: flex; flex-direction: column;'>\n<div style='padding: 15px; border-bottom: 1px solid rgba(150&comma; 150&comma; 150&comma; 0.2); font-weight: bold; font-size: 18px; color: inherit;'>Especificaciones<\/div>\n<div style='padding: 15px; color: inherit;'>\n<ul style='padding-left: 20px; margin: 0; font-size: 14px; list-style-type: disc;'>\n<li style='margin-bottom: 5px;'><strong>Frecuencia:<\/strong> 350 \u2013 2700 MHz<\/li>\n<li style='margin-bottom: 5px;'><strong>Acoplamiento:<\/strong> 3dB nominales<\/li>\n<li style='margin-bottom: 5px;'><strong>Energ\u00eda:<\/strong> 200W<\/li>\n<li style='margin-bottom: 5px;'><strong>VSWR:<\/strong> 1&comma;20:1 a 350-380 MHz<\/li>\n<li style='margin-bottom: 5px;'><strong>VSWR:<\/strong> 1&comma;20:1 a 380 \u2013 2700 MHz<\/li>\n<li style='margin-bottom: 5px;'><strong>Aislamiento:<\/strong> >23 dB a 350 \u2013 380 MHz<\/li>\n<li style='margin-bottom: 5px;'><strong>Aislamiento:<\/strong> >23 dB a 380 \u2013 2700 MHz<\/li>\n<li style='margin-bottom: 5px;'><strong>PIM:<\/strong> -161 dBc (-118 dBm)<\/li>\n<li style='margin-bottom: 5px;'><strong>PIM:<\/strong> Prueba con 2 tonos de +43 dBm<\/li>\n<li style='margin-bottom: 5px;'><strong>Conectores:<\/strong> 4.3-10<\/li>\n<li style='margin-bottom: 5px;'><strong>Protecci\u00f3n de ingreso:<\/strong> IP65<\/li>\n<li style='margin-bottom: 5px;'><strong>Peso:<\/strong> 1&comma;59 libras (0&comma;72 kg)<\/li>\n<\/ul><\/div>\n<\/p><\/div>\n<\/p><\/div>\n<hr style='border: 0; border-top: 1px solid rgba(150&comma; 150&comma; 150&comma; 0.3); margin: 30px 0;'> <\/div>\n","protected":false},"excerpt":{"rendered":"<p>Acoplador hibrido 2&#215;2 350-2700MHz 200W -161dBc 4.3 -10 IP65<\/p>\n","protected":false},"featured_media":59900,"comment_status":"open","ping_status":"closed","template":"","meta":[],"product_brand":[],"product_cat":[1529,1528,1755],"product_tag":[1535,1534,1533,1757,1756],"class_list":{"0":"post-59901","1":"product","2":"type-product","3":"status-publish","4":"has-post-thumbnail","6":"product_cat-4g","7":"product_cat-cobertura-celular-5g","8":"product_cat-sistemas-de-antenas-distribuidas-das","9":"product_tag-3g-y-voz","10":"product_tag-4g","11":"product_tag-cobertura-celular-5g","12":"product_tag-microlab","13":"product_tag-sistemas-de-antenas-distribuidas-das","15":"first","16":"outofstock","17":"sale","18":"shipping-taxable","19":"purchasable","20":"product-type-simple"},"_links":{"self":[{"href":"https:\/\/soydeaqui.ddns.net\/pachuca\/index.php\/wp-json\/wp\/v2\/product\/59901","targetHints":{"allow":["GET"]}}],"collection":[{"href":"https:\/\/soydeaqui.ddns.net\/pachuca\/index.php\/wp-json\/wp\/v2\/product"}],"about":[{"href":"https:\/\/soydeaqui.ddns.net\/pachuca\/index.php\/wp-json\/wp\/v2\/types\/product"}],"replies":[{"embeddable":true,"href":"https:\/\/soydeaqui.ddns.net\/pachuca\/index.php\/wp-json\/wp\/v2\/comments?post=59901"}],"wp:featuredmedia":[{"embeddable":true,"href":"https:\/\/soydeaqui.ddns.net\/pachuca\/index.php\/wp-json\/wp\/v2\/media\/59900"}],"wp:attachment":[{"href":"https:\/\/soydeaqui.ddns.net\/pachuca\/index.php\/wp-json\/wp\/v2\/media?parent=59901"}],"wp:term":[{"taxonomy":"product_brand","embeddable":true,"href":"https:\/\/soydeaqui.ddns.net\/pachuca\/index.php\/wp-json\/wp\/v2\/product_brand?post=59901"},{"taxonomy":"product_cat","embeddable":true,"href":"https:\/\/soydeaqui.ddns.net\/pachuca\/index.php\/wp-json\/wp\/v2\/product_cat?post=59901"},{"taxonomy":"product_tag","embeddable":true,"href":"https:\/\/soydeaqui.ddns.net\/pachuca\/index.php\/wp-json\/wp\/v2\/product_tag?post=59901"}],"curies":[{"name":"wp","href":"https:\/\/api.w.org\/{rel}","templated":true}]}}