{"id":59898,"date":"2026-03-19T05:15:54","date_gmt":"2026-03-19T05:15:54","guid":{"rendered":"https:\/\/soydeaqui.ddns.net\/pachuca\/index.php\/producto\/acoplador-hibrido-2x2-617-5925mhz-100w-161dbc-4-3-10-ip67\/"},"modified":"2026-03-19T05:15:57","modified_gmt":"2026-03-19T05:15:57","slug":"acoplador-hibrido-2x2-617-5925mhz-100w-161dbc-4-3-10-ip67","status":"publish","type":"product","link":"https:\/\/soydeaqui.ddns.net\/pachuca\/index.php\/producto\/acoplador-hibrido-2x2-617-5925mhz-100w-161dbc-4-3-10-ip67\/","title":{"rendered":"Acoplador hibrido 2&#215;2 617-5925MHz 100W -161dBc 4.3 -10 IP67"},"content":{"rendered":"<div style='width: 100%; max-width: 1200px; margin: 0 auto; font-family: sans-serif; line-height: 1.6; color: inherit; background-color: transparent;'>\n<div style='display: flex; flex-wrap: wrap; gap: 30px; margin-bottom: 30px;'>\n<div style='flex: 1 1 300px; min-width: 280px;'>\n<h3 style='font-size: 22px; border-bottom: 2px solid currentColor; padding-bottom: 5px; margin-top: 0; color: inherit; opacity: 0.8;'>Descripci\u00f3n<\/h3>\n<p style='margin: 15px 0; font-size: 15px; color: inherit; text-align: justify;'>El acoplador h\u00edbrido CA-141E de Microlab ha sido dise\u00f1ado para implementaciones UWB que requieren combinar se\u00f1ales en la banda de 617 a 5925 MHz.<\/p>\n<p style='margin: 15px 0; font-size: 15px; color: inherit; text-align: justify;'>Se usa m\u00e1s com\u00fanmente para combinar dos operadores inal\u00e1mbricos en la banda operativa en un solo cable de distribuci\u00f3n o alimentaci\u00f3n de antena.<\/p>\n<p style='margin: 15px 0; font-size: 15px; color: inherit; text-align: justify;'>Esto requiere la terminaci\u00f3n de un puerto de salida y da como resultado una p\u00e9rdida de 3 dB en cada se\u00f1al de entrada.<\/p>\n<p style='margin: 15px 0; font-size: 15px; color: inherit; text-align: justify;'>En situaciones donde se requieren dos alimentaciones similares&comma; se pueden usar ambas salidas&comma; eliminando la necesidad de una terminaci\u00f3n y la p\u00e9rdida de 3 dB.<\/p>\n<p style='margin: 15px 0; font-size: 15px; color: inherit; text-align: justify;'>Para terminaciones de bajo PIM&comma; consulte la serie Microlab TK<\/p>\n<\/p><\/div>\n<\/p><\/div>\n<div style='display: flex; flex-wrap: wrap; gap: 20px; margin-bottom: 30px;'>\n<div style='flex: 1 1 250px; border: 1px solid rgba(150&comma; 150&comma; 150&comma; 0.4); border-radius: 8px; overflow: hidden; display: flex; flex-direction: column;'>\n<div style='padding: 15px; border-bottom: 1px solid rgba(150&comma; 150&comma; 150&comma; 0.2); font-weight: bold; font-size: 18px; color: inherit;'>Caracter\u00edsticas<\/div>\n<div style='padding: 15px; color: inherit;'>\n<ul style='padding-left: 20px; margin: 0; font-size: 14px; list-style-type: disc;'>\n<li style='margin-bottom: 5px;'><span style='color: inherit;'>Banda ultraancha para admitir aplicaciones UWB Small Cell y D-RAN<\/span><\/li>\n<li style='margin-bottom: 5px;'><span style='color: inherit;'>PIM bajo garantizado<\/span><\/li>\n<li style='margin-bottom: 5px;'><span style='color: inherit;'>Alto aislamiento y bajo VSWR<\/span><\/li>\n<li style='margin-bottom: 5px;'><span style='color: inherit;'>Potencia media continua de 100 vatios por entrada hasta 2&comma;6 GHz<\/span><\/li>\n<li style='margin-bottom: 5px;'><span style='color: inherit;'>Clasificaci\u00f3n IP67<\/span><\/li>\n<li style='margin-bottom: 5px;'><span style='color: inherit;'>RoHS<\/span><\/li>\n<\/ul><\/div>\n<\/p><\/div>\n<\/p><\/div>\n<div style='display: flex; flex-wrap: wrap; gap: 20px; margin-bottom: 30px;'>\n<div style='flex: 1 1 250px; border: 1px solid rgba(150&comma; 150&comma; 150&comma; 0.4); border-radius: 8px; overflow: hidden; display: flex; flex-direction: column;'>\n<div style='padding: 15px; border-bottom: 1px solid rgba(150&comma; 150&comma; 150&comma; 0.2); font-weight: bold; font-size: 18px; color: inherit;'>Especificaciones<\/div>\n<div style='padding: 15px; color: inherit;'>\n<ul style='padding-left: 20px; margin: 0; font-size: 14px; list-style-type: none;'>\n<li style='margin-bottom: 5px;'><strong style='color: inherit;'>Frecuencia:<\/strong> <span style='color: inherit;'>617 \u2013 5925 MHz<\/span><\/li>\n<li style='margin-bottom: 5px;'><strong style='color: inherit;'>Acoplamiento:<\/strong> <span style='color: inherit;'>3dB<\/span><\/li>\n<li style='margin-bottom: 5px;'><strong style='color: inherit;'>Energ\u00eda:<\/strong> <span style='color: inherit;'>100W promedio hasta 2&comma;6 GHz<\/span><\/li>\n<li style='margin-bottom: 5px;'><strong style='color: inherit;'>VSWR:<\/strong> <span style='color: inherit;'>1&comma;20:1 min. @ 617 \u2013 2700 MHz<\/span><\/li>\n<li style='margin-bottom: 5px;'><span style='color: inherit;'>1&comma;30:1 min. @ 2700 \u2013 5925 MHz<\/span><\/li>\n<li style='margin-bottom: 5px;'><strong style='color: inherit;'>Aislamiento:<\/strong> <span style='color: inherit;'>25 dB m\u00edn. @ 617-2700 MHz<\/span><\/li>\n<li style='margin-bottom: 5px;'><span style='color: inherit;'>18dB m\u00edn. @ 2700 \u2013 5925 MHz<\/span><\/li>\n<li style='margin-bottom: 5px;'><strong style='color: inherit;'>PIM:<\/strong> <span style='color: inherit;'>-161 dBc (-118 dBm) m\u00edn. (prueba con 2 tonos de +43 dBm)<\/span><\/li>\n<li style='margin-bottom: 5px;'><strong style='color: inherit;'>Conectores:<\/strong> <span style='color: inherit;'>4.3-10 f<\/span><\/li>\n<li style='margin-bottom: 5px;'><strong style='color: inherit;'>Protecci\u00f3n de ingreso:<\/strong> <span style='color: inherit;'>IP67<\/span><\/li>\n<li style='margin-bottom: 5px;'><strong style='color: inherit;'>Peso:<\/strong> <span style='color: inherit;'>0&comma;75 libras (340&comma;2 g)<\/span><\/li>\n<\/ul><\/div>\n<\/p><\/div>\n<\/p><\/div>\n<hr style='border: 0; border-top: 1px solid rgba(150&comma; 150&comma; 150&comma; 0.3); margin: 30px 0;'> <\/div>\n","protected":false},"excerpt":{"rendered":"<p>Acoplador hibrido 2&#215;2 617-5925MHz 100W -161dBc 4.3 -10 IP67<\/p>\n","protected":false},"featured_media":59897,"comment_status":"open","ping_status":"closed","template":"","meta":[],"product_brand":[],"product_cat":[1529,1528,1755],"product_tag":[1535,1534,1533,1757,1756],"class_list":{"0":"post-59898","1":"product","2":"type-product","3":"status-publish","4":"has-post-thumbnail","6":"product_cat-4g","7":"product_cat-cobertura-celular-5g","8":"product_cat-sistemas-de-antenas-distribuidas-das","9":"product_tag-3g-y-voz","10":"product_tag-4g","11":"product_tag-cobertura-celular-5g","12":"product_tag-microlab","13":"product_tag-sistemas-de-antenas-distribuidas-das","15":"first","16":"outofstock","17":"sale","18":"shipping-taxable","19":"purchasable","20":"product-type-simple"},"_links":{"self":[{"href":"https:\/\/soydeaqui.ddns.net\/pachuca\/index.php\/wp-json\/wp\/v2\/product\/59898","targetHints":{"allow":["GET"]}}],"collection":[{"href":"https:\/\/soydeaqui.ddns.net\/pachuca\/index.php\/wp-json\/wp\/v2\/product"}],"about":[{"href":"https:\/\/soydeaqui.ddns.net\/pachuca\/index.php\/wp-json\/wp\/v2\/types\/product"}],"replies":[{"embeddable":true,"href":"https:\/\/soydeaqui.ddns.net\/pachuca\/index.php\/wp-json\/wp\/v2\/comments?post=59898"}],"wp:featuredmedia":[{"embeddable":true,"href":"https:\/\/soydeaqui.ddns.net\/pachuca\/index.php\/wp-json\/wp\/v2\/media\/59897"}],"wp:attachment":[{"href":"https:\/\/soydeaqui.ddns.net\/pachuca\/index.php\/wp-json\/wp\/v2\/media?parent=59898"}],"wp:term":[{"taxonomy":"product_brand","embeddable":true,"href":"https:\/\/soydeaqui.ddns.net\/pachuca\/index.php\/wp-json\/wp\/v2\/product_brand?post=59898"},{"taxonomy":"product_cat","embeddable":true,"href":"https:\/\/soydeaqui.ddns.net\/pachuca\/index.php\/wp-json\/wp\/v2\/product_cat?post=59898"},{"taxonomy":"product_tag","embeddable":true,"href":"https:\/\/soydeaqui.ddns.net\/pachuca\/index.php\/wp-json\/wp\/v2\/product_tag?post=59898"}],"curies":[{"name":"wp","href":"https:\/\/api.w.org\/{rel}","templated":true}]}}