{"id":59868,"date":"2026-03-19T05:14:56","date_gmt":"2026-03-19T05:14:56","guid":{"rendered":"https:\/\/soydeaqui.ddns.net\/pachuca\/index.php\/producto\/triplexor-700850-pcsaws-wcsbrs-250w-161dbc-4-3-10-ip67\/"},"modified":"2026-03-19T05:14:59","modified_gmt":"2026-03-19T05:14:59","slug":"triplexor-700850-pcsaws-wcsbrs-250w-161dbc-4-3-10-ip67","status":"publish","type":"product","link":"https:\/\/soydeaqui.ddns.net\/pachuca\/index.php\/producto\/triplexor-700850-pcsaws-wcsbrs-250w-161dbc-4-3-10-ip67\/","title":{"rendered":"TRIPLEXOR 700+850\/PCS+AWS\/WCS+BRS 250W -161dBc 4.3-10 IP67 ."},"content":{"rendered":"<div style='width: 100%; max-width: 1200px; margin: 0 auto; font-family: sans-serif; line-height: 1.6; color: inherit; background-color: transparent;'> <!-- Secci\u00f3n de descripci\u00f3n --> <\/p>\n<div style='margin-bottom: 30px;'>\n<p style='margin: 0 0 15px; font-size: 16px; color: inherit;'>Microlab Modelo BK-421 es un Multiplexor de 3 Canales que permite combinar y separar las se\u00f1ales en las bandas LTE-700&comma; SMR 800 y GSM-850 (Canal 1)&comma; las bandas 1900 PCS&comma; AWS-1 y AWS-3 (Canal 2) y bandas WCS y BRS (Canal 3).<\/p>\n<p style='margin: 0 0 15px; font-size: 16px; color: inherit;'>Para minimizar la interreacci\u00f3n de bandas&comma; las entradas est\u00e1n bien aisladas y tienen una p\u00e9rdida de inserci\u00f3n m\u00ednima en sus respectivas bandas de frecuencia.<\/p>\n<p style='margin: 0 0 15px; font-size: 16px; color: inherit;'>El Multiplexor ha sido dise\u00f1ado utilizando t\u00e9cnicas patentadas pasivas que minimizan los efectos PIM. Tambi\u00e9n garantiza una p\u00e9rdida m\u00ednima y una fiabilidad muy alta con potencias de entrada de hasta 250 W por puerto de entrada.<\/p>\n<p style='margin: 0 0 15px; font-size: 16px; color: inherit;'>Esta configuraci\u00f3n permite el paso de CC a trav\u00e9s de todos los puertos.<\/p>\n<\/p><\/div>\n<p> <!-- Secci\u00f3n de caracter\u00edsticas --> <\/p>\n<div style='margin-bottom: 30px;'>\n<h3 style='font-size: 22px; border-bottom: 2px solid currentColor; padding-bottom: 5px; margin-top: 0; color: inherit; opacity: 0.8;'>Caracter\u00edsticas<\/h3>\n<ul style='padding-left: 20px; font-size: 15px; color: inherit; list-style-type: disc;'>\n<li style='margin-bottom: 5px; color: inherit;'>Integra bandas (700 y 850)\/(PCS y AWS-1&comma; -3)\/(WCS y BRS) para sitios coubicados multibanda<\/li>\n<li style='margin-bottom: 5px; color: inherit;'>PIM bajo garantizado<\/li>\n<li style='margin-bottom: 5px; color: inherit;'>Aislamiento de entrada de 50 dB<\/li>\n<li style='margin-bottom: 5px; color: inherit;'>Potencia media CW de 250 W\/entrada<\/li>\n<li style='margin-bottom: 5px; color: inherit;'>M\u00ednima p\u00e9rdida de inserci\u00f3n de RF y ondulaci\u00f3n<\/li>\n<li style='margin-bottom: 5px; color: inherit;'>Construido para uso en exteriores&comma; IP67<\/li>\n<li style='margin-bottom: 5px; color: inherit;'>Alta confiabilidad&comma; sellado contra la humedad<\/li>\n<li style='margin-bottom: 5px; color: inherit;'>RoHS<\/li>\n<li style='margin-bottom: 5px; color: inherit;'>Conectores 4.3-10 o 7\/16<\/li>\n<\/ul><\/div>\n<p> <!-- Secci\u00f3n de especificaciones --> <\/p>\n<div style='margin-bottom: 30px;'>\n<h3 style='font-size: 22px; border-bottom: 2px solid currentColor; padding-bottom: 5px; margin-top: 0; color: inherit; opacity: 0.8;'>Especificaciones<\/h3>\n<div style='display: flex; flex-wrap: wrap; gap: 20px;'>\n<div style='flex: 1 1 250px; border: 1px solid rgba(150&comma; 150&comma; 150&comma; 0.4); border-radius: 8px; overflow: hidden; display: flex; flex-direction: column;'>\n<div style='padding: 15px; border-bottom: 1px solid rgba(150&comma; 150&comma; 150&comma; 0.2); font-weight: bold; font-size: 18px; color: inherit;'>Frecuencia<\/div>\n<div style='padding: 15px; color: inherit;'>\n<ul style='padding-left: 20px; margin: 0; font-size: 14px; list-style-type: disc;'>\n<li style='margin-bottom: 5px; color: inherit;'>Entrada 1: 698 \u2013 960 MHz<\/li>\n<li style='margin-bottom: 5px; color: inherit;'>Entrada 2: 1695 \u2013 2180 MHz<\/li>\n<li style='margin-bottom: 5px; color: inherit;'>Entrada 3: 2300 \u2013 2690 MHz<\/li>\n<\/ul><\/div>\n<\/p><\/div>\n<div style='flex: 1 1 250px; border: 1px solid rgba(150&comma; 150&comma; 150&comma; 0.4); border-radius: 8px; overflow: hidden; display: flex; flex-direction: column;'>\n<div style='padding: 15px; border-bottom: 1px solid rgba(150&comma; 150&comma; 150&comma; 0.2); font-weight: bold; font-size: 18px; color: inherit;'>Especificaciones<\/div>\n<div style='padding: 15px; color: inherit;'>\n<ul style='padding-left: 20px; margin: 0; font-size: 14px; list-style-type: disc;'>\n<li style='margin-bottom: 5px; color: inherit;'><strong>Poder:<\/strong> 250 W&comma; promedio\/entrada m\u00e1x.<\/li>\n<li style='margin-bottom: 5px; color: inherit;'><strong>P\u00e9rdida de retorno:<\/strong> >19 dB&comma; todos los puertos<\/li>\n<li style='margin-bottom: 5px; color: inherit;'><strong>Aislamiento:<\/strong> >50dB<\/li>\n<li style='margin-bottom: 5px; color: inherit;'><strong>PIM:<\/strong> <-161 dBc&comma; (2 x +43 dBm tonos)<\/li>\n<li style='margin-bottom: 5px; color: inherit;'><strong>Conectores:<\/strong> 4.3-10 f<\/li>\n<li style='margin-bottom: 5px; color: inherit;'><strong>Protecci\u00f3n de ingreso:<\/strong> IP67<\/li>\n<li style='margin-bottom: 5px; color: inherit;'><strong>Tipo de cuerpo:<\/strong> \u00danico<\/li>\n<li style='margin-bottom: 5px; color: inherit;'><strong>Peso:<\/strong> 4&comma;4 libras (2&comma;0 kg)<\/li>\n<\/ul><\/div>\n<\/p><\/div>\n<\/p><\/div>\n<\/p><\/div>\n<p> <!-- Separador --> <\/p>\n<hr style='border: 0; border-top: 1px solid rgba(150&comma; 150&comma; 150&comma; 0.3); margin: 30px 0;'> <\/div>\n","protected":false},"excerpt":{"rendered":"<p>TRIPLEXOR 700+850\/PCS+AWS\/WCS+BRS 250W -161dBc 4.3-10 IP67 .<\/p>\n","protected":false},"featured_media":59867,"comment_status":"open","ping_status":"closed","template":"","meta":[],"product_brand":[],"product_cat":[1529,1528,1755],"product_tag":[1535,1534,1533,1757,1756],"class_list":{"0":"post-59868","1":"product","2":"type-product","3":"status-publish","4":"has-post-thumbnail","6":"product_cat-4g","7":"product_cat-cobertura-celular-5g","8":"product_cat-sistemas-de-antenas-distribuidas-das","9":"product_tag-3g-y-voz","10":"product_tag-4g","11":"product_tag-cobertura-celular-5g","12":"product_tag-microlab","13":"product_tag-sistemas-de-antenas-distribuidas-das","15":"first","16":"outofstock","17":"sale","18":"shipping-taxable","19":"purchasable","20":"product-type-simple"},"_links":{"self":[{"href":"https:\/\/soydeaqui.ddns.net\/pachuca\/index.php\/wp-json\/wp\/v2\/product\/59868","targetHints":{"allow":["GET"]}}],"collection":[{"href":"https:\/\/soydeaqui.ddns.net\/pachuca\/index.php\/wp-json\/wp\/v2\/product"}],"about":[{"href":"https:\/\/soydeaqui.ddns.net\/pachuca\/index.php\/wp-json\/wp\/v2\/types\/product"}],"replies":[{"embeddable":true,"href":"https:\/\/soydeaqui.ddns.net\/pachuca\/index.php\/wp-json\/wp\/v2\/comments?post=59868"}],"wp:featuredmedia":[{"embeddable":true,"href":"https:\/\/soydeaqui.ddns.net\/pachuca\/index.php\/wp-json\/wp\/v2\/media\/59867"}],"wp:attachment":[{"href":"https:\/\/soydeaqui.ddns.net\/pachuca\/index.php\/wp-json\/wp\/v2\/media?parent=59868"}],"wp:term":[{"taxonomy":"product_brand","embeddable":true,"href":"https:\/\/soydeaqui.ddns.net\/pachuca\/index.php\/wp-json\/wp\/v2\/product_brand?post=59868"},{"taxonomy":"product_cat","embeddable":true,"href":"https:\/\/soydeaqui.ddns.net\/pachuca\/index.php\/wp-json\/wp\/v2\/product_cat?post=59868"},{"taxonomy":"product_tag","embeddable":true,"href":"https:\/\/soydeaqui.ddns.net\/pachuca\/index.php\/wp-json\/wp\/v2\/product_tag?post=59868"}],"curies":[{"name":"wp","href":"https:\/\/api.w.org\/{rel}","templated":true}]}}